{"id":19147,"date":"2021-09-08T00:32:18","date_gmt":"2021-09-07T22:32:18","guid":{"rendered":"https:\/\/agora.xtec.cat\/escpalmademallorca\/?page_id=19147"},"modified":"2025-04-24T13:56:10","modified_gmt":"2025-04-24T11:56:10","slug":"pla-linguistic-de-centre","status":"publish","type":"page","link":"https:\/\/agora.xtec.cat\/escpalmademallorca\/projecte-educatiu-2\/pla-linguistic-de-centre\/","title":{"rendered":"Pla Ling\u00fc\u00edstic"},"content":{"rendered":"<p>El Pla Ling\u00fc\u00edstic de Centre (PLC) regula l\u2019\u00fas de les lleng\u00fces en els diferents \u00e0mbits del centre i \u00e9s un instrument que ens ajuda a materialitzar un projecte consensuat que ens possibilita una organitzaci\u00f3 i gesti\u00f3, d\u2019acord amb la normativa vigent, de manera aut\u00f2noma.<br \/>Aquest projecte ens permet:<br \/>\u2013 Adaptar-nos a les necessitats concretes del nostre alumnat.<br \/>\u2013 Cercar les millors vies per tal de garantir una igualtat\u00a0 d\u2019oportunitats a tot l\u2019alumnat, independentment del seu origen ling\u00fc\u00edstic i social.<br \/>\u2013 Tenir sempre present la diversitat cultural i pluriling\u00fce existent a l\u2019escola<\/p>\n<p>El PLC ha de ser un instrument que permeti pensar en les millors maneres de garantir el dret de tota persona, a poder fer servir les dues lleng\u00fces oficials a Catalunya: Catal\u00e0 i Castell\u00e0, a mantenir les seves lleng\u00fces familiars i a aprendre d\u2019altres lleng\u00fces. En el nostre cas: Llengua catalana com a llengua vehicular i d\u2019aprenentatge, llengua castellana cooficial a Catalunya i llengua anglesa que \u00e9s la llengua estrangera per la qual hem optat.<\/p>\n<p>Aquest PLC forma part del nostre projecte educatiu pluriling\u00fce, en el qual el catal\u00e0 \u00e9s l\u2019eix vertebrador i garanteix que el tractament de les lleng\u00fces donar\u00e0 resposta a la situaci\u00f3 socioling\u00fc\u00edstica de l\u2019alumnat i aix\u00ed mateix que la llengua catalana ser\u00e0 la llengua d\u2019aprenentatge i d\u2019\u00fas vehicular en tots els \u00e0mbits.<\/p>\n<p>\u00a0<\/p>\n\n\n<div data-wp-interactive=\"core\/file\" class=\"wp-block-file\"><object data-wp-bind--hidden=\"!state.hasPdfPreview\" hidden class=\"wp-block-file__embed\" data=\"https:\/\/agora.xtec.cat\/escpalmademallorca\/wp-content\/uploads\/usu839\/2025\/04\/ProjecteLinguistic.pdf\" type=\"application\/pdf\" style=\"width:100%;height:600px\" aria-label=\"Incrustaci\u00f3 del fitxer ProjecteLinguistic.\"><\/object><a id=\"wp-block-file--media-6a800bc4-9979-47a4-8dda-ea27f02549dd\" href=\"https:\/\/agora.xtec.cat\/escpalmademallorca\/wp-content\/uploads\/usu839\/2025\/04\/ProjecteLinguistic.pdf\">ProjecteLinguistic<\/a><a href=\"https:\/\/agora.xtec.cat\/escpalmademallorca\/wp-content\/uploads\/usu839\/2025\/04\/ProjecteLinguistic.pdf\" class=\"wp-block-file__button wp-element-button\" download aria-describedby=\"wp-block-file--media-6a800bc4-9979-47a4-8dda-ea27f02549dd\">Baixa<\/a><\/div>\n","protected":false},"excerpt":{"rendered":"<p>El Pla Ling\u00fc\u00edstic de Centre (PLC) regula l\u2019\u00fas de les lleng\u00fces en els diferents \u00e0mbits del centre i \u00e9s un [&hellip;]<\/p>\n","protected":false},"author":38,"featured_media":0,"parent":19137,"menu_order":40,"comment_status":"closed","ping_status":"closed","template":"","meta":{"_bbp_topic_count":0,"_bbp_reply_count":0,"_bbp_total_topic_count":0,"_bbp_total_reply_count":0,"_bbp_voice_count":0,"_bbp_anonymous_reply_count":0,"_bbp_topic_count_hidden":0,"_bbp_reply_count_hidden":0,"_bbp_forum_subforum_count":0,"site-sidebar-layout":"default","site-content-layout":"","ast-site-content-layout":"default","site-content-style":"default","site-sidebar-style":"default","ast-global-header-display":"","ast-banner-title-visibility":"","ast-main-header-display":"","ast-hfb-above-header-display":"","ast-hfb-below-header-display":"","ast-hfb-mobile-header-display":"","site-post-title":"disabled","ast-breadcrumbs-content":"","ast-featured-img":"","footer-sml-layout":"","theme-transparent-header-meta":"","adv-header-id-meta":"","stick-header-meta":"","header-above-stick-meta":"","header-main-stick-meta":"","header-below-stick-meta":"","astra-migrate-meta-layouts":"set","ast-page-background-enabled":"default","ast-page-background-meta":{"desktop":{"background-color":"var(--ast-global-color-4)","background-image":"","background-repeat":"repeat","background-position":"center center","background-size":"auto","background-attachment":"scroll","background-type":"","background-media":"","overlay-type":"","overlay-color":"","overlay-opacity":"","overlay-gradient":""},"tablet":{"background-color":"","background-image":"","background-repeat":"repeat","background-position":"center center","background-size":"auto","background-attachment":"scroll","background-type":"","background-media":"","overlay-type":"","overlay-color":"","overlay-opacity":"","overlay-gradient":""},"mobile":{"background-color":"","background-image":"","background-repeat":"repeat","background-position":"center center","background-size":"auto","background-attachment":"scroll","background-type":"","background-media":"","overlay-type":"","overlay-color":"","overlay-opacity":"","overlay-gradient":""}},"ast-content-background-meta":{"desktop":{"background-color":"var(--ast-global-color-5)","background-image":"","background-repeat":"repeat","background-position":"center center","background-size":"auto","background-attachment":"scroll","background-type":"","background-media":"","overlay-type":"","overlay-color":"","overlay-opacity":"","overlay-gradient":""},"tablet":{"background-color":"var(--ast-global-color-5)","background-image":"","background-repeat":"repeat","background-position":"center center","background-size":"auto","background-attachment":"scroll","background-type":"","background-media":"","overlay-type":"","overlay-color":"","overlay-opacity":"","overlay-gradient":""},"mobile":{"background-color":"var(--ast-global-color-5)","background-image":"","background-repeat":"repeat","background-position":"center center","background-size":"auto","background-attachment":"scroll","background-type":"","background-media":"","overlay-type":"","overlay-color":"","overlay-opacity":"","overlay-gradient":""}},"footnotes":""},"class_list":["post-19147","page","type-page","status-publish","hentry"],"post_mailing_queue_ids":[],"_links":{"self":[{"href":"https:\/\/agora.xtec.cat\/escpalmademallorca\/wp-json\/wp\/v2\/pages\/19147","targetHints":{"allow":["GET"]}}],"collection":[{"href":"https:\/\/agora.xtec.cat\/escpalmademallorca\/wp-json\/wp\/v2\/pages"}],"about":[{"href":"https:\/\/agora.xtec.cat\/escpalmademallorca\/wp-json\/wp\/v2\/types\/page"}],"author":[{"embeddable":true,"href":"https:\/\/agora.xtec.cat\/escpalmademallorca\/wp-json\/wp\/v2\/users\/38"}],"replies":[{"embeddable":true,"href":"https:\/\/agora.xtec.cat\/escpalmademallorca\/wp-json\/wp\/v2\/comments?post=19147"}],"version-history":[{"count":5,"href":"https:\/\/agora.xtec.cat\/escpalmademallorca\/wp-json\/wp\/v2\/pages\/19147\/revisions"}],"predecessor-version":[{"id":22931,"href":"https:\/\/agora.xtec.cat\/escpalmademallorca\/wp-json\/wp\/v2\/pages\/19147\/revisions\/22931"}],"up":[{"embeddable":true,"href":"https:\/\/agora.xtec.cat\/escpalmademallorca\/wp-json\/wp\/v2\/pages\/19137"}],"wp:attachment":[{"href":"https:\/\/agora.xtec.cat\/escpalmademallorca\/wp-json\/wp\/v2\/media?parent=19147"}],"curies":[{"name":"wp","href":"https:\/\/api.w.org\/{rel}","templated":true}]}}