{"id":19122,"date":"2021-09-07T21:53:35","date_gmt":"2021-09-07T19:53:35","guid":{"rendered":"https:\/\/agora.xtec.cat\/escpalmademallorca\/?page_id=19122"},"modified":"2024-09-09T14:06:03","modified_gmt":"2024-09-09T12:06:03","slug":"autoritzacions","status":"publish","type":"page","link":"https:\/\/agora.xtec.cat\/escpalmademallorca\/autoritzacions\/","title":{"rendered":"Autoritzacions"},"content":{"rendered":"<h2><strong>Us podeu descarregar totes les autoritzacions en format .PDF<\/strong><\/h2>\n<table style=\"width: 80.1474%; border-collapse: collapse; border-color: #000000; height: 328px;\">\n<tbody>\n<tr style=\"height: 66px;\">\n<td style=\"width: 1131.95px; height: 66px;\">\n<h3 style=\"text-align: center;\"><a href=\"https:\/\/agora.xtec.cat\/escpalmademallorca\/wp-content\/uploads\/usu839\/2021\/09\/Autoritzacio-recursos-digitals-menors-de-14.pdf\" target=\"_blank\" rel=\"noopener\"><strong>Autoritzaci\u00f3 \u00fas de serveis i recursos digitals a Internet<\/strong><\/a><\/h3>\n<\/td>\n<\/tr>\n<tr style=\"height: 66px;\">\n<td style=\"width: 1131.95px; height: 66px;\">\n<h3 style=\"text-align: center;\"><a href=\"https:\/\/agora.xtec.cat\/escpalmademallorca\/wp-content\/uploads\/usu839\/2021\/09\/A251.pdf\" target=\"_blank\" rel=\"noopener\"><strong>Autoritzaci\u00f3 \u00fas d\u2019imatge, publicaci\u00f3 de dades de car\u00e0cter personal i de material que elaboren<\/strong><\/a><\/h3>\n<\/td>\n<\/tr>\n<tr style=\"height: 66px;\">\n<td style=\"width: 1131.95px; height: 66px;\">\n<h3 style=\"text-align: center;\"><a href=\"https:\/\/agora.xtec.cat\/escpalmademallorca\/wp-content\/uploads\/usu839\/2022\/01\/Autoritzacio-medicaments.pdf\" target=\"_blank\" rel=\"noopener\"><strong>Autoritzaci\u00f3 d&#8217;administraci\u00f3 de medicaments<\/strong><\/a><\/h3>\n<\/td>\n<\/tr>\n<tr style=\"height: 32px;\">\n<td style=\"width: 1131.95px; height: 32px;\">\n<h3 style=\"text-align: center;\"><a href=\"https:\/\/agora.xtec.cat\/escpalmademallorca\/wp-content\/uploads\/usu839\/2022\/01\/Autoritzacio-sortides.pdf\" target=\"_blank\" rel=\"noopener\"><strong>Autoritzaci\u00f3 de sortides del centre\u00a0<\/strong><\/a><\/h3>\n<\/td>\n<\/tr>\n<tr style=\"height: 32px;\">\n<td style=\"width: 1131.95px; height: 32px;\">\n<h3 style=\"text-align: center;\"><a href=\"https:\/\/agora.xtec.cat\/escpalmademallorca\/wp-content\/uploads\/usu839\/2022\/01\/Autoritzacio-recollida-infantil-i-CI.pdf\" target=\"_blank\" rel=\"noopener\"><strong>Autoritzaci\u00f3 de recollida ed. infantil i c. inicial<\/strong><\/a><\/h3>\n<\/td>\n<\/tr>\n<tr style=\"height: 66px;\">\n<td style=\"width: 1131.95px; height: 66px;\">\n<h3 style=\"text-align: center;\"><a href=\"https:\/\/agora.xtec.cat\/escpalmademallorca\/wp-content\/uploads\/usu839\/2022\/02\/Prestec-Ordinador-Sobretaula-2.pdf\" target=\"_blank\" rel=\"noopener\"><strong>Autoritzaci\u00f3 pel pr\u00e9stec d&#8217;ordinador de sobretaula<\/strong><\/a><\/h3>\n<\/td>\n<\/tr>\n<tr>\n<td style=\"width: 1131.95px;\">\n<h3 style=\"text-align: center;\"><a href=\"https:\/\/agora.xtec.cat\/escpalmademallorca\/wp-content\/uploads\/usu839\/2024\/09\/Sortida-Sol.pdf\" target=\"_blank\" rel=\"noopener\"><strong>Autoritzaci\u00f3 per la sortida sol\/a de l&#8217;escola (13h i 17h)<\/strong><\/a><\/h3>\n<\/td>\n<\/tr>\n<\/tbody>\n<\/table>\n<h3 style=\"text-align: center;\"><\/h3>\n<p>&nbsp;<\/p>\n","protected":false},"excerpt":{"rendered":"<p>Us podeu descarregar totes les autoritzacions en format .PDF Autoritzaci\u00f3 \u00fas de serveis i recursos digitals a Internet Autoritzaci\u00f3 \u00fas [&hellip;]<\/p>\n","protected":false},"author":38,"featured_media":0,"parent":0,"menu_order":3,"comment_status":"closed","ping_status":"closed","template":"","meta":{"_bbp_topic_count":0,"_bbp_reply_count":0,"_bbp_total_topic_count":0,"_bbp_total_reply_count":0,"_bbp_voice_count":0,"_bbp_anonymous_reply_count":0,"_bbp_topic_count_hidden":0,"_bbp_reply_count_hidden":0,"_bbp_forum_subforum_count":0,"site-sidebar-layout":"default","site-content-layout":"","ast-site-content-layout":"","site-content-style":"default","site-sidebar-style":"default","ast-global-header-display":"","ast-banner-title-visibility":"","ast-main-header-display":"","ast-hfb-above-header-display":"","ast-hfb-below-header-display":"","ast-hfb-mobile-header-display":"","site-post-title":"","ast-breadcrumbs-content":"","ast-featured-img":"","footer-sml-layout":"","theme-transparent-header-meta":"","adv-header-id-meta":"","stick-header-meta":"","header-above-stick-meta":"","header-main-stick-meta":"","header-below-stick-meta":"","astra-migrate-meta-layouts":"default","ast-page-background-enabled":"default","ast-page-background-meta":{"desktop":{"background-color":"var(--ast-global-color-4)","background-image":"","background-repeat":"repeat","background-position":"center center","background-size":"auto","background-attachment":"scroll","background-type":"","background-media":"","overlay-type":"","overlay-color":"","overlay-opacity":"","overlay-gradient":""},"tablet":{"background-color":"","background-image":"","background-repeat":"repeat","background-position":"center center","background-size":"auto","background-attachment":"scroll","background-type":"","background-media":"","overlay-type":"","overlay-color":"","overlay-opacity":"","overlay-gradient":""},"mobile":{"background-color":"","background-image":"","background-repeat":"repeat","background-position":"center center","background-size":"auto","background-attachment":"scroll","background-type":"","background-media":"","overlay-type":"","overlay-color":"","overlay-opacity":"","overlay-gradient":""}},"ast-content-background-meta":{"desktop":{"background-color":"var(--ast-global-color-5)","background-image":"","background-repeat":"repeat","background-position":"center center","background-size":"auto","background-attachment":"scroll","background-type":"","background-media":"","overlay-type":"","overlay-color":"","overlay-opacity":"","overlay-gradient":""},"tablet":{"background-color":"var(--ast-global-color-5)","background-image":"","background-repeat":"repeat","background-position":"center center","background-size":"auto","background-attachment":"scroll","background-type":"","background-media":"","overlay-type":"","overlay-color":"","overlay-opacity":"","overlay-gradient":""},"mobile":{"background-color":"var(--ast-global-color-5)","background-image":"","background-repeat":"repeat","background-position":"center center","background-size":"auto","background-attachment":"scroll","background-type":"","background-media":"","overlay-type":"","overlay-color":"","overlay-opacity":"","overlay-gradient":""}},"footnotes":""},"class_list":["post-19122","page","type-page","status-publish","hentry"],"post_mailing_queue_ids":[],"_links":{"self":[{"href":"https:\/\/agora.xtec.cat\/escpalmademallorca\/wp-json\/wp\/v2\/pages\/19122","targetHints":{"allow":["GET"]}}],"collection":[{"href":"https:\/\/agora.xtec.cat\/escpalmademallorca\/wp-json\/wp\/v2\/pages"}],"about":[{"href":"https:\/\/agora.xtec.cat\/escpalmademallorca\/wp-json\/wp\/v2\/types\/page"}],"author":[{"embeddable":true,"href":"https:\/\/agora.xtec.cat\/escpalmademallorca\/wp-json\/wp\/v2\/users\/38"}],"replies":[{"embeddable":true,"href":"https:\/\/agora.xtec.cat\/escpalmademallorca\/wp-json\/wp\/v2\/comments?post=19122"}],"version-history":[{"count":5,"href":"https:\/\/agora.xtec.cat\/escpalmademallorca\/wp-json\/wp\/v2\/pages\/19122\/revisions"}],"predecessor-version":[{"id":22521,"href":"https:\/\/agora.xtec.cat\/escpalmademallorca\/wp-json\/wp\/v2\/pages\/19122\/revisions\/22521"}],"wp:attachment":[{"href":"https:\/\/agora.xtec.cat\/escpalmademallorca\/wp-json\/wp\/v2\/media?parent=19122"}],"curies":[{"name":"wp","href":"https:\/\/api.w.org\/{rel}","templated":true}]}}