{"id":19120,"date":"2021-09-07T21:50:26","date_gmt":"2021-09-07T19:50:26","guid":{"rendered":"https:\/\/agora.xtec.cat\/escpalmademallorca\/?page_id=19120"},"modified":"2025-04-24T13:55:20","modified_gmt":"2025-04-24T11:55:20","slug":"normes-dorganitzacio-i-funcionament-del-centre-nofc","status":"publish","type":"page","link":"https:\/\/agora.xtec.cat\/escpalmademallorca\/projecte-educatiu-2\/normes-dorganitzacio-i-funcionament-del-centre-nofc\/","title":{"rendered":"NOFC"},"content":{"rendered":"<p>La Llei d\u2019educaci\u00f3 de Catalunya (LEC) estableix que un dels principis organitzatius pel qual s\u2019ha de regir el sistema educatiu ha de ser el de l\u2019autonomia de cada centre. Aix\u00ed doncs, la present Normativa d\u2019Organitzaci\u00f3 i Funcionament de Centre ha estat elaborada per l\u2019Equip Directiu amb l\u2019aportaci\u00f3 de criteris i propostes per part dels docents, degudament aprovat en Claustre i t\u00e9 el suport del Consell Escolar, d\u2019acord amb la normativa vigent.<\/p>\n<p align=\"justify\">Les Normes d\u2019Organitzaci\u00f3 i Funcionament del Centre, que formen part del projecte educatiu, \u00e9s el document que recull de manera ordenada els preceptes que regeixen la nostra organitzaci\u00f3 i les interrelacions de la vida escolar: explicita l\u2019estructura; defineix els vincles; recull les funcions, els drets i els deures dels diferents sectors que formen l\u2019escola; fixa els procediments; adapta la normativa general a la nostra realitat i estableix l\u2019espec\u00edfica pel nostre centre educatiu.<\/p>\n<p align=\"justify\">Les normes d\u2019organitzaci\u00f3 i funcionament del centre \u00e9s un document viu amb constant renovaci\u00f3 a proposta de tots els sectors, per a la millora i compliment de la seva funci\u00f3 i s\u00f3n aprovades pel Claustre i presentades en Consell Escolar.<\/p>\n<p align=\"justify\">Donades les seves caracter\u00edstiques \u00e9s convenient que siguin conegudes per tota la comunitat escolar i, amb aquest objectiu, s\u2019inclouran els aspectes m\u00e9s rellevants en els diferents documents que fem arribar a les fam\u00edlies. De tota manera, el document, est\u00e0 a la disposici\u00f3 de qualsevol membre de la comunitat escolar que el vulgui consultar. Per aquest motiu, us deixem les nostres NOFC.<\/p>\n<p align=\"justify\"><strong>Normativa reguladora<\/strong><\/p>\n<p align=\"justify\"><sup>\u2013 Llei Org\u00e0nica 2\/2006, de 3 de maig, d\u2019Educaci\u00f3.<\/sup><\/p>\n<p align=\"justify\"><sup>\u2013 Llei Org\u00e0nica 12\/2009, del 10 de juliol, d\u2019Educaci\u00f3.<\/sup><\/p>\n<p align=\"justify\">\u00a0<\/p>\n<div class=\"addtoany_share_save_container addtoany_content addtoany_content_bottom\">\n<div class=\"a2a_kit a2a_kit_size_32 addtoany_list\" data-a2a-url=\"https:\/\/agora.xtec.cat\/ceip-timbaler\/documents\/\" data-a2a-title=\"DOCUMENTS\">\u00a0<\/div>\n<\/div>\n\n\n<div data-wp-interactive=\"core\/file\" class=\"wp-block-file\"><object data-wp-bind--hidden=\"!state.hasPdfPreview\" hidden class=\"wp-block-file__embed\" data=\"https:\/\/agora.xtec.cat\/escpalmademallorca\/wp-content\/uploads\/usu839\/2025\/04\/NOFC-act.-Maig-22.pdf\" type=\"application\/pdf\" style=\"width:100%;height:600px\" aria-label=\"Incrustaci\u00f3 del fitxer NOFC-act.-Maig-22.\"><\/object><a id=\"wp-block-file--media-2a93cf94-54b7-4e1b-8f37-4b8f40dec89f\" href=\"https:\/\/agora.xtec.cat\/escpalmademallorca\/wp-content\/uploads\/usu839\/2025\/04\/NOFC-act.-Maig-22.pdf\">NOFC-act.-Maig-22<\/a><a href=\"https:\/\/agora.xtec.cat\/escpalmademallorca\/wp-content\/uploads\/usu839\/2025\/04\/NOFC-act.-Maig-22.pdf\" class=\"wp-block-file__button wp-element-button\" download aria-describedby=\"wp-block-file--media-2a93cf94-54b7-4e1b-8f37-4b8f40dec89f\">Baixa<\/a><\/div>\n","protected":false},"excerpt":{"rendered":"<p>La Llei d\u2019educaci\u00f3 de Catalunya (LEC) estableix que un dels principis organitzatius pel qual s\u2019ha de regir el sistema educatiu [&hellip;]<\/p>\n","protected":false},"author":38,"featured_media":0,"parent":19137,"menu_order":40,"comment_status":"closed","ping_status":"closed","template":"","meta":{"_bbp_topic_count":0,"_bbp_reply_count":0,"_bbp_total_topic_count":0,"_bbp_total_reply_count":0,"_bbp_voice_count":0,"_bbp_anonymous_reply_count":0,"_bbp_topic_count_hidden":0,"_bbp_reply_count_hidden":0,"_bbp_forum_subforum_count":0,"site-sidebar-layout":"default","site-content-layout":"","ast-site-content-layout":"default","site-content-style":"default","site-sidebar-style":"default","ast-global-header-display":"","ast-banner-title-visibility":"","ast-main-header-display":"","ast-hfb-above-header-display":"","ast-hfb-below-header-display":"","ast-hfb-mobile-header-display":"","site-post-title":"disabled","ast-breadcrumbs-content":"","ast-featured-img":"","footer-sml-layout":"","theme-transparent-header-meta":"","adv-header-id-meta":"","stick-header-meta":"","header-above-stick-meta":"","header-main-stick-meta":"","header-below-stick-meta":"","astra-migrate-meta-layouts":"set","ast-page-background-enabled":"default","ast-page-background-meta":{"desktop":{"background-color":"var(--ast-global-color-4)","background-image":"","background-repeat":"repeat","background-position":"center center","background-size":"auto","background-attachment":"scroll","background-type":"","background-media":"","overlay-type":"","overlay-color":"","overlay-opacity":"","overlay-gradient":""},"tablet":{"background-color":"","background-image":"","background-repeat":"repeat","background-position":"center center","background-size":"auto","background-attachment":"scroll","background-type":"","background-media":"","overlay-type":"","overlay-color":"","overlay-opacity":"","overlay-gradient":""},"mobile":{"background-color":"","background-image":"","background-repeat":"repeat","background-position":"center center","background-size":"auto","background-attachment":"scroll","background-type":"","background-media":"","overlay-type":"","overlay-color":"","overlay-opacity":"","overlay-gradient":""}},"ast-content-background-meta":{"desktop":{"background-color":"var(--ast-global-color-5)","background-image":"","background-repeat":"repeat","background-position":"center center","background-size":"auto","background-attachment":"scroll","background-type":"","background-media":"","overlay-type":"","overlay-color":"","overlay-opacity":"","overlay-gradient":""},"tablet":{"background-color":"var(--ast-global-color-5)","background-image":"","background-repeat":"repeat","background-position":"center center","background-size":"auto","background-attachment":"scroll","background-type":"","background-media":"","overlay-type":"","overlay-color":"","overlay-opacity":"","overlay-gradient":""},"mobile":{"background-color":"var(--ast-global-color-5)","background-image":"","background-repeat":"repeat","background-position":"center center","background-size":"auto","background-attachment":"scroll","background-type":"","background-media":"","overlay-type":"","overlay-color":"","overlay-opacity":"","overlay-gradient":""}},"footnotes":""},"class_list":["post-19120","page","type-page","status-publish","hentry"],"post_mailing_queue_ids":[],"_links":{"self":[{"href":"https:\/\/agora.xtec.cat\/escpalmademallorca\/wp-json\/wp\/v2\/pages\/19120","targetHints":{"allow":["GET"]}}],"collection":[{"href":"https:\/\/agora.xtec.cat\/escpalmademallorca\/wp-json\/wp\/v2\/pages"}],"about":[{"href":"https:\/\/agora.xtec.cat\/escpalmademallorca\/wp-json\/wp\/v2\/types\/page"}],"author":[{"embeddable":true,"href":"https:\/\/agora.xtec.cat\/escpalmademallorca\/wp-json\/wp\/v2\/users\/38"}],"replies":[{"embeddable":true,"href":"https:\/\/agora.xtec.cat\/escpalmademallorca\/wp-json\/wp\/v2\/comments?post=19120"}],"version-history":[{"count":5,"href":"https:\/\/agora.xtec.cat\/escpalmademallorca\/wp-json\/wp\/v2\/pages\/19120\/revisions"}],"predecessor-version":[{"id":22929,"href":"https:\/\/agora.xtec.cat\/escpalmademallorca\/wp-json\/wp\/v2\/pages\/19120\/revisions\/22929"}],"up":[{"embeddable":true,"href":"https:\/\/agora.xtec.cat\/escpalmademallorca\/wp-json\/wp\/v2\/pages\/19137"}],"wp:attachment":[{"href":"https:\/\/agora.xtec.cat\/escpalmademallorca\/wp-json\/wp\/v2\/media?parent=19120"}],"curies":[{"name":"wp","href":"https:\/\/api.w.org\/{rel}","templated":true}]}}