{"id":19069,"date":"2021-09-06T00:35:02","date_gmt":"2021-09-05T22:35:02","guid":{"rendered":"https:\/\/agora.xtec.cat\/escpalmademallorca\/?page_id=19069"},"modified":"2022-06-19T22:50:56","modified_gmt":"2022-06-19T20:50:56","slug":"curs-dscratch","status":"publish","type":"page","link":"https:\/\/agora.xtec.cat\/escpalmademallorca\/curs-dscratch\/","title":{"rendered":"Curs d&#8217;Scratch"},"content":{"rendered":"<h2>DESCRIPCI\u00d3<\/h2>\n<p>Curs basat en materials modulars dirigits a l\u2019alumnat de Cicle Superior de Prim\u00e0ria. Cada m\u00f2dul correspon a un repte a solucionar amb una previsi\u00f3 de 12 hores de desenvolupament a l\u2019aula.<\/p>\n<p>El m\u00f2duls tenen una estructura seq\u00fcencial, de forma que la seva complexitat es va incrementant.<\/p>\n<h2>OBJECTIUS<\/h2>\n<p>Introduir la programaci\u00f3 als nivells de prim\u00e0ria (cicle superior).<br \/>\nFomentar el pensament computacional i l\u2019assoliment de les compet\u00e8ncies digitals.<\/p>\n<div class=\"addtoany_share_save_container addtoany_content addtoany_content_bottom\">\n<div class=\"a2a_kit a2a_kit_size_32 addtoany_list\" data-a2a-url=\"https:\/\/agora.xtec.cat\/ceip-timbaler\/curs-dscratch\/\" data-a2a-title=\"Curs d\u2019Scratch\"><\/div>\n<\/div>\n","protected":false},"excerpt":{"rendered":"<p>DESCRIPCI\u00d3 Curs basat en materials modulars dirigits a l\u2019alumnat de Cicle Superior de Prim\u00e0ria. Cada m\u00f2dul correspon a un repte [&hellip;]<\/p>\n","protected":false},"author":38,"featured_media":0,"parent":0,"menu_order":50,"comment_status":"closed","ping_status":"closed","template":"page-templates\/side-menu.php","meta":{"_bbp_topic_count":0,"_bbp_reply_count":0,"_bbp_total_topic_count":0,"_bbp_total_reply_count":0,"_bbp_voice_count":0,"_bbp_anonymous_reply_count":0,"_bbp_topic_count_hidden":0,"_bbp_reply_count_hidden":0,"_bbp_forum_subforum_count":0,"site-sidebar-layout":"default","site-content-layout":"","ast-site-content-layout":"","site-content-style":"default","site-sidebar-style":"default","ast-global-header-display":"","ast-banner-title-visibility":"","ast-main-header-display":"","ast-hfb-above-header-display":"","ast-hfb-below-header-display":"","ast-hfb-mobile-header-display":"","site-post-title":"","ast-breadcrumbs-content":"","ast-featured-img":"","footer-sml-layout":"","theme-transparent-header-meta":"","adv-header-id-meta":"","stick-header-meta":"","header-above-stick-meta":"","header-main-stick-meta":"","header-below-stick-meta":"","astra-migrate-meta-layouts":"default","ast-page-background-enabled":"default","ast-page-background-meta":{"desktop":{"background-color":"var(--ast-global-color-4)","background-image":"","background-repeat":"repeat","background-position":"center center","background-size":"auto","background-attachment":"scroll","background-type":"","background-media":"","overlay-type":"","overlay-color":"","overlay-opacity":"","overlay-gradient":""},"tablet":{"background-color":"","background-image":"","background-repeat":"repeat","background-position":"center center","background-size":"auto","background-attachment":"scroll","background-type":"","background-media":"","overlay-type":"","overlay-color":"","overlay-opacity":"","overlay-gradient":""},"mobile":{"background-color":"","background-image":"","background-repeat":"repeat","background-position":"center center","background-size":"auto","background-attachment":"scroll","background-type":"","background-media":"","overlay-type":"","overlay-color":"","overlay-opacity":"","overlay-gradient":""}},"ast-content-background-meta":{"desktop":{"background-color":"var(--ast-global-color-5)","background-image":"","background-repeat":"repeat","background-position":"center center","background-size":"auto","background-attachment":"scroll","background-type":"","background-media":"","overlay-type":"","overlay-color":"","overlay-opacity":"","overlay-gradient":""},"tablet":{"background-color":"var(--ast-global-color-5)","background-image":"","background-repeat":"repeat","background-position":"center center","background-size":"auto","background-attachment":"scroll","background-type":"","background-media":"","overlay-type":"","overlay-color":"","overlay-opacity":"","overlay-gradient":""},"mobile":{"background-color":"var(--ast-global-color-5)","background-image":"","background-repeat":"repeat","background-position":"center center","background-size":"auto","background-attachment":"scroll","background-type":"","background-media":"","overlay-type":"","overlay-color":"","overlay-opacity":"","overlay-gradient":""}},"footnotes":""},"class_list":["post-19069","page","type-page","status-publish","hentry"],"post_mailing_queue_ids":[],"_links":{"self":[{"href":"https:\/\/agora.xtec.cat\/escpalmademallorca\/wp-json\/wp\/v2\/pages\/19069","targetHints":{"allow":["GET"]}}],"collection":[{"href":"https:\/\/agora.xtec.cat\/escpalmademallorca\/wp-json\/wp\/v2\/pages"}],"about":[{"href":"https:\/\/agora.xtec.cat\/escpalmademallorca\/wp-json\/wp\/v2\/types\/page"}],"author":[{"embeddable":true,"href":"https:\/\/agora.xtec.cat\/escpalmademallorca\/wp-json\/wp\/v2\/users\/38"}],"replies":[{"embeddable":true,"href":"https:\/\/agora.xtec.cat\/escpalmademallorca\/wp-json\/wp\/v2\/comments?post=19069"}],"version-history":[{"count":1,"href":"https:\/\/agora.xtec.cat\/escpalmademallorca\/wp-json\/wp\/v2\/pages\/19069\/revisions"}],"predecessor-version":[{"id":19072,"href":"https:\/\/agora.xtec.cat\/escpalmademallorca\/wp-json\/wp\/v2\/pages\/19069\/revisions\/19072"}],"wp:attachment":[{"href":"https:\/\/agora.xtec.cat\/escpalmademallorca\/wp-json\/wp\/v2\/media?parent=19069"}],"curies":[{"name":"wp","href":"https:\/\/api.w.org\/{rel}","templated":true}]}}