{"id":73,"date":"2014-09-18T14:01:51","date_gmt":"2014-09-18T13:01:51","guid":{"rendered":"http:\/\/agora.xtec.cat\/escorsa-lh\/?page_id=73"},"modified":"2024-11-15T14:58:15","modified_gmt":"2024-11-15T13:58:15","slug":"menjador-escolar","status":"publish","type":"page","link":"https:\/\/agora.xtec.cat\/escorsa-lh\/serveis\/menjador-escolar\/","title":{"rendered":"Menjador escolar"},"content":{"rendered":"<p><u><strong><span style=\"font-family: arial,helvetica,sans-serif; font-size: large;\"><a href=\"https:\/\/agora.xtec.cat\/escorsa-lh\/wp-content\/uploads\/usu2939\/2024\/11\/Captura-de-pantalla-2024-11-15-145658.png\"><img loading=\"lazy\" decoding=\"async\" class=\"size-full wp-image-748 alignright\" src=\"https:\/\/agora.xtec.cat\/escorsa-lh\/wp-content\/uploads\/usu2939\/2024\/11\/Captura-de-pantalla-2024-11-15-145658.png\" alt=\"\" width=\"257\" height=\"265\" \/><\/a>Menjador i cuina pr\u00f2pia:<\/span><\/strong><\/u><\/p>\n<p><span style=\"font-size: large;\"><span style=\"font-family: arial,helvetica,sans-serif;\">Tenim un men\u00fa pautat i revisat per una dietista de l&#8217;Hospital Sant Joan de D\u00e9u. Aquest men\u00fa se li envia a les families al comen\u00e7ament de curs per si cal fer canvis individuals per temes m\u00e8dics.<\/span><\/span><\/p>\n<p><a id=\"thumb004\" href=\"http:\/\/www.escola-escorsa.cat\/3071\/imagenes\/grandes\/Menu%20Escuela.pdf\">Menu Escuela.pdf<\/a><\/p>\n<p><span style=\"font-size: large;\">L&#8217;activitat de menjador es duu a terme conjuntament amb l&#8217;empresa &#8220;Som Valors&#8221;, entitat dedicada al m\u00f3n de la restauraci\u00f3 i el lleure des de fa m\u00e9s de 20 anys, que t\u00e9 com a objectiu principal fer gaudir i cr\u00e9ixer tant a infants com a adults, a la vegada que s\u00f3n responsables i cuiden del medi ambient i els teixits m\u00e9s vulnerables.<\/span><\/p>\n<p>&nbsp;<\/p>\n<p><span style=\"font-size: large;\">Les pautes a seguir a l&#8217;espai de menjador i a l&#8217;esbarjo s&#8217;implementen i s&#8217;organitzen de manera conjunta entre l&#8217;escola (tutors, educadors, logopedes i fisioterapeutes) i els coordinadors i monitors de &#8220;Som valors&#8221;.<\/span><\/p>\n","protected":false},"excerpt":{"rendered":"<p><a href=\"https:\/\/agora.xtec.cat\/escorsa-lh\/wp-content\/uploads\/usu2939\/2024\/11\/Captura-de-pantalla-2024-11-15-145658.png\"><\/a>Menjador i cuina pr\u00f2pia:<br \/>\nTenim un men\u00fa pautat i revisat per una dietista de l&#8217;Hospital Sant Joan de D\u00e9u. Aquest men\u00fa se li envia a les families al comen\u00e7ament de curs per si cal fer canvis individuals per temes m\u00e8dics.<br \/>\n<a id=\"thumb004\" href=\"http:\/\/www.escola-escorsa.cat\/3071\/imagenes\/grandes\/Menu%20Escuela.pdf\">Menu Escuela.pdf<\/a><br \/>\nL&#8217;activitat de menjador&hellip;  <a href=\"https:\/\/agora.xtec.cat\/escorsa-lh\/serveis\/menjador-escolar\/\" title=\"Read Menjador escolar\">Llegeix m\u00e9s\u00bb<\/a><\/p>\n","protected":false},"author":1,"featured_media":0,"parent":66,"menu_order":30,"comment_status":"closed","ping_status":"closed","template":"page-templates\/side-menu.php","meta":{"_bbp_topic_count":0,"_bbp_reply_count":0,"_bbp_total_topic_count":0,"_bbp_total_reply_count":0,"_bbp_voice_count":0,"_bbp_anonymous_reply_count":0,"_bbp_topic_count_hidden":0,"_bbp_reply_count_hidden":0,"_bbp_forum_subforum_count":0,"footnotes":""},"class_list":["post-73","page","type-page","status-publish","hentry"],"post_mailing_queue_ids":[],"_links":{"self":[{"href":"https:\/\/agora.xtec.cat\/escorsa-lh\/wp-json\/wp\/v2\/pages\/73","targetHints":{"allow":["GET"]}}],"collection":[{"href":"https:\/\/agora.xtec.cat\/escorsa-lh\/wp-json\/wp\/v2\/pages"}],"about":[{"href":"https:\/\/agora.xtec.cat\/escorsa-lh\/wp-json\/wp\/v2\/types\/page"}],"author":[{"embeddable":true,"href":"https:\/\/agora.xtec.cat\/escorsa-lh\/wp-json\/wp\/v2\/users\/1"}],"replies":[{"embeddable":true,"href":"https:\/\/agora.xtec.cat\/escorsa-lh\/wp-json\/wp\/v2\/comments?post=73"}],"version-history":[{"count":5,"href":"https:\/\/agora.xtec.cat\/escorsa-lh\/wp-json\/wp\/v2\/pages\/73\/revisions"}],"predecessor-version":[{"id":751,"href":"https:\/\/agora.xtec.cat\/escorsa-lh\/wp-json\/wp\/v2\/pages\/73\/revisions\/751"}],"up":[{"embeddable":true,"href":"https:\/\/agora.xtec.cat\/escorsa-lh\/wp-json\/wp\/v2\/pages\/66"}],"wp:attachment":[{"href":"https:\/\/agora.xtec.cat\/escorsa-lh\/wp-json\/wp\/v2\/media?parent=73"}],"curies":[{"name":"wp","href":"https:\/\/api.w.org\/{rel}","templated":true}]}}