{"id":703,"date":"2024-11-15T14:26:33","date_gmt":"2024-11-15T13:26:33","guid":{"rendered":"https:\/\/agora.xtec.cat\/escorsa-lh\/?page_id=703"},"modified":"2024-11-15T14:26:37","modified_gmt":"2024-11-15T13:26:37","slug":"activitats-del-curs","status":"publish","type":"page","link":"https:\/\/agora.xtec.cat\/escorsa-lh\/lescola\/que-fem\/activitats-del-curs\/","title":{"rendered":"Activitats del curs"},"content":{"rendered":"<p><span style=\"font-family: arial,helvetica,sans-serif; font-size: large;\">A l&#8217;escola celebrem la setmana de la tardor, realitzem diferents activitats relacionades amb aquesta estaci\u00f3 com s\u00f3n el tast de fruits de la tardor, treballem els seus colors, la roba t\u00edpica d&#8217;aquesta estaci\u00f3 de l&#8217;any i la castanyera, la festivitat m\u00e9s important.<\/span><\/p>\n<p><span style=\"font-family: arial,helvetica,sans-serif; font-size: large;\">A m\u00e9s, tamb\u00e8 celebrem durants aquesta setmana la festivitat de &#8220;Halloween&#8221;, una festa m\u00e9s actual i que ens agrada molt perqu\u00e8 ens pintem la cara i celebrem d&#8217;una manera diferent l&#8217;arribada de la tardor.<\/span><\/p>\n<p><span style=\"font-family: arial,helvetica,sans-serif; font-size: large;\">La Festa dels Reis, una festa per celebrar el final del primer trimestre, l&#8217;arribada del Nadal i per compartir una estona amb els pares i familiars dels nostres alumnes amb un berenar i amb la visita de sa majestat el Rei d&#8217;Orient.<\/span><\/p>\n<p><span style=\"font-family: arial,helvetica,sans-serif; font-size: large;\">La setmana de Carnestoltes, una setmana plena d&#8217;activitats relacionades amb el Rei Carnestoltes, on hyem d&#8217;estar ben atents a les directrius que ens encomana cada dia el Rei Carnestoltes, i que acaba amb una rua pels carrers del nostre barri.<\/span><\/p>\n<p><span style=\"font-family: arial,helvetica,sans-serif; font-size: large;\">A m\u00e9s d&#8217;una sortida cada trimestre, com anar al Cosmocaixa, el zoo, la granja, anar fins a Montjuic&#8230;<\/span><\/p>\n<p>&nbsp;<\/p>\n","protected":false},"excerpt":{"rendered":"<p>A l&#8217;escola celebrem la setmana de la tardor, realitzem diferents activitats relacionades amb aquesta estaci\u00f3 com s\u00f3n el tast de fruits de la tardor, treballem els seus colors, la roba t\u00edpica d&#8217;aquesta estaci\u00f3 de l&#8217;any i la castanyera, la festivitat m\u00e9s important.<br \/>\nA m\u00e9s, tamb\u00e8 celebrem&hellip;  <a href=\"https:\/\/agora.xtec.cat\/escorsa-lh\/lescola\/que-fem\/activitats-del-curs\/\" title=\"Read Activitats del curs\">Llegeix m\u00e9s\u00bb<\/a><\/p>\n","protected":false},"author":1,"featured_media":0,"parent":697,"menu_order":0,"comment_status":"closed","ping_status":"closed","template":"page-templates\/side-menu.php","meta":{"_bbp_topic_count":0,"_bbp_reply_count":0,"_bbp_total_topic_count":0,"_bbp_total_reply_count":0,"_bbp_voice_count":0,"_bbp_anonymous_reply_count":0,"_bbp_topic_count_hidden":0,"_bbp_reply_count_hidden":0,"_bbp_forum_subforum_count":0,"footnotes":""},"class_list":["post-703","page","type-page","status-publish","hentry"],"post_mailing_queue_ids":[],"_links":{"self":[{"href":"https:\/\/agora.xtec.cat\/escorsa-lh\/wp-json\/wp\/v2\/pages\/703","targetHints":{"allow":["GET"]}}],"collection":[{"href":"https:\/\/agora.xtec.cat\/escorsa-lh\/wp-json\/wp\/v2\/pages"}],"about":[{"href":"https:\/\/agora.xtec.cat\/escorsa-lh\/wp-json\/wp\/v2\/types\/page"}],"author":[{"embeddable":true,"href":"https:\/\/agora.xtec.cat\/escorsa-lh\/wp-json\/wp\/v2\/users\/1"}],"replies":[{"embeddable":true,"href":"https:\/\/agora.xtec.cat\/escorsa-lh\/wp-json\/wp\/v2\/comments?post=703"}],"version-history":[{"count":1,"href":"https:\/\/agora.xtec.cat\/escorsa-lh\/wp-json\/wp\/v2\/pages\/703\/revisions"}],"predecessor-version":[{"id":704,"href":"https:\/\/agora.xtec.cat\/escorsa-lh\/wp-json\/wp\/v2\/pages\/703\/revisions\/704"}],"up":[{"embeddable":true,"href":"https:\/\/agora.xtec.cat\/escorsa-lh\/wp-json\/wp\/v2\/pages\/697"}],"wp:attachment":[{"href":"https:\/\/agora.xtec.cat\/escorsa-lh\/wp-json\/wp\/v2\/media?parent=703"}],"curies":[{"name":"wp","href":"https:\/\/api.w.org\/{rel}","templated":true}]}}