{"id":701,"date":"2024-11-15T14:25:50","date_gmt":"2024-11-15T13:25:50","guid":{"rendered":"https:\/\/agora.xtec.cat\/escorsa-lh\/?page_id=701"},"modified":"2024-11-15T14:25:50","modified_gmt":"2024-11-15T13:25:50","slug":"activitats-compartides","status":"publish","type":"page","link":"https:\/\/agora.xtec.cat\/escorsa-lh\/lescola\/que-fem\/activitats-compartides\/","title":{"rendered":"Activitats compartides"},"content":{"rendered":"<p><strong><span style=\"font-family: arial,helvetica,sans-serif; font-size: large;\">Activitats compartides amb altres centres<\/span><\/strong><\/p>\n<p>&nbsp;<\/p>\n<p><strong><span style=\"font-family: arial,helvetica,sans-serif; font-size: large;\">Institut Bisbe Berenguer<\/span><\/strong><\/p>\n<p align=\"left\"><span style=\"font-family: arial,helvetica,sans-serif; font-size: large;\">Portem 18 anys compartint aquesta experi\u00e8ncia. Al llarg de tot el curs escolar, cada dijous al mat\u00ed, els alumnes de 3r d&#8217;ESO que cursen l&#8217;assignatura optativa &#8220;Con\u00e8ixer \u00e9s estimar&#8221; esdevenen companys\/es, referents de joc i aprenentatge dels nostres alumnes. Venen a la nostra escola a buscar als seus companys i companyes, es fan c\u00e0rrec d&#8217;ells i de les cadires de rodes, aix\u00ed els acompanyen a l&#8217;institut.<\/span><\/p>\n<p><a href=\"http:\/\/www.rtve.es\/alacarta\/videos\/para-todos-la-2\/para-todos-2-10-12-16\/3825319\/\" target=\"_blank\" rel=\"noopener\"><span style=\"font-family: arial,helvetica,sans-serif; font-size: large;\">Activitat amb reportatge de TV2<\/span><\/a><\/p>\n<p>&nbsp;<\/p>\n<p>&nbsp;<\/p>\n<p><strong><span style=\"font-family: arial,helvetica,sans-serif; font-size: large;\">CEIP Prat de la Manta<\/span><\/strong><\/p>\n<p><span style=\"font-family: arial,helvetica,sans-serif; font-size: large;\">Seguim col\u00b7laborant amb l&#8217;escola Prat de la Manta, desenvolupant activitats compartides, amb alumnes d&#8217;ambd\u00f3s centres escolars.<\/span><\/p>\n<p>&nbsp;<\/p>\n<p><span style=\"font-family: arial,helvetica,sans-serif; font-size: large;\">La col\u00b7laboraci\u00f3 amb el CEIP Prat de la Manta sorgeis fruit de l&#8217;esperi\u00e8ncia pr\u00e8via desenvolupada entre l&#8217;Escor\u00e7a i l&#8217;IES Bisbe Berenguer i dels resultats obtinguts al llarg dels anys previs de treball conjunt.<\/span><\/p>\n<p><span style=\"font-size: large;\"><span style=\"font-family: arial,helvetica,sans-serif;\">Fem activitats de psicomotricitat, educaci\u00f3 f\u00edsica i de contes a la biblioteca.<\/span>\u00a0<\/span><\/p>\n<p><a href=\"https:\/\/photos.app.goo.gl\/Rbtc5phtvAuifx6y6\">Activitat al Parc\u00a0<\/a><\/p>\n<p>&nbsp;<\/p>\n<p>&nbsp;<\/p>\n<p><strong><span style=\"font-family: arial,helvetica,sans-serif; font-size: large;\">Escola Frederic Mistral<\/span><\/strong><\/p>\n<p><span style=\"font-family: arial,helvetica,sans-serif; font-size: large;\">La col\u00b7laboraci\u00f3 amb l&#8217;Escola Frederic Mistral\u00a0 es tradueix en 4 trobades anuals, conjuntament amb l&#8217;Institut Bisbe Berenguer. En aquestes sessions el que pretenem \u00e9s apropar i fer visible el m\u00f3n de la discapacitat als nens i nenes de 5\u00e8 i 6\u00e8.<br \/>\n<\/span><\/p>\n<p>&nbsp;<\/p>\n<p>&nbsp;<\/p>\n<p><strong><span style=\"font-family: arial,helvetica,sans-serif; font-size: large;\">Escola Pau Vila<\/span><\/strong><\/p>\n<p><span style=\"font-family: arial,helvetica,sans-serif; font-size: large;\">Actualment seguim treballant amb l&#8217;Escola Pau Vila, de forma anual. L&#8217;activitat consisteix en que un grup de 10-12 alumnes de l&#8217;Escor\u00e7a, amb els seus companys\/es referents de l&#8217;IES Bisbe Berenguer i alumnes de 6\u00e8 de prim\u00e0ria de l&#8217;escola Pau Vila de Barcelona, participen d&#8217;una activitat matinal compartida de m\u00fasica i joc interactiu amb els instruments, contextualitzat al voltant de Sant Jordi.\u00a0<\/span><\/p>\n<p>&nbsp;<\/p>\n<p><a href=\"https:\/\/photos.app.goo.gl\/kGtWsDzudZpqJySV6\">Activitat conjunta curs 2018 &#8211; 2019<\/a><\/p>\n","protected":false},"excerpt":{"rendered":"<p>Activitats compartides amb altres centres<br \/>\n&nbsp;<br \/>\nInstitut Bisbe Berenguer<br \/>\nPortem 18 anys compartint aquesta experi\u00e8ncia. Al llarg de tot el curs escolar, cada dijous al mat\u00ed, els alumnes de 3r d&#8217;ESO que cursen l&#8217;assignatura optativa &#8220;Con\u00e8ixer \u00e9s estimar&#8221; esdevenen companys\/es, referents de joc i aprenentatge dels nostres alumnes.&hellip;  <a href=\"https:\/\/agora.xtec.cat\/escorsa-lh\/lescola\/que-fem\/activitats-compartides\/\" title=\"Read Activitats compartides\">Llegeix m\u00e9s\u00bb<\/a><\/p>\n","protected":false},"author":1,"featured_media":0,"parent":697,"menu_order":0,"comment_status":"closed","ping_status":"closed","template":"page-templates\/side-menu.php","meta":{"_bbp_topic_count":0,"_bbp_reply_count":0,"_bbp_total_topic_count":0,"_bbp_total_reply_count":0,"_bbp_voice_count":0,"_bbp_anonymous_reply_count":0,"_bbp_topic_count_hidden":0,"_bbp_reply_count_hidden":0,"_bbp_forum_subforum_count":0,"footnotes":""},"class_list":["post-701","page","type-page","status-publish","hentry"],"post_mailing_queue_ids":[],"_links":{"self":[{"href":"https:\/\/agora.xtec.cat\/escorsa-lh\/wp-json\/wp\/v2\/pages\/701","targetHints":{"allow":["GET"]}}],"collection":[{"href":"https:\/\/agora.xtec.cat\/escorsa-lh\/wp-json\/wp\/v2\/pages"}],"about":[{"href":"https:\/\/agora.xtec.cat\/escorsa-lh\/wp-json\/wp\/v2\/types\/page"}],"author":[{"embeddable":true,"href":"https:\/\/agora.xtec.cat\/escorsa-lh\/wp-json\/wp\/v2\/users\/1"}],"replies":[{"embeddable":true,"href":"https:\/\/agora.xtec.cat\/escorsa-lh\/wp-json\/wp\/v2\/comments?post=701"}],"version-history":[{"count":1,"href":"https:\/\/agora.xtec.cat\/escorsa-lh\/wp-json\/wp\/v2\/pages\/701\/revisions"}],"predecessor-version":[{"id":702,"href":"https:\/\/agora.xtec.cat\/escorsa-lh\/wp-json\/wp\/v2\/pages\/701\/revisions\/702"}],"up":[{"embeddable":true,"href":"https:\/\/agora.xtec.cat\/escorsa-lh\/wp-json\/wp\/v2\/pages\/697"}],"wp:attachment":[{"href":"https:\/\/agora.xtec.cat\/escorsa-lh\/wp-json\/wp\/v2\/media?parent=701"}],"curies":[{"name":"wp","href":"https:\/\/api.w.org\/{rel}","templated":true}]}}