{"id":697,"date":"2024-11-15T14:22:03","date_gmt":"2024-11-15T13:22:03","guid":{"rendered":"https:\/\/agora.xtec.cat\/escorsa-lh\/?page_id=697"},"modified":"2024-11-15T14:24:26","modified_gmt":"2024-11-15T13:24:26","slug":"que-fem","status":"publish","type":"page","link":"https:\/\/agora.xtec.cat\/escorsa-lh\/lescola\/que-fem\/","title":{"rendered":"Qu\u00e8 fem"},"content":{"rendered":"<p><span style=\"font-family: arial,helvetica,sans-serif; font-size: large;\">A la nostra escola treballem de manera individualitzada aspectes com: l&#8217;autonomia personal, la comunicaci\u00f3, fisioter\u00e0pia i activitats grupals que desenvolupen la socialitzaci\u00f3. A m\u00e9s portem projectes amb altres centres per tal de afavorir la integraci\u00f3 dels nostres alumnes.<\/span><\/p>\n<p><span style=\"font-family: arial,helvetica,sans-serif; font-size: large;\">Com una activitat complement\u00e0ria dintre del nostre horari escolar, cada setmana tres dels nostres alumnes van a la piscina acompanyats pel personal de l&#8217;escola. Anem al poliesportiu Sergio Manzano, i all\u00e0 ens espera una professional del poliesportiu que fa diversos exercicis amb ells dintre del aigua.<\/span><\/p>\n","protected":false},"excerpt":{"rendered":"<p>A la nostra escola treballem de manera individualitzada aspectes com: l&#8217;autonomia personal, la comunicaci\u00f3, fisioter\u00e0pia i activitats grupals que desenvolupen la socialitzaci\u00f3. A m\u00e9s portem projectes amb altres centres per tal de afavorir la integraci\u00f3 dels nostres alumnes.<br \/>\nCom una activitat complement\u00e0ria dintre del nostre horari&hellip;  <a href=\"https:\/\/agora.xtec.cat\/escorsa-lh\/lescola\/que-fem\/\" title=\"Read Qu\u00e8 fem\">Llegeix m\u00e9s\u00bb<\/a><\/p>\n","protected":false},"author":1,"featured_media":0,"parent":22,"menu_order":0,"comment_status":"closed","ping_status":"closed","template":"page-templates\/side-menu.php","meta":{"_bbp_topic_count":0,"_bbp_reply_count":0,"_bbp_total_topic_count":0,"_bbp_total_reply_count":0,"_bbp_voice_count":0,"_bbp_anonymous_reply_count":0,"_bbp_topic_count_hidden":0,"_bbp_reply_count_hidden":0,"_bbp_forum_subforum_count":0,"footnotes":""},"class_list":["post-697","page","type-page","status-publish","hentry"],"post_mailing_queue_ids":[],"_links":{"self":[{"href":"https:\/\/agora.xtec.cat\/escorsa-lh\/wp-json\/wp\/v2\/pages\/697","targetHints":{"allow":["GET"]}}],"collection":[{"href":"https:\/\/agora.xtec.cat\/escorsa-lh\/wp-json\/wp\/v2\/pages"}],"about":[{"href":"https:\/\/agora.xtec.cat\/escorsa-lh\/wp-json\/wp\/v2\/types\/page"}],"author":[{"embeddable":true,"href":"https:\/\/agora.xtec.cat\/escorsa-lh\/wp-json\/wp\/v2\/users\/1"}],"replies":[{"embeddable":true,"href":"https:\/\/agora.xtec.cat\/escorsa-lh\/wp-json\/wp\/v2\/comments?post=697"}],"version-history":[{"count":1,"href":"https:\/\/agora.xtec.cat\/escorsa-lh\/wp-json\/wp\/v2\/pages\/697\/revisions"}],"predecessor-version":[{"id":698,"href":"https:\/\/agora.xtec.cat\/escorsa-lh\/wp-json\/wp\/v2\/pages\/697\/revisions\/698"}],"up":[{"embeddable":true,"href":"https:\/\/agora.xtec.cat\/escorsa-lh\/wp-json\/wp\/v2\/pages\/22"}],"wp:attachment":[{"href":"https:\/\/agora.xtec.cat\/escorsa-lh\/wp-json\/wp\/v2\/media?parent=697"}],"curies":[{"name":"wp","href":"https:\/\/api.w.org\/{rel}","templated":true}]}}