{"id":691,"date":"2024-11-15T14:13:16","date_gmt":"2024-11-15T13:13:16","guid":{"rendered":"https:\/\/agora.xtec.cat\/escorsa-lh\/?page_id=691"},"modified":"2024-11-15T14:13:16","modified_gmt":"2024-11-15T13:13:16","slug":"aspanidse","status":"publish","type":"page","link":"https:\/\/agora.xtec.cat\/escorsa-lh\/lescola\/qui-som\/aspanidse\/","title":{"rendered":"Aspanidse"},"content":{"rendered":"<p><span style=\"font-family: arial,helvetica,sans-serif; font-size: large;\">A l&#8217;any 1978, un grup de fam\u00edlies del barri de Sta. Eul\u00e0lia, opten per formar una entitat sense \u00e0nim de lucre, que gestioni i dugui a terme la creaci\u00f3 d&#8217;un espai escolar especial per als seus fills.\u00a0<\/span><span style=\"font-family: arial,helvetica,sans-serif; font-size: large;\">Amb la col\u00b7laboraci\u00f3 de l&#8217;Ajuntament de L&#8217;Hospitalet, es pot dur a terme aquesta tasca.<\/span>\u00a0<span style=\"font-family: arial,helvetica,sans-serif; font-size: large;\">\u00c9s a l&#8217;any 1994, quan definitivament l&#8217;escola Escor\u00e7a s&#8217;integra a la xarxa d&#8217;ensenyament reglat, passant a ser una escola d&#8217;educaci\u00f3 especial amb Concert Educatiu del Departament d&#8217;Ensenyament de la Generalitat de Catalunya.<\/span><\/p>\n","protected":false},"excerpt":{"rendered":"<p>A l&#8217;any 1978, un grup de fam\u00edlies del barri de Sta. Eul\u00e0lia, opten per formar una entitat sense \u00e0nim de lucre, que gestioni i dugui a terme la creaci\u00f3 d&#8217;un espai escolar especial per als seus fills.\u00a0Amb la col\u00b7laboraci\u00f3 de l&#8217;Ajuntament de L&#8217;Hospitalet, es pot&hellip;  <a href=\"https:\/\/agora.xtec.cat\/escorsa-lh\/lescola\/qui-som\/aspanidse\/\" title=\"Read Aspanidse\">Llegeix m\u00e9s\u00bb<\/a><\/p>\n","protected":false},"author":1,"featured_media":0,"parent":689,"menu_order":0,"comment_status":"closed","ping_status":"closed","template":"page-templates\/side-menu.php","meta":{"_bbp_topic_count":0,"_bbp_reply_count":0,"_bbp_total_topic_count":0,"_bbp_total_reply_count":0,"_bbp_voice_count":0,"_bbp_anonymous_reply_count":0,"_bbp_topic_count_hidden":0,"_bbp_reply_count_hidden":0,"_bbp_forum_subforum_count":0,"footnotes":""},"class_list":["post-691","page","type-page","status-publish","hentry"],"post_mailing_queue_ids":[],"_links":{"self":[{"href":"https:\/\/agora.xtec.cat\/escorsa-lh\/wp-json\/wp\/v2\/pages\/691","targetHints":{"allow":["GET"]}}],"collection":[{"href":"https:\/\/agora.xtec.cat\/escorsa-lh\/wp-json\/wp\/v2\/pages"}],"about":[{"href":"https:\/\/agora.xtec.cat\/escorsa-lh\/wp-json\/wp\/v2\/types\/page"}],"author":[{"embeddable":true,"href":"https:\/\/agora.xtec.cat\/escorsa-lh\/wp-json\/wp\/v2\/users\/1"}],"replies":[{"embeddable":true,"href":"https:\/\/agora.xtec.cat\/escorsa-lh\/wp-json\/wp\/v2\/comments?post=691"}],"version-history":[{"count":1,"href":"https:\/\/agora.xtec.cat\/escorsa-lh\/wp-json\/wp\/v2\/pages\/691\/revisions"}],"predecessor-version":[{"id":692,"href":"https:\/\/agora.xtec.cat\/escorsa-lh\/wp-json\/wp\/v2\/pages\/691\/revisions\/692"}],"up":[{"embeddable":true,"href":"https:\/\/agora.xtec.cat\/escorsa-lh\/wp-json\/wp\/v2\/pages\/689"}],"wp:attachment":[{"href":"https:\/\/agora.xtec.cat\/escorsa-lh\/wp-json\/wp\/v2\/media?parent=691"}],"curies":[{"name":"wp","href":"https:\/\/api.w.org\/{rel}","templated":true}]}}