{"id":689,"date":"2024-11-15T14:11:45","date_gmt":"2024-11-15T13:11:45","guid":{"rendered":"https:\/\/agora.xtec.cat\/escorsa-lh\/?page_id=689"},"modified":"2024-11-15T14:12:22","modified_gmt":"2024-11-15T13:12:22","slug":"qui-som","status":"publish","type":"page","link":"https:\/\/agora.xtec.cat\/escorsa-lh\/lescola\/qui-som\/","title":{"rendered":"Qui som"},"content":{"rendered":"<p><span style=\"font-family: arial,helvetica,sans-serif; font-size: large;\">L&#8217;Escor\u00e7a som una escola d&#8217;educaci\u00f3 especial concertada amb el Departament d&#8217;Ensenyamet de la Generalitat de Catalunya, creada l&#8217;any 1978 i situada al barri de santa Eul\u00e0lia de la ciutat d&#8217;Hospitalet de Llobregat. Un dels aspectes que m\u00e9s valorem en la nostra comunitat educativa \u00e9s establir un di\u00e0leg amb les fam\u00edlies per millorar la formaci\u00f3 integral dels alumnes.<\/span><\/p>\n<p>&nbsp;<\/p>\n<p><span style=\"font-family: arial,helvetica,sans-serif; font-size: large;\">L&#8217;Escor\u00e7a, sorgeix de les necessitats d&#8217;unes fam\u00edlies de poder portar els seus fills amb capacitats diferenciades, a una escola. Per aquest motiu el principal objectiu del nostre centres \u00e9s acollir nens i nenes de 3 a 21 anys que necessiten un suport elevat per a realitzar els seus aprenentatges i les activitats quotidianes del dia a dia.<\/span><\/p>\n<p>&nbsp;<\/p>\n<p><span style=\"font-family: arial,helvetica,sans-serif; font-size: large;\">Actualment a l&#8217;escola hi ha 30 alumnes repartits en 4 classes (unitats), atesos per un tutor\/a especialitzat en educaci\u00f3 especial, amb el suport d&#8217;una educadora.<\/span><\/p>\n<p>&nbsp;<\/p>\n<p><span style=\"font-family: arial,helvetica,sans-serif; font-size: large;\">Som una entitat sense \u00e0nim de lucre, laica i amb m\u00e9s de 40 anys d&#8217;hist\u00f2ria. Oferim una educaci\u00f3 integral que permet a l&#8217;alumne\/a el desenvolupament de totes les seves \u00e0rees millor conservades. \u00a0<\/span><\/p>\n","protected":false},"excerpt":{"rendered":"<p>L&#8217;Escor\u00e7a som una escola d&#8217;educaci\u00f3 especial concertada amb el Departament d&#8217;Ensenyamet de la Generalitat de Catalunya, creada l&#8217;any 1978 i situada al barri de santa Eul\u00e0lia de la ciutat d&#8217;Hospitalet de Llobregat. Un dels aspectes que m\u00e9s valorem en la nostra comunitat educativa \u00e9s establir&hellip;  <a href=\"https:\/\/agora.xtec.cat\/escorsa-lh\/lescola\/qui-som\/\" title=\"Read Qui som\">Llegeix m\u00e9s\u00bb<\/a><\/p>\n","protected":false},"author":1,"featured_media":0,"parent":22,"menu_order":0,"comment_status":"closed","ping_status":"closed","template":"page-templates\/side-menu.php","meta":{"_bbp_topic_count":0,"_bbp_reply_count":0,"_bbp_total_topic_count":0,"_bbp_total_reply_count":0,"_bbp_voice_count":0,"_bbp_anonymous_reply_count":0,"_bbp_topic_count_hidden":0,"_bbp_reply_count_hidden":0,"_bbp_forum_subforum_count":0,"footnotes":""},"class_list":["post-689","page","type-page","status-publish","hentry"],"post_mailing_queue_ids":[],"_links":{"self":[{"href":"https:\/\/agora.xtec.cat\/escorsa-lh\/wp-json\/wp\/v2\/pages\/689","targetHints":{"allow":["GET"]}}],"collection":[{"href":"https:\/\/agora.xtec.cat\/escorsa-lh\/wp-json\/wp\/v2\/pages"}],"about":[{"href":"https:\/\/agora.xtec.cat\/escorsa-lh\/wp-json\/wp\/v2\/types\/page"}],"author":[{"embeddable":true,"href":"https:\/\/agora.xtec.cat\/escorsa-lh\/wp-json\/wp\/v2\/users\/1"}],"replies":[{"embeddable":true,"href":"https:\/\/agora.xtec.cat\/escorsa-lh\/wp-json\/wp\/v2\/comments?post=689"}],"version-history":[{"count":1,"href":"https:\/\/agora.xtec.cat\/escorsa-lh\/wp-json\/wp\/v2\/pages\/689\/revisions"}],"predecessor-version":[{"id":690,"href":"https:\/\/agora.xtec.cat\/escorsa-lh\/wp-json\/wp\/v2\/pages\/689\/revisions\/690"}],"up":[{"embeddable":true,"href":"https:\/\/agora.xtec.cat\/escorsa-lh\/wp-json\/wp\/v2\/pages\/22"}],"wp:attachment":[{"href":"https:\/\/agora.xtec.cat\/escorsa-lh\/wp-json\/wp\/v2\/media?parent=689"}],"curies":[{"name":"wp","href":"https:\/\/api.w.org\/{rel}","templated":true}]}}