{"id":687,"date":"2024-11-08T14:32:15","date_gmt":"2024-11-08T13:32:15","guid":{"rendered":"https:\/\/agora.xtec.cat\/escorsa-lh\/?page_id=687"},"modified":"2024-11-15T14:50:26","modified_gmt":"2024-11-15T13:50:26","slug":"aula-multisensorial","status":"publish","type":"page","link":"https:\/\/agora.xtec.cat\/escorsa-lh\/material\/aules-2\/aula-multisensorial\/","title":{"rendered":"Aula multisensorial"},"content":{"rendered":"<p><span style=\"font-family: arial,helvetica,sans-serif; font-size: large;\">Cada aula t\u00e9 assignat un dia per anar a l&#8217;aula multisensorial.<\/span><\/p>\n<p><span style=\"font-family: arial,helvetica,sans-serif; font-size: large;\">A l&#8217;aula multisensorial treballem diferents aspectes: la concentraci\u00f3, la percepci\u00f3 visual, la relaxaci\u00f3, la motricitat, els colors, entre d&#8217;altres.<\/span><\/p>\n<p>&nbsp;<\/p>\n<p><a href=\"https:\/\/agora.xtec.cat\/escorsa-lh\/wp-content\/uploads\/usu2939\/2024\/11\/Captura-de-pantalla-2024-11-15-144638.png\"><img loading=\"lazy\" decoding=\"async\" class=\"alignnone size-full wp-image-728\" src=\"https:\/\/agora.xtec.cat\/escorsa-lh\/wp-content\/uploads\/usu2939\/2024\/11\/Captura-de-pantalla-2024-11-15-144638.png\" alt=\"\" width=\"578\" height=\"320\" srcset=\"https:\/\/agora.xtec.cat\/escorsa-lh\/wp-content\/uploads\/usu2939\/2024\/11\/Captura-de-pantalla-2024-11-15-144638.png 578w, https:\/\/agora.xtec.cat\/escorsa-lh\/wp-content\/uploads\/usu2939\/2024\/11\/Captura-de-pantalla-2024-11-15-144638-300x166.png 300w\" sizes=\"auto, (max-width: 578px) 100vw, 578px\" \/><\/a><a href=\"https:\/\/agora.xtec.cat\/escorsa-lh\/wp-content\/uploads\/usu2939\/2024\/11\/Captura-de-pantalla-2024-11-15-144715.png\"><img loading=\"lazy\" decoding=\"async\" class=\"alignnone wp-image-729 size-full\" src=\"https:\/\/agora.xtec.cat\/escorsa-lh\/wp-content\/uploads\/usu2939\/2024\/11\/Captura-de-pantalla-2024-11-15-144715-e1731678492229.png\" alt=\"\" width=\"581\" height=\"292\" srcset=\"https:\/\/agora.xtec.cat\/escorsa-lh\/wp-content\/uploads\/usu2939\/2024\/11\/Captura-de-pantalla-2024-11-15-144715-e1731678492229.png 581w, https:\/\/agora.xtec.cat\/escorsa-lh\/wp-content\/uploads\/usu2939\/2024\/11\/Captura-de-pantalla-2024-11-15-144715-e1731678492229-300x151.png 300w\" sizes=\"auto, (max-width: 581px) 100vw, 581px\" \/><\/a><a href=\"https:\/\/agora.xtec.cat\/escorsa-lh\/wp-content\/uploads\/usu2939\/2024\/11\/Captura-de-pantalla-2024-11-15-144836.png\"><img loading=\"lazy\" decoding=\"async\" class=\"alignnone size-full wp-image-731\" src=\"https:\/\/agora.xtec.cat\/escorsa-lh\/wp-content\/uploads\/usu2939\/2024\/11\/Captura-de-pantalla-2024-11-15-144836.png\" alt=\"\" width=\"578\" height=\"429\" srcset=\"https:\/\/agora.xtec.cat\/escorsa-lh\/wp-content\/uploads\/usu2939\/2024\/11\/Captura-de-pantalla-2024-11-15-144836.png 578w, https:\/\/agora.xtec.cat\/escorsa-lh\/wp-content\/uploads\/usu2939\/2024\/11\/Captura-de-pantalla-2024-11-15-144836-300x223.png 300w\" sizes=\"auto, (max-width: 578px) 100vw, 578px\" \/><\/a><a href=\"https:\/\/agora.xtec.cat\/escorsa-lh\/wp-content\/uploads\/usu2939\/2024\/11\/Captura-de-pantalla-2024-11-15-144741.png\"><img loading=\"lazy\" decoding=\"async\" class=\"alignnone size-full wp-image-730\" src=\"https:\/\/agora.xtec.cat\/escorsa-lh\/wp-content\/uploads\/usu2939\/2024\/11\/Captura-de-pantalla-2024-11-15-144741.png\" alt=\"\" width=\"584\" height=\"329\" srcset=\"https:\/\/agora.xtec.cat\/escorsa-lh\/wp-content\/uploads\/usu2939\/2024\/11\/Captura-de-pantalla-2024-11-15-144741.png 584w, https:\/\/agora.xtec.cat\/escorsa-lh\/wp-content\/uploads\/usu2939\/2024\/11\/Captura-de-pantalla-2024-11-15-144741-300x169.png 300w\" sizes=\"auto, (max-width: 584px) 100vw, 584px\" \/><\/a><\/p>\n<p><a href=\"https:\/\/agora.xtec.cat\/escorsa-lh\/wp-content\/uploads\/usu2939\/2024\/11\/Captura-de-pantalla-2024-11-15-144904.png\"><img loading=\"lazy\" decoding=\"async\" class=\"alignnone size-full wp-image-733\" src=\"https:\/\/agora.xtec.cat\/escorsa-lh\/wp-content\/uploads\/usu2939\/2024\/11\/Captura-de-pantalla-2024-11-15-144904.png\" alt=\"\" width=\"584\" height=\"327\" srcset=\"https:\/\/agora.xtec.cat\/escorsa-lh\/wp-content\/uploads\/usu2939\/2024\/11\/Captura-de-pantalla-2024-11-15-144904.png 584w, https:\/\/agora.xtec.cat\/escorsa-lh\/wp-content\/uploads\/usu2939\/2024\/11\/Captura-de-pantalla-2024-11-15-144904-300x168.png 300w\" sizes=\"auto, (max-width: 584px) 100vw, 584px\" \/><\/a><a href=\"https:\/\/agora.xtec.cat\/escorsa-lh\/wp-content\/uploads\/usu2939\/2024\/11\/Captura-de-pantalla-2024-11-15-144934.png\"><img loading=\"lazy\" decoding=\"async\" class=\"alignnone size-full wp-image-734\" src=\"https:\/\/agora.xtec.cat\/escorsa-lh\/wp-content\/uploads\/usu2939\/2024\/11\/Captura-de-pantalla-2024-11-15-144934.png\" alt=\"\" width=\"596\" height=\"300\" srcset=\"https:\/\/agora.xtec.cat\/escorsa-lh\/wp-content\/uploads\/usu2939\/2024\/11\/Captura-de-pantalla-2024-11-15-144934.png 596w, https:\/\/agora.xtec.cat\/escorsa-lh\/wp-content\/uploads\/usu2939\/2024\/11\/Captura-de-pantalla-2024-11-15-144934-300x151.png 300w\" sizes=\"auto, (max-width: 596px) 100vw, 596px\" \/><\/a><\/p>\n","protected":false},"excerpt":{"rendered":"<p>Cada aula t\u00e9 assignat un dia per anar a l&#8217;aula multisensorial.<br \/>\nA l&#8217;aula multisensorial treballem diferents aspectes: la concentraci\u00f3, la percepci\u00f3 visual, la relaxaci\u00f3, la motricitat, els colors, entre d&#8217;altres.<br \/>\n&nbsp;<br \/>\n<a href=\"https:\/\/agora.xtec.cat\/escorsa-lh\/wp-content\/uploads\/usu2939\/2024\/11\/Captura-de-pantalla-2024-11-15-144638.png\"><\/a><a href=\"https:\/\/agora.xtec.cat\/escorsa-lh\/wp-content\/uploads\/usu2939\/2024\/11\/Captura-de-pantalla-2024-11-15-144715.png\"><\/a><a href=\"https:\/\/agora.xtec.cat\/escorsa-lh\/wp-content\/uploads\/usu2939\/2024\/11\/Captura-de-pantalla-2024-11-15-144836.png\"><\/a><a href=\"https:\/\/agora.xtec.cat\/escorsa-lh\/wp-content\/uploads\/usu2939\/2024\/11\/Captura-de-pantalla-2024-11-15-144741.png\"><\/a><br \/>\n<a href=\"https:\/\/agora.xtec.cat\/escorsa-lh\/wp-content\/uploads\/usu2939\/2024\/11\/Captura-de-pantalla-2024-11-15-144904.png\"><\/a><a href=\"https:\/\/agora.xtec.cat\/escorsa-lh\/wp-content\/uploads\/usu2939\/2024\/11\/Captura-de-pantalla-2024-11-15-144934.png\"><\/a><\/p>\n","protected":false},"author":1,"featured_media":0,"parent":507,"menu_order":0,"comment_status":"closed","ping_status":"closed","template":"page-templates\/side-menu.php","meta":{"_bbp_topic_count":0,"_bbp_reply_count":0,"_bbp_total_topic_count":0,"_bbp_total_reply_count":0,"_bbp_voice_count":0,"_bbp_anonymous_reply_count":0,"_bbp_topic_count_hidden":0,"_bbp_reply_count_hidden":0,"_bbp_forum_subforum_count":0,"footnotes":""},"class_list":["post-687","page","type-page","status-publish","hentry"],"post_mailing_queue_ids":[],"_links":{"self":[{"href":"https:\/\/agora.xtec.cat\/escorsa-lh\/wp-json\/wp\/v2\/pages\/687","targetHints":{"allow":["GET"]}}],"collection":[{"href":"https:\/\/agora.xtec.cat\/escorsa-lh\/wp-json\/wp\/v2\/pages"}],"about":[{"href":"https:\/\/agora.xtec.cat\/escorsa-lh\/wp-json\/wp\/v2\/types\/page"}],"author":[{"embeddable":true,"href":"https:\/\/agora.xtec.cat\/escorsa-lh\/wp-json\/wp\/v2\/users\/1"}],"replies":[{"embeddable":true,"href":"https:\/\/agora.xtec.cat\/escorsa-lh\/wp-json\/wp\/v2\/comments?post=687"}],"version-history":[{"count":3,"href":"https:\/\/agora.xtec.cat\/escorsa-lh\/wp-json\/wp\/v2\/pages\/687\/revisions"}],"predecessor-version":[{"id":735,"href":"https:\/\/agora.xtec.cat\/escorsa-lh\/wp-json\/wp\/v2\/pages\/687\/revisions\/735"}],"up":[{"embeddable":true,"href":"https:\/\/agora.xtec.cat\/escorsa-lh\/wp-json\/wp\/v2\/pages\/507"}],"wp:attachment":[{"href":"https:\/\/agora.xtec.cat\/escorsa-lh\/wp-json\/wp\/v2\/media?parent=687"}],"curies":[{"name":"wp","href":"https:\/\/api.w.org\/{rel}","templated":true}]}}