{"id":682,"date":"2024-11-08T14:31:05","date_gmt":"2024-11-08T13:31:05","guid":{"rendered":"https:\/\/agora.xtec.cat\/escorsa-lh\/?page_id=682"},"modified":"2024-11-15T14:50:41","modified_gmt":"2024-11-15T13:50:41","slug":"logopedia","status":"publish","type":"page","link":"https:\/\/agora.xtec.cat\/escorsa-lh\/material\/aules-2\/logopedia\/","title":{"rendered":"Logop\u00e8dia"},"content":{"rendered":"<p>&nbsp;<\/p>\n<p>Les sessions de logop\u00e8dia es duen a terme amb l&#8217;objectiu de respondre a les necessitats espec\u00edfiques de cada alumne. Sempre tenint en compte la realitzaci\u00f3 d&#8217;un tractament individualitzat on es prioritza, en cada cas, un o diversos dels seg\u00fcents aspectes logop\u00e8dics: la comunicaci\u00f3 verbal i no verbal; incloent la comprensi\u00f3, disfagia (trastorns de degluci\u00f3), respiraci\u00f3, alteracions auditives i alteracions miofuncionals.<\/p>\n<p>&nbsp;<\/p>\n<p><a href=\"https:\/\/agora.xtec.cat\/escorsa-lh\/wp-content\/uploads\/usu2939\/2024\/11\/Captura-de-pantalla-2024-11-15-144308.png\"><img loading=\"lazy\" decoding=\"async\" class=\"alignnone wp-image-723\" src=\"https:\/\/agora.xtec.cat\/escorsa-lh\/wp-content\/uploads\/usu2939\/2024\/11\/Captura-de-pantalla-2024-11-15-144308.png\" alt=\"\" width=\"254\" height=\"383\" srcset=\"https:\/\/agora.xtec.cat\/escorsa-lh\/wp-content\/uploads\/usu2939\/2024\/11\/Captura-de-pantalla-2024-11-15-144308.png 408w, https:\/\/agora.xtec.cat\/escorsa-lh\/wp-content\/uploads\/usu2939\/2024\/11\/Captura-de-pantalla-2024-11-15-144308-199x300.png 199w\" sizes=\"auto, (max-width: 254px) 100vw, 254px\" \/><\/a><a href=\"https:\/\/agora.xtec.cat\/escorsa-lh\/wp-content\/uploads\/usu2939\/2024\/11\/Captura-de-pantalla-2024-11-15-144237.png\">\u00a0 \u00a0 \u00a0 \u00a0 \u00a0 \u00a0 \u00a0<img loading=\"lazy\" decoding=\"async\" class=\"alignnone size-full wp-image-722\" src=\"https:\/\/agora.xtec.cat\/escorsa-lh\/wp-content\/uploads\/usu2939\/2024\/11\/Captura-de-pantalla-2024-11-15-144237.png\" alt=\"\" width=\"323\" height=\"376\" srcset=\"https:\/\/agora.xtec.cat\/escorsa-lh\/wp-content\/uploads\/usu2939\/2024\/11\/Captura-de-pantalla-2024-11-15-144237.png 323w, https:\/\/agora.xtec.cat\/escorsa-lh\/wp-content\/uploads\/usu2939\/2024\/11\/Captura-de-pantalla-2024-11-15-144237-258x300.png 258w\" sizes=\"auto, (max-width: 323px) 100vw, 323px\" \/><\/a><\/p>\n","protected":false},"excerpt":{"rendered":"<p>&nbsp;<br \/>\nLes sessions de logop\u00e8dia es duen a terme amb l&#8217;objectiu de respondre a les necessitats espec\u00edfiques de cada alumne. Sempre tenint en compte la realitzaci\u00f3 d&#8217;un tractament individualitzat on es prioritza, en cada cas, un o diversos dels seg\u00fcents aspectes logop\u00e8dics: la comunicaci\u00f3 verbal i&hellip;  <a href=\"https:\/\/agora.xtec.cat\/escorsa-lh\/material\/aules-2\/logopedia\/\" title=\"Read Logop\u00e8dia\">Llegeix m\u00e9s\u00bb<\/a><\/p>\n","protected":false},"author":1,"featured_media":0,"parent":507,"menu_order":0,"comment_status":"closed","ping_status":"closed","template":"page-templates\/side-menu.php","meta":{"_bbp_topic_count":0,"_bbp_reply_count":0,"_bbp_total_topic_count":0,"_bbp_total_reply_count":0,"_bbp_voice_count":0,"_bbp_anonymous_reply_count":0,"_bbp_topic_count_hidden":0,"_bbp_reply_count_hidden":0,"_bbp_forum_subforum_count":0,"footnotes":""},"class_list":["post-682","page","type-page","status-publish","hentry"],"post_mailing_queue_ids":[],"_links":{"self":[{"href":"https:\/\/agora.xtec.cat\/escorsa-lh\/wp-json\/wp\/v2\/pages\/682","targetHints":{"allow":["GET"]}}],"collection":[{"href":"https:\/\/agora.xtec.cat\/escorsa-lh\/wp-json\/wp\/v2\/pages"}],"about":[{"href":"https:\/\/agora.xtec.cat\/escorsa-lh\/wp-json\/wp\/v2\/types\/page"}],"author":[{"embeddable":true,"href":"https:\/\/agora.xtec.cat\/escorsa-lh\/wp-json\/wp\/v2\/users\/1"}],"replies":[{"embeddable":true,"href":"https:\/\/agora.xtec.cat\/escorsa-lh\/wp-json\/wp\/v2\/comments?post=682"}],"version-history":[{"count":2,"href":"https:\/\/agora.xtec.cat\/escorsa-lh\/wp-json\/wp\/v2\/pages\/682\/revisions"}],"predecessor-version":[{"id":724,"href":"https:\/\/agora.xtec.cat\/escorsa-lh\/wp-json\/wp\/v2\/pages\/682\/revisions\/724"}],"up":[{"embeddable":true,"href":"https:\/\/agora.xtec.cat\/escorsa-lh\/wp-json\/wp\/v2\/pages\/507"}],"wp:attachment":[{"href":"https:\/\/agora.xtec.cat\/escorsa-lh\/wp-json\/wp\/v2\/media?parent=682"}],"curies":[{"name":"wp","href":"https:\/\/api.w.org\/{rel}","templated":true}]}}