{"id":34,"date":"2014-09-18T12:32:18","date_gmt":"2014-09-18T11:32:18","guid":{"rendered":"http:\/\/agora.xtec.cat\/escorsa-lh\/?page_id=34"},"modified":"2024-03-11T14:32:27","modified_gmt":"2024-03-11T13:32:27","slug":"oferta-educativa","status":"publish","type":"page","link":"https:\/\/agora.xtec.cat\/escorsa-lh\/lescola\/oferta-educativa\/","title":{"rendered":"Oferta educativa"},"content":{"rendered":"<p>L&#8217;Escor\u00e7a\u00a0 \u00e9s un a escola d\u2019educaci\u00f3 especial concertada amb la Generalitat de Catalunya. Es va fundar al 1978 per donar una resposta educativa de qualitat a alumnes amb par\u00e0lisi cerebral i pluridiscapacitat del barri de Santa Eul\u00e0lia de L&#8217;Hospitalet de Llobregat. Disposa de 32 places per a alumnes de 3 a 21 anys.<\/p>\n<p>El centre treballa el curr\u00edculum escolar adaptat i realitzem activitats inclusives amb centres educatius de la zona, tant CEIP com IES.<\/p>\n<h2><strong>OBJECTIUS<\/strong><\/h2>\n<ul>\n<li>Afavorir i estimular el desenvolupament global de les capacitats de l\u2019alumnat.<\/li>\n<li>Potenciar tots els aspectes de la persona.<\/li>\n<li>Augmentar l\u2019autonomia personal.<\/li>\n<li>Crear recursos i donar suport a l\u2019educaci\u00f3 i la inclusi\u00f3 social.<\/li>\n<\/ul>\n<p>&nbsp;<\/p>\n<section class=\"av_textblock_section \">\n<div class=\"avia_textblock \">\n<h2><strong>SERVEIS<\/strong><\/h2>\n<p>Fisioter\u00e0pia, logop\u00e8dia,\u00a0 transport, menjador, piscina,\u00a0 assesorament de l&#8217;ONCE al nostre alumnat i amb les seves fam\u00edlies, seguiment\/suport m\u00e8dic i assessorament ortop\u00e8dic, orientaci\u00f3, assessorament i suport familiar.<\/p>\n<\/div>\n<\/section>\n<div class=\"hr hr-invisible avia-builder-el-11 el_after_av_textblock el_before_av_textblock \"><\/div>\n<section class=\"av_textblock_section \">\n<div class=\"avia_textblock \">\n<p>&nbsp;<\/p>\n<\/div>\n<\/section>\n","protected":false},"excerpt":{"rendered":"<p>L&#8217;Escor\u00e7a\u00a0 \u00e9s un a escola d\u2019educaci\u00f3 especial concertada amb la Generalitat de Catalunya. Es va fundar al 1978 per donar una resposta educativa de qualitat a alumnes amb par\u00e0lisi cerebral i pluridiscapacitat del barri de Santa Eul\u00e0lia de L&#8217;Hospitalet de Llobregat. Disposa de 32 places&hellip;  <a href=\"https:\/\/agora.xtec.cat\/escorsa-lh\/lescola\/oferta-educativa\/\" title=\"Read Oferta educativa\">Llegeix m\u00e9s\u00bb<\/a><\/p>\n","protected":false},"author":1,"featured_media":0,"parent":22,"menu_order":60,"comment_status":"closed","ping_status":"closed","template":"page-templates\/side-menu.php","meta":{"_bbp_topic_count":0,"_bbp_reply_count":0,"_bbp_total_topic_count":0,"_bbp_total_reply_count":0,"_bbp_voice_count":0,"_bbp_anonymous_reply_count":0,"_bbp_topic_count_hidden":0,"_bbp_reply_count_hidden":0,"_bbp_forum_subforum_count":0,"footnotes":""},"class_list":["post-34","page","type-page","status-publish","hentry"],"post_mailing_queue_ids":[],"_links":{"self":[{"href":"https:\/\/agora.xtec.cat\/escorsa-lh\/wp-json\/wp\/v2\/pages\/34","targetHints":{"allow":["GET"]}}],"collection":[{"href":"https:\/\/agora.xtec.cat\/escorsa-lh\/wp-json\/wp\/v2\/pages"}],"about":[{"href":"https:\/\/agora.xtec.cat\/escorsa-lh\/wp-json\/wp\/v2\/types\/page"}],"author":[{"embeddable":true,"href":"https:\/\/agora.xtec.cat\/escorsa-lh\/wp-json\/wp\/v2\/users\/1"}],"replies":[{"embeddable":true,"href":"https:\/\/agora.xtec.cat\/escorsa-lh\/wp-json\/wp\/v2\/comments?post=34"}],"version-history":[{"count":6,"href":"https:\/\/agora.xtec.cat\/escorsa-lh\/wp-json\/wp\/v2\/pages\/34\/revisions"}],"predecessor-version":[{"id":599,"href":"https:\/\/agora.xtec.cat\/escorsa-lh\/wp-json\/wp\/v2\/pages\/34\/revisions\/599"}],"up":[{"embeddable":true,"href":"https:\/\/agora.xtec.cat\/escorsa-lh\/wp-json\/wp\/v2\/pages\/22"}],"wp:attachment":[{"href":"https:\/\/agora.xtec.cat\/escorsa-lh\/wp-json\/wp\/v2\/media?parent=34"}],"curies":[{"name":"wp","href":"https:\/\/api.w.org\/{rel}","templated":true}]}}