{"id":689,"date":"2019-01-29T09:23:36","date_gmt":"2019-01-29T08:23:36","guid":{"rendered":"http:\/\/agora.xtec.cat\/escolaxerta\/?page_id=689"},"modified":"2019-01-29T22:58:22","modified_gmt":"2019-01-29T21:58:22","slug":"blocs","status":"publish","type":"page","link":"https:\/\/agora.xtec.cat\/escolaxerta\/blocs\/","title":{"rendered":"Blogs"},"content":{"rendered":"<ul class=\"sub-menu menu-odd menu-depth-1\">\n<li id=\"nav-menu-item-148\" class=\"sub-menu-item menu-item-odd menu-item-depth-1 menu-item menu-item-type-taxonomy menu-item-object-category menu-item-has-children\"><a class=\"menu-link sub-menu-link\" href=\"https:\/\/agora.xtec.cat\/escolaxerta\/categoria\/infantil\/\">Educaci\u00f3 infantil<\/a>\n<ul class=\"sub-menu menu-even sub-sub-menu menu-depth-2\">\n<li id=\"nav-menu-item-706\" class=\"sub-menu-item sub-sub-menu-item menu-item-even menu-item-depth-2 menu-item menu-item-type-post_type menu-item-object-page\"><a class=\"menu-link sub-menu-link\" href=\"https:\/\/agora.xtec.cat\/escolaxerta\/recursos-infantil\/\">Recursos infantil<\/a><\/li>\n<\/ul>\n<\/li>\n<li id=\"nav-menu-item-509\" class=\"sub-menu-item menu-item-odd menu-item-depth-1 menu-item menu-item-type-taxonomy menu-item-object-category menu-item-has-children\"><a class=\"menu-link sub-menu-link\" href=\"https:\/\/agora.xtec.cat\/escolaxerta\/categoria\/ci\/\">Cicle inicial<\/a>\n<ul class=\"sub-menu menu-even sub-sub-menu menu-depth-2\">\n<li id=\"nav-menu-item-707\" class=\"sub-menu-item sub-sub-menu-item menu-item-even menu-item-depth-2 menu-item menu-item-type-post_type menu-item-object-page\"><a class=\"menu-link sub-menu-link\" href=\"https:\/\/agora.xtec.cat\/escolaxerta\/recursos-cicle-inicial\/\">Recursos cicle inicial<\/a><\/li>\n<\/ul>\n<\/li>\n<li id=\"nav-menu-item-510\" class=\"sub-menu-item menu-item-odd menu-item-depth-1 menu-item menu-item-type-taxonomy menu-item-object-category menu-item-has-children\"><a class=\"menu-link sub-menu-link\" href=\"https:\/\/agora.xtec.cat\/escolaxerta\/categoria\/cm\/\">Cicle mitj\u00e0<\/a>\n<ul class=\"sub-menu menu-even sub-sub-menu menu-depth-2\">\n<li id=\"nav-menu-item-708\" class=\"sub-menu-item sub-sub-menu-item menu-item-even menu-item-depth-2 menu-item menu-item-type-post_type menu-item-object-page\"><a class=\"menu-link sub-menu-link\" href=\"https:\/\/agora.xtec.cat\/escolaxerta\/recursos-cicle-mitja\/\">Recursos cicle mitj\u00e0<\/a><\/li>\n<\/ul>\n<\/li>\n<li id=\"nav-menu-item-511\" class=\"sub-menu-item menu-item-odd menu-item-depth-1 menu-item menu-item-type-taxonomy menu-item-object-category menu-item-has-children\"><a class=\"menu-link sub-menu-link\" href=\"https:\/\/agora.xtec.cat\/escolaxerta\/categoria\/cs\/\">Cicle superior<\/a>\n<ul class=\"sub-menu menu-even sub-sub-menu menu-depth-2\">\n<li id=\"nav-menu-item-698\" class=\"sub-menu-item sub-sub-menu-item menu-item-even menu-item-depth-2 menu-item menu-item-type-post_type menu-item-object-page\"><a class=\"menu-link sub-menu-link\" href=\"https:\/\/agora.xtec.cat\/escolaxerta\/recursos-cicle-superior\/\">Recursos cicle superior<\/a><\/li>\n<\/ul>\n<\/li>\n<\/ul>\n","protected":false},"excerpt":{"rendered":"<p>Educaci\u00f3 infantil Recursos infantil Cicle inicial Recursos cicle inicial Cicle mitj\u00e0 Recursos cicle mitj\u00e0 Cicle superior Recursos cicle superior<\/p>\n","protected":false},"author":1,"featured_media":0,"parent":0,"menu_order":0,"comment_status":"closed","ping_status":"closed","template":"","meta":{"_bbp_topic_count":0,"_bbp_reply_count":0,"_bbp_total_topic_count":0,"_bbp_total_reply_count":0,"_bbp_voice_count":0,"_bbp_anonymous_reply_count":0,"_bbp_topic_count_hidden":0,"_bbp_reply_count_hidden":0,"_bbp_forum_subforum_count":0,"site-sidebar-layout":"default","site-content-layout":"","ast-site-content-layout":"","site-content-style":"default","site-sidebar-style":"default","ast-global-header-display":"","ast-banner-title-visibility":"","ast-main-header-display":"","ast-hfb-above-header-display":"","ast-hfb-below-header-display":"","ast-hfb-mobile-header-display":"","site-post-title":"","ast-breadcrumbs-content":"","ast-featured-img":"","footer-sml-layout":"","theme-transparent-header-meta":"","adv-header-id-meta":"","stick-header-meta":"","header-above-stick-meta":"","header-main-stick-meta":"","header-below-stick-meta":"","astra-migrate-meta-layouts":"default","ast-page-background-enabled":"default","ast-page-background-meta":{"desktop":{"background-color":"var(--ast-global-color-4)","background-image":"","background-repeat":"repeat","background-position":"center center","background-size":"auto","background-attachment":"scroll","background-type":"","background-media":"","overlay-type":"","overlay-color":"","overlay-opacity":"","overlay-gradient":""},"tablet":{"background-color":"","background-image":"","background-repeat":"repeat","background-position":"center center","background-size":"auto","background-attachment":"scroll","background-type":"","background-media":"","overlay-type":"","overlay-color":"","overlay-opacity":"","overlay-gradient":""},"mobile":{"background-color":"","background-image":"","background-repeat":"repeat","background-position":"center center","background-size":"auto","background-attachment":"scroll","background-type":"","background-media":"","overlay-type":"","overlay-color":"","overlay-opacity":"","overlay-gradient":""}},"ast-content-background-meta":{"desktop":{"background-color":"var(--ast-global-color-5)","background-image":"","background-repeat":"repeat","background-position":"center center","background-size":"auto","background-attachment":"scroll","background-type":"","background-media":"","overlay-type":"","overlay-color":"","overlay-opacity":"","overlay-gradient":""},"tablet":{"background-color":"var(--ast-global-color-5)","background-image":"","background-repeat":"repeat","background-position":"center center","background-size":"auto","background-attachment":"scroll","background-type":"","background-media":"","overlay-type":"","overlay-color":"","overlay-opacity":"","overlay-gradient":""},"mobile":{"background-color":"var(--ast-global-color-5)","background-image":"","background-repeat":"repeat","background-position":"center center","background-size":"auto","background-attachment":"scroll","background-type":"","background-media":"","overlay-type":"","overlay-color":"","overlay-opacity":"","overlay-gradient":""}},"footnotes":""},"class_list":["post-689","page","type-page","status-publish","hentry"],"post_mailing_queue_ids":[],"_links":{"self":[{"href":"https:\/\/agora.xtec.cat\/escolaxerta\/wp-json\/wp\/v2\/pages\/689","targetHints":{"allow":["GET"]}}],"collection":[{"href":"https:\/\/agora.xtec.cat\/escolaxerta\/wp-json\/wp\/v2\/pages"}],"about":[{"href":"https:\/\/agora.xtec.cat\/escolaxerta\/wp-json\/wp\/v2\/types\/page"}],"author":[{"embeddable":true,"href":"https:\/\/agora.xtec.cat\/escolaxerta\/wp-json\/wp\/v2\/users\/1"}],"replies":[{"embeddable":true,"href":"https:\/\/agora.xtec.cat\/escolaxerta\/wp-json\/wp\/v2\/comments?post=689"}],"version-history":[{"count":3,"href":"https:\/\/agora.xtec.cat\/escolaxerta\/wp-json\/wp\/v2\/pages\/689\/revisions"}],"predecessor-version":[{"id":712,"href":"https:\/\/agora.xtec.cat\/escolaxerta\/wp-json\/wp\/v2\/pages\/689\/revisions\/712"}],"wp:attachment":[{"href":"https:\/\/agora.xtec.cat\/escolaxerta\/wp-json\/wp\/v2\/media?parent=689"}],"curies":[{"name":"wp","href":"https:\/\/api.w.org\/{rel}","templated":true}]}}