{"id":655,"date":"2019-01-27T20:18:17","date_gmt":"2019-01-27T19:18:17","guid":{"rendered":"http:\/\/agora.xtec.cat\/escolaxerta\/?page_id=655"},"modified":"2026-04-15T19:56:11","modified_gmt":"2026-04-15T17:56:11","slug":"equip-docent","status":"publish","type":"page","link":"https:\/\/agora.xtec.cat\/escolaxerta\/lescola\/equip-docent\/","title":{"rendered":"Equip docent"},"content":{"rendered":"<h4><strong>Tutories<\/strong><\/h4>\n<p>I3 &#8211; I4: Montse Calvet<\/p>\n<p>I5: Montse Sales<\/p>\n<p>1r: Maria Sara Callej\u00f3n<\/p>\n<p>2n: Juan Vicente Della<\/p>\n<p>CM: Ramon Codorniu<\/p>\n<p>CS: Anna Amposta<\/p>\n<p>Codoc\u00e8ncia CM: Jos\u00e9 Enrique Fern\u00e1ndez<\/p>\n<h4><strong>Especialistes<\/strong><\/h4>\n<p>Angl\u00e8s: Marta Sales &#8211; Jaume M\u00e1rquez<\/p>\n<p>M\u00fasica: Estela Lorente<\/p>\n<p>Educaci\u00f3 f\u00edsica: Ramon Codorniu<\/p>\n<p>EES: Dolors Llop &#8211; Melanie Sans<\/p>\n<p>Religi\u00f3: Paula L\u00f3pez<\/p>\n<h4><strong>Equip directiu<\/strong><\/h4>\n<p><span style=\"font-size: 16px; font-style: normal; font-weight: 400;\">Directora: Marta Sales<\/span><\/p>\n<p><span style=\"font-size: 16px; font-style: normal; font-weight: 400;\">Cap d&#8217;estudis: Montse Calvet<\/span><\/p>\n<p>Secret\u00e0ria: Carme Fabra<\/p>\n<p>&nbsp;<\/p>\n","protected":false},"excerpt":{"rendered":"<p>Tutories I3 &#8211; I4: Montse Calvet I5: Montse Sales 1r: Maria Sara Callej\u00f3n 2n: Juan Vicente Della CM: Ramon Codorniu CS: Anna Amposta Codoc\u00e8ncia CM: Jos\u00e9 Enrique Fern\u00e1ndez Especialistes Angl\u00e8s: Marta Sales &#8211; Jaume M\u00e1rquez M\u00fasica: Estela Lorente Educaci\u00f3 f\u00edsica: Ramon Codorniu EES: Dolors Llop &#8211; Melanie Sans Religi\u00f3: Paula L\u00f3pez Equip directiu Directora: Marta [&hellip;]<\/p>\n","protected":false},"author":1,"featured_media":0,"parent":22,"menu_order":30,"comment_status":"closed","ping_status":"closed","template":"","meta":{"_bbp_topic_count":0,"_bbp_reply_count":0,"_bbp_total_topic_count":0,"_bbp_total_reply_count":0,"_bbp_voice_count":0,"_bbp_anonymous_reply_count":0,"_bbp_topic_count_hidden":0,"_bbp_reply_count_hidden":0,"_bbp_forum_subforum_count":0,"site-sidebar-layout":"default","site-content-layout":"","ast-site-content-layout":"default","site-content-style":"default","site-sidebar-style":"default","ast-global-header-display":"","ast-banner-title-visibility":"","ast-main-header-display":"","ast-hfb-above-header-display":"","ast-hfb-below-header-display":"","ast-hfb-mobile-header-display":"","site-post-title":"","ast-breadcrumbs-content":"","ast-featured-img":"","footer-sml-layout":"","theme-transparent-header-meta":"default","adv-header-id-meta":"","stick-header-meta":"","header-above-stick-meta":"","header-main-stick-meta":"","header-below-stick-meta":"","astra-migrate-meta-layouts":"set","ast-page-background-enabled":"default","ast-page-background-meta":{"desktop":{"background-color":"var(--ast-global-color-4)","background-image":"","background-repeat":"repeat","background-position":"center center","background-size":"auto","background-attachment":"scroll","background-type":"","background-media":"","overlay-type":"","overlay-color":"","overlay-opacity":"","overlay-gradient":""},"tablet":{"background-color":"","background-image":"","background-repeat":"repeat","background-position":"center center","background-size":"auto","background-attachment":"scroll","background-type":"","background-media":"","overlay-type":"","overlay-color":"","overlay-opacity":"","overlay-gradient":""},"mobile":{"background-color":"","background-image":"","background-repeat":"repeat","background-position":"center center","background-size":"auto","background-attachment":"scroll","background-type":"","background-media":"","overlay-type":"","overlay-color":"","overlay-opacity":"","overlay-gradient":""}},"ast-content-background-meta":{"desktop":{"background-color":"var(--ast-global-color-5)","background-image":"","background-repeat":"repeat","background-position":"center center","background-size":"auto","background-attachment":"scroll","background-type":"","background-media":"","overlay-type":"","overlay-color":"","overlay-opacity":"","overlay-gradient":""},"tablet":{"background-color":"var(--ast-global-color-5)","background-image":"","background-repeat":"repeat","background-position":"center center","background-size":"auto","background-attachment":"scroll","background-type":"","background-media":"","overlay-type":"","overlay-color":"","overlay-opacity":"","overlay-gradient":""},"mobile":{"background-color":"var(--ast-global-color-5)","background-image":"","background-repeat":"repeat","background-position":"center center","background-size":"auto","background-attachment":"scroll","background-type":"","background-media":"","overlay-type":"","overlay-color":"","overlay-opacity":"","overlay-gradient":""}},"footnotes":""},"class_list":["post-655","page","type-page","status-publish","hentry"],"post_mailing_queue_ids":[],"_links":{"self":[{"href":"https:\/\/agora.xtec.cat\/escolaxerta\/wp-json\/wp\/v2\/pages\/655","targetHints":{"allow":["GET"]}}],"collection":[{"href":"https:\/\/agora.xtec.cat\/escolaxerta\/wp-json\/wp\/v2\/pages"}],"about":[{"href":"https:\/\/agora.xtec.cat\/escolaxerta\/wp-json\/wp\/v2\/types\/page"}],"author":[{"embeddable":true,"href":"https:\/\/agora.xtec.cat\/escolaxerta\/wp-json\/wp\/v2\/users\/1"}],"replies":[{"embeddable":true,"href":"https:\/\/agora.xtec.cat\/escolaxerta\/wp-json\/wp\/v2\/comments?post=655"}],"version-history":[{"count":6,"href":"https:\/\/agora.xtec.cat\/escolaxerta\/wp-json\/wp\/v2\/pages\/655\/revisions"}],"predecessor-version":[{"id":5110,"href":"https:\/\/agora.xtec.cat\/escolaxerta\/wp-json\/wp\/v2\/pages\/655\/revisions\/5110"}],"up":[{"embeddable":true,"href":"https:\/\/agora.xtec.cat\/escolaxerta\/wp-json\/wp\/v2\/pages\/22"}],"wp:attachment":[{"href":"https:\/\/agora.xtec.cat\/escolaxerta\/wp-json\/wp\/v2\/media?parent=655"}],"curies":[{"name":"wp","href":"https:\/\/api.w.org\/{rel}","templated":true}]}}