{"id":633,"date":"2019-01-27T18:03:25","date_gmt":"2019-01-27T17:03:25","guid":{"rendered":"http:\/\/agora.xtec.cat\/escolaxerta\/?page_id=633"},"modified":"2025-10-10T12:21:37","modified_gmt":"2025-10-10T10:21:37","slug":"ampa","status":"publish","type":"page","link":"https:\/\/agora.xtec.cat\/escolaxerta\/ampa\/","title":{"rendered":"AFA"},"content":{"rendered":"<p><strong>AFA DE L&#8217;ESCOLA XERTA<\/strong><\/p>\n<p><strong><a href=\"https:\/\/agora.xtec.cat\/escolaxerta\/wp-content\/uploads\/usu1578\/2022\/07\/Captura-2.jpg\"><img loading=\"lazy\" decoding=\"async\" class=\"wp-image-3435 alignleft\" src=\"https:\/\/agora.xtec.cat\/escolaxerta\/wp-content\/uploads\/usu1578\/2022\/07\/Captura-2.jpg\" alt=\"\" width=\"224\" height=\"141\" \/><\/a><\/strong><\/p>\n<p>&nbsp;<\/p>\n<p><a href=\"https:\/\/www.facebook.com\/ampa.escolaxerta\" target=\"_blank\" rel=\"noopener\">\u00a0 https:\/\/www.facebook.com\/ampa.escolaxerta<\/a><\/p>\n<p>&nbsp;<\/p>\n<p>L&#8217;AFA de l&#8217;escola ofereix els seg\u00fcents <strong>serveis<\/strong>:<\/p>\n<table style=\"border-collapse: collapse; width: 100%; height: 76px;\">\n<tbody>\n<tr style=\"height: 76px;\">\n<td style=\"width: 33.3333%; background-color: #f5e49a; text-align: center; height: 76px;\"><strong><a href=\"https:\/\/agora.xtec.cat\/escolaxerta\/families\/ampa\/menjador\/\" target=\"_blank\" rel=\"noopener\">Menjador<\/a><\/strong><\/td>\n<td style=\"width: 33.3333%; background-color: #7df0b2; text-align: center; height: 76px;\"><strong><a href=\"https:\/\/agora.xtec.cat\/escolaxerta\/families\/ampa\/extraescolars\/\" target=\"_blank\" rel=\"noopener\">Extraescolars<\/a><\/strong><\/td>\n<\/tr>\n<\/tbody>\n<\/table>\n<p style=\"text-align: justify;\"><strong>AFA\u00a0<\/strong>s\u00f3n les sigles d\u2019Associaci\u00f3 de Fam\u00edlies d\u2019Alumnes i \u00e9s l\u2019entitat sense \u00e0nim de lucre que agrupa els pares i les mares i familiars de l&#8217;alumnat de l\u2019escola que de manera volunt\u00e0ria destinen part del seu temps a tasques de l\u2019associaci\u00f3.<\/p>\n<p style=\"text-align: justify;\">La seva finalitat principal \u00e9s facilitar la participaci\u00f3 de les mares i pares en les activitats del centre, contribuir a la millora de la qualitat del sistema i al govern dels centres i facilitar la prestaci\u00f3 de serveis fora de l&#8217;horari lectiu.<\/p>\n<p style=\"text-align: justify;\">L&#8217;AFA t\u00e9 com a funci\u00f3 b\u00e0sica treballar, conjuntament amb el centre educatiu, en l&#8217;educaci\u00f3 dels vostres fills, tot fomentant la comunicaci\u00f3 i la participaci\u00f3 de les fam\u00edlies d&#8217;alumnes. Aix\u00ed mateix, en general, l&#8217;AFA \u00e9s corresponsable de les activitats educatives del centre, planifica i gestiona les activitats extraescolars, el menjador&#8230;<\/p>\n<p style=\"text-align: justify;\">Les associacions de fam\u00edlies d&#8217;alumnes designen un representant de l&#8217;AFA en el consell escolar del centre educatiu.<\/p>\n","protected":false},"excerpt":{"rendered":"<p>AFA DE L&#8217;ESCOLA XERTA &nbsp; \u00a0 https:\/\/www.facebook.com\/ampa.escolaxerta &nbsp; L&#8217;AFA de l&#8217;escola ofereix els seg\u00fcents serveis: Menjador Extraescolars AFA\u00a0s\u00f3n les sigles d\u2019Associaci\u00f3 de Fam\u00edlies d\u2019Alumnes i \u00e9s l\u2019entitat sense \u00e0nim de lucre que agrupa els pares i les mares i familiars de l&#8217;alumnat de l\u2019escola que de manera volunt\u00e0ria destinen part del seu temps a tasques [&hellip;]<\/p>\n","protected":false},"author":1,"featured_media":0,"parent":0,"menu_order":10,"comment_status":"closed","ping_status":"closed","template":"","meta":{"_bbp_topic_count":0,"_bbp_reply_count":0,"_bbp_total_topic_count":0,"_bbp_total_reply_count":0,"_bbp_voice_count":0,"_bbp_anonymous_reply_count":0,"_bbp_topic_count_hidden":0,"_bbp_reply_count_hidden":0,"_bbp_forum_subforum_count":0,"site-sidebar-layout":"default","site-content-layout":"","ast-site-content-layout":"default","site-content-style":"default","site-sidebar-style":"default","ast-global-header-display":"","ast-banner-title-visibility":"","ast-main-header-display":"","ast-hfb-above-header-display":"","ast-hfb-below-header-display":"","ast-hfb-mobile-header-display":"","site-post-title":"","ast-breadcrumbs-content":"","ast-featured-img":"","footer-sml-layout":"","theme-transparent-header-meta":"default","adv-header-id-meta":"","stick-header-meta":"","header-above-stick-meta":"","header-main-stick-meta":"","header-below-stick-meta":"","astra-migrate-meta-layouts":"set","ast-page-background-enabled":"default","ast-page-background-meta":{"desktop":{"background-color":"var(--ast-global-color-4)","background-image":"","background-repeat":"repeat","background-position":"center center","background-size":"auto","background-attachment":"scroll","background-type":"","background-media":"","overlay-type":"","overlay-color":"","overlay-opacity":"","overlay-gradient":""},"tablet":{"background-color":"","background-image":"","background-repeat":"repeat","background-position":"center center","background-size":"auto","background-attachment":"scroll","background-type":"","background-media":"","overlay-type":"","overlay-color":"","overlay-opacity":"","overlay-gradient":""},"mobile":{"background-color":"","background-image":"","background-repeat":"repeat","background-position":"center center","background-size":"auto","background-attachment":"scroll","background-type":"","background-media":"","overlay-type":"","overlay-color":"","overlay-opacity":"","overlay-gradient":""}},"ast-content-background-meta":{"desktop":{"background-color":"var(--ast-global-color-5)","background-image":"","background-repeat":"repeat","background-position":"center center","background-size":"auto","background-attachment":"scroll","background-type":"","background-media":"","overlay-type":"","overlay-color":"","overlay-opacity":"","overlay-gradient":""},"tablet":{"background-color":"var(--ast-global-color-5)","background-image":"","background-repeat":"repeat","background-position":"center center","background-size":"auto","background-attachment":"scroll","background-type":"","background-media":"","overlay-type":"","overlay-color":"","overlay-opacity":"","overlay-gradient":""},"mobile":{"background-color":"var(--ast-global-color-5)","background-image":"","background-repeat":"repeat","background-position":"center center","background-size":"auto","background-attachment":"scroll","background-type":"","background-media":"","overlay-type":"","overlay-color":"","overlay-opacity":"","overlay-gradient":""}},"footnotes":""},"class_list":["post-633","page","type-page","status-publish","hentry"],"post_mailing_queue_ids":[],"_links":{"self":[{"href":"https:\/\/agora.xtec.cat\/escolaxerta\/wp-json\/wp\/v2\/pages\/633","targetHints":{"allow":["GET"]}}],"collection":[{"href":"https:\/\/agora.xtec.cat\/escolaxerta\/wp-json\/wp\/v2\/pages"}],"about":[{"href":"https:\/\/agora.xtec.cat\/escolaxerta\/wp-json\/wp\/v2\/types\/page"}],"author":[{"embeddable":true,"href":"https:\/\/agora.xtec.cat\/escolaxerta\/wp-json\/wp\/v2\/users\/1"}],"replies":[{"embeddable":true,"href":"https:\/\/agora.xtec.cat\/escolaxerta\/wp-json\/wp\/v2\/comments?post=633"}],"version-history":[{"count":5,"href":"https:\/\/agora.xtec.cat\/escolaxerta\/wp-json\/wp\/v2\/pages\/633\/revisions"}],"predecessor-version":[{"id":4928,"href":"https:\/\/agora.xtec.cat\/escolaxerta\/wp-json\/wp\/v2\/pages\/633\/revisions\/4928"}],"wp:attachment":[{"href":"https:\/\/agora.xtec.cat\/escolaxerta\/wp-json\/wp\/v2\/media?parent=633"}],"curies":[{"name":"wp","href":"https:\/\/api.w.org\/{rel}","templated":true}]}}