{"id":630,"date":"2019-01-27T18:02:13","date_gmt":"2019-01-27T17:02:13","guid":{"rendered":"http:\/\/agora.xtec.cat\/escolaxerta\/?page_id=630"},"modified":"2024-07-01T17:57:06","modified_gmt":"2024-07-01T15:57:06","slug":"carta-de-compromis","status":"publish","type":"page","link":"https:\/\/agora.xtec.cat\/escolaxerta\/families\/carta-de-compromis\/","title":{"rendered":"Carta de comprom\u00eds"},"content":{"rendered":"<p>La carta de comprom\u00eds educatiu \u00e9s un document que t\u00e9 com a finalitat potenciar la comunicaci\u00f3, la participaci\u00f3, la implicaci\u00f3, el comprom\u00eds i la corresponsabilitat entre els centres i les fam\u00edlies en l&#8217;educaci\u00f3 de xiquets i xiquetes.<\/p>\n<p><a style=\"color: #2795b6;\" href=\"https:\/\/agora.xtec.cat\/escolaxerta\/wp-content\/uploads\/usu1578\/2024\/07\/carta-compromis-27-juny-2024.pdf\" target=\"_blank\" rel=\"noopener\">Carta comprom\u00eds Escola de Xerta<\/a><\/p>\n","protected":false},"excerpt":{"rendered":"<p>La carta de comprom\u00eds educatiu \u00e9s un document que t\u00e9 com a finalitat potenciar la comunicaci\u00f3, la participaci\u00f3, la implicaci\u00f3, el comprom\u00eds i la corresponsabilitat entre els centres i les fam\u00edlies en l&#8217;educaci\u00f3 de xiquets i xiquetes. Carta comprom\u00eds Escola de Xerta<\/p>\n","protected":false},"author":1,"featured_media":0,"parent":495,"menu_order":30,"comment_status":"closed","ping_status":"closed","template":"page-templates\/side-menu.php","meta":{"_bbp_topic_count":0,"_bbp_reply_count":0,"_bbp_total_topic_count":0,"_bbp_total_reply_count":0,"_bbp_voice_count":0,"_bbp_anonymous_reply_count":0,"_bbp_topic_count_hidden":0,"_bbp_reply_count_hidden":0,"_bbp_forum_subforum_count":0,"site-sidebar-layout":"default","site-content-layout":"","ast-site-content-layout":"","site-content-style":"default","site-sidebar-style":"default","ast-global-header-display":"","ast-banner-title-visibility":"","ast-main-header-display":"","ast-hfb-above-header-display":"","ast-hfb-below-header-display":"","ast-hfb-mobile-header-display":"","site-post-title":"","ast-breadcrumbs-content":"","ast-featured-img":"","footer-sml-layout":"","theme-transparent-header-meta":"","adv-header-id-meta":"","stick-header-meta":"","header-above-stick-meta":"","header-main-stick-meta":"","header-below-stick-meta":"","astra-migrate-meta-layouts":"default","ast-page-background-enabled":"default","ast-page-background-meta":{"desktop":{"background-color":"var(--ast-global-color-4)","background-image":"","background-repeat":"repeat","background-position":"center center","background-size":"auto","background-attachment":"scroll","background-type":"","background-media":"","overlay-type":"","overlay-color":"","overlay-opacity":"","overlay-gradient":""},"tablet":{"background-color":"","background-image":"","background-repeat":"repeat","background-position":"center center","background-size":"auto","background-attachment":"scroll","background-type":"","background-media":"","overlay-type":"","overlay-color":"","overlay-opacity":"","overlay-gradient":""},"mobile":{"background-color":"","background-image":"","background-repeat":"repeat","background-position":"center center","background-size":"auto","background-attachment":"scroll","background-type":"","background-media":"","overlay-type":"","overlay-color":"","overlay-opacity":"","overlay-gradient":""}},"ast-content-background-meta":{"desktop":{"background-color":"var(--ast-global-color-5)","background-image":"","background-repeat":"repeat","background-position":"center center","background-size":"auto","background-attachment":"scroll","background-type":"","background-media":"","overlay-type":"","overlay-color":"","overlay-opacity":"","overlay-gradient":""},"tablet":{"background-color":"var(--ast-global-color-5)","background-image":"","background-repeat":"repeat","background-position":"center center","background-size":"auto","background-attachment":"scroll","background-type":"","background-media":"","overlay-type":"","overlay-color":"","overlay-opacity":"","overlay-gradient":""},"mobile":{"background-color":"var(--ast-global-color-5)","background-image":"","background-repeat":"repeat","background-position":"center center","background-size":"auto","background-attachment":"scroll","background-type":"","background-media":"","overlay-type":"","overlay-color":"","overlay-opacity":"","overlay-gradient":""}},"footnotes":""},"class_list":["post-630","page","type-page","status-publish","hentry"],"post_mailing_queue_ids":[],"_links":{"self":[{"href":"https:\/\/agora.xtec.cat\/escolaxerta\/wp-json\/wp\/v2\/pages\/630","targetHints":{"allow":["GET"]}}],"collection":[{"href":"https:\/\/agora.xtec.cat\/escolaxerta\/wp-json\/wp\/v2\/pages"}],"about":[{"href":"https:\/\/agora.xtec.cat\/escolaxerta\/wp-json\/wp\/v2\/types\/page"}],"author":[{"embeddable":true,"href":"https:\/\/agora.xtec.cat\/escolaxerta\/wp-json\/wp\/v2\/users\/1"}],"replies":[{"embeddable":true,"href":"https:\/\/agora.xtec.cat\/escolaxerta\/wp-json\/wp\/v2\/comments?post=630"}],"version-history":[{"count":6,"href":"https:\/\/agora.xtec.cat\/escolaxerta\/wp-json\/wp\/v2\/pages\/630\/revisions"}],"predecessor-version":[{"id":4502,"href":"https:\/\/agora.xtec.cat\/escolaxerta\/wp-json\/wp\/v2\/pages\/630\/revisions\/4502"}],"up":[{"embeddable":true,"href":"https:\/\/agora.xtec.cat\/escolaxerta\/wp-json\/wp\/v2\/pages\/495"}],"wp:attachment":[{"href":"https:\/\/agora.xtec.cat\/escolaxerta\/wp-json\/wp\/v2\/media?parent=630"}],"curies":[{"name":"wp","href":"https:\/\/api.w.org\/{rel}","templated":true}]}}