{"id":5088,"date":"2026-04-03T13:19:39","date_gmt":"2026-04-03T11:19:39","guid":{"rendered":"https:\/\/agora.xtec.cat\/escolaxerta\/?page_id=5088"},"modified":"2026-04-06T19:38:56","modified_gmt":"2026-04-06T17:38:56","slug":"convivencia","status":"publish","type":"page","link":"https:\/\/agora.xtec.cat\/escolaxerta\/projecte-educatiu\/convivencia\/","title":{"rendered":"Conviv\u00e8ncia"},"content":{"rendered":"<ul style=\"list-style-type: square;\">\n<li><a href=\"https:\/\/agora.xtec.cat\/escolaxerta\/wp-content\/uploads\/usu1578\/2024\/07\/NOFC_27-juny.pdf\" target=\"_blank\" rel=\"noopener\">Normes d&#8217;Organitzaci\u00f3 i de Funcionament de Centre<\/a>\u00a0 (NOFC)<\/li>\n<li>Pla d&#8217;acollida a nouvinguts<\/li>\n<li><a href=\"https:\/\/drive.google.com\/file\/d\/1vmkCi_xfr3Rre6m75YT3UlPYZbdz5MnT\/view?usp=sharing\" target=\"_blank\" rel=\"noopener\">Enfocament Restauratiu (ERG) &#8211; Pla d&#8217;innovaci\u00f3 PINNERG<\/a>\n<ul>\n<li style=\"list-style-type: none;\">\n<ul style=\"list-style-type: circle;\">\n<li><a href=\"https:\/\/drive.google.com\/file\/d\/1t4NkJ4_I6LvZrOtsSzAbgUuCL5Iy2jbg\/view?usp=sharing\" target=\"_blank\" rel=\"noopener\">Els cinc principis restauratius<\/a> &#8211; Model Belinda Hopkins<\/li>\n<li><a href=\"https:\/\/drive.google.com\/file\/d\/12af8svvhcBhJleLCVfxjnygh07ZbL_j3\/view?usp=sharing\" target=\"_blank\" rel=\"noopener\">Qu\u00e8 podem fer<\/a>?<\/li>\n<li><a href=\"https:\/\/drive.google.com\/file\/d\/1YgJ_0sf8cHl4OoODBc2VfG6dWZuTpEwx\/view?usp=sharing\" target=\"_blank\" rel=\"noopener\">Pir\u00e0mide restaurativa<\/a><\/li>\n<\/ul>\n<\/li>\n<\/ul>\n<\/li>\n<li>Carta de comprom\u00eds d&#8217;ERG<\/li>\n<\/ul>\n<ul>\n<li style=\"list-style-type: none;\"><\/li>\n<\/ul>\n","protected":false},"excerpt":{"rendered":"<p>Normes d&#8217;Organitzaci\u00f3 i de Funcionament de Centre\u00a0 (NOFC) Pla d&#8217;acollida a nouvinguts Enfocament Restauratiu (ERG) &#8211; Pla d&#8217;innovaci\u00f3 PINNERG Els cinc principis restauratius &#8211; Model Belinda Hopkins Qu\u00e8 podem fer? Pir\u00e0mide restaurativa Carta de comprom\u00eds d&#8217;ERG<\/p>\n","protected":false},"author":1,"featured_media":0,"parent":64,"menu_order":0,"comment_status":"closed","ping_status":"closed","template":"","meta":{"_bbp_topic_count":0,"_bbp_reply_count":0,"_bbp_total_topic_count":0,"_bbp_total_reply_count":0,"_bbp_voice_count":0,"_bbp_anonymous_reply_count":0,"_bbp_topic_count_hidden":0,"_bbp_reply_count_hidden":0,"_bbp_forum_subforum_count":0,"site-sidebar-layout":"default","site-content-layout":"","ast-site-content-layout":"default","site-content-style":"default","site-sidebar-style":"default","ast-global-header-display":"","ast-banner-title-visibility":"","ast-main-header-display":"","ast-hfb-above-header-display":"","ast-hfb-below-header-display":"","ast-hfb-mobile-header-display":"","site-post-title":"","ast-breadcrumbs-content":"","ast-featured-img":"","footer-sml-layout":"","theme-transparent-header-meta":"default","adv-header-id-meta":"","stick-header-meta":"","header-above-stick-meta":"","header-main-stick-meta":"","header-below-stick-meta":"","astra-migrate-meta-layouts":"set","ast-page-background-enabled":"default","ast-page-background-meta":{"desktop":{"background-color":"var(--ast-global-color-4)","background-image":"","background-repeat":"repeat","background-position":"center center","background-size":"auto","background-attachment":"scroll","background-type":"","background-media":"","overlay-type":"","overlay-color":"","overlay-opacity":"","overlay-gradient":""},"tablet":{"background-color":"","background-image":"","background-repeat":"repeat","background-position":"center center","background-size":"auto","background-attachment":"scroll","background-type":"","background-media":"","overlay-type":"","overlay-color":"","overlay-opacity":"","overlay-gradient":""},"mobile":{"background-color":"","background-image":"","background-repeat":"repeat","background-position":"center center","background-size":"auto","background-attachment":"scroll","background-type":"","background-media":"","overlay-type":"","overlay-color":"","overlay-opacity":"","overlay-gradient":""}},"ast-content-background-meta":{"desktop":{"background-color":"var(--ast-global-color-5)","background-image":"","background-repeat":"repeat","background-position":"center center","background-size":"auto","background-attachment":"scroll","background-type":"","background-media":"","overlay-type":"","overlay-color":"","overlay-opacity":"","overlay-gradient":""},"tablet":{"background-color":"var(--ast-global-color-5)","background-image":"","background-repeat":"repeat","background-position":"center center","background-size":"auto","background-attachment":"scroll","background-type":"","background-media":"","overlay-type":"","overlay-color":"","overlay-opacity":"","overlay-gradient":""},"mobile":{"background-color":"var(--ast-global-color-5)","background-image":"","background-repeat":"repeat","background-position":"center center","background-size":"auto","background-attachment":"scroll","background-type":"","background-media":"","overlay-type":"","overlay-color":"","overlay-opacity":"","overlay-gradient":""}},"footnotes":""},"class_list":["post-5088","page","type-page","status-publish","hentry"],"post_mailing_queue_ids":[],"_links":{"self":[{"href":"https:\/\/agora.xtec.cat\/escolaxerta\/wp-json\/wp\/v2\/pages\/5088","targetHints":{"allow":["GET"]}}],"collection":[{"href":"https:\/\/agora.xtec.cat\/escolaxerta\/wp-json\/wp\/v2\/pages"}],"about":[{"href":"https:\/\/agora.xtec.cat\/escolaxerta\/wp-json\/wp\/v2\/types\/page"}],"author":[{"embeddable":true,"href":"https:\/\/agora.xtec.cat\/escolaxerta\/wp-json\/wp\/v2\/users\/1"}],"replies":[{"embeddable":true,"href":"https:\/\/agora.xtec.cat\/escolaxerta\/wp-json\/wp\/v2\/comments?post=5088"}],"version-history":[{"count":6,"href":"https:\/\/agora.xtec.cat\/escolaxerta\/wp-json\/wp\/v2\/pages\/5088\/revisions"}],"predecessor-version":[{"id":5104,"href":"https:\/\/agora.xtec.cat\/escolaxerta\/wp-json\/wp\/v2\/pages\/5088\/revisions\/5104"}],"up":[{"embeddable":true,"href":"https:\/\/agora.xtec.cat\/escolaxerta\/wp-json\/wp\/v2\/pages\/64"}],"wp:attachment":[{"href":"https:\/\/agora.xtec.cat\/escolaxerta\/wp-json\/wp\/v2\/media?parent=5088"}],"curies":[{"name":"wp","href":"https:\/\/api.w.org\/{rel}","templated":true}]}}