{"id":487,"date":"2018-07-11T10:17:48","date_gmt":"2018-07-11T08:17:48","guid":{"rendered":"http:\/\/agora.xtec.cat\/escolaxerta\/?page_id=487"},"modified":"2025-07-08T13:36:54","modified_gmt":"2025-07-08T11:36:54","slug":"ambients","status":"publish","type":"page","link":"https:\/\/agora.xtec.cat\/escolaxerta\/projecte-educatiu\/com-treballem\/ambients\/","title":{"rendered":"Ambients"},"content":{"rendered":"<p><a href=\"https:\/\/agora.xtec.cat\/escolaxerta\/wp-content\/uploads\/usu1578\/2024\/07\/4.jpg\"><img loading=\"lazy\" decoding=\"async\" class=\"alignleft wp-image-4511 size-medium\" src=\"https:\/\/agora.xtec.cat\/escolaxerta\/wp-content\/uploads\/usu1578\/2024\/07\/4-300x300.jpg\" alt=\"\" width=\"300\" height=\"300\" srcset=\"https:\/\/agora.xtec.cat\/escolaxerta\/wp-content\/uploads\/usu1578\/2024\/07\/4-300x300.jpg 300w, https:\/\/agora.xtec.cat\/escolaxerta\/wp-content\/uploads\/usu1578\/2024\/07\/4-1024x1024.jpg 1024w, https:\/\/agora.xtec.cat\/escolaxerta\/wp-content\/uploads\/usu1578\/2024\/07\/4-150x150.jpg 150w, https:\/\/agora.xtec.cat\/escolaxerta\/wp-content\/uploads\/usu1578\/2024\/07\/4-768x768.jpg 768w, https:\/\/agora.xtec.cat\/escolaxerta\/wp-content\/uploads\/usu1578\/2024\/07\/4.jpg 1224w\" sizes=\"auto, (max-width: 300px) 100vw, 300px\" \/><\/a><\/p>\n<p>Els <strong>ambients d&#8217;aprenentatge<\/strong> entenen l&#8217;espai com l&#8217;escenari on es generen condicions favorables per al desenvolupament i l&#8217;aprenentatge dels xiquets i xiquetes.<\/p>\n<p>A\u00a0educaci\u00f3 infantil treballem els ambients:<\/p>\n<p>&#8211; Imaginem, dissenyem, reprodu\u00efm..<\/p>\n<p>&#8211; Pensem, acordem, creem&#8230;<\/p>\n<p>Tamb\u00e9 ens serveixen per compartir moments amb l&#8217;alumnat de la llar &#8220;Criass\u00f3&#8221; de Xerta.<\/p>\n<p><a href=\"https:\/\/agora.xtec.cat\/escolaxerta\/wp-content\/uploads\/usu1578\/2019\/10\/1.png\"><br \/>\n<img loading=\"lazy\" decoding=\"async\" class=\"aligncenter size-full wp-image-1576\" src=\"https:\/\/agora.xtec.cat\/escolaxerta\/wp-content\/uploads\/usu1578\/2019\/10\/1.png\" alt=\"\" width=\"709\" height=\"499\" srcset=\"https:\/\/agora.xtec.cat\/escolaxerta\/wp-content\/uploads\/usu1578\/2019\/10\/1.png 709w, https:\/\/agora.xtec.cat\/escolaxerta\/wp-content\/uploads\/usu1578\/2019\/10\/1-300x211.png 300w\" sizes=\"auto, (max-width: 709px) 100vw, 709px\" \/><\/a><\/p>\n","protected":false},"excerpt":{"rendered":"<p>Els ambients d&#8217;aprenentatge entenen l&#8217;espai com l&#8217;escenari on es generen condicions favorables per al desenvolupament i l&#8217;aprenentatge dels xiquets i xiquetes. A\u00a0educaci\u00f3 infantil treballem els ambients: &#8211; Imaginem, dissenyem, reprodu\u00efm.. &#8211; Pensem, acordem, creem&#8230; Tamb\u00e9 ens serveixen per compartir moments amb l&#8217;alumnat de la llar &#8220;Criass\u00f3&#8221; de Xerta.<\/p>\n","protected":false},"author":1,"featured_media":0,"parent":481,"menu_order":33,"comment_status":"closed","ping_status":"closed","template":"page-templates\/side-menu.php","meta":{"_bbp_topic_count":0,"_bbp_reply_count":0,"_bbp_total_topic_count":0,"_bbp_total_reply_count":0,"_bbp_voice_count":0,"_bbp_anonymous_reply_count":0,"_bbp_topic_count_hidden":0,"_bbp_reply_count_hidden":0,"_bbp_forum_subforum_count":0,"site-sidebar-layout":"default","site-content-layout":"","ast-site-content-layout":"","site-content-style":"default","site-sidebar-style":"default","ast-global-header-display":"","ast-banner-title-visibility":"","ast-main-header-display":"","ast-hfb-above-header-display":"","ast-hfb-below-header-display":"","ast-hfb-mobile-header-display":"","site-post-title":"","ast-breadcrumbs-content":"","ast-featured-img":"","footer-sml-layout":"","theme-transparent-header-meta":"","adv-header-id-meta":"","stick-header-meta":"","header-above-stick-meta":"","header-main-stick-meta":"","header-below-stick-meta":"","astra-migrate-meta-layouts":"default","ast-page-background-enabled":"default","ast-page-background-meta":{"desktop":{"background-color":"var(--ast-global-color-4)","background-image":"","background-repeat":"repeat","background-position":"center center","background-size":"auto","background-attachment":"scroll","background-type":"","background-media":"","overlay-type":"","overlay-color":"","overlay-opacity":"","overlay-gradient":""},"tablet":{"background-color":"","background-image":"","background-repeat":"repeat","background-position":"center center","background-size":"auto","background-attachment":"scroll","background-type":"","background-media":"","overlay-type":"","overlay-color":"","overlay-opacity":"","overlay-gradient":""},"mobile":{"background-color":"","background-image":"","background-repeat":"repeat","background-position":"center center","background-size":"auto","background-attachment":"scroll","background-type":"","background-media":"","overlay-type":"","overlay-color":"","overlay-opacity":"","overlay-gradient":""}},"ast-content-background-meta":{"desktop":{"background-color":"var(--ast-global-color-5)","background-image":"","background-repeat":"repeat","background-position":"center center","background-size":"auto","background-attachment":"scroll","background-type":"","background-media":"","overlay-type":"","overlay-color":"","overlay-opacity":"","overlay-gradient":""},"tablet":{"background-color":"var(--ast-global-color-5)","background-image":"","background-repeat":"repeat","background-position":"center center","background-size":"auto","background-attachment":"scroll","background-type":"","background-media":"","overlay-type":"","overlay-color":"","overlay-opacity":"","overlay-gradient":""},"mobile":{"background-color":"var(--ast-global-color-5)","background-image":"","background-repeat":"repeat","background-position":"center center","background-size":"auto","background-attachment":"scroll","background-type":"","background-media":"","overlay-type":"","overlay-color":"","overlay-opacity":"","overlay-gradient":""}},"footnotes":""},"class_list":["post-487","page","type-page","status-publish","hentry"],"post_mailing_queue_ids":[],"_links":{"self":[{"href":"https:\/\/agora.xtec.cat\/escolaxerta\/wp-json\/wp\/v2\/pages\/487","targetHints":{"allow":["GET"]}}],"collection":[{"href":"https:\/\/agora.xtec.cat\/escolaxerta\/wp-json\/wp\/v2\/pages"}],"about":[{"href":"https:\/\/agora.xtec.cat\/escolaxerta\/wp-json\/wp\/v2\/types\/page"}],"author":[{"embeddable":true,"href":"https:\/\/agora.xtec.cat\/escolaxerta\/wp-json\/wp\/v2\/users\/1"}],"replies":[{"embeddable":true,"href":"https:\/\/agora.xtec.cat\/escolaxerta\/wp-json\/wp\/v2\/comments?post=487"}],"version-history":[{"count":6,"href":"https:\/\/agora.xtec.cat\/escolaxerta\/wp-json\/wp\/v2\/pages\/487\/revisions"}],"predecessor-version":[{"id":4912,"href":"https:\/\/agora.xtec.cat\/escolaxerta\/wp-json\/wp\/v2\/pages\/487\/revisions\/4912"}],"up":[{"embeddable":true,"href":"https:\/\/agora.xtec.cat\/escolaxerta\/wp-json\/wp\/v2\/pages\/481"}],"wp:attachment":[{"href":"https:\/\/agora.xtec.cat\/escolaxerta\/wp-json\/wp\/v2\/media?parent=487"}],"curies":[{"name":"wp","href":"https:\/\/api.w.org\/{rel}","templated":true}]}}