{"id":485,"date":"2018-07-11T10:17:33","date_gmt":"2018-07-11T08:17:33","guid":{"rendered":"http:\/\/agora.xtec.cat\/escolaxerta\/?page_id=485"},"modified":"2024-07-01T18:33:00","modified_gmt":"2024-07-01T16:33:00","slug":"treball-cooperatiu","status":"publish","type":"page","link":"https:\/\/agora.xtec.cat\/escolaxerta\/projecte-educatiu\/com-treballem\/treball-cooperatiu\/","title":{"rendered":"Treball cooperatiu"},"content":{"rendered":"<p><a href=\"https:\/\/agora.xtec.cat\/escolaxerta\/wp-content\/uploads\/usu1578\/2024\/07\/20231027_121907-copia.jpg\"><img loading=\"lazy\" decoding=\"async\" class=\"wp-image-4508 size-medium alignleft\" src=\"https:\/\/agora.xtec.cat\/escolaxerta\/wp-content\/uploads\/usu1578\/2024\/07\/20231027_121907-copia-300x208.jpg\" alt=\"\" width=\"300\" height=\"208\" srcset=\"https:\/\/agora.xtec.cat\/escolaxerta\/wp-content\/uploads\/usu1578\/2024\/07\/20231027_121907-copia-300x208.jpg 300w, https:\/\/agora.xtec.cat\/escolaxerta\/wp-content\/uploads\/usu1578\/2024\/07\/20231027_121907-copia-1024x710.jpg 1024w, https:\/\/agora.xtec.cat\/escolaxerta\/wp-content\/uploads\/usu1578\/2024\/07\/20231027_121907-copia-768x533.jpg 768w, https:\/\/agora.xtec.cat\/escolaxerta\/wp-content\/uploads\/usu1578\/2024\/07\/20231027_121907-copia-1536x1065.jpg 1536w, https:\/\/agora.xtec.cat\/escolaxerta\/wp-content\/uploads\/usu1578\/2024\/07\/20231027_121907-copia-2048x1420.jpg 2048w\" sizes=\"auto, (max-width: 300px) 100vw, 300px\" \/><\/a><\/p>\n<p>El <strong>treball cooperatiu<\/strong> \u00e9s una eina m\u00e9s d&#8217;aprenentatge en la qual els alumnes s&#8217;organitzen en petits grups per treballar junts amb la intenci\u00f3 d&#8217;aconseguir metes i objectius comuns. L&#8217;esfor\u00e7 personal ajuda els companys i les companyes a aconseguir l&#8217;\u00e8xit tant a nivell individual com social.<\/p>\n<p>&nbsp;<\/p>\n<p><a href=\"https:\/\/agora.xtec.cat\/escolaxerta\/wp-content\/uploads\/usu1578\/2019\/03\/Captura2.png\"><img loading=\"lazy\" decoding=\"async\" class=\"aligncenter size-full wp-image-1104\" src=\"https:\/\/agora.xtec.cat\/escolaxerta\/wp-content\/uploads\/usu1578\/2019\/03\/Captura2.png\" alt=\"\" width=\"619\" height=\"526\" srcset=\"https:\/\/agora.xtec.cat\/escolaxerta\/wp-content\/uploads\/usu1578\/2019\/03\/Captura2.png 619w, https:\/\/agora.xtec.cat\/escolaxerta\/wp-content\/uploads\/usu1578\/2019\/03\/Captura2-300x255.png 300w\" sizes=\"auto, (max-width: 619px) 100vw, 619px\" \/><\/a><\/p>\n","protected":false},"excerpt":{"rendered":"<p>El treball cooperatiu \u00e9s una eina m\u00e9s d&#8217;aprenentatge en la qual els alumnes s&#8217;organitzen en petits grups per treballar junts amb la intenci\u00f3 d&#8217;aconseguir metes i objectius comuns. L&#8217;esfor\u00e7 personal ajuda els companys i les companyes a aconseguir l&#8217;\u00e8xit tant a nivell individual com social. &nbsp;<\/p>\n","protected":false},"author":1,"featured_media":0,"parent":481,"menu_order":32,"comment_status":"closed","ping_status":"closed","template":"page-templates\/side-menu.php","meta":{"_bbp_topic_count":0,"_bbp_reply_count":0,"_bbp_total_topic_count":0,"_bbp_total_reply_count":0,"_bbp_voice_count":0,"_bbp_anonymous_reply_count":0,"_bbp_topic_count_hidden":0,"_bbp_reply_count_hidden":0,"_bbp_forum_subforum_count":0,"site-sidebar-layout":"default","site-content-layout":"","ast-site-content-layout":"","site-content-style":"default","site-sidebar-style":"default","ast-global-header-display":"","ast-banner-title-visibility":"","ast-main-header-display":"","ast-hfb-above-header-display":"","ast-hfb-below-header-display":"","ast-hfb-mobile-header-display":"","site-post-title":"","ast-breadcrumbs-content":"","ast-featured-img":"","footer-sml-layout":"","theme-transparent-header-meta":"","adv-header-id-meta":"","stick-header-meta":"","header-above-stick-meta":"","header-main-stick-meta":"","header-below-stick-meta":"","astra-migrate-meta-layouts":"default","ast-page-background-enabled":"default","ast-page-background-meta":{"desktop":{"background-color":"var(--ast-global-color-4)","background-image":"","background-repeat":"repeat","background-position":"center center","background-size":"auto","background-attachment":"scroll","background-type":"","background-media":"","overlay-type":"","overlay-color":"","overlay-opacity":"","overlay-gradient":""},"tablet":{"background-color":"","background-image":"","background-repeat":"repeat","background-position":"center center","background-size":"auto","background-attachment":"scroll","background-type":"","background-media":"","overlay-type":"","overlay-color":"","overlay-opacity":"","overlay-gradient":""},"mobile":{"background-color":"","background-image":"","background-repeat":"repeat","background-position":"center center","background-size":"auto","background-attachment":"scroll","background-type":"","background-media":"","overlay-type":"","overlay-color":"","overlay-opacity":"","overlay-gradient":""}},"ast-content-background-meta":{"desktop":{"background-color":"var(--ast-global-color-5)","background-image":"","background-repeat":"repeat","background-position":"center center","background-size":"auto","background-attachment":"scroll","background-type":"","background-media":"","overlay-type":"","overlay-color":"","overlay-opacity":"","overlay-gradient":""},"tablet":{"background-color":"var(--ast-global-color-5)","background-image":"","background-repeat":"repeat","background-position":"center center","background-size":"auto","background-attachment":"scroll","background-type":"","background-media":"","overlay-type":"","overlay-color":"","overlay-opacity":"","overlay-gradient":""},"mobile":{"background-color":"var(--ast-global-color-5)","background-image":"","background-repeat":"repeat","background-position":"center center","background-size":"auto","background-attachment":"scroll","background-type":"","background-media":"","overlay-type":"","overlay-color":"","overlay-opacity":"","overlay-gradient":""}},"footnotes":""},"class_list":["post-485","page","type-page","status-publish","hentry"],"post_mailing_queue_ids":[],"_links":{"self":[{"href":"https:\/\/agora.xtec.cat\/escolaxerta\/wp-json\/wp\/v2\/pages\/485","targetHints":{"allow":["GET"]}}],"collection":[{"href":"https:\/\/agora.xtec.cat\/escolaxerta\/wp-json\/wp\/v2\/pages"}],"about":[{"href":"https:\/\/agora.xtec.cat\/escolaxerta\/wp-json\/wp\/v2\/types\/page"}],"author":[{"embeddable":true,"href":"https:\/\/agora.xtec.cat\/escolaxerta\/wp-json\/wp\/v2\/users\/1"}],"replies":[{"embeddable":true,"href":"https:\/\/agora.xtec.cat\/escolaxerta\/wp-json\/wp\/v2\/comments?post=485"}],"version-history":[{"count":4,"href":"https:\/\/agora.xtec.cat\/escolaxerta\/wp-json\/wp\/v2\/pages\/485\/revisions"}],"predecessor-version":[{"id":4509,"href":"https:\/\/agora.xtec.cat\/escolaxerta\/wp-json\/wp\/v2\/pages\/485\/revisions\/4509"}],"up":[{"embeddable":true,"href":"https:\/\/agora.xtec.cat\/escolaxerta\/wp-json\/wp\/v2\/pages\/481"}],"wp:attachment":[{"href":"https:\/\/agora.xtec.cat\/escolaxerta\/wp-json\/wp\/v2\/media?parent=485"}],"curies":[{"name":"wp","href":"https:\/\/api.w.org\/{rel}","templated":true}]}}