{"id":479,"date":"2018-07-11T10:12:52","date_gmt":"2018-07-11T08:12:52","guid":{"rendered":"http:\/\/agora.xtec.cat\/escolaxerta\/?page_id=479"},"modified":"2026-04-06T19:41:45","modified_gmt":"2026-04-06T17:41:45","slug":"projectes","status":"publish","type":"page","link":"https:\/\/agora.xtec.cat\/escolaxerta\/projecte-educatiu\/projectes\/","title":{"rendered":"Projectes"},"content":{"rendered":"<p>Actualment, participem en aquests projectes:<\/p>\n<ul>\n<li><a style=\"color: #2795b6;\" href=\"https:\/\/agora.xtec.cat\/escolaxerta\/categoria\/apadrinem-el-nostre-patrimoni\/\" target=\"_blank\" rel=\"noopener\">Apadrinem el nostre patrimoni<\/a><\/li>\n<li><a style=\"color: #2795b6;\" href=\"https:\/\/agora.xtec.cat\/escolaxerta\/categoria\/escoles-verdes\/\" target=\"_blank\" rel=\"noopener\">Escoles Verdes<\/a><\/li>\n<li><a href=\"https:\/\/agora.xtec.cat\/escolaxerta\/general\/programa-si\/\" target=\"_blank\" rel=\"noopener\">Programa SI!<\/a><\/li>\n<li><a style=\"font-family: inherit; font-size: 1em;\" href=\"https:\/\/agora.xtec.cat\/escolaxerta\/categoria\/pla-catala-de-lesport-a-lescola\/\" target=\"_blank\" rel=\"noopener\">Pla Catal\u00e0 de l&#8217;Esport a l&#8217;Escola<\/a><\/li>\n<li><a href=\"https:\/\/agora.xtec.cat\/escolaxerta\/projecte-educatiu\/projectes\/xarxa-de-competencies-basiques\/\" target=\"_blank\" rel=\"noopener\">Xarxa de compet\u00e8ncies b\u00e0siques<\/a><\/li>\n<li><a href=\"https:\/\/projectes.xtec.cat\/convivenciapositiva\/categoria\/enfocament-restauratiu\/\" target=\"_blank\" rel=\"noopener\">PINNERG Projecte d&#8217;innovaci\u00f3 Educativa d&#8217;Enfocament Restauratiu Global<em>\u00a0<\/em><\/a><\/li>\n<\/ul>\n<ul>\n<li><a href=\"https:\/\/agora.xtec.cat\/escolaxerta\/projecte-educatiu\/convivencia\/\" target=\"_blank\" rel=\"noopener\">PINNERG Projecte d&#8217;innovaci\u00f3 Educativa d&#8217;Enfocament Restauratiu Global<em>\u00a0 (bona)<\/em><\/a><\/li>\n<\/ul>\n","protected":false},"excerpt":{"rendered":"<p>Actualment, participem en aquests projectes: Apadrinem el nostre patrimoni Escoles Verdes Programa SI! Pla Catal\u00e0 de l&#8217;Esport a l&#8217;Escola Xarxa de compet\u00e8ncies b\u00e0siques PINNERG Projecte d&#8217;innovaci\u00f3 Educativa d&#8217;Enfocament Restauratiu Global\u00a0 PINNERG Projecte d&#8217;innovaci\u00f3 Educativa d&#8217;Enfocament Restauratiu Global\u00a0 (bona)<\/p>\n","protected":false},"author":1,"featured_media":0,"parent":64,"menu_order":20,"comment_status":"closed","ping_status":"closed","template":"","meta":{"_bbp_topic_count":0,"_bbp_reply_count":0,"_bbp_total_topic_count":0,"_bbp_total_reply_count":0,"_bbp_voice_count":0,"_bbp_anonymous_reply_count":0,"_bbp_topic_count_hidden":0,"_bbp_reply_count_hidden":0,"_bbp_forum_subforum_count":0,"site-sidebar-layout":"default","site-content-layout":"","ast-site-content-layout":"default","site-content-style":"default","site-sidebar-style":"default","ast-global-header-display":"","ast-banner-title-visibility":"","ast-main-header-display":"","ast-hfb-above-header-display":"","ast-hfb-below-header-display":"","ast-hfb-mobile-header-display":"","site-post-title":"","ast-breadcrumbs-content":"","ast-featured-img":"","footer-sml-layout":"","theme-transparent-header-meta":"default","adv-header-id-meta":"","stick-header-meta":"","header-above-stick-meta":"","header-main-stick-meta":"","header-below-stick-meta":"","astra-migrate-meta-layouts":"set","ast-page-background-enabled":"default","ast-page-background-meta":{"desktop":{"background-color":"var(--ast-global-color-4)","background-image":"","background-repeat":"repeat","background-position":"center center","background-size":"auto","background-attachment":"scroll","background-type":"","background-media":"","overlay-type":"","overlay-color":"","overlay-opacity":"","overlay-gradient":""},"tablet":{"background-color":"","background-image":"","background-repeat":"repeat","background-position":"center center","background-size":"auto","background-attachment":"scroll","background-type":"","background-media":"","overlay-type":"","overlay-color":"","overlay-opacity":"","overlay-gradient":""},"mobile":{"background-color":"","background-image":"","background-repeat":"repeat","background-position":"center center","background-size":"auto","background-attachment":"scroll","background-type":"","background-media":"","overlay-type":"","overlay-color":"","overlay-opacity":"","overlay-gradient":""}},"ast-content-background-meta":{"desktop":{"background-color":"var(--ast-global-color-5)","background-image":"","background-repeat":"repeat","background-position":"center center","background-size":"auto","background-attachment":"scroll","background-type":"","background-media":"","overlay-type":"","overlay-color":"","overlay-opacity":"","overlay-gradient":""},"tablet":{"background-color":"var(--ast-global-color-5)","background-image":"","background-repeat":"repeat","background-position":"center center","background-size":"auto","background-attachment":"scroll","background-type":"","background-media":"","overlay-type":"","overlay-color":"","overlay-opacity":"","overlay-gradient":""},"mobile":{"background-color":"var(--ast-global-color-5)","background-image":"","background-repeat":"repeat","background-position":"center center","background-size":"auto","background-attachment":"scroll","background-type":"","background-media":"","overlay-type":"","overlay-color":"","overlay-opacity":"","overlay-gradient":""}},"footnotes":""},"class_list":["post-479","page","type-page","status-publish","hentry"],"post_mailing_queue_ids":[],"_links":{"self":[{"href":"https:\/\/agora.xtec.cat\/escolaxerta\/wp-json\/wp\/v2\/pages\/479","targetHints":{"allow":["GET"]}}],"collection":[{"href":"https:\/\/agora.xtec.cat\/escolaxerta\/wp-json\/wp\/v2\/pages"}],"about":[{"href":"https:\/\/agora.xtec.cat\/escolaxerta\/wp-json\/wp\/v2\/types\/page"}],"author":[{"embeddable":true,"href":"https:\/\/agora.xtec.cat\/escolaxerta\/wp-json\/wp\/v2\/users\/1"}],"replies":[{"embeddable":true,"href":"https:\/\/agora.xtec.cat\/escolaxerta\/wp-json\/wp\/v2\/comments?post=479"}],"version-history":[{"count":6,"href":"https:\/\/agora.xtec.cat\/escolaxerta\/wp-json\/wp\/v2\/pages\/479\/revisions"}],"predecessor-version":[{"id":5106,"href":"https:\/\/agora.xtec.cat\/escolaxerta\/wp-json\/wp\/v2\/pages\/479\/revisions\/5106"}],"up":[{"embeddable":true,"href":"https:\/\/agora.xtec.cat\/escolaxerta\/wp-json\/wp\/v2\/pages\/64"}],"wp:attachment":[{"href":"https:\/\/agora.xtec.cat\/escolaxerta\/wp-json\/wp\/v2\/media?parent=479"}],"curies":[{"name":"wp","href":"https:\/\/api.w.org\/{rel}","templated":true}]}}