{"id":477,"date":"2018-07-11T10:08:55","date_gmt":"2018-07-11T08:08:55","guid":{"rendered":"http:\/\/agora.xtec.cat\/escolaxerta\/?page_id=477"},"modified":"2023-07-03T20:47:50","modified_gmt":"2023-07-03T18:47:50","slug":"revista-recull-escolar","status":"publish","type":"page","link":"https:\/\/agora.xtec.cat\/escolaxerta\/projecte-educatiu\/revista-recull-escolar\/","title":{"rendered":"Revista &#8220;Recull escolar&#8221;"},"content":{"rendered":"<div style=\"text-align: center;\">\n<blockquote>\n<div><\/div>\n<div style=\"text-align: left;\"><strong>&#8220;Recull Escolar&#8221;<\/strong> \u00e9s la revista de l&#8217;escola que editem anualment amb la participaci\u00f3 de mestres i alumnat\u00a0 i gr\u00e0cies a la col\u00b7laboraci\u00f3 econ\u00f2mica de l&#8217;AMPA i Ajuntament. Com diu el nom \u00e9s un extens recull de les activitats, celebracions, treballs&#8230; realitzats al llarg del curs.<\/div>\n<\/blockquote>\n<div>\n<div style=\"text-align: center;\">\n<div style=\"margin: 8px 0px 4px;\"><a href=\"https:\/\/www.calameo.com\/books\/00624410872b61fed52e0\" target=\"_blank\" rel=\"noopener\">Recull Escolar 81 &#8211; Juny 2022<\/a><\/div>\n<p><iframe loading=\"lazy\" style=\"margin: 0 auto;\" src=\"\/\/v.calameo.com\/?bkcode=00624410872b61fed52e0&amp;mode=mini\" width=\"480\" height=\"300\" frameborder=\"0\" scrolling=\"no\" allowfullscreen=\"allowfullscreen\"><\/iframe><\/p>\n<div style=\"margin: 4px 0px 8px;\"><a href=\"https:\/\/www.calameo.com\/read\/0062441087c171c925208\">Recull Escolar 80 &#8211; Juny 2021<\/a><\/div>\n<\/div>\n<\/div>\n<div style=\"text-align: center;\">\n<p><iframe loading=\"lazy\" src=\"\/\/v.calameo.com\/?bkcode=0062441087c171c925208&amp;mode=mini\" width=\"480\" height=\"300\" frameborder=\"0\"><\/iframe><\/p>\n<\/div>\n<div>\n<div style=\"text-align: center;\">\n<div style=\"margin: 8px 0px 4px;\"><a href=\"https:\/\/www.calameo.com\/read\/006244108f66907d99799\">Recull Escolar n\u00fam 79<\/a><\/div>\n<\/div>\n<\/div>\n<div>\n<div style=\"text-align: center;\">\n<div style=\"margin: 8px 0px 4px;\">\n<div style=\"text-align: center;\">\n<p><iframe loading=\"lazy\" src=\"\/\/v.calameo.com\/?bkcode=006244108f66907d99799&amp;mode=mini\" width=\"480\" height=\"300\" frameborder=\"0\"><\/iframe><\/p>\n<div style=\"margin: 4px 0px 8px;\"><\/div>\n<\/div>\n<\/div>\n<\/div>\n<\/div>\n<div>\n<div style=\"text-align: center;\">\n<div style=\"margin: 8px 0px 4px;\"><a href=\"https:\/\/www.calameo.com\/read\/00370670712f32a937ce2\">Recull Escolar n\u00fam 78<\/a><\/div>\n<p><iframe loading=\"lazy\" src=\"\/\/v.calameo.com\/?bkcode=00370670712f32a937ce2&amp;mode=mini\" width=\"480\" height=\"300\" frameborder=\"0\"><\/iframe><\/p>\n<div style=\"margin: 4px 0px 8px;\"><a href=\"https:\/\/www.calameo.com\/read\/0037067070c89cf545354\">Recull Escolar n\u00fam. 77<\/a><\/div>\n<\/div>\n<\/div>\n<p><iframe loading=\"lazy\" src=\"\/\/v.calameo.com\/?bkcode=0037067070c89cf545354&amp;mode=mini\" width=\"480\" height=\"300\" frameborder=\"0\"><\/iframe><\/p>\n<div style=\"margin: 4px 0px 8px;\"><\/div>\n<\/div>\n","protected":false},"excerpt":{"rendered":"<p>&#8220;Recull Escolar&#8221; \u00e9s la revista de l&#8217;escola que editem anualment amb la participaci\u00f3 de mestres i alumnat\u00a0 i gr\u00e0cies a la col\u00b7laboraci\u00f3 econ\u00f2mica de l&#8217;AMPA i Ajuntament. Com diu el nom \u00e9s un extens recull de les activitats, celebracions, treballs&#8230; realitzats al llarg del curs. Recull Escolar 81 &#8211; Juny 2022 Recull Escolar 80 &#8211; [&hellip;]<\/p>\n","protected":false},"author":1,"featured_media":0,"parent":64,"menu_order":60,"comment_status":"closed","ping_status":"closed","template":"page-templates\/side-menu.php","meta":{"_bbp_topic_count":0,"_bbp_reply_count":0,"_bbp_total_topic_count":0,"_bbp_total_reply_count":0,"_bbp_voice_count":0,"_bbp_anonymous_reply_count":0,"_bbp_topic_count_hidden":0,"_bbp_reply_count_hidden":0,"_bbp_forum_subforum_count":0,"site-sidebar-layout":"default","site-content-layout":"","ast-site-content-layout":"","site-content-style":"default","site-sidebar-style":"default","ast-global-header-display":"","ast-banner-title-visibility":"","ast-main-header-display":"","ast-hfb-above-header-display":"","ast-hfb-below-header-display":"","ast-hfb-mobile-header-display":"","site-post-title":"","ast-breadcrumbs-content":"","ast-featured-img":"","footer-sml-layout":"","theme-transparent-header-meta":"","adv-header-id-meta":"","stick-header-meta":"","header-above-stick-meta":"","header-main-stick-meta":"","header-below-stick-meta":"","astra-migrate-meta-layouts":"default","ast-page-background-enabled":"default","ast-page-background-meta":{"desktop":{"background-color":"var(--ast-global-color-4)","background-image":"","background-repeat":"repeat","background-position":"center center","background-size":"auto","background-attachment":"scroll","background-type":"","background-media":"","overlay-type":"","overlay-color":"","overlay-opacity":"","overlay-gradient":""},"tablet":{"background-color":"","background-image":"","background-repeat":"repeat","background-position":"center center","background-size":"auto","background-attachment":"scroll","background-type":"","background-media":"","overlay-type":"","overlay-color":"","overlay-opacity":"","overlay-gradient":""},"mobile":{"background-color":"","background-image":"","background-repeat":"repeat","background-position":"center center","background-size":"auto","background-attachment":"scroll","background-type":"","background-media":"","overlay-type":"","overlay-color":"","overlay-opacity":"","overlay-gradient":""}},"ast-content-background-meta":{"desktop":{"background-color":"var(--ast-global-color-5)","background-image":"","background-repeat":"repeat","background-position":"center center","background-size":"auto","background-attachment":"scroll","background-type":"","background-media":"","overlay-type":"","overlay-color":"","overlay-opacity":"","overlay-gradient":""},"tablet":{"background-color":"var(--ast-global-color-5)","background-image":"","background-repeat":"repeat","background-position":"center center","background-size":"auto","background-attachment":"scroll","background-type":"","background-media":"","overlay-type":"","overlay-color":"","overlay-opacity":"","overlay-gradient":""},"mobile":{"background-color":"var(--ast-global-color-5)","background-image":"","background-repeat":"repeat","background-position":"center center","background-size":"auto","background-attachment":"scroll","background-type":"","background-media":"","overlay-type":"","overlay-color":"","overlay-opacity":"","overlay-gradient":""}},"footnotes":""},"class_list":["post-477","page","type-page","status-publish","hentry"],"post_mailing_queue_ids":[],"_links":{"self":[{"href":"https:\/\/agora.xtec.cat\/escolaxerta\/wp-json\/wp\/v2\/pages\/477","targetHints":{"allow":["GET"]}}],"collection":[{"href":"https:\/\/agora.xtec.cat\/escolaxerta\/wp-json\/wp\/v2\/pages"}],"about":[{"href":"https:\/\/agora.xtec.cat\/escolaxerta\/wp-json\/wp\/v2\/types\/page"}],"author":[{"embeddable":true,"href":"https:\/\/agora.xtec.cat\/escolaxerta\/wp-json\/wp\/v2\/users\/1"}],"replies":[{"embeddable":true,"href":"https:\/\/agora.xtec.cat\/escolaxerta\/wp-json\/wp\/v2\/comments?post=477"}],"version-history":[{"count":4,"href":"https:\/\/agora.xtec.cat\/escolaxerta\/wp-json\/wp\/v2\/pages\/477\/revisions"}],"predecessor-version":[{"id":3917,"href":"https:\/\/agora.xtec.cat\/escolaxerta\/wp-json\/wp\/v2\/pages\/477\/revisions\/3917"}],"up":[{"embeddable":true,"href":"https:\/\/agora.xtec.cat\/escolaxerta\/wp-json\/wp\/v2\/pages\/64"}],"wp:attachment":[{"href":"https:\/\/agora.xtec.cat\/escolaxerta\/wp-json\/wp\/v2\/media?parent=477"}],"curies":[{"name":"wp","href":"https:\/\/api.w.org\/{rel}","templated":true}]}}