{"id":36,"date":"2021-06-18T12:33:11","date_gmt":"2021-06-18T10:33:11","guid":{"rendered":"http:\/\/agora.xtec.cat\/escolaxerta\/?page_id=36"},"modified":"2025-07-08T13:23:56","modified_gmt":"2025-07-08T11:23:56","slug":"material-escolar","status":"publish","type":"page","link":"https:\/\/agora.xtec.cat\/escolaxerta\/lescola\/material-escolar\/","title":{"rendered":"Llibres del curs 2025-2026"},"content":{"rendered":"<p><strong>Educaci\u00f3 infantil 3 anys<\/strong><\/p>\n<ul>\n<li><span style=\"font-weight: 400;\">Matem\u00e0tiques Innovamat I3 (Llic\u00e8ncia digital i material espec\u00edfic comprat directament a <\/span><span style=\"font-weight: 400;\">INNOVAMAT EDUCATION, S.L. Es podr\u00e0 adquirir a trav\u00e9s de l\u2019AFA)<\/span><\/li>\n<\/ul>\n<p><strong>Educaci\u00f3 infantil 4 anys<\/strong><\/p>\n<ul>\n<li><span style=\"font-weight: 400;\">Matem\u00e0tiques Innovamat I4 (Llic\u00e8ncia digital i material espec\u00edfic comprat directament a <\/span><span style=\"font-weight: 400;\">INNOVAMAT EDUCATION, S.L. Es podr\u00e0 adquirir a trav\u00e9s de l\u2019AFA)<\/span><\/li>\n<\/ul>\n<p><strong>Educaci\u00f3 infantil 5 anys<\/strong><\/p>\n<ul>\n<li><span style=\"font-weight: 400;\">Matem\u00e0tiques Innovamat I5 (Llic\u00e8ncia digital i material espec\u00edfic comprat directament a <\/span><span style=\"font-weight: 400;\">INNOVAMAT EDUCATION, S.L. Es podr\u00e0 adquirir a trav\u00e9s de l\u2019AFA)<\/span><\/li>\n<\/ul>\n<p><strong>Educaci\u00f3 prim\u00e0ria 1r<\/strong><strong>\u00a0<\/strong><\/p>\n<ul>\n<li style=\"text-align: justify;\">Tot Tallers 1 Llengua catalana\u00a0 \u00a0 \u00a0 \u00a0 \u00a0 \u00a0 \u00a0 ISBN 978 84 41 23 46 66\u00a0 \u00a0 \u00a0 \u00a0 \u00a0 \u00a0 \u00a0 Editorial Text-La Galera<\/li>\n<li>Matem\u00e0tiques Innovamat 1r (Llic\u00e8ncia digital i material espec\u00edfic comprat directament a INNOVAMAT EDUCATION, S.L. Es podr\u00e0 adquirir a trav\u00e9s de l\u2019AFA)<\/li>\n<\/ul>\n<p><strong>Educaci\u00f3 prim\u00e0ria 2n<\/strong><\/p>\n<ul>\n<li aria-level=\"1\">Tot Tallers 2\u00a0 \u00a0Llengua catalana\u00a0 \u00a0 \u00a0 \u00a0 \u00a0 \u00a0 ISBN 978 84 41 23 46 73\u00a0 \u00a0 \u00a0 \u00a0 \u00a0 \u00a0 \u00a0 Editorial Text-La Galera<\/li>\n<li><span style=\"font-weight: 400;\">Matem\u00e0tiques\u00a0 Innovamat 2n (Llic\u00e8ncia digital i material espec\u00edfic comprat directament a <\/span>INNOVAMAT EDUCATION, S.L. Es podr\u00e0 adquirir a trav\u00e9s de l\u2019AFA)<\/li>\n<\/ul>\n<p><strong>Educaci\u00f3 prim\u00e0ria 3r i 4t\u00a0 (iguals 3r i 4t)<\/strong><\/p>\n<ul>\n<li style=\"font-weight: 400;\" aria-level=\"1\"><span style=\"font-weight: 400;\">\u00a0<\/span><span style=\"font-weight: 400;\">Tot Tallers 4 Llengua catalana\u00a0 \u00a0 \u00a0 \u00a0 \u00a0 \u00a0 \u00a0ISBN 978 84 41 23 46 97<\/span> <span style=\"font-weight: 400;\">\u00a0 \u00a0 \u00a0 \u00a0 \u00a0 \u00a0 <\/span><span style=\"font-weight: 400;\">Editorial Text-La Galera<\/span><\/li>\n<li style=\"font-weight: 400;\" aria-level=\"1\"><span style=\"font-weight: 400;\">\u00a0<\/span><span style=\"font-weight: 400;\">Tot Tallers 4 Lengua castellana\u00a0 \u00a0 \u00a0 \u00a0 \u00a0 ISBN 978 84 41 23 47 58<\/span>\u00a0 \u00a0 \u00a0 \u00a0 \u00a0 \u00a0 \u00a0<span style=\"font-weight: 400;\">Editorial Text-La Galera<\/span><\/li>\n<\/ul>\n<p><strong>Educaci\u00f3 prim\u00e0ria 5\u00e8 i 6\u00e8 (iguals 5\u00e8 i 6\u00e8)<\/strong><\/p>\n<ul>\n<li style=\"font-weight: 400;\" aria-level=\"1\"><span style=\"font-weight: 400;\">Tot Tallers 5 Llengua catalana\u00a0 \u00a0 \u00a0 \u00a0 \u00a0 \u00a0 ISBN 978 84 41 23 47 03\u00a0 \u00a0 \u00a0 \u00a0 \u00a0 \u00a0 \u00a0 Editorial Text-La Galera<\/span><\/li>\n<li style=\"font-weight: 400;\" aria-level=\"1\"><span style=\"font-weight: 400;\">Tot Tallers 5 Lengua castellana\u00a0 \u00a0 \u00a0 \u00a0 \u00a0 ISBN 978 84 41 23 47 65\u00a0 \u00a0 \u00a0 \u00a0 \u00a0 \u00a0 \u00a0 Editorial Text-La Galera<\/span><\/li>\n<\/ul>\n","protected":false},"excerpt":{"rendered":"<p>Educaci\u00f3 infantil 3 anys Matem\u00e0tiques Innovamat I3 (Llic\u00e8ncia digital i material espec\u00edfic comprat directament a INNOVAMAT EDUCATION, S.L. Es podr\u00e0 adquirir a trav\u00e9s de l\u2019AFA) Educaci\u00f3 infantil 4 anys Matem\u00e0tiques Innovamat I4 (Llic\u00e8ncia digital i material espec\u00edfic comprat directament a INNOVAMAT EDUCATION, S.L. Es podr\u00e0 adquirir a trav\u00e9s de l\u2019AFA) Educaci\u00f3 infantil 5 anys Matem\u00e0tiques [&hellip;]<\/p>\n","protected":false},"author":1,"featured_media":0,"parent":22,"menu_order":60,"comment_status":"closed","ping_status":"closed","template":"page-templates\/side-menu.php","meta":{"_bbp_topic_count":0,"_bbp_reply_count":0,"_bbp_total_topic_count":0,"_bbp_total_reply_count":0,"_bbp_voice_count":0,"_bbp_anonymous_reply_count":0,"_bbp_topic_count_hidden":0,"_bbp_reply_count_hidden":0,"_bbp_forum_subforum_count":0,"site-sidebar-layout":"default","site-content-layout":"","ast-site-content-layout":"","site-content-style":"default","site-sidebar-style":"default","ast-global-header-display":"","ast-banner-title-visibility":"","ast-main-header-display":"","ast-hfb-above-header-display":"","ast-hfb-below-header-display":"","ast-hfb-mobile-header-display":"","site-post-title":"","ast-breadcrumbs-content":"","ast-featured-img":"","footer-sml-layout":"","theme-transparent-header-meta":"","adv-header-id-meta":"","stick-header-meta":"","header-above-stick-meta":"","header-main-stick-meta":"","header-below-stick-meta":"","astra-migrate-meta-layouts":"default","ast-page-background-enabled":"default","ast-page-background-meta":{"desktop":{"background-color":"var(--ast-global-color-4)","background-image":"","background-repeat":"repeat","background-position":"center center","background-size":"auto","background-attachment":"scroll","background-type":"","background-media":"","overlay-type":"","overlay-color":"","overlay-opacity":"","overlay-gradient":""},"tablet":{"background-color":"","background-image":"","background-repeat":"repeat","background-position":"center center","background-size":"auto","background-attachment":"scroll","background-type":"","background-media":"","overlay-type":"","overlay-color":"","overlay-opacity":"","overlay-gradient":""},"mobile":{"background-color":"","background-image":"","background-repeat":"repeat","background-position":"center center","background-size":"auto","background-attachment":"scroll","background-type":"","background-media":"","overlay-type":"","overlay-color":"","overlay-opacity":"","overlay-gradient":""}},"ast-content-background-meta":{"desktop":{"background-color":"var(--ast-global-color-5)","background-image":"","background-repeat":"repeat","background-position":"center center","background-size":"auto","background-attachment":"scroll","background-type":"","background-media":"","overlay-type":"","overlay-color":"","overlay-opacity":"","overlay-gradient":""},"tablet":{"background-color":"var(--ast-global-color-5)","background-image":"","background-repeat":"repeat","background-position":"center center","background-size":"auto","background-attachment":"scroll","background-type":"","background-media":"","overlay-type":"","overlay-color":"","overlay-opacity":"","overlay-gradient":""},"mobile":{"background-color":"var(--ast-global-color-5)","background-image":"","background-repeat":"repeat","background-position":"center center","background-size":"auto","background-attachment":"scroll","background-type":"","background-media":"","overlay-type":"","overlay-color":"","overlay-opacity":"","overlay-gradient":""}},"footnotes":""},"class_list":["post-36","page","type-page","status-publish","hentry"],"post_mailing_queue_ids":[],"_links":{"self":[{"href":"https:\/\/agora.xtec.cat\/escolaxerta\/wp-json\/wp\/v2\/pages\/36","targetHints":{"allow":["GET"]}}],"collection":[{"href":"https:\/\/agora.xtec.cat\/escolaxerta\/wp-json\/wp\/v2\/pages"}],"about":[{"href":"https:\/\/agora.xtec.cat\/escolaxerta\/wp-json\/wp\/v2\/types\/page"}],"author":[{"embeddable":true,"href":"https:\/\/agora.xtec.cat\/escolaxerta\/wp-json\/wp\/v2\/users\/1"}],"replies":[{"embeddable":true,"href":"https:\/\/agora.xtec.cat\/escolaxerta\/wp-json\/wp\/v2\/comments?post=36"}],"version-history":[{"count":6,"href":"https:\/\/agora.xtec.cat\/escolaxerta\/wp-json\/wp\/v2\/pages\/36\/revisions"}],"predecessor-version":[{"id":4911,"href":"https:\/\/agora.xtec.cat\/escolaxerta\/wp-json\/wp\/v2\/pages\/36\/revisions\/4911"}],"up":[{"embeddable":true,"href":"https:\/\/agora.xtec.cat\/escolaxerta\/wp-json\/wp\/v2\/pages\/22"}],"wp:attachment":[{"href":"https:\/\/agora.xtec.cat\/escolaxerta\/wp-json\/wp\/v2\/media?parent=36"}],"curies":[{"name":"wp","href":"https:\/\/api.w.org\/{rel}","templated":true}]}}