{"id":3332,"date":"2022-05-04T20:37:05","date_gmt":"2022-05-04T18:37:05","guid":{"rendered":"https:\/\/agora.xtec.cat\/escolaxerta\/?page_id=3332"},"modified":"2025-06-09T20:30:44","modified_gmt":"2025-06-09T18:30:44","slug":"acolliment-digital","status":"publish","type":"page","link":"https:\/\/agora.xtec.cat\/escolaxerta\/acolliment-digital\/","title":{"rendered":"Acolliment digital"},"content":{"rendered":"<p style=\"text-align: justify;\">\u00c9s molt important tenir cura amb les persones que s\u2019incorporen noves al centre, ja siguin docents, alumnes i\/o fam\u00edlies. Per aix\u00f2, se&#8217;ls fa un acompanyament fins la seva adaptaci\u00f3.<\/p>\n<p><span style=\"font-weight: 400;\">L&#8217;acolliment digital forma part de l&#8217;acolliment general al centre i es t\u00e9 en compte els tres \u00e0mbits de la comunitat educativa: docents, alumnat i fam\u00edlies.<\/span><\/p>\n<table style=\"border-collapse: collapse; width: 60.5938%; height: 105px;\">\n<tbody>\n<tr>\n<td style=\"width: 57.3497%; text-align: center;\"><a href=\"https:\/\/docs.google.com\/document\/d\/e\/2PACX-1vR4ZvMAl0HDJvDeL5d604M1JU6THioHO2d1D57tUrEslblFIB823JXCcOk7HSapwvVhJSuEP3prdeF2\/pub\" target=\"_blank\" rel=\"noopener\">Acolliment digital dels docents<\/a><\/td>\n<td style=\"width: 42.6503%; text-align: center;\"><a href=\"https:\/\/docs.google.com\/document\/d\/1QgOOheoBRFZmaZ8DAN3UEnjxjNsNv3dH-iYBlvQvQEk\/edit?tab=t.0\" target=\"_blank\" rel=\"noopener\">Infografia<\/a><\/td>\n<\/tr>\n<tr>\n<td style=\"width: 57.3497%; text-align: center;\"><a href=\"https:\/\/docs.google.com\/document\/d\/e\/2PACX-1vRWwuaIJt_oUox3dbUk-rcoNFZ3Y9eGQnDDYFX4h0w5Y6EZ_buSsvDyH6AIKqMjSMlO-jSqbOod05gQ\/pub\" target=\"_blank\" rel=\"noopener\">Acolliment digital de l&#8217;alumnat<\/a><\/td>\n<td style=\"width: 42.6503%; text-align: center;\"><a href=\"https:\/\/docs.google.com\/document\/d\/1TtPSbNeHHuXNRxrEKL5fMoeEdNA9gIVI7dbWL1dSFnw\/edit?tab=t.0\" target=\"_blank\" rel=\"noopener\">Infografia<\/a><\/td>\n<\/tr>\n<tr>\n<td style=\"width: 57.3497%; text-align: center;\"><a href=\"https:\/\/docs.google.com\/document\/d\/e\/2PACX-1vS1bcDjiWcW67n4sDgSqEh3zple_Ske125tTZ7oHQBDVPIEAlKzlXv39NUiBchNDUyoBjTjk-Ch0IaT\/pub\" target=\"_blank\" rel=\"noopener\">Acolliment digital de les fam\u00edlies<\/a><\/td>\n<td style=\"width: 42.6503%; text-align: center;\"><a href=\"https:\/\/docs.google.com\/document\/d\/1Ft-RunmIdt-cfg5mm0903n4mkqS3bM6-TMBulDupOyY\/edit?tab=t.0\" target=\"_blank\" rel=\"noopener\">Infografia<\/a><\/td>\n<\/tr>\n<\/tbody>\n<\/table>\n<p>&nbsp;<\/p>\n","protected":false},"excerpt":{"rendered":"<p>\u00c9s molt important tenir cura amb les persones que s\u2019incorporen noves al centre, ja siguin docents, alumnes i\/o fam\u00edlies. Per aix\u00f2, se&#8217;ls fa un acompanyament fins la seva adaptaci\u00f3. L&#8217;acolliment digital forma part de l&#8217;acolliment general al centre i es t\u00e9 en compte els tres \u00e0mbits de la comunitat educativa: docents, alumnat i fam\u00edlies. Acolliment [&hellip;]<\/p>\n","protected":false},"author":1,"featured_media":0,"parent":0,"menu_order":0,"comment_status":"closed","ping_status":"closed","template":"","meta":{"_bbp_topic_count":0,"_bbp_reply_count":0,"_bbp_total_topic_count":0,"_bbp_total_reply_count":0,"_bbp_voice_count":0,"_bbp_anonymous_reply_count":0,"_bbp_topic_count_hidden":0,"_bbp_reply_count_hidden":0,"_bbp_forum_subforum_count":0,"site-sidebar-layout":"default","site-content-layout":"","ast-site-content-layout":"","site-content-style":"default","site-sidebar-style":"default","ast-global-header-display":"","ast-banner-title-visibility":"","ast-main-header-display":"","ast-hfb-above-header-display":"","ast-hfb-below-header-display":"","ast-hfb-mobile-header-display":"","site-post-title":"","ast-breadcrumbs-content":"","ast-featured-img":"","footer-sml-layout":"","theme-transparent-header-meta":"","adv-header-id-meta":"","stick-header-meta":"","header-above-stick-meta":"","header-main-stick-meta":"","header-below-stick-meta":"","astra-migrate-meta-layouts":"default","ast-page-background-enabled":"default","ast-page-background-meta":{"desktop":{"background-color":"var(--ast-global-color-4)","background-image":"","background-repeat":"repeat","background-position":"center center","background-size":"auto","background-attachment":"scroll","background-type":"","background-media":"","overlay-type":"","overlay-color":"","overlay-opacity":"","overlay-gradient":""},"tablet":{"background-color":"","background-image":"","background-repeat":"repeat","background-position":"center center","background-size":"auto","background-attachment":"scroll","background-type":"","background-media":"","overlay-type":"","overlay-color":"","overlay-opacity":"","overlay-gradient":""},"mobile":{"background-color":"","background-image":"","background-repeat":"repeat","background-position":"center center","background-size":"auto","background-attachment":"scroll","background-type":"","background-media":"","overlay-type":"","overlay-color":"","overlay-opacity":"","overlay-gradient":""}},"ast-content-background-meta":{"desktop":{"background-color":"var(--ast-global-color-5)","background-image":"","background-repeat":"repeat","background-position":"center center","background-size":"auto","background-attachment":"scroll","background-type":"","background-media":"","overlay-type":"","overlay-color":"","overlay-opacity":"","overlay-gradient":""},"tablet":{"background-color":"var(--ast-global-color-5)","background-image":"","background-repeat":"repeat","background-position":"center center","background-size":"auto","background-attachment":"scroll","background-type":"","background-media":"","overlay-type":"","overlay-color":"","overlay-opacity":"","overlay-gradient":""},"mobile":{"background-color":"var(--ast-global-color-5)","background-image":"","background-repeat":"repeat","background-position":"center center","background-size":"auto","background-attachment":"scroll","background-type":"","background-media":"","overlay-type":"","overlay-color":"","overlay-opacity":"","overlay-gradient":""}},"footnotes":""},"class_list":["post-3332","page","type-page","status-publish","hentry"],"post_mailing_queue_ids":[],"_links":{"self":[{"href":"https:\/\/agora.xtec.cat\/escolaxerta\/wp-json\/wp\/v2\/pages\/3332","targetHints":{"allow":["GET"]}}],"collection":[{"href":"https:\/\/agora.xtec.cat\/escolaxerta\/wp-json\/wp\/v2\/pages"}],"about":[{"href":"https:\/\/agora.xtec.cat\/escolaxerta\/wp-json\/wp\/v2\/types\/page"}],"author":[{"embeddable":true,"href":"https:\/\/agora.xtec.cat\/escolaxerta\/wp-json\/wp\/v2\/users\/1"}],"replies":[{"embeddable":true,"href":"https:\/\/agora.xtec.cat\/escolaxerta\/wp-json\/wp\/v2\/comments?post=3332"}],"version-history":[{"count":5,"href":"https:\/\/agora.xtec.cat\/escolaxerta\/wp-json\/wp\/v2\/pages\/3332\/revisions"}],"predecessor-version":[{"id":4881,"href":"https:\/\/agora.xtec.cat\/escolaxerta\/wp-json\/wp\/v2\/pages\/3332\/revisions\/4881"}],"wp:attachment":[{"href":"https:\/\/agora.xtec.cat\/escolaxerta\/wp-json\/wp\/v2\/media?parent=3332"}],"curies":[{"name":"wp","href":"https:\/\/api.w.org\/{rel}","templated":true}]}}