{"id":3257,"date":"2022-04-04T19:00:33","date_gmt":"2022-04-04T17:00:33","guid":{"rendered":"https:\/\/agora.xtec.cat\/escolaxerta\/?page_id=3257"},"modified":"2025-06-15T12:35:43","modified_gmt":"2025-06-15T10:35:43","slug":"estrategia-digital","status":"publish","type":"page","link":"https:\/\/agora.xtec.cat\/escolaxerta\/projecte-educatiu\/estrategia-digital-de-centre\/estrategia-digital\/","title":{"rendered":"Estrat\u00e8gia digital"},"content":{"rendered":"<p>L&#8217;<strong>estrat\u00e8gia digital<\/strong> del per\u00edode 2022-2025 es concreta en quatre fases:<\/p>\n<table style=\"border-collapse: collapse; width: 100%;\">\n<tbody>\n<tr>\n<td style=\"width: 25%; background-color: #d9f505; text-align: center;\">\n<h2><a href=\"https:\/\/docs.google.com\/document\/d\/e\/2PACX-1vTYCLU_orJoCn4c_q2PokHyPTEk4qVDkpm0nNS832_QXh650RUW8u8VfiL25DluKIggCcJ-VwpiAprx\/pub\" target=\"_blank\" rel=\"noopener\">Diagnosi<\/a><\/h2>\n<\/td>\n<td style=\"width: 25.1353%; background-color: #0af5ed; text-align: center;\">\n<h2><a href=\"https:\/\/docs.google.com\/document\/d\/e\/2PACX-1vQv9iP18rltPEXNC7u8Q7Of0D5rvp-4al_VG-R0vOo5yGlaKeJcbM49dyDIKbXxDuhiSCJeuzi-J6K-\/pub\" target=\"_blank\" rel=\"noopener\">Objectius<\/a><\/h2>\n<\/td>\n<td style=\"width: 24.8647%; background-color: #f6bc92; text-align: center;\">\n<h2><a href=\"https:\/\/docs.google.com\/document\/d\/e\/2PACX-1vTpBUCQtUJ_034K3gKH3lzi9X4kOqHJpsMRWlX6OGeZfXqS2x7V021lS1OPXWoRm22PjadgSWgVRmWx\/pub\" target=\"_blank\" rel=\"noopener\">Planificaci\u00f3<\/a><\/h2>\n<\/td>\n<td style=\"width: 25%; background-color: #7ef54e; text-align: center;\">\n<h2><a href=\"https:\/\/docs.google.com\/document\/d\/e\/2PACX-1vSWCjcHX5uGEAM9YT9UGEFxFVPDD0DdvZ9S9DR8r5TbZ7Hny4Y9YBzlcmbZVRrrRqX9hBQmtE8esek-\/pub\" target=\"_blank\" rel=\"noopener\">Avaluaci\u00f3<\/a><\/h2>\n<\/td>\n<\/tr>\n<\/tbody>\n<\/table>\n<p>L&#8217;<strong>estrat\u00e8gia digital<\/strong> del per\u00edode 2025-2028<\/p>\n<p>Objectius, activitats i indicadors<\/p>\n","protected":false},"excerpt":{"rendered":"<p>L&#8217;estrat\u00e8gia digital del per\u00edode 2022-2025 es concreta en quatre fases: Diagnosi Objectius Planificaci\u00f3 Avaluaci\u00f3 L&#8217;estrat\u00e8gia digital del per\u00edode 2025-2028 Objectius, activitats i indicadors<\/p>\n","protected":false},"author":1,"featured_media":0,"parent":3249,"menu_order":1,"comment_status":"closed","ping_status":"closed","template":"page-templates\/side-menu.php","meta":{"_bbp_topic_count":0,"_bbp_reply_count":0,"_bbp_total_topic_count":0,"_bbp_total_reply_count":0,"_bbp_voice_count":0,"_bbp_anonymous_reply_count":0,"_bbp_topic_count_hidden":0,"_bbp_reply_count_hidden":0,"_bbp_forum_subforum_count":0,"site-sidebar-layout":"default","site-content-layout":"","ast-site-content-layout":"","site-content-style":"default","site-sidebar-style":"default","ast-global-header-display":"","ast-banner-title-visibility":"","ast-main-header-display":"","ast-hfb-above-header-display":"","ast-hfb-below-header-display":"","ast-hfb-mobile-header-display":"","site-post-title":"","ast-breadcrumbs-content":"","ast-featured-img":"","footer-sml-layout":"","theme-transparent-header-meta":"","adv-header-id-meta":"","stick-header-meta":"","header-above-stick-meta":"","header-main-stick-meta":"","header-below-stick-meta":"","astra-migrate-meta-layouts":"default","ast-page-background-enabled":"default","ast-page-background-meta":{"desktop":{"background-color":"var(--ast-global-color-4)","background-image":"","background-repeat":"repeat","background-position":"center center","background-size":"auto","background-attachment":"scroll","background-type":"","background-media":"","overlay-type":"","overlay-color":"","overlay-opacity":"","overlay-gradient":""},"tablet":{"background-color":"","background-image":"","background-repeat":"repeat","background-position":"center center","background-size":"auto","background-attachment":"scroll","background-type":"","background-media":"","overlay-type":"","overlay-color":"","overlay-opacity":"","overlay-gradient":""},"mobile":{"background-color":"","background-image":"","background-repeat":"repeat","background-position":"center center","background-size":"auto","background-attachment":"scroll","background-type":"","background-media":"","overlay-type":"","overlay-color":"","overlay-opacity":"","overlay-gradient":""}},"ast-content-background-meta":{"desktop":{"background-color":"var(--ast-global-color-5)","background-image":"","background-repeat":"repeat","background-position":"center center","background-size":"auto","background-attachment":"scroll","background-type":"","background-media":"","overlay-type":"","overlay-color":"","overlay-opacity":"","overlay-gradient":""},"tablet":{"background-color":"var(--ast-global-color-5)","background-image":"","background-repeat":"repeat","background-position":"center center","background-size":"auto","background-attachment":"scroll","background-type":"","background-media":"","overlay-type":"","overlay-color":"","overlay-opacity":"","overlay-gradient":""},"mobile":{"background-color":"var(--ast-global-color-5)","background-image":"","background-repeat":"repeat","background-position":"center center","background-size":"auto","background-attachment":"scroll","background-type":"","background-media":"","overlay-type":"","overlay-color":"","overlay-opacity":"","overlay-gradient":""}},"footnotes":""},"class_list":["post-3257","page","type-page","status-publish","hentry"],"post_mailing_queue_ids":[],"_links":{"self":[{"href":"https:\/\/agora.xtec.cat\/escolaxerta\/wp-json\/wp\/v2\/pages\/3257","targetHints":{"allow":["GET"]}}],"collection":[{"href":"https:\/\/agora.xtec.cat\/escolaxerta\/wp-json\/wp\/v2\/pages"}],"about":[{"href":"https:\/\/agora.xtec.cat\/escolaxerta\/wp-json\/wp\/v2\/types\/page"}],"author":[{"embeddable":true,"href":"https:\/\/agora.xtec.cat\/escolaxerta\/wp-json\/wp\/v2\/users\/1"}],"replies":[{"embeddable":true,"href":"https:\/\/agora.xtec.cat\/escolaxerta\/wp-json\/wp\/v2\/comments?post=3257"}],"version-history":[{"count":6,"href":"https:\/\/agora.xtec.cat\/escolaxerta\/wp-json\/wp\/v2\/pages\/3257\/revisions"}],"predecessor-version":[{"id":4887,"href":"https:\/\/agora.xtec.cat\/escolaxerta\/wp-json\/wp\/v2\/pages\/3257\/revisions\/4887"}],"up":[{"embeddable":true,"href":"https:\/\/agora.xtec.cat\/escolaxerta\/wp-json\/wp\/v2\/pages\/3249"}],"wp:attachment":[{"href":"https:\/\/agora.xtec.cat\/escolaxerta\/wp-json\/wp\/v2\/media?parent=3257"}],"curies":[{"name":"wp","href":"https:\/\/api.w.org\/{rel}","templated":true}]}}