{"id":22,"date":"2014-09-18T12:19:57","date_gmt":"2014-09-18T11:19:57","guid":{"rendered":"http:\/\/agora.xtec.cat\/escolaxerta\/?page_id=22"},"modified":"2019-07-09T14:00:24","modified_gmt":"2019-07-09T12:00:24","slug":"lescola","status":"publish","type":"page","link":"https:\/\/agora.xtec.cat\/escolaxerta\/lescola\/","title":{"rendered":"L&#8217;escola"},"content":{"rendered":"<p>L&#8217;escola Xerta \u00e9s un centre p\u00fablic depenent del Departament d&#8217;Educaci\u00f3 de la Generalitat de Catalunya.<\/p>\n<p>Impartim:<\/p>\n<ul style=\"list-style-type: square;\">\n<li>Educaci\u00f3 infantil<\/li>\n<li>Educaci\u00f3 prim\u00e0ria<\/li>\n<\/ul>\n<p>\u00c9s una escola c\u00edclica amb nivells agrupats dins un mateix grup-classe.<\/p>\n<p>El centre actual es va construir l&#8217;any 1968. S&#8217;han fet una s\u00e8rie de reformes i obres RAM. Consta de tres edificis de dues plantes i la zona d&#8217;esbarjo.<\/p>\n<p>El curs 2018-19 vam celebrar el cinquant\u00e8 aniversari. Per molts anys!!!!<\/p>\n<p><a href=\"https:\/\/agora.xtec.cat\/escolaxerta\/wp-content\/uploads\/usu1578\/2019\/01\/samarreta_xerta.jpg\"><img loading=\"lazy\" decoding=\"async\" class=\"wp-image-598 alignleft\" src=\"https:\/\/agora.xtec.cat\/escolaxerta\/wp-content\/uploads\/usu1578\/2019\/01\/samarreta_xerta.jpg\" alt=\"\" width=\"349\" height=\"272\" srcset=\"https:\/\/agora.xtec.cat\/escolaxerta\/wp-content\/uploads\/usu1578\/2019\/01\/samarreta_xerta.jpg 921w, https:\/\/agora.xtec.cat\/escolaxerta\/wp-content\/uploads\/usu1578\/2019\/01\/samarreta_xerta-300x234.jpg 300w, https:\/\/agora.xtec.cat\/escolaxerta\/wp-content\/uploads\/usu1578\/2019\/01\/samarreta_xerta-768x599.jpg 768w\" sizes=\"auto, (max-width: 349px) 100vw, 349px\" \/><\/a><\/p>\n<p><a href=\"https:\/\/agora.xtec.cat\/escolaxerta\/wp-content\/uploads\/usu1578\/2019\/01\/P1220058.jpg\"><img loading=\"lazy\" decoding=\"async\" class=\"aligncenter wp-image-669\" src=\"https:\/\/agora.xtec.cat\/escolaxerta\/wp-content\/uploads\/usu1578\/2019\/01\/P1220058-1024x746.jpg\" alt=\"\" width=\"305\" height=\"222\" srcset=\"https:\/\/agora.xtec.cat\/escolaxerta\/wp-content\/uploads\/usu1578\/2019\/01\/P1220058-1024x746.jpg 1024w, https:\/\/agora.xtec.cat\/escolaxerta\/wp-content\/uploads\/usu1578\/2019\/01\/P1220058-300x218.jpg 300w, https:\/\/agora.xtec.cat\/escolaxerta\/wp-content\/uploads\/usu1578\/2019\/01\/P1220058-768x559.jpg 768w, https:\/\/agora.xtec.cat\/escolaxerta\/wp-content\/uploads\/usu1578\/2019\/01\/P1220058.jpg 1895w\" sizes=\"auto, (max-width: 305px) 100vw, 305px\" \/><\/a><\/p>\n<p>&nbsp;<\/p>\n","protected":false},"excerpt":{"rendered":"<p>L&#8217;escola Xerta \u00e9s un centre p\u00fablic depenent del Departament d&#8217;Educaci\u00f3 de la Generalitat de Catalunya. Impartim: Educaci\u00f3 infantil Educaci\u00f3 prim\u00e0ria \u00c9s una escola c\u00edclica amb nivells agrupats dins un mateix grup-classe. El centre actual es va construir l&#8217;any 1968. S&#8217;han fet una s\u00e8rie de reformes i obres RAM. Consta de tres edificis de dues plantes [&hellip;]<\/p>\n","protected":false},"author":1,"featured_media":0,"parent":0,"menu_order":0,"comment_status":"closed","ping_status":"closed","template":"page-templates\/side-menu.php","meta":{"_bbp_topic_count":0,"_bbp_reply_count":0,"_bbp_total_topic_count":0,"_bbp_total_reply_count":0,"_bbp_voice_count":0,"_bbp_anonymous_reply_count":0,"_bbp_topic_count_hidden":0,"_bbp_reply_count_hidden":0,"_bbp_forum_subforum_count":0,"site-sidebar-layout":"default","site-content-layout":"","ast-site-content-layout":"","site-content-style":"default","site-sidebar-style":"default","ast-global-header-display":"","ast-banner-title-visibility":"","ast-main-header-display":"","ast-hfb-above-header-display":"","ast-hfb-below-header-display":"","ast-hfb-mobile-header-display":"","site-post-title":"","ast-breadcrumbs-content":"","ast-featured-img":"","footer-sml-layout":"","theme-transparent-header-meta":"","adv-header-id-meta":"","stick-header-meta":"","header-above-stick-meta":"","header-main-stick-meta":"","header-below-stick-meta":"","astra-migrate-meta-layouts":"default","ast-page-background-enabled":"default","ast-page-background-meta":{"desktop":{"background-color":"var(--ast-global-color-4)","background-image":"","background-repeat":"repeat","background-position":"center center","background-size":"auto","background-attachment":"scroll","background-type":"","background-media":"","overlay-type":"","overlay-color":"","overlay-opacity":"","overlay-gradient":""},"tablet":{"background-color":"","background-image":"","background-repeat":"repeat","background-position":"center center","background-size":"auto","background-attachment":"scroll","background-type":"","background-media":"","overlay-type":"","overlay-color":"","overlay-opacity":"","overlay-gradient":""},"mobile":{"background-color":"","background-image":"","background-repeat":"repeat","background-position":"center center","background-size":"auto","background-attachment":"scroll","background-type":"","background-media":"","overlay-type":"","overlay-color":"","overlay-opacity":"","overlay-gradient":""}},"ast-content-background-meta":{"desktop":{"background-color":"var(--ast-global-color-5)","background-image":"","background-repeat":"repeat","background-position":"center center","background-size":"auto","background-attachment":"scroll","background-type":"","background-media":"","overlay-type":"","overlay-color":"","overlay-opacity":"","overlay-gradient":""},"tablet":{"background-color":"var(--ast-global-color-5)","background-image":"","background-repeat":"repeat","background-position":"center center","background-size":"auto","background-attachment":"scroll","background-type":"","background-media":"","overlay-type":"","overlay-color":"","overlay-opacity":"","overlay-gradient":""},"mobile":{"background-color":"var(--ast-global-color-5)","background-image":"","background-repeat":"repeat","background-position":"center center","background-size":"auto","background-attachment":"scroll","background-type":"","background-media":"","overlay-type":"","overlay-color":"","overlay-opacity":"","overlay-gradient":""}},"footnotes":""},"class_list":["post-22","page","type-page","status-publish","hentry"],"post_mailing_queue_ids":[],"_links":{"self":[{"href":"https:\/\/agora.xtec.cat\/escolaxerta\/wp-json\/wp\/v2\/pages\/22","targetHints":{"allow":["GET"]}}],"collection":[{"href":"https:\/\/agora.xtec.cat\/escolaxerta\/wp-json\/wp\/v2\/pages"}],"about":[{"href":"https:\/\/agora.xtec.cat\/escolaxerta\/wp-json\/wp\/v2\/types\/page"}],"author":[{"embeddable":true,"href":"https:\/\/agora.xtec.cat\/escolaxerta\/wp-json\/wp\/v2\/users\/1"}],"replies":[{"embeddable":true,"href":"https:\/\/agora.xtec.cat\/escolaxerta\/wp-json\/wp\/v2\/comments?post=22"}],"version-history":[{"count":3,"href":"https:\/\/agora.xtec.cat\/escolaxerta\/wp-json\/wp\/v2\/pages\/22\/revisions"}],"predecessor-version":[{"id":1477,"href":"https:\/\/agora.xtec.cat\/escolaxerta\/wp-json\/wp\/v2\/pages\/22\/revisions\/1477"}],"wp:attachment":[{"href":"https:\/\/agora.xtec.cat\/escolaxerta\/wp-json\/wp\/v2\/media?parent=22"}],"curies":[{"name":"wp","href":"https:\/\/api.w.org\/{rel}","templated":true}]}}