{"id":73,"date":"2014-09-18T14:01:51","date_gmt":"2014-09-18T13:01:51","guid":{"rendered":"https:\/\/agora.xtec.cat\/escolavolerany\/?page_id=73"},"modified":"2026-02-24T16:07:02","modified_gmt":"2026-02-24T15:07:02","slug":"menjador-escolar","status":"publish","type":"page","link":"https:\/\/agora.xtec.cat\/escolavolerany\/serveis\/menjador-escolar\/","title":{"rendered":"Menjador escolar"},"content":{"rendered":"\n<figure class=\"wp-block-image size-full\"><a href=\"https:\/\/agora.xtec.cat\/escolavolerany\/wp-content\/uploads\/usu2474\/2026\/02\/descarga.png\"><img loading=\"lazy\" decoding=\"async\" width=\"234\" height=\"216\" src=\"https:\/\/agora.xtec.cat\/escolavolerany\/wp-content\/uploads\/usu2474\/2026\/02\/descarga.png\" alt=\"\" class=\"wp-image-771\"\/><\/a><\/figure>\n\n\n\n<p>el servei de menjador de l\u2019escola est\u00e0 gestionat per l\u2019empresa Va de lleure. <\/p>\n\n\n\n<p>Empresa que compta amb experi\u00e8ncia en el sector  escolar i ofereix:<\/p>\n\n\n\n<ul class=\"wp-block-list\">\n<li>Men\u00fas equilibrats i adaptats a les necessitats nutricionals dels infants.<\/li>\n\n\n\n<li>Opcions per a al\u00b7l\u00e8rgies, intoler\u00e0ncies i dietes especials (amb informe m\u00e8dic).<\/li>\n\n\n\n<li>Productes de proximitat i de temporada.<\/li>\n\n\n\n<li>Personal qualificat tant en cuina com en monitoratge de menjador.<\/li>\n<\/ul>\n\n\n\n<p>L\u2019objectiu \u00e9s garantir una alimentaci\u00f3 saludable i un espai educatiu de qualitat durant l\u2019estona de migdia.<\/p>\n\n\n\n<p>Podeu consultar el seu INSTAGRAM: <a href=\"https:\/\/www.instagram.com\/vadelleure\">https:\/\/www.instagram.com\/vadelleure<\/a><\/p>\n\n\n\n<figure class=\"wp-block-image size-full is-resized\"><a href=\"https:\/\/agora.xtec.cat\/escolavolerany\/wp-content\/uploads\/usu2474\/2026\/02\/image-1.png\"><img loading=\"lazy\" decoding=\"async\" width=\"967\" height=\"276\" src=\"https:\/\/agora.xtec.cat\/escolavolerany\/wp-content\/uploads\/usu2474\/2026\/02\/image-1.png\" alt=\"\" class=\"wp-image-774\" style=\"width:694px;height:auto\" srcset=\"https:\/\/agora.xtec.cat\/escolavolerany\/wp-content\/uploads\/usu2474\/2026\/02\/image-1.png 967w, https:\/\/agora.xtec.cat\/escolavolerany\/wp-content\/uploads\/usu2474\/2026\/02\/image-1-300x86.png 300w, https:\/\/agora.xtec.cat\/escolavolerany\/wp-content\/uploads\/usu2474\/2026\/02\/image-1-768x219.png 768w\" sizes=\"auto, (max-width: 967px) 100vw, 967px\" \/><\/a><\/figure>\n\n\n\n<p class=\"has-vivid-cyan-blue-color has-text-color has-link-color wp-elements-05632029db11419b895fe2527d27a9af\"><\/p>\n\n\n\n<p><\/p>\n","protected":false},"excerpt":{"rendered":"<p>el servei de menjador de l\u2019escola est\u00e0 gestionat per l\u2019empresa Va de lleure. Empresa que compta amb experi\u00e8ncia en el sector escolar i ofereix: L\u2019objectiu \u00e9s garantir una alimentaci\u00f3 saludable i un espai educatiu de qualitat durant l\u2019estona de migdia. Podeu consultar el seu INSTAGRAM: https:\/\/www.instagram.com\/vadelleure<\/p>\n","protected":false},"author":1,"featured_media":0,"parent":66,"menu_order":30,"comment_status":"closed","ping_status":"closed","template":"","meta":{"site-sidebar-layout":"default","site-content-layout":"","ast-site-content-layout":"default","site-content-style":"default","site-sidebar-style":"default","ast-global-header-display":"","ast-banner-title-visibility":"","ast-main-header-display":"","ast-hfb-above-header-display":"","ast-hfb-below-header-display":"","ast-hfb-mobile-header-display":"","site-post-title":"","ast-breadcrumbs-content":"","ast-featured-img":"","footer-sml-layout":"","theme-transparent-header-meta":"","adv-header-id-meta":"","stick-header-meta":"","header-above-stick-meta":"","header-main-stick-meta":"","header-below-stick-meta":"","astra-migrate-meta-layouts":"set","ast-page-background-enabled":"default","ast-page-background-meta":{"desktop":{"background-color":"var(--ast-global-color-4)","background-image":"","background-repeat":"repeat","background-position":"center center","background-size":"auto","background-attachment":"scroll","background-type":"","background-media":"","overlay-type":"","overlay-color":"","overlay-opacity":"","overlay-gradient":""},"tablet":{"background-color":"","background-image":"","background-repeat":"repeat","background-position":"center center","background-size":"auto","background-attachment":"scroll","background-type":"","background-media":"","overlay-type":"","overlay-color":"","overlay-opacity":"","overlay-gradient":""},"mobile":{"background-color":"","background-image":"","background-repeat":"repeat","background-position":"center center","background-size":"auto","background-attachment":"scroll","background-type":"","background-media":"","overlay-type":"","overlay-color":"","overlay-opacity":"","overlay-gradient":""}},"ast-content-background-meta":{"desktop":{"background-color":"var(--ast-global-color-5)","background-image":"","background-repeat":"repeat","background-position":"center center","background-size":"auto","background-attachment":"scroll","background-type":"","background-media":"","overlay-type":"","overlay-color":"","overlay-opacity":"","overlay-gradient":""},"tablet":{"background-color":"var(--ast-global-color-5)","background-image":"","background-repeat":"repeat","background-position":"center center","background-size":"auto","background-attachment":"scroll","background-type":"","background-media":"","overlay-type":"","overlay-color":"","overlay-opacity":"","overlay-gradient":""},"mobile":{"background-color":"var(--ast-global-color-5)","background-image":"","background-repeat":"repeat","background-position":"center center","background-size":"auto","background-attachment":"scroll","background-type":"","background-media":"","overlay-type":"","overlay-color":"","overlay-opacity":"","overlay-gradient":""}},"footnotes":""},"class_list":["post-73","page","type-page","status-publish","hentry"],"post_mailing_queue_ids":[],"_links":{"self":[{"href":"https:\/\/agora.xtec.cat\/escolavolerany\/wp-json\/wp\/v2\/pages\/73","targetHints":{"allow":["GET"]}}],"collection":[{"href":"https:\/\/agora.xtec.cat\/escolavolerany\/wp-json\/wp\/v2\/pages"}],"about":[{"href":"https:\/\/agora.xtec.cat\/escolavolerany\/wp-json\/wp\/v2\/types\/page"}],"author":[{"embeddable":true,"href":"https:\/\/agora.xtec.cat\/escolavolerany\/wp-json\/wp\/v2\/users\/1"}],"replies":[{"embeddable":true,"href":"https:\/\/agora.xtec.cat\/escolavolerany\/wp-json\/wp\/v2\/comments?post=73"}],"version-history":[{"count":6,"href":"https:\/\/agora.xtec.cat\/escolavolerany\/wp-json\/wp\/v2\/pages\/73\/revisions"}],"predecessor-version":[{"id":777,"href":"https:\/\/agora.xtec.cat\/escolavolerany\/wp-json\/wp\/v2\/pages\/73\/revisions\/777"}],"up":[{"embeddable":true,"href":"https:\/\/agora.xtec.cat\/escolavolerany\/wp-json\/wp\/v2\/pages\/66"}],"wp:attachment":[{"href":"https:\/\/agora.xtec.cat\/escolavolerany\/wp-json\/wp\/v2\/media?parent=73"}],"curies":[{"name":"wp","href":"https:\/\/api.w.org\/{rel}","templated":true}]}}