{"id":631,"date":"2024-12-16T16:18:01","date_gmt":"2024-12-16T15:18:01","guid":{"rendered":"https:\/\/agora.xtec.cat\/escolavolerany\/?page_id=631"},"modified":"2026-02-24T15:21:42","modified_gmt":"2026-02-24T14:21:42","slug":"families","status":"publish","type":"page","link":"https:\/\/agora.xtec.cat\/escolavolerany\/families\/","title":{"rendered":"AFA (ASSOCIACI\u00d3 DE FAM\u00cdLIES D&#8217;ALUMNES)"},"content":{"rendered":"\n<h3 class=\"wp-block-heading\"><a href=\"https:\/\/agora.xtec.cat\/escolavolerany\/wp-content\/uploads\/usu2474\/2026\/02\/Sin-titulo.png\"><\/a><\/h3>\n\n\n\n<p>L&#8217;associaci\u00f3 de fam\u00edlies d&#8217;alumnes (AFA) de l&#8217;escola volerany, \u00e9s l&#8217;associaci\u00f3, sense \u00e0nim de lucre, que aplega tots els pares, mares o tutors legals dels alumnes de l&#8217;Escola que ho sol\u00b7liciten.<\/p>\n\n\n\n<p><strong>P\u00e0gina web de l&#8217;AFA de l&#8217;escola:&nbsp;<\/strong><\/p>\n\n\n\n<figure class=\"wp-block-embed\"><div class=\"wp-block-embed__wrapper\">\nhttps:\/\/ampaescolavolerany.wordpress.com\n<\/div><\/figure>\n\n\n\n<p>L\u2019AFA de l\u2019Escola organitza els seg\u00fcents serveis:<\/p>\n\n\n\n<p>&#8211; <strong>SERVEI DE MENJADOR<\/strong><br>Servei de menjador en horari de 12.30 a 15 h<\/p>\n\n\n\n<p>&#8211; <strong>SERVEI D\u2019ACOLLIDA<\/strong><br>Servei d\u2019acollida en horari de 7:30 a 9 h<\/p>\n\n\n\n<p>&#8211; <strong>ACTIVITATS EXTRAESCOLARS<\/strong><\/p>\n\n\n\n<figure class=\"wp-block-image\"><a href=\"https:\/\/agora.xtec.cat\/escolavolerany\/wp-content\/uploads\/usu2474\/2026\/02\/CONTACTA-AFA.png\"><img loading=\"lazy\" decoding=\"async\" width=\"729\" height=\"789\" src=\"https:\/\/agora.xtec.cat\/escolavolerany\/wp-content\/uploads\/usu2474\/2026\/02\/CONTACTA-AFA.png\" alt=\"\" class=\"wp-image-757\" srcset=\"https:\/\/agora.xtec.cat\/escolavolerany\/wp-content\/uploads\/usu2474\/2026\/02\/CONTACTA-AFA.png 729w, https:\/\/agora.xtec.cat\/escolavolerany\/wp-content\/uploads\/usu2474\/2026\/02\/CONTACTA-AFA-277x300.png 277w\" sizes=\"auto, (max-width: 729px) 100vw, 729px\" \/><\/a><\/figure>\n\n\n\n<h2 class=\"wp-block-heading has-medium-font-size\"><\/h2>\n\n\n\n<p><\/p>\n\n\n<div class=\"h5p-iframe-wrapper\"><iframe id=\"h5p-iframe-1\" class=\"h5p-iframe\" data-content-id=\"1\" style=\"height:1px\" src=\"about:blank\" frameBorder=\"0\" scrolling=\"no\" title=\"Comunicaci\u00f3 Escola i Fam\u00edlia\"><\/iframe><\/div>\n","protected":false},"excerpt":{"rendered":"<p>L&#8217;associaci\u00f3 de fam\u00edlies d&#8217;alumnes (AFA) de l&#8217;escola volerany, \u00e9s l&#8217;associaci\u00f3, sense \u00e0nim de lucre, que aplega tots els pares, mares o tutors legals dels alumnes de l&#8217;Escola que ho sol\u00b7liciten. P\u00e0gina web de l&#8217;AFA de l&#8217;escola:&nbsp; L\u2019AFA de l\u2019Escola organitza els seg\u00fcents serveis: &#8211; SERVEI DE MENJADORServei de menjador en horari de 12.30 a 15 [&hellip;]<\/p>\n","protected":false},"author":1,"featured_media":0,"parent":0,"menu_order":0,"comment_status":"closed","ping_status":"close","template":"","meta":{"site-sidebar-layout":"no-sidebar","site-content-layout":"","ast-site-content-layout":"default","site-content-style":"default","site-sidebar-style":"default","ast-global-header-display":"","ast-banner-title-visibility":"","ast-main-header-display":"","ast-hfb-above-header-display":"","ast-hfb-below-header-display":"","ast-hfb-mobile-header-display":"","site-post-title":"","ast-breadcrumbs-content":"","ast-featured-img":"","footer-sml-layout":"","theme-transparent-header-meta":"","adv-header-id-meta":"","stick-header-meta":"","header-above-stick-meta":"","header-main-stick-meta":"","header-below-stick-meta":"","astra-migrate-meta-layouts":"set","ast-page-background-enabled":"default","ast-page-background-meta":{"desktop":{"background-color":"var(--ast-global-color-4)","background-image":"","background-repeat":"repeat","background-position":"center center","background-size":"auto","background-attachment":"scroll","background-type":"","background-media":"","overlay-type":"","overlay-color":"","overlay-opacity":"","overlay-gradient":""},"tablet":{"background-color":"","background-image":"","background-repeat":"repeat","background-position":"center center","background-size":"auto","background-attachment":"scroll","background-type":"","background-media":"","overlay-type":"","overlay-color":"","overlay-opacity":"","overlay-gradient":""},"mobile":{"background-color":"","background-image":"","background-repeat":"repeat","background-position":"center center","background-size":"auto","background-attachment":"scroll","background-type":"","background-media":"","overlay-type":"","overlay-color":"","overlay-opacity":"","overlay-gradient":""}},"ast-content-background-meta":{"desktop":{"background-color":"var(--ast-global-color-5)","background-image":"","background-repeat":"repeat","background-position":"center center","background-size":"auto","background-attachment":"scroll","background-type":"","background-media":"","overlay-type":"","overlay-color":"","overlay-opacity":"","overlay-gradient":""},"tablet":{"background-color":"var(--ast-global-color-5)","background-image":"","background-repeat":"repeat","background-position":"center center","background-size":"auto","background-attachment":"scroll","background-type":"","background-media":"","overlay-type":"","overlay-color":"","overlay-opacity":"","overlay-gradient":""},"mobile":{"background-color":"var(--ast-global-color-5)","background-image":"","background-repeat":"repeat","background-position":"center center","background-size":"auto","background-attachment":"scroll","background-type":"","background-media":"","overlay-type":"","overlay-color":"","overlay-opacity":"","overlay-gradient":""}},"footnotes":""},"class_list":["post-631","page","type-page","status-publish","hentry"],"post_mailing_queue_ids":[],"_links":{"self":[{"href":"https:\/\/agora.xtec.cat\/escolavolerany\/wp-json\/wp\/v2\/pages\/631","targetHints":{"allow":["GET"]}}],"collection":[{"href":"https:\/\/agora.xtec.cat\/escolavolerany\/wp-json\/wp\/v2\/pages"}],"about":[{"href":"https:\/\/agora.xtec.cat\/escolavolerany\/wp-json\/wp\/v2\/types\/page"}],"author":[{"embeddable":true,"href":"https:\/\/agora.xtec.cat\/escolavolerany\/wp-json\/wp\/v2\/users\/1"}],"replies":[{"embeddable":true,"href":"https:\/\/agora.xtec.cat\/escolavolerany\/wp-json\/wp\/v2\/comments?post=631"}],"version-history":[{"count":6,"href":"https:\/\/agora.xtec.cat\/escolavolerany\/wp-json\/wp\/v2\/pages\/631\/revisions"}],"predecessor-version":[{"id":758,"href":"https:\/\/agora.xtec.cat\/escolavolerany\/wp-json\/wp\/v2\/pages\/631\/revisions\/758"}],"wp:attachment":[{"href":"https:\/\/agora.xtec.cat\/escolavolerany\/wp-json\/wp\/v2\/media?parent=631"}],"curies":[{"name":"wp","href":"https:\/\/api.w.org\/{rel}","templated":true}]}}