{"id":28,"date":"2014-09-18T12:29:35","date_gmt":"2014-09-18T11:29:35","guid":{"rendered":"http:\/\/agora.xtec.cat\/ceipverntallat\/?page_id=28"},"modified":"2025-11-26T16:15:01","modified_gmt":"2025-11-26T15:15:01","slug":"consell-escolar","status":"publish","type":"page","link":"https:\/\/agora.xtec.cat\/escolaverntallat\/lescola\/consell-escolar\/","title":{"rendered":"Consell escolar"},"content":{"rendered":"<p>El Consell Escolar del nostre centre est\u00e0 format per les seg\u00fcents persones:<\/p>\n<p><strong>EQUIP DIRECTIU<\/strong><\/p>\n<ul>\n<li>Montse Batlle Soy<\/li>\n<li>Eva Castanyer Feixas<\/li>\n<li>Anna Villatoro Herreros<\/li>\n<\/ul>\n<p><strong>SECTOR MESTRES<\/strong><\/p>\n<ul>\n<li>Lluisa Casado<\/li>\n<li>Gemma Picola<\/li>\n<li>Marga Ferres<\/li>\n<li>Merc\u00e8 Montserrat<\/li>\n<li>Montserrat Noguer<\/li>\n<\/ul>\n<p><strong>SECTOR FAM\u00cdLIES<\/strong><\/p>\n<ul>\n<li>Txell Dalmau<\/li>\n<li>S\u00edlvia Verdaguer<\/li>\n<li>Judit Mata<\/li>\n<li>Ester Colom<\/li>\n<li>Eva Carrera<\/li>\n<\/ul>\n<p><strong>PERSONAL PAS<\/strong><\/p>\n<ul>\n<li>Merc\u00e8 Casals<\/li>\n<\/ul>\n<p><strong>SECTOR AJUNTAMENT<\/strong><\/p>\n<ul>\n<li>Llu\u00eds Amat<\/li>\n<\/ul>\n<p>&nbsp;<\/p>\n<p>&nbsp;<\/p>\n<p>&nbsp;<\/p>\n","protected":false},"excerpt":{"rendered":"<p>El Consell Escolar del nostre centre est\u00e0 format per les seg\u00fcents persones: EQUIP DIRECTIU Montse Batlle Soy Eva Castanyer Feixas Anna Villatoro Herreros SECTOR MESTRES Lluisa Casado Gemma Picola Marga Ferres Merc\u00e8 Montserrat Montserrat Noguer SECTOR FAM\u00cdLIES Txell Dalmau S\u00edlvia Verdaguer Judit Mata Ester Colom Eva Carrera PERSONAL PAS Merc\u00e8 Casals SECTOR AJUNTAMENT Llu\u00eds Amat [&hellip;]<\/p>\n","protected":false},"author":1,"featured_media":0,"parent":22,"menu_order":30,"comment_status":"closed","ping_status":"closed","template":"page-templates\/side-menu.php","meta":{"_bbp_topic_count":0,"_bbp_reply_count":0,"_bbp_total_topic_count":0,"_bbp_total_reply_count":0,"_bbp_voice_count":0,"_bbp_anonymous_reply_count":0,"_bbp_topic_count_hidden":0,"_bbp_reply_count_hidden":0,"_bbp_forum_subforum_count":0,"site-sidebar-layout":"default","site-content-layout":"","ast-site-content-layout":"","site-content-style":"default","site-sidebar-style":"default","ast-global-header-display":"","ast-banner-title-visibility":"","ast-main-header-display":"","ast-hfb-above-header-display":"","ast-hfb-below-header-display":"","ast-hfb-mobile-header-display":"","site-post-title":"","ast-breadcrumbs-content":"","ast-featured-img":"","footer-sml-layout":"","theme-transparent-header-meta":"","adv-header-id-meta":"","stick-header-meta":"","header-above-stick-meta":"","header-main-stick-meta":"","header-below-stick-meta":"","astra-migrate-meta-layouts":"default","ast-page-background-enabled":"default","ast-page-background-meta":{"desktop":{"background-color":"var(--ast-global-color-4)","background-image":"","background-repeat":"repeat","background-position":"center center","background-size":"auto","background-attachment":"scroll","background-type":"","background-media":"","overlay-type":"","overlay-color":"","overlay-opacity":"","overlay-gradient":""},"tablet":{"background-color":"","background-image":"","background-repeat":"repeat","background-position":"center center","background-size":"auto","background-attachment":"scroll","background-type":"","background-media":"","overlay-type":"","overlay-color":"","overlay-opacity":"","overlay-gradient":""},"mobile":{"background-color":"","background-image":"","background-repeat":"repeat","background-position":"center center","background-size":"auto","background-attachment":"scroll","background-type":"","background-media":"","overlay-type":"","overlay-color":"","overlay-opacity":"","overlay-gradient":""}},"ast-content-background-meta":{"desktop":{"background-color":"var(--ast-global-color-5)","background-image":"","background-repeat":"repeat","background-position":"center center","background-size":"auto","background-attachment":"scroll","background-type":"","background-media":"","overlay-type":"","overlay-color":"","overlay-opacity":"","overlay-gradient":""},"tablet":{"background-color":"var(--ast-global-color-5)","background-image":"","background-repeat":"repeat","background-position":"center center","background-size":"auto","background-attachment":"scroll","background-type":"","background-media":"","overlay-type":"","overlay-color":"","overlay-opacity":"","overlay-gradient":""},"mobile":{"background-color":"var(--ast-global-color-5)","background-image":"","background-repeat":"repeat","background-position":"center center","background-size":"auto","background-attachment":"scroll","background-type":"","background-media":"","overlay-type":"","overlay-color":"","overlay-opacity":"","overlay-gradient":""}},"footnotes":""},"class_list":["post-28","page","type-page","status-publish","hentry"],"post_mailing_queue_ids":[],"_links":{"self":[{"href":"https:\/\/agora.xtec.cat\/escolaverntallat\/wp-json\/wp\/v2\/pages\/28","targetHints":{"allow":["GET"]}}],"collection":[{"href":"https:\/\/agora.xtec.cat\/escolaverntallat\/wp-json\/wp\/v2\/pages"}],"about":[{"href":"https:\/\/agora.xtec.cat\/escolaverntallat\/wp-json\/wp\/v2\/types\/page"}],"author":[{"embeddable":true,"href":"https:\/\/agora.xtec.cat\/escolaverntallat\/wp-json\/wp\/v2\/users\/1"}],"replies":[{"embeddable":true,"href":"https:\/\/agora.xtec.cat\/escolaverntallat\/wp-json\/wp\/v2\/comments?post=28"}],"version-history":[{"count":7,"href":"https:\/\/agora.xtec.cat\/escolaverntallat\/wp-json\/wp\/v2\/pages\/28\/revisions"}],"predecessor-version":[{"id":2622,"href":"https:\/\/agora.xtec.cat\/escolaverntallat\/wp-json\/wp\/v2\/pages\/28\/revisions\/2622"}],"up":[{"embeddable":true,"href":"https:\/\/agora.xtec.cat\/escolaverntallat\/wp-json\/wp\/v2\/pages\/22"}],"wp:attachment":[{"href":"https:\/\/agora.xtec.cat\/escolaverntallat\/wp-json\/wp\/v2\/media?parent=28"}],"curies":[{"name":"wp","href":"https:\/\/api.w.org\/{rel}","templated":true}]}}