{"id":1898,"date":"2023-09-25T16:29:21","date_gmt":"2023-09-25T14:29:21","guid":{"rendered":"https:\/\/agora.xtec.cat\/escolaverntallat\/?page_id=1898"},"modified":"2026-04-10T10:41:36","modified_gmt":"2026-04-10T08:41:36","slug":"multimedia","status":"publish","type":"page","link":"https:\/\/agora.xtec.cat\/escolaverntallat\/multimedia\/","title":{"rendered":"Multim\u00e8dia"},"content":{"rendered":"<p><a href=\"https:\/\/drive.google.com\/drive\/folders\/1JZ1uPlAUTfIo_VhoWVuwcjiA0A-2fOIj?usp=sharing\">PROMOCI\u00d3 2014<\/a><\/p>\n<p><a href=\"https:\/\/drive.google.com\/drive\/folders\/1dRNIbDNMY0BXlVuK5cy83dw3sXMgHOJa?usp=sharing\">PROMOCI\u00d3 2015<\/a><\/p>\n<p><a href=\"https:\/\/drive.google.com\/drive\/folders\/1y7oQlSV_7uaswECr5nJGBZnx3h0yUGwH?usp=sharing\">PROMOCI\u00d3 2016<\/a><\/p>\n<p><a href=\"https:\/\/drive.google.com\/drive\/folders\/1uaq0TO_3GdeI8MTJan1oiUvYFl51BIQR?usp=sharing\">PROMOCI\u00d3 2017<\/a><\/p>\n<p><a href=\"https:\/\/drive.google.com\/drive\/folders\/1LXIj5AtfZ3MPk59bhHAysx1Jdg0ZL_8C?usp=sharing\">PROMOCI\u00d3 2018<\/a><\/p>\n<p><a href=\"https:\/\/drive.google.com\/drive\/folders\/1O1qXnu0pnGg_KAtDLZICzhUHB80W-fBr?usp=sharing\">PROMOCI\u00d3 2019<\/a><\/p>\n<p><a href=\"https:\/\/drive.google.com\/drive\/folders\/1YB57ASiNLwV9siW1Aq0C_sINTU6_ohUb?usp=sharing\">PROMOCI\u00d3 2020<\/a><\/p>\n<p><a href=\"https:\/\/drive.google.com\/drive\/folders\/1FTkmhiAAMXgTK392OTANl5k2Qs08Kdys?usp=sharing\" target=\"_blank\" rel=\"noopener\">PROMOCI\u00d3 2021<\/a><\/p>\n<p><a href=\"https:\/\/drive.google.com\/drive\/folders\/1PhCCIjcIS7wVipW_6qVO7ecrGKlwd3Cd?usp=sharing\" target=\"_blank\" rel=\"noopener\">PROMOCI\u00d3 2022<\/a><\/p>\n","protected":false},"excerpt":{"rendered":"<p>PROMOCI\u00d3 2014 PROMOCI\u00d3 2015 PROMOCI\u00d3 2016 PROMOCI\u00d3 2017 PROMOCI\u00d3 2018 PROMOCI\u00d3 2019 PROMOCI\u00d3 2020 PROMOCI\u00d3 2021 PROMOCI\u00d3 2022<\/p>\n","protected":false},"author":3,"featured_media":0,"parent":0,"menu_order":0,"comment_status":"closed","ping_status":"closed","template":"","meta":{"_bbp_topic_count":0,"_bbp_reply_count":0,"_bbp_total_topic_count":0,"_bbp_total_reply_count":0,"_bbp_voice_count":0,"_bbp_anonymous_reply_count":0,"_bbp_topic_count_hidden":0,"_bbp_reply_count_hidden":0,"_bbp_forum_subforum_count":0,"site-sidebar-layout":"default","site-content-layout":"","ast-site-content-layout":"default","site-content-style":"default","site-sidebar-style":"default","ast-global-header-display":"","ast-banner-title-visibility":"","ast-main-header-display":"","ast-hfb-above-header-display":"","ast-hfb-below-header-display":"","ast-hfb-mobile-header-display":"","site-post-title":"","ast-breadcrumbs-content":"","ast-featured-img":"","footer-sml-layout":"","theme-transparent-header-meta":"default","adv-header-id-meta":"","stick-header-meta":"","header-above-stick-meta":"","header-main-stick-meta":"","header-below-stick-meta":"","astra-migrate-meta-layouts":"set","ast-page-background-enabled":"default","ast-page-background-meta":{"desktop":{"background-color":"var(--ast-global-color-4)","background-image":"","background-repeat":"repeat","background-position":"center center","background-size":"auto","background-attachment":"scroll","background-type":"","background-media":"","overlay-type":"","overlay-color":"","overlay-opacity":"","overlay-gradient":""},"tablet":{"background-color":"","background-image":"","background-repeat":"repeat","background-position":"center center","background-size":"auto","background-attachment":"scroll","background-type":"","background-media":"","overlay-type":"","overlay-color":"","overlay-opacity":"","overlay-gradient":""},"mobile":{"background-color":"","background-image":"","background-repeat":"repeat","background-position":"center center","background-size":"auto","background-attachment":"scroll","background-type":"","background-media":"","overlay-type":"","overlay-color":"","overlay-opacity":"","overlay-gradient":""}},"ast-content-background-meta":{"desktop":{"background-color":"var(--ast-global-color-5)","background-image":"","background-repeat":"repeat","background-position":"center center","background-size":"auto","background-attachment":"scroll","background-type":"","background-media":"","overlay-type":"","overlay-color":"","overlay-opacity":"","overlay-gradient":""},"tablet":{"background-color":"var(--ast-global-color-5)","background-image":"","background-repeat":"repeat","background-position":"center center","background-size":"auto","background-attachment":"scroll","background-type":"","background-media":"","overlay-type":"","overlay-color":"","overlay-opacity":"","overlay-gradient":""},"mobile":{"background-color":"var(--ast-global-color-5)","background-image":"","background-repeat":"repeat","background-position":"center center","background-size":"auto","background-attachment":"scroll","background-type":"","background-media":"","overlay-type":"","overlay-color":"","overlay-opacity":"","overlay-gradient":""}},"footnotes":""},"class_list":["post-1898","page","type-page","status-publish","hentry"],"post_mailing_queue_ids":[],"_links":{"self":[{"href":"https:\/\/agora.xtec.cat\/escolaverntallat\/wp-json\/wp\/v2\/pages\/1898","targetHints":{"allow":["GET"]}}],"collection":[{"href":"https:\/\/agora.xtec.cat\/escolaverntallat\/wp-json\/wp\/v2\/pages"}],"about":[{"href":"https:\/\/agora.xtec.cat\/escolaverntallat\/wp-json\/wp\/v2\/types\/page"}],"author":[{"embeddable":true,"href":"https:\/\/agora.xtec.cat\/escolaverntallat\/wp-json\/wp\/v2\/users\/3"}],"replies":[{"embeddable":true,"href":"https:\/\/agora.xtec.cat\/escolaverntallat\/wp-json\/wp\/v2\/comments?post=1898"}],"version-history":[{"count":6,"href":"https:\/\/agora.xtec.cat\/escolaverntallat\/wp-json\/wp\/v2\/pages\/1898\/revisions"}],"predecessor-version":[{"id":2712,"href":"https:\/\/agora.xtec.cat\/escolaverntallat\/wp-json\/wp\/v2\/pages\/1898\/revisions\/2712"}],"wp:attachment":[{"href":"https:\/\/agora.xtec.cat\/escolaverntallat\/wp-json\/wp\/v2\/media?parent=1898"}],"curies":[{"name":"wp","href":"https:\/\/api.w.org\/{rel}","templated":true}]}}