{"id":80,"date":"2014-09-18T14:09:48","date_gmt":"2014-09-18T12:09:48","guid":{"rendered":"http:\/\/agora.xtec.cat\/escolaventuragassol\/?page_id=80"},"modified":"2023-05-04T20:44:40","modified_gmt":"2023-05-04T18:44:40","slug":"transport-escolar","status":"publish","type":"page","link":"https:\/\/agora.xtec.cat\/escolaventuragassol\/serveis\/transport-escolar\/","title":{"rendered":"Transport Escolar"},"content":{"rendered":"<p>El Consell Comarcal del Tarragon\u00e8s gestiona una \u00e0mplia xarxa d\u2019autobusos que permet el trasllat d\u2019alumnes d\u2019educaci\u00f3 prim\u00e0ria, secund\u00e0ria i especial, que viuen en zones on no hi ha l\u2019ensenyament obligatori cobert.<\/p>\n<p>La nostra escola disposa de servei de transport escolar per als alumnes vinguts del Rourell, gestionat pel CCT.<\/p>\n<p>Clicant la icona, us enlla\u00e7ar\u00e0 amb la p\u00e0gina web del CCT on trobareu tota la informaci\u00f3 i documentaci\u00f3 necess\u00e0ria per a qu\u00e8 les fam\u00edlies del Rourell pugueu sol\u00b7licitar i autoritzar el transport escolar:<\/p>\n<p><a href=\"http:\/\/tarragones.cat\/ensenyament\/transport-escolar\" target=\"_blank\" rel=\"noopener\"><img loading=\"lazy\" decoding=\"async\" class=\"alignnone wp-image-1436 size-full\" src=\"https:\/\/agora.xtec.cat\/escolaventuragassol\/wp-content\/uploads\/usu2008\/2019\/12\/logo-CCT.jpg\" alt=\"\" width=\"246\" height=\"96\" \/><\/a><\/p>\n<p>&nbsp;<\/p>\n<p>Cliqueu el seg\u00fcent enlla\u00e7 per baixar-vos la Sol\u00b7licitud i Autoritzaci\u00f3 de Transport Escolar (alumnat del Rourell): \u00a0 <a href=\"https:\/\/drive.google.com\/file\/d\/1M7isQp5wmEh84nxUrhqS0xosUHt40jPp\/view?usp=share_link\" target=\"_blank\" rel=\"noopener\"><em><strong>Sol\u00b7licitud i Autoritzaci\u00f3 de Transport Escolar <\/strong><\/em><\/a><\/p>\n","protected":false},"excerpt":{"rendered":"<p>El Consell Comarcal del Tarragon\u00e8s gestiona una \u00e0mplia xarxa d\u2019autobusos que permet el trasllat d\u2019alumnes d\u2019educaci\u00f3 prim\u00e0ria, secund\u00e0ria i especial, que viuen en zones on no hi ha l\u2019ensenyament obligatori cobert.<br \/>\nLa nostra escola disposa de servei de transport escolar per als alumnes vinguts del Rourell,&hellip;  <a href=\"https:\/\/agora.xtec.cat\/escolaventuragassol\/serveis\/transport-escolar\/\" title=\"Read Transport Escolar\">Llegeix m\u00e9s\u00bb<\/a><\/p>\n","protected":false},"author":1,"featured_media":0,"parent":66,"menu_order":3,"comment_status":"closed","ping_status":"closed","template":"page-templates\/side-menu.php","meta":{"_bbp_topic_count":0,"_bbp_reply_count":0,"_bbp_total_topic_count":0,"_bbp_total_reply_count":0,"_bbp_voice_count":0,"_bbp_anonymous_reply_count":0,"_bbp_topic_count_hidden":0,"_bbp_reply_count_hidden":0,"_bbp_forum_subforum_count":0,"footnotes":""},"class_list":["post-80","page","type-page","status-publish","hentry"],"post_mailing_queue_ids":[],"_links":{"self":[{"href":"https:\/\/agora.xtec.cat\/escolaventuragassol\/wp-json\/wp\/v2\/pages\/80","targetHints":{"allow":["GET"]}}],"collection":[{"href":"https:\/\/agora.xtec.cat\/escolaventuragassol\/wp-json\/wp\/v2\/pages"}],"about":[{"href":"https:\/\/agora.xtec.cat\/escolaventuragassol\/wp-json\/wp\/v2\/types\/page"}],"author":[{"embeddable":true,"href":"https:\/\/agora.xtec.cat\/escolaventuragassol\/wp-json\/wp\/v2\/users\/1"}],"replies":[{"embeddable":true,"href":"https:\/\/agora.xtec.cat\/escolaventuragassol\/wp-json\/wp\/v2\/comments?post=80"}],"version-history":[{"count":5,"href":"https:\/\/agora.xtec.cat\/escolaventuragassol\/wp-json\/wp\/v2\/pages\/80\/revisions"}],"predecessor-version":[{"id":4920,"href":"https:\/\/agora.xtec.cat\/escolaventuragassol\/wp-json\/wp\/v2\/pages\/80\/revisions\/4920"}],"up":[{"embeddable":true,"href":"https:\/\/agora.xtec.cat\/escolaventuragassol\/wp-json\/wp\/v2\/pages\/66"}],"wp:attachment":[{"href":"https:\/\/agora.xtec.cat\/escolaventuragassol\/wp-json\/wp\/v2\/media?parent=80"}],"curies":[{"name":"wp","href":"https:\/\/api.w.org\/{rel}","templated":true}]}}