{"id":73,"date":"2020-02-11T13:01:51","date_gmt":"2020-02-11T12:01:51","guid":{"rendered":"http:\/\/agora.xtec.cat\/escolaventuragassol\/?page_id=73"},"modified":"2025-11-01T09:13:25","modified_gmt":"2025-11-01T08:13:25","slug":"menjador-escolar","status":"publish","type":"page","link":"https:\/\/agora.xtec.cat\/escolaventuragassol\/serveis\/menjador-escolar\/","title":{"rendered":"Menjador Escolar"},"content":{"rendered":"<h1 id=\"parent-fieldname-title\" class=\"documentFirstHeading\" style=\"text-align: center;\"><span style=\"color: #008080;\"><strong><span style=\"text-decoration: underline;\">MENJADOR ESCOLAR<\/span><\/strong><\/span><\/h1>\n<p style=\"text-align: left;\">L&#8217;empresa que gestiona el menjador escolar \u00e9s 7 i Tria:\u00a0 \u00a0 \u00a0 \u00a0 \u00a0<img loading=\"lazy\" decoding=\"async\" class=\"alignnone wp-image-5417 \" src=\"https:\/\/agora.xtec.cat\/escolaventuragassol\/wp-content\/uploads\/usu2008\/2024\/10\/Screenshot_2.png\" alt=\"\" width=\"127\" height=\"97\" \/><\/p>\n<p>&nbsp;<\/p>\n<p>Podeu posar-vos en contacte amb la coordinadora del menjador escolar (Sheila Liria) a trav\u00e9s dels seg\u00fcents canals:<\/p>\n<p style=\"text-align: left;\"><strong>\u2192 Tel\u00e8fon:<\/strong> 606 409 526<\/p>\n<p style=\"text-align: left;\"><strong>\u2192 Correu electr\u00f2nic:<\/strong> <a href=\"mailto:menjadorventuragassolelmorell@gmail.com\">menjadorventuragassolelmorell@gmail.com\u00a0<\/a><\/p>\n<p>\u2192 <strong>Aplicaci\u00f3 m\u00f2bi<\/strong>l:\u00a0 \u00a07 i TRIA \/ Fundesplai<\/p>\n<p><img loading=\"lazy\" decoding=\"async\" class=\"wp-image-5136 alignleft\" style=\"font-family: inherit; font-size: 1em;\" src=\"https:\/\/agora.xtec.cat\/escolaventuragassol\/wp-content\/uploads\/usu2008\/2023\/09\/mockup-04.jpg\" alt=\"\" width=\"115\" height=\"246\" srcset=\"https:\/\/agora.xtec.cat\/escolaventuragassol\/wp-content\/uploads\/usu2008\/2023\/09\/mockup-04.jpg 292w, https:\/\/agora.xtec.cat\/escolaventuragassol\/wp-content\/uploads\/usu2008\/2023\/09\/mockup-04-140x300.jpg 140w\" sizes=\"auto, (max-width: 115px) 100vw, 115px\" \/><\/p>\n<div>\n<p><span style=\"font-family: inherit; font-size: 1em;\">Tota la informaci\u00f3 sobre el menjador la trobareu a l&#8217;aplicaci\u00f3 per tel\u00e8fons m\u00f2bils:<\/span><\/p>\n<p><span style=\"font-family: inherit; font-size: 1em;\"><img loading=\"lazy\" decoding=\"async\" class=\"wp-image-5131 alignleft\" src=\"https:\/\/agora.xtec.cat\/escolaventuragassol\/wp-content\/uploads\/usu2008\/2023\/09\/Sense-titol.png\" alt=\"\" width=\"242\" height=\"71\" srcset=\"https:\/\/agora.xtec.cat\/escolaventuragassol\/wp-content\/uploads\/usu2008\/2023\/09\/Sense-titol.png 434w, https:\/\/agora.xtec.cat\/escolaventuragassol\/wp-content\/uploads\/usu2008\/2023\/09\/Sense-titol-300x88.png 300w\" sizes=\"auto, (max-width: 242px) 100vw, 242px\" \/><\/span><\/p>\n<p>&nbsp;<\/p>\n<p>&nbsp;<\/p>\n<p><span style=\"font-family: inherit; font-size: 1em;\">El seg\u00fcent enlla\u00e7 us redirigir\u00e0 a la p\u00e0gina web on hi trobareu les instruccions per baixar-vos aquesta aplicaci\u00f3 al tel\u00e8fon: <a href=\"https:\/\/activitats.fundesplai.org\/public\/landing\/app-7itria\" target=\"_blank\" rel=\"noopener\">https:\/\/activitats.fundesplai.org\/public\/landing\/app-7itria<\/a><\/span><\/p>\n<p>&nbsp;<\/p>\n<\/div>\n<div>\n<p style=\"text-align: center;\">_______________________________________________________<\/p>\n<p>&nbsp;<\/p>\n<p><img loading=\"lazy\" decoding=\"async\" class=\"wp-image-5417 alignleft\" src=\"https:\/\/agora.xtec.cat\/escolaventuragassol\/wp-content\/uploads\/usu2008\/2024\/10\/Screenshot_2.png\" alt=\"\" width=\"183\" height=\"140\" \/><\/p>\n<\/div>\n<p><span style=\"text-decoration: underline;\"><strong>PLA DE FUNCIONAMENT DEL MENJADOR &#8211; CURS 2025\/2026:<\/strong><\/span><\/p>\n<p><span style=\"font-family: inherit; font-size: 1em;\">Tota la informaci\u00f3 sobre el Pla de Funcionament del menjador escolar la trobareu clicant la seg\u00fcent icona: <a href=\"https:\/\/drive.google.com\/file\/d\/1NRM7ELfQRkx-YJ2AQ1KUpNHR7vu-nHGk\/view?usp=sharing\" target=\"_blank\" rel=\"noopener\"><img loading=\"lazy\" decoding=\"async\" class=\"alignnone wp-image-579\" src=\"https:\/\/agora.xtec.cat\/escolaventuragassol\/wp-content\/uploads\/usu2008\/2019\/05\/PDF.jpg\" alt=\"\" width=\"55\" height=\"55\" srcset=\"https:\/\/agora.xtec.cat\/escolaventuragassol\/wp-content\/uploads\/usu2008\/2019\/05\/PDF.jpg 176w, https:\/\/agora.xtec.cat\/escolaventuragassol\/wp-content\/uploads\/usu2008\/2019\/05\/PDF-150x150.jpg 150w\" sizes=\"auto, (max-width: 55px) 100vw, 55px\" \/><\/a><\/span><\/p>\n<p>&nbsp;<\/p>\n<p>&nbsp;<\/p>\n<p>&nbsp;<\/p>\n<p>======================================================================================================================================================================================================================================================================================================<\/p>\n<p>&nbsp;<\/p>\n<h1 id=\"parent-fieldname-title\" class=\"documentFirstHeading\" style=\"text-align: center;\"><strong><span style=\"text-decoration: underline; color: #008080;\">AJUTS INDIVIDUALS DE MENJADOR (AIM)<\/span><\/strong><\/h1>\n<p>&nbsp;<\/p>\n<p>El Departament d\u2019Ensenyament del Consell Comarcal del Tarragon\u00e8s t\u00e9 com a objectiu prioritari oferir els recursos necessaris perqu\u00e8 els alumnes del Tarragon\u00e8s puguin assistir als centres d\u2019ensenyament amb igualtat d\u2019oportunitats, posant al seu abast: beques de menjador, servei de transport&#8230;<\/p>\n<p>El Consell Comarcal del Tarragon\u00e8s atorga diferents ajuts de menjador atenent la situaci\u00f3 econ\u00f2mica i social de la fam\u00edlia (<strong>AIM<\/strong>) o el municipi de resid\u00e8ncia (<strong>MO<\/strong>)<\/p>\n<p>&nbsp;<\/p>\n<p><strong>AIM (Ajuts Individuals de Menjador) Curs 2025-2026<\/strong><\/p>\n<ul>\n<li><span style=\"text-decoration: underline;\"><span class=\"internal-link\"><a class=\"internal-link\" title=\"\" href=\"http:\/\/www.tarragones.cat\/ensenyament\/menjadors-escolars-ajuts\/bases-aim-25-26\" target=\"_blank\" rel=\"noopener\"><span style=\"color: #33cccc; text-decoration: underline;\"><strong>Bases <\/strong><\/span><strong><span style=\"color: #33cccc; text-decoration: underline;\">de la convocat\u00f2ria, curs 2025-26<\/span><\/strong><\/a><\/span><\/span><span class=\"internal-link\"><strong><span style=\"color: #33cccc;\">\u00a0 <span style=\"color: #000000;\">\u00a0 \u00a0<\/span><a href=\"http:\/\/www.tarragones.cat\/ensenyament\/menjadors-escolars-ajuts\/bases-aim-25-26\" target=\"_blank\" rel=\"noopener\"><img loading=\"lazy\" decoding=\"async\" class=\"alignnone wp-image-4069\" src=\"https:\/\/agora.xtec.cat\/escolaventuragassol\/wp-content\/uploads\/usu2008\/2022\/03\/PDF-e1646300818785.png\" alt=\"\" width=\"34\" height=\"42\" \/><\/a><\/span><\/strong><\/span><\/li>\n<\/ul>\n<p><strong>Sol\u00b7licitud d&#8217;AIM. 1a. Convocat\u00f2ria<\/strong><\/p>\n<ul>\n<li><span style=\"color: #33cccc;\"><strong><span style=\"text-decoration: underline;\"><a class=\"internal-link\" style=\"color: #33cccc; text-decoration: underline;\" title=\"\" href=\"http:\/\/www.tarragones.cat\/ensenyament\/menjadors-escolars-ajuts\/model-sol-ordinaria-25-26\" target=\"_blank\" rel=\"noopener\">Model ordinari<\/a><\/span>\u00a0 <span style=\"color: #000000;\">\u00a0 \u00a0<\/span> <a href=\"http:\/\/www.tarragones.cat\/ensenyament\/menjadors-escolars-ajuts\/model-sol-ordinaria-25-26\" target=\"_blank\" rel=\"noopener\"><img loading=\"lazy\" decoding=\"async\" class=\"alignnone wp-image-4069\" src=\"https:\/\/agora.xtec.cat\/escolaventuragassol\/wp-content\/uploads\/usu2008\/2022\/03\/PDF-e1646300818785.png\" alt=\"\" width=\"33\" height=\"41\" \/><\/a><\/strong><\/span><\/li>\n<\/ul>\n<p>&nbsp;<\/p>\n<p><strong>La presentaci\u00f3 de les sol\u00b7licituds per part de l&#8217;interessat es pot fer de la seg\u00fcent manera:<\/strong><\/p>\n<ul>\n<li><a class=\"external-link\" title=\"\" href=\"https:\/\/actio.dipta.cat\/catalegserveis\/id\/8103630008\/servei\/CT036_NCIOA_00001?origen=seu&amp;menu=false\" target=\"_blank\" rel=\"noopener\"><span style=\"text-decoration: underline;\"><span style=\"color: #33cccc; text-decoration: underline;\">Telem\u00e0ticament<\/span><\/span><span style=\"color: #33cccc;\">\u00a0<\/span><\/a>(operatiu a partir del dia 19 de maig)<b><br \/>\n<\/b><\/li>\n<\/ul>\n<ul>\n<li>Presencialment al:\n<ul>\n<li>Centre docent (fins al divendres, 6 de juny de 2025. A partir d&#8217;aquesta data cal entregar la sol\u00b7licitud directament al Consell Comarcal).<\/li>\n<li>Consell Comarcal del Tarragon\u00e8s (CCT) amb cita pr\u00e8via.<\/li>\n<\/ul>\n<\/li>\n<\/ul>\n<p><strong>Com demanar cita pr\u00e8via al CCT?<\/strong><\/p>\n<p>Per demanar hora clicar <a class=\"external-link\" title=\"\" href=\"http:\/\/www.tarragones.cat\/cita-previa-1\/cita-previa-beques-menjador-2021-2022\" target=\"_blank\" rel=\"noopener\"><span style=\"text-decoration: underline;\"><span style=\"color: #33cccc; text-decoration: underline;\">cita pr\u00e8via<\/span><\/span><\/a><span style=\"color: #33cccc;\"><a class=\"external-link\" style=\"color: #33cccc;\" title=\"\" href=\"http:\/\/www.tarragones.cat\/cita-previa-1\/cita-previa-beques-menjador-2021-2022\" target=\"_blank\" rel=\"noopener\"><span style=\"text-decoration: underline;\">\u00a0<\/span><\/a><\/span>(a partir del dia 12\/05\/25).<\/p>\n<p>Observacions: la documentaci\u00f3\u00a0 requerida ha d&#8217;estar ben emplenada amb les fotoc\u00f2pies necess\u00e0ries, bol\u00edgraf i s&#8217;atendr\u00e0\u00a0una sola persona per visita.<\/p>\n<p>&nbsp;<\/p>\n<p><strong>Termini de presentaci\u00f3 de sol\u00b7licituds\u00a0 \/ documentaci\u00f3 \/ reclamaci\u00f3 al CCT:<\/strong><\/p>\n<ul>\n<li>1a Convocat\u00f2ria:\n<ul>\n<li>Presentaci\u00f3 sol\u00b7licitud: del 19 de maig al 27 de juny de 2025.<\/li>\n<li>Portar documentaci\u00f3 que falti a la sol\u00b7licitud:\u00a0\u00faltim dia 17 de setembre de 2025.<\/li>\n<\/ul>\n<\/li>\n<li>2a Convocat\u00f2ria:\n<ul>\n<li>Presentaci\u00f3 sol\u00b7licitud: del 8\u00a0al 17 de setembre de 2025.<\/li>\n<li>Presentaci\u00f3 de documentaci\u00f3 que falti a la sol\u00b7licitud: pendent concretar.<\/li>\n<\/ul>\n<\/li>\n<\/ul>\n<p>La 2a. convocat\u00f2ria est\u00e0 adre\u00e7ada \u00fanicament a les seg\u00fcents situacions:<br \/>\n&#8211; Trasllats o noves matriculacions.<br \/>\n&#8211; Situaci\u00f3 sobrevinguda que requereixi l\u2019atenci\u00f3 de serveis socials.<br \/>\n&#8211; Unitats familiars en qu\u00e8 la seva situaci\u00f3 econ\u00f2mica \/ social s\u2019hagi vist greument afectada per causa de for\u00e7a major degudament acreditada amb posterioritat al termini de presentaci\u00f3 de la primera sol\u00b7licitud.<\/p>\n<p>&nbsp;<\/p>\n<p><strong>Llistat de resoluci\u00f3 de les sol\u00b7licituds d&#8217;AIM:<\/strong><\/p>\n<ul>\n<li>1a. Convocat\u00f2ria:<\/li>\n<\/ul>\n<p><a href=\"https:\/\/drive.google.com\/file\/d\/1vsLqugzEJtTqBUseLxHxmGBf-TLNWqTA\/view?usp=sharing\" target=\"_blank\" rel=\"noopener\"><img loading=\"lazy\" decoding=\"async\" class=\"alignnone wp-image-4069\" style=\"font-family: inherit; font-size: 1em;\" src=\"https:\/\/agora.xtec.cat\/escolaventuragassol\/wp-content\/uploads\/usu2008\/2022\/03\/PDF-e1646300818785.png\" alt=\"\" width=\"36\" height=\"44\" \/><\/a><span style=\"font-family: inherit; font-size: 1em;\"> \u00a0<\/span><span class=\"internal-link\" style=\"font-family: inherit; font-size: 1em;\">aprovats\u00a0 \u00a0 \u00a0\u00a0<\/span><\/p>\n<p><a href=\"https:\/\/drive.google.com\/file\/d\/118-4SIh6ePxU4SKILzLSTBWbT3GhzvRU\/view?usp=sharing\" target=\"_blank\" rel=\"noopener\"><img loading=\"lazy\" decoding=\"async\" class=\"alignnone wp-image-4069\" src=\"https:\/\/agora.xtec.cat\/escolaventuragassol\/wp-content\/uploads\/usu2008\/2022\/03\/PDF-e1646300818785.png\" alt=\"\" width=\"36\" height=\"44\" \/><\/a> \u00a0<span class=\"internal-link\">denegats\u00a0 \u00a0 \u00a0 \u00a0<\/span><\/p>\n<p><a href=\"https:\/\/drive.google.com\/file\/d\/126xPSvOPwKQ-u5H5s3nsi9iewW8Mzmaz\/view?usp=drive_link\" target=\"_blank\" rel=\"noopener\"><img loading=\"lazy\" decoding=\"async\" class=\"alignnone wp-image-4069\" src=\"https:\/\/agora.xtec.cat\/escolaventuragassol\/wp-content\/uploads\/usu2008\/2022\/03\/PDF-e1646300818785.png\" alt=\"\" width=\"36\" height=\"44\" \/><\/a>\u00a0 \u00a0<span class=\"internal-link\">manca de documentaci\u00f3<\/span><\/p>\n<p>&nbsp;<\/p>\n<p>Trobareu tota la informaci\u00f3 a la web del <a href=\"http:\/\/www.tarragones.cat\/ensenyament\/menjadors-escolars-ajuts-1\" target=\"_blank\" rel=\"noopener\"><span style=\"text-decoration: underline;\"><span style=\"color: #33cccc; text-decoration: underline;\">Consell Comarcal del Tarragon\u00e8s<\/span><\/span><\/a>.<\/p>\n<p><a href=\"http:\/\/www.tarragones.cat\/ensenyament\/menjadors-escolars-ajuts-1\" target=\"_blank\" rel=\"noopener\"><img loading=\"lazy\" decoding=\"async\" class=\"alignleft wp-image-1436 \" src=\"https:\/\/agora.xtec.cat\/escolaventuragassol\/wp-content\/uploads\/usu2008\/2019\/12\/logo-CCT.jpg\" alt=\"\" width=\"174\" height=\"68\" \/><\/a><\/p>\n<p>&nbsp;<\/p>\n<p>&nbsp;<\/p>\n","protected":false},"excerpt":{"rendered":"<p>MENJADOR ESCOLAR<br \/>\nL&#8217;empresa que gestiona el menjador escolar \u00e9s 7 i Tria:\u00a0 \u00a0 \u00a0 \u00a0 \u00a0<br \/>\n&nbsp;<br \/>\nPodeu posar-vos en contacte amb la coordinadora del menjador escolar (Sheila Liria) a trav\u00e9s dels seg\u00fcents canals:<br \/>\n\u2192 Tel\u00e8fon: 606 409 526<br \/>\n\u2192 Correu electr\u00f2nic: <a href=\"mailto:menjadorventuragassolelmorell@gmail.com\">menjadorventuragassolelmorell@gmail.com\u00a0<\/a><br \/>\n\u2192 Aplicaci\u00f3 m\u00f2bil:\u00a0 \u00a07 i TRIA \/&hellip;  <a href=\"https:\/\/agora.xtec.cat\/escolaventuragassol\/serveis\/menjador-escolar\/\" title=\"Read Menjador Escolar\">Llegeix m\u00e9s\u00bb<\/a><\/p>\n","protected":false},"author":1,"featured_media":0,"parent":66,"menu_order":1,"comment_status":"closed","ping_status":"closed","template":"page-templates\/side-menu.php","meta":{"_bbp_topic_count":0,"_bbp_reply_count":0,"_bbp_total_topic_count":0,"_bbp_total_reply_count":0,"_bbp_voice_count":0,"_bbp_anonymous_reply_count":0,"_bbp_topic_count_hidden":0,"_bbp_reply_count_hidden":0,"_bbp_forum_subforum_count":0,"footnotes":""},"class_list":["post-73","page","type-page","status-publish","hentry"],"post_mailing_queue_ids":[],"_links":{"self":[{"href":"https:\/\/agora.xtec.cat\/escolaventuragassol\/wp-json\/wp\/v2\/pages\/73","targetHints":{"allow":["GET"]}}],"collection":[{"href":"https:\/\/agora.xtec.cat\/escolaventuragassol\/wp-json\/wp\/v2\/pages"}],"about":[{"href":"https:\/\/agora.xtec.cat\/escolaventuragassol\/wp-json\/wp\/v2\/types\/page"}],"author":[{"embeddable":true,"href":"https:\/\/agora.xtec.cat\/escolaventuragassol\/wp-json\/wp\/v2\/users\/1"}],"replies":[{"embeddable":true,"href":"https:\/\/agora.xtec.cat\/escolaventuragassol\/wp-json\/wp\/v2\/comments?post=73"}],"version-history":[{"count":7,"href":"https:\/\/agora.xtec.cat\/escolaventuragassol\/wp-json\/wp\/v2\/pages\/73\/revisions"}],"predecessor-version":[{"id":5571,"href":"https:\/\/agora.xtec.cat\/escolaventuragassol\/wp-json\/wp\/v2\/pages\/73\/revisions\/5571"}],"up":[{"embeddable":true,"href":"https:\/\/agora.xtec.cat\/escolaventuragassol\/wp-json\/wp\/v2\/pages\/66"}],"wp:attachment":[{"href":"https:\/\/agora.xtec.cat\/escolaventuragassol\/wp-json\/wp\/v2\/media?parent=73"}],"curies":[{"name":"wp","href":"https:\/\/api.w.org\/{rel}","templated":true}]}}