{"id":647,"date":"2019-09-12T13:31:21","date_gmt":"2019-09-12T11:31:21","guid":{"rendered":"https:\/\/agora.xtec.cat\/escolaventuragassol\/?page_id=647"},"modified":"2025-07-18T19:38:35","modified_gmt":"2025-07-18T17:38:35","slug":"fotos","status":"publish","type":"page","link":"https:\/\/agora.xtec.cat\/escolaventuragassol\/informacio-practica\/fotos\/","title":{"rendered":"Fotos"},"content":{"rendered":"<p>Podeu veure fotografies i v\u00eddeos de les activitats que es van realitzant al llarg del curs a les publicacions d&#8217;Instagram de l&#8217;escola.<\/p>\n<p><a href=\"https:\/\/www.instagram.com\/escventuragassol\/\" target=\"_blank\" rel=\"noopener\"><img loading=\"lazy\" decoding=\"async\" class=\"alignnone wp-image-4603\" src=\"https:\/\/agora.xtec.cat\/escolaventuragassol\/wp-content\/uploads\/usu2008\/2023\/02\/Sense-titol.png\" alt=\"\" width=\"205\" height=\"79\" srcset=\"https:\/\/agora.xtec.cat\/escolaventuragassol\/wp-content\/uploads\/usu2008\/2023\/02\/Sense-titol.png 429w, https:\/\/agora.xtec.cat\/escolaventuragassol\/wp-content\/uploads\/usu2008\/2023\/02\/Sense-titol-300x115.png 300w\" sizes=\"auto, (max-width: 205px) 100vw, 205px\" \/><\/a><\/p>\n<p>Totes les fotografies i v\u00eddeos que es fan, es pengen al drive del correu de la classe corresponent. El tutor far\u00e0 arribar a l&#8217;inici del curs escolar, l&#8217;enlla\u00e7 per accedir a la carpeta on s&#8217;anir\u00e0 penjant aquest material audiovisual. Al llarg del curs podreu consultar la carpeta quan vulgueu clicant sempre el mateix enlla\u00e7. Podeu baixar-vos les fotografies i v\u00eddeos que desitgeu recordant sempre que <strong>s\u00f3n per \u00fas personal<\/strong> i que <strong>no se&#8217;n pot fer difusi\u00f3 per cap mitj\u00e0<\/strong>.<\/p>\n<p>Recordeu tamb\u00e9 que <strong>no podeu fer difusi\u00f3<\/strong> del material audiovisual que publiquem a <span style=\"text-decoration: underline;\">Instagram<\/span>. <strong>Tampoc podeu fer difusi\u00f3<\/strong> de cap de les fotografies o gravacions que feu vosaltres en els <span style=\"text-decoration: underline;\">actes oberts a les fam\u00edlies que organitzi l&#8217;escola.<\/span><\/p>\n<p>&nbsp;<\/p>\n","protected":false},"excerpt":{"rendered":"<p>Podeu veure fotografies i v\u00eddeos de les activitats que es van realitzant al llarg del curs a les publicacions d&#8217;Instagram de l&#8217;escola.<br \/>\n<a href=\"https:\/\/www.instagram.com\/escventuragassol\/\" target=\"_blank\" rel=\"noopener\"><\/a><br \/>\nTotes les fotografies i v\u00eddeos que es fan, es pengen al drive del correu de la classe corresponent. El tutor far\u00e0&hellip;  <a href=\"https:\/\/agora.xtec.cat\/escolaventuragassol\/informacio-practica\/fotos\/\" title=\"Read Fotos\">Llegeix m\u00e9s\u00bb<\/a><\/p>\n","protected":false},"author":1,"featured_media":0,"parent":4242,"menu_order":7,"comment_status":"closed","ping_status":"closed","template":"page-templates\/side-menu.php","meta":{"_bbp_topic_count":0,"_bbp_reply_count":0,"_bbp_total_topic_count":0,"_bbp_total_reply_count":0,"_bbp_voice_count":0,"_bbp_anonymous_reply_count":0,"_bbp_topic_count_hidden":0,"_bbp_reply_count_hidden":0,"_bbp_forum_subforum_count":0,"footnotes":""},"class_list":["post-647","page","type-page","status-publish","hentry"],"post_mailing_queue_ids":[],"_links":{"self":[{"href":"https:\/\/agora.xtec.cat\/escolaventuragassol\/wp-json\/wp\/v2\/pages\/647","targetHints":{"allow":["GET"]}}],"collection":[{"href":"https:\/\/agora.xtec.cat\/escolaventuragassol\/wp-json\/wp\/v2\/pages"}],"about":[{"href":"https:\/\/agora.xtec.cat\/escolaventuragassol\/wp-json\/wp\/v2\/types\/page"}],"author":[{"embeddable":true,"href":"https:\/\/agora.xtec.cat\/escolaventuragassol\/wp-json\/wp\/v2\/users\/1"}],"replies":[{"embeddable":true,"href":"https:\/\/agora.xtec.cat\/escolaventuragassol\/wp-json\/wp\/v2\/comments?post=647"}],"version-history":[{"count":7,"href":"https:\/\/agora.xtec.cat\/escolaventuragassol\/wp-json\/wp\/v2\/pages\/647\/revisions"}],"predecessor-version":[{"id":5515,"href":"https:\/\/agora.xtec.cat\/escolaventuragassol\/wp-json\/wp\/v2\/pages\/647\/revisions\/5515"}],"up":[{"embeddable":true,"href":"https:\/\/agora.xtec.cat\/escolaventuragassol\/wp-json\/wp\/v2\/pages\/4242"}],"wp:attachment":[{"href":"https:\/\/agora.xtec.cat\/escolaventuragassol\/wp-json\/wp\/v2\/media?parent=647"}],"curies":[{"name":"wp","href":"https:\/\/api.w.org\/{rel}","templated":true}]}}