{"id":5576,"date":"2025-12-01T18:13:00","date_gmt":"2025-12-01T17:13:00","guid":{"rendered":"https:\/\/agora.xtec.cat\/escolaventuragassol\/?page_id=5576"},"modified":"2026-04-19T12:26:09","modified_gmt":"2026-04-19T10:26:09","slug":"demanar-cita-amb-lequip-directiu","status":"publish","type":"page","link":"https:\/\/agora.xtec.cat\/escolaventuragassol\/demanar-cita-amb-lequip-directiu\/","title":{"rendered":"Demanar cita amb l&#8217;Equip Directiu"},"content":{"rendered":"<p>Per demanar cita amb qualsevol membre l&#8217;Equip Directiu de l&#8217;escola, cal que ho feu a traves del formulari del seg\u00fcent codi QR:<\/p>\n<p><img loading=\"lazy\" decoding=\"async\" class=\"aligncenter size-full wp-image-5581\" src=\"https:\/\/agora.xtec.cat\/escolaventuragassol\/wp-content\/uploads\/usu2008\/2025\/12\/Concertar-cita-amb-Direccio.png\" alt=\"\" width=\"392\" height=\"392\" srcset=\"https:\/\/agora.xtec.cat\/escolaventuragassol\/wp-content\/uploads\/usu2008\/2025\/12\/Concertar-cita-amb-Direccio.png 392w, https:\/\/agora.xtec.cat\/escolaventuragassol\/wp-content\/uploads\/usu2008\/2025\/12\/Concertar-cita-amb-Direccio-300x300.png 300w, https:\/\/agora.xtec.cat\/escolaventuragassol\/wp-content\/uploads\/usu2008\/2025\/12\/Concertar-cita-amb-Direccio-150x150.png 150w\" sizes=\"auto, (max-width: 392px) 100vw, 392px\" \/><\/p>\n<p>Tamb\u00e9 ho podeu fer clicant el seg\u00fcent enlla\u00e7:<span style=\"color: #00ccff;\"> <strong><a style=\"color: #00ccff;\" href=\"https:\/\/calendly.com\/e3001735-xtec\/sol_reunio_amb_equip_directiu\" target=\"_blank\" rel=\"noopener\">https:\/\/calendly.com\/e3001735-xtec\/sol_reunio_amb_equip_directiu<\/a><\/strong><\/span><\/p>\n<p>&nbsp;<\/p>\n","protected":false},"excerpt":{"rendered":"<p>Per demanar cita amb qualsevol membre l&#8217;Equip Directiu de l&#8217;escola, cal que ho feu a traves del formulari del seg\u00fcent codi QR:<\/p>\n<p>Tamb\u00e9 ho podeu fer clicant el seg\u00fcent enlla\u00e7: <a style=\"color: #00ccff;\" href=\"https:\/\/calendly.com\/e3001735-xtec\/sol_reunio_amb_equip_directiu\" target=\"_blank\" rel=\"noopener\">https:\/\/calendly.com\/e3001735-xtec\/sol_reunio_amb_equip_directiu<\/a><br \/>\n&nbsp;<\/p>\n","protected":false},"author":1,"featured_media":0,"parent":0,"menu_order":0,"comment_status":"closed","ping_status":"closed","template":"","meta":{"_bbp_topic_count":0,"_bbp_reply_count":0,"_bbp_total_topic_count":0,"_bbp_total_reply_count":0,"_bbp_voice_count":0,"_bbp_anonymous_reply_count":0,"_bbp_topic_count_hidden":0,"_bbp_reply_count_hidden":0,"_bbp_forum_subforum_count":0,"footnotes":""},"class_list":["post-5576","page","type-page","status-publish","hentry"],"post_mailing_queue_ids":[],"_links":{"self":[{"href":"https:\/\/agora.xtec.cat\/escolaventuragassol\/wp-json\/wp\/v2\/pages\/5576","targetHints":{"allow":["GET"]}}],"collection":[{"href":"https:\/\/agora.xtec.cat\/escolaventuragassol\/wp-json\/wp\/v2\/pages"}],"about":[{"href":"https:\/\/agora.xtec.cat\/escolaventuragassol\/wp-json\/wp\/v2\/types\/page"}],"author":[{"embeddable":true,"href":"https:\/\/agora.xtec.cat\/escolaventuragassol\/wp-json\/wp\/v2\/users\/1"}],"replies":[{"embeddable":true,"href":"https:\/\/agora.xtec.cat\/escolaventuragassol\/wp-json\/wp\/v2\/comments?post=5576"}],"version-history":[{"count":6,"href":"https:\/\/agora.xtec.cat\/escolaventuragassol\/wp-json\/wp\/v2\/pages\/5576\/revisions"}],"predecessor-version":[{"id":5645,"href":"https:\/\/agora.xtec.cat\/escolaventuragassol\/wp-json\/wp\/v2\/pages\/5576\/revisions\/5645"}],"wp:attachment":[{"href":"https:\/\/agora.xtec.cat\/escolaventuragassol\/wp-json\/wp\/v2\/media?parent=5576"}],"curies":[{"name":"wp","href":"https:\/\/api.w.org\/{rel}","templated":true}]}}