{"id":543,"date":"2019-05-22T15:44:02","date_gmt":"2019-05-22T13:44:02","guid":{"rendered":"https:\/\/agora.xtec.cat\/escolaventuragassol\/?page_id=543"},"modified":"2023-03-02T19:14:51","modified_gmt":"2023-03-02T18:14:51","slug":"metodologia","status":"publish","type":"page","link":"https:\/\/agora.xtec.cat\/escolaventuragassol\/lescola\/metodologia\/","title":{"rendered":"Metodologia"},"content":{"rendered":"<p><strong>Significativitat i funcionalitat de l\u2019aprenentatge<\/strong><\/p>\n<ul style=\"font-weight: 400;\">\n<li data-blogger-escaped-style=\"line-height: normal; mso-list: l0 level1 lfo1; mso-margin-bottom-alt: auto; mso-margin-top-alt: auto; tab-stops: list 36.0pt;\">Tractament c\u00edclic dels aprenentatges<\/li>\n<li data-blogger-escaped-style=\"line-height: normal; mso-list: l0 level1 lfo1; mso-margin-bottom-alt: auto; mso-margin-top-alt: auto; tab-stops: list 36.0pt;\">Perspectiva globalitzadora i integradora<\/li>\n<li data-blogger-escaped-style=\"line-height: normal; mso-list: l0 level1 lfo1; mso-margin-bottom-alt: auto; mso-margin-top-alt: auto; tab-stops: list 36.0pt;\">Activaci\u00f3 de processos d\u2019aprenentatge<\/li>\n<\/ul>\n<p><strong>Desenvolupament de les capacitats<\/strong><\/p>\n<ul style=\"font-weight: 400;\">\n<li data-blogger-escaped-style=\"line-height: normal; mso-list: l1 level1 lfo2; mso-margin-bottom-alt: auto; mso-margin-top-alt: auto; tab-stops: list 36.0pt;\">Treballar l\u2019aspecte intel\u00b7lectual i cognitiu<\/li>\n<li data-blogger-escaped-style=\"line-height: normal; mso-list: l1 level1 lfo2; mso-margin-bottom-alt: auto; mso-margin-top-alt: auto; tab-stops: list 36.0pt;\">Afavorir desenvolupament fisiol\u00f2gic i psicomotor<\/li>\n<li data-blogger-escaped-style=\"line-height: normal; mso-list: l1 level1 lfo2; mso-margin-bottom-alt: auto; mso-margin-top-alt: auto; tab-stops: list 36.0pt;\">Potenciar l\u2019equilibri i autonomia personal<\/li>\n<li data-blogger-escaped-style=\"line-height: normal; mso-list: l1 level1 lfo2; mso-margin-bottom-alt: auto; mso-margin-top-alt: auto; tab-stops: list 36.0pt;\">Afavorir la capacitat de relaci\u00f3 interpersonal Potenciar la capacitat d\u2019inserci\u00f3 social<\/li>\n<\/ul>\n<p><strong>Tractament de la diversitat<\/strong><\/p>\n<ul style=\"font-weight: 400;\">\n<li data-blogger-escaped-style=\"line-height: normal; mso-list: l2 level1 lfo3; mso-margin-bottom-alt: auto; mso-margin-top-alt: auto; tab-stops: list 36.0pt;\">\u00das diferents llenguatges, contextos, experi\u00e8ncies, materials i TIC<\/li>\n<li data-blogger-escaped-style=\"line-height: normal; mso-list: l2 level1 lfo3; mso-margin-bottom-alt: auto; mso-margin-top-alt: auto; tab-stops: list 36.0pt;\">\u00das de diferents agrupaments: de refor\u00e7 i d&#8217;ampliaci\u00f3<\/li>\n<li data-blogger-escaped-style=\"line-height: normal; mso-list: l2 level1 lfo3; mso-margin-bottom-alt: auto; mso-margin-top-alt: auto; tab-stops: list 36.0pt;\">Atenci\u00f3 individualitzada<\/li>\n<li data-blogger-escaped-style=\"line-height: normal; mso-list: l2 level1 lfo3; mso-margin-bottom-alt: auto; mso-margin-top-alt: auto; tab-stops: list 36.0pt;\">Adaptacions curriculars oportunes<\/li>\n<li data-blogger-escaped-style=\"line-height: normal; mso-list: l2 level1 lfo3; mso-margin-bottom-alt: auto; mso-margin-top-alt: auto; tab-stops: list 36.0pt;\">Pla Individualitzat (PI)<\/li>\n<\/ul>\n","protected":false},"excerpt":{"rendered":"<p>Significativitat i funcionalitat de l\u2019aprenentatge<\/p>\n<ul style=\"font-weight: 400;\">\n<li data-blogger-escaped-style=\"line-height: normal; mso-list: l0 level1 lfo1; mso-margin-bottom-alt: auto; mso-margin-top-alt: auto; tab-stops: list 36.0pt;\">Tractament c\u00edclic dels aprenentatges<\/li>\n<li data-blogger-escaped-style=\"line-height: normal; mso-list: l0 level1 lfo1; mso-margin-bottom-alt: auto; mso-margin-top-alt: auto; tab-stops: list 36.0pt;\">Perspectiva globalitzadora i integradora<\/li>\n<li data-blogger-escaped-style=\"line-height: normal; mso-list: l0 level1 lfo1;&hellip;  <a href=\"https:\/\/agora.xtec.cat\/escolaventuragassol\/lescola\/metodologia\/\" title=\"Read Metodologia\">Llegeix m\u00e9s\u00bb<\/a><br \/>\n","protected":false},"author":1,"featured_media":0,"parent":22,"menu_order":5,"comment_status":"closed","ping_status":"closed","template":"page-templates\/side-menu.php","meta":{"_bbp_topic_count":0,"_bbp_reply_count":0,"_bbp_total_topic_count":0,"_bbp_total_reply_count":0,"_bbp_voice_count":0,"_bbp_anonymous_reply_count":0,"_bbp_topic_count_hidden":0,"_bbp_reply_count_hidden":0,"_bbp_forum_subforum_count":0,"footnotes":""},"class_list":["post-543","page","type-page","status-publish","hentry"],"post_mailing_queue_ids":[],"_links":{"self":[{"href":"https:\/\/agora.xtec.cat\/escolaventuragassol\/wp-json\/wp\/v2\/pages\/543","targetHints":{"allow":["GET"]}}],"collection":[{"href":"https:\/\/agora.xtec.cat\/escolaventuragassol\/wp-json\/wp\/v2\/pages"}],"about":[{"href":"https:\/\/agora.xtec.cat\/escolaventuragassol\/wp-json\/wp\/v2\/types\/page"}],"author":[{"embeddable":true,"href":"https:\/\/agora.xtec.cat\/escolaventuragassol\/wp-json\/wp\/v2\/users\/1"}],"replies":[{"embeddable":true,"href":"https:\/\/agora.xtec.cat\/escolaventuragassol\/wp-json\/wp\/v2\/comments?post=543"}],"version-history":[{"count":2,"href":"https:\/\/agora.xtec.cat\/escolaventuragassol\/wp-json\/wp\/v2\/pages\/543\/revisions"}],"predecessor-version":[{"id":563,"href":"https:\/\/agora.xtec.cat\/escolaventuragassol\/wp-json\/wp\/v2\/pages\/543\/revisions\/563"}],"up":[{"embeddable":true,"href":"https:\/\/agora.xtec.cat\/escolaventuragassol\/wp-json\/wp\/v2\/pages\/22"}],"wp:attachment":[{"href":"https:\/\/agora.xtec.cat\/escolaventuragassol\/wp-json\/wp\/v2\/media?parent=543"}],"curies":[{"name":"wp","href":"https:\/\/api.w.org\/{rel}","templated":true}]}}