{"id":5364,"date":"2024-07-02T16:05:19","date_gmt":"2024-07-02T14:05:19","guid":{"rendered":"https:\/\/agora.xtec.cat\/escolaventuragassol\/?page_id=5364"},"modified":"2024-07-02T16:23:12","modified_gmt":"2024-07-02T14:23:12","slug":"steamcat","status":"publish","type":"page","link":"https:\/\/agora.xtec.cat\/escolaventuragassol\/steamcat\/","title":{"rendered":"STEAMCat"},"content":{"rendered":"<p><a href=\"https:\/\/projectes.xtec.cat\/steamcat\/\" target=\"_blank\" rel=\"noopener\"><img loading=\"lazy\" decoding=\"async\" class=\"aligncenter wp-image-5362 \" src=\"https:\/\/agora.xtec.cat\/escolaventuragassol\/wp-content\/uploads\/usu2008\/2024\/07\/WhatsApp-Image-2024-07-02-at-14.34.22.jpeg\" alt=\"\" width=\"275\" height=\"225\" srcset=\"https:\/\/agora.xtec.cat\/escolaventuragassol\/wp-content\/uploads\/usu2008\/2024\/07\/WhatsApp-Image-2024-07-02-at-14.34.22.jpeg 340w, https:\/\/agora.xtec.cat\/escolaventuragassol\/wp-content\/uploads\/usu2008\/2024\/07\/WhatsApp-Image-2024-07-02-at-14.34.22-300x245.jpeg 300w\" sizes=\"auto, (max-width: 275px) 100vw, 275px\" \/><\/a><\/p>\n<p><span style=\"text-decoration: underline;\"><strong>QU\u00c8 \u00c9S STEAMCat?<\/strong><\/span><\/p>\n<p>El programa d\u2019innovaci\u00f3 pedag\u00f2gica <a href=\"https:\/\/projectes.xtec.cat\/steamcat\/\" target=\"_blank\" rel=\"noopener\">STEAMcat<\/a> consisteix en l\u2019acompanyament dels centres mitjan\u00e7ant l\u2019assessorament, la creaci\u00f3 de la Comunitat STEAMcat, les formacions i els recursos. Aprofitant el lideratge distribu\u00eft del centre, les metodologies, perspectives i tecnologies adients a l\u2019aula i el treball transversal del professorat, es fomenta el pensament cr\u00edtic de l\u2019alumnat, es millora la percepci\u00f3 social de la ci\u00e8ncia, per provocar un increment de la selecci\u00f3 d\u2019estudis post obligatoris STEM per un canvi positiu de l\u2019autopercepci\u00f3 dels alumnes envers aquestes disciplines.<\/p>\n<p><span style=\"color: #000000;\">El programa d&#8217;innovaci\u00f3 pedag\u00f2gica\u00a0STEAMcat incentiva la generaci\u00f3 de projectes de centre que suposin un canvi metodol\u00f2gic cap a l&#8217;aprenentatge transversal amb interacci\u00f3 amb l&#8217;entorn potenciant les \u00e0rees STEAM. L&#8217;orientaci\u00f3 educativa ha d&#8217;efectuar-se pels docents des de les diferents disciplines i estar integrada en el proc\u00e9s, considerant-se clau per la millora de la percepci\u00f3 social de les STEAM.\u200b\u00a0<\/span><\/p>\n<p><span style=\"color: #000000;\">La finalitat del Programa d&#8217;innovaci\u00f3 pedag\u00f2gica STEAMcat \u00e9s generar i potenciar l&#8217;inter\u00e8s de l&#8217;alumnat d&#8217;Educaci\u00f3 Infantil i Prim\u00e0ria i d&#8217;Educaci\u00f3 Secund\u00e0ria Obligat\u00f2ria vers les ci\u00e8ncies, la tecnologia, l&#8217;enginyeria, les matem\u00e0tiques, i la creativitat en aquests \u00e0mbits a trav\u00e9s del disseny i l&#8217;art, i incrementar la pres\u00e8ncia de dones i de l&#8217;alumnat socialment desafavorit en els estudis i professions STEM. El Programa d&#8217;innovaci\u00f3 pedag\u00f2gica STEAMcat pret\u00e9n promoure l&#8217;equitat i la qualitat del sistema educatiu reflectida en la millora de les capacitats i compet\u00e8ncies de l&#8217;alumnat participant.<\/span><\/p>\n<p><span style=\"color: #000000;\">Els projectes dels centres participants en el Programa d&#8217;innovaci\u00f3 pedag\u00f2gica STEAMcat tindran una durada de 3 cursos i inclouran les fases de:<\/span><\/p>\n<p><span style=\"color: #000000;\">a) Disseny del projecte de centre: Diagn\u00f2stic i elaboraci\u00f3 del projecte a partir de l&#8217;avantprojecte.<\/span><\/p>\n<p><span style=\"color: #000000;\">b) Implementaci\u00f3 del projecte de centre: compliment de la planificaci\u00f3 i seguiment de les actuacions.<\/span><\/p>\n<p><span style=\"color: #000000;\">c) Finalitzaci\u00f3 del projecte de centre: avaluaci\u00f3 final i transfer\u00e8ncia.<\/span><\/p>\n<p><span style=\"color: #000000;\">El Programa d&#8217;innovaci\u00f3 pedag\u00f2gica STEAMcat del Departament d&#8217;Educaci\u00f3 preveu realitzar diferents convocat\u00f2ries, prorrogables si l&#8217;\u00f2rgan impulsor ho determina.<\/span><\/p>\n<h6><\/h6>\n<p>&nbsp;<\/p>\n<h6><span style=\"text-decoration: underline; color: #000000;\"><strong>OBJECTIUS DEL PROGRAMA<\/strong><\/span><\/h6>\n<p><span style=\"color: #000000;\">a) Augmentar les vocacions cientificotecnol\u00f2giques i matem\u00e0tiques especialment en dones i contextos socials desafavorits.<\/span><\/p>\n<p><span style=\"color: #000000;\">b) Refor\u00e7ar el proc\u00e9s d\u2019orientaci\u00f3 de l\u2019alumnat envers als estudis i professions de l\u2019\u00e0mbit STEM en termes d\u2019equitat i en totes les etapes educatives.<\/span><\/p>\n<p><span style=\"color: #000000;\">c) Millorar l\u2019habilitat per entendre i interpretar un m\u00f3n cientificotecnol\u00f2gic i matem\u00e0tic.<\/span><\/p>\n<p><span style=\"color: #000000;\">d) Millorar la percepci\u00f3 social de les \u00e0rees STEAM.<\/span><\/p>\n<p><span style=\"color: #000000;\">e) Millorar l\u2019actitud personal cap a l\u2019aprenentatge de les \u00e0rees cientificot\u00e8cniques i matem\u00e0tiques, en el conjunt de l\u2019alumnat des de l\u2019educaci\u00f3 infantil fins a batxillerat<\/span><\/p>\n<p><span style=\"color: #000000;\">f) Incrementar l\u2019aplicaci\u00f3 de metodologies d\u2019aprenentatge transversal, generadores i vehiculars de coneixement compartit entre els diferents \u00e0mbits cient\u00edfic, tecnol\u00f2gic, art\u00edstic i matem\u00e0tic que fomentin el pensament cr\u00edtic i la creativitat.<\/span><\/p>\n<p><span style=\"color: #000000;\">g) Promoure la creaci\u00f3 d\u2019aliances entre els centres educatius, els agents de l\u2019\u00e0mbit cientificotecnol\u00f2gic i l\u2019entorn proper mitjan\u00e7ant la realitzaci\u00f3 d\u2019activitats relacionades amb problemes socialment rellevants.<\/span><\/p>\n<p><span style=\"color: #000000;\">h) Compartir la investigaci\u00f3 com a docents i la pr\u00e0ctica reflexiva entre els membres de la comunitat STEAMcat.<\/span><\/p>\n","protected":false},"excerpt":{"rendered":"<p><a href=\"https:\/\/projectes.xtec.cat\/steamcat\/\" target=\"_blank\" rel=\"noopener\"><\/a><br \/>\nQU\u00c8 \u00c9S STEAMCat?<br \/>\nEl programa d\u2019innovaci\u00f3 pedag\u00f2gica <a href=\"https:\/\/projectes.xtec.cat\/steamcat\/\" target=\"_blank\" rel=\"noopener\">STEAMcat<\/a> consisteix en l\u2019acompanyament dels centres mitjan\u00e7ant l\u2019assessorament, la creaci\u00f3 de la Comunitat STEAMcat, les formacions i els recursos. Aprofitant el lideratge distribu\u00eft del centre, les metodologies, perspectives i tecnologies adients a l\u2019aula&hellip;  <a href=\"https:\/\/agora.xtec.cat\/escolaventuragassol\/steamcat\/\" title=\"Read STEAMCat\">Llegeix m\u00e9s\u00bb<\/a><\/p>\n","protected":false},"author":1,"featured_media":0,"parent":0,"menu_order":0,"comment_status":"closed","ping_status":"closed","template":"","meta":{"_bbp_topic_count":0,"_bbp_reply_count":0,"_bbp_total_topic_count":0,"_bbp_total_reply_count":0,"_bbp_voice_count":0,"_bbp_anonymous_reply_count":0,"_bbp_topic_count_hidden":0,"_bbp_reply_count_hidden":0,"_bbp_forum_subforum_count":0,"footnotes":""},"class_list":["post-5364","page","type-page","status-publish","hentry"],"post_mailing_queue_ids":[],"_links":{"self":[{"href":"https:\/\/agora.xtec.cat\/escolaventuragassol\/wp-json\/wp\/v2\/pages\/5364","targetHints":{"allow":["GET"]}}],"collection":[{"href":"https:\/\/agora.xtec.cat\/escolaventuragassol\/wp-json\/wp\/v2\/pages"}],"about":[{"href":"https:\/\/agora.xtec.cat\/escolaventuragassol\/wp-json\/wp\/v2\/types\/page"}],"author":[{"embeddable":true,"href":"https:\/\/agora.xtec.cat\/escolaventuragassol\/wp-json\/wp\/v2\/users\/1"}],"replies":[{"embeddable":true,"href":"https:\/\/agora.xtec.cat\/escolaventuragassol\/wp-json\/wp\/v2\/comments?post=5364"}],"version-history":[{"count":6,"href":"https:\/\/agora.xtec.cat\/escolaventuragassol\/wp-json\/wp\/v2\/pages\/5364\/revisions"}],"predecessor-version":[{"id":5373,"href":"https:\/\/agora.xtec.cat\/escolaventuragassol\/wp-json\/wp\/v2\/pages\/5364\/revisions\/5373"}],"wp:attachment":[{"href":"https:\/\/agora.xtec.cat\/escolaventuragassol\/wp-json\/wp\/v2\/media?parent=5364"}],"curies":[{"name":"wp","href":"https:\/\/api.w.org\/{rel}","templated":true}]}}