{"id":522,"date":"2019-05-22T13:28:11","date_gmt":"2019-05-22T11:28:11","guid":{"rendered":"https:\/\/agora.xtec.cat\/escolaventuragassol\/?page_id=522"},"modified":"2026-01-12T20:46:45","modified_gmt":"2026-01-12T19:46:45","slug":"equip-docent","status":"publish","type":"page","link":"https:\/\/agora.xtec.cat\/escolaventuragassol\/lescola\/recursos\/equip-docent\/","title":{"rendered":"Equip docent"},"content":{"rendered":"<table class=\" aligncenter\" style=\"height: 132px; width: 39.6354%; border-collapse: collapse;\">\n<tbody>\n<tr style=\"height: 32px;\">\n<td style=\"width: 147.307%; border-style: solid; border-color: #000000; background-color: #fc031c; text-align: center; height: 32px;\" colspan=\"2\"><strong>EQUIP DIRECTIU<\/strong><\/td>\n<\/tr>\n<tr style=\"height: 32px;\">\n<td style=\"width: 41.9087%; text-align: left; border-style: solid; border-color: #000000; background-color: #b0acac; height: 32px;\"><strong>DIRECTORA<\/strong><\/td>\n<td style=\"width: 105.398%; text-align: left; border-style: solid; border-color: #000000; height: 32px;\">Carolina Sabat\u00e9 Segura<\/td>\n<\/tr>\n<tr style=\"height: 32px;\">\n<td style=\"width: 41.9087%; text-align: left; border-style: solid; border-color: #000000; background-color: #b0acac; height: 32px;\"><strong>CAP D&#8217;ESTUDIS\u00a0 \u00a0 \u00a0 \u00a0 \u00a0 \u00a0 \u00a0\u00a0<\/strong><\/td>\n<td style=\"width: 105.398%; text-align: left; border-style: solid; border-color: #000000; height: 32px;\">S\u00edlvia Andr\u00e9s Bofarull<\/td>\n<\/tr>\n<tr style=\"height: 32px;\">\n<td style=\"width: 41.9087%; text-align: left; border-style: solid; border-color: #000000; background-color: #b0acac; height: 32px;\"><strong>SECRET\u00c0RIA<\/strong><\/td>\n<td style=\"width: 105.398%; text-align: left; border-style: solid; border-color: #000000; height: 32px;\">Montserrat Hortoneda Marqu\u00e9s<\/td>\n<\/tr>\n<\/tbody>\n<\/table>\n<p>&nbsp;<\/p>\n<p>&nbsp;<\/p>\n<table class=\" aligncenter\" style=\"height: 326px; width: 39.5363%; border-collapse: collapse;\">\n<tbody>\n<tr style=\"height: 32px;\">\n<td style=\"width: 248.419%; border-style: solid; border-color: #000000; background-color: #fa0217; height: 32px;\" colspan=\"2\"><strong>\u00a0 \u00a0 \u00a0 \u00a0 \u00a0 \u00a0 \u00a0 \u00a0 \u00a0 \u00a0 \u00a0 \u00a0 \u00a0 \u00a0 \u00a0 \u00a0EDUCACI\u00d3 INFANTIL (2n Cicle)\u00a0\u00a0<\/strong><\/td>\n<\/tr>\n<tr style=\"height: 32px;\">\n<td style=\"width: 46.1977%; text-align: left; border-style: solid; border-color: #000000; background-color: #b0acac; height: 32px;\"><strong>I3 A<\/strong><\/td>\n<td style=\"width: 202.221%; text-align: left; border-style: solid; border-color: #000000; height: 32px;\">Rosanna Mart\u00ed Ca\u00f1ellas<br \/>\nElisabet Ballest\u00e9 Esteve<\/td>\n<\/tr>\n<tr style=\"height: 32px;\">\n<td style=\"width: 46.1977%; text-align: left; border-style: solid; border-color: #000000; background-color: #b0acac; height: 32px;\"><strong>I3 B<\/strong><\/td>\n<td style=\"width: 202.221%; text-align: left; border-style: solid; border-color: #000000; height: 32px;\">Sheila Espinosa G\u00f3mez<br \/>\nEul\u00e0lia Romeo Gri\u00f1\u00f3<\/td>\n<\/tr>\n<tr style=\"height: 32px;\">\n<td style=\"width: 46.1977%; text-align: left; border-style: solid; border-color: #000000; background-color: #b0acac; height: 32px;\"><strong>I4 A<\/strong><\/td>\n<td style=\"width: 202.221%; text-align: left; border-style: solid; border-color: #000000; height: 32px;\">Meritxell Aluja Balsells<\/td>\n<\/tr>\n<tr style=\"height: 32px;\">\n<td style=\"width: 46.1977%; text-align: left; border-style: solid; border-color: #000000; background-color: #b0acac; height: 32px;\"><strong>I4 B<\/strong><\/td>\n<td style=\"width: 202.221%; text-align: left; border-style: solid; border-color: #000000; height: 32px;\">Francisca P\u00e9rez Ram\u00edrez<\/td>\n<\/tr>\n<tr style=\"height: 32px;\">\n<td style=\"width: 46.1977%; text-align: left; border-style: solid; border-color: #000000; background-color: #b0acac; height: 32px;\"><strong>I5 A<\/strong><\/td>\n<td style=\"width: 202.221%; text-align: left; border-style: solid; border-color: #000000; height: 32px;\">Patr\u00edcia Bargall\u00f3 Viera<\/td>\n<\/tr>\n<tr style=\"height: 32px;\">\n<td style=\"width: 46.1977%; text-align: left; border-style: solid; border-color: #000000; background-color: #b0acac; height: 32px;\"><strong>I5 B<\/strong><\/td>\n<td style=\"width: 202.221%; text-align: left; border-style: solid; border-color: #000000; height: 32px;\">Milagros Bilbe Ayala<\/td>\n<\/tr>\n<tr style=\"height: 32px;\">\n<td style=\"width: 46.1977%; text-align: left; border-style: solid; border-color: #000000; background-color: #b0acac; height: 32px;\"><strong>TEEI (T\u00e8cnica d&#8217;Ed. Inf.)<\/strong><\/td>\n<td style=\"width: 202.221%; text-align: left; border-style: solid; border-color: #000000; height: 32px;\">Catalina Silva Ragel (I3)<\/td>\n<\/tr>\n<tr style=\"height: 32px;\">\n<td style=\"width: 46.1977%; text-align: left; border-style: solid; border-color: #000000; background-color: #b0acac; height: 32px;\"><strong>Coordinadora<\/strong><\/td>\n<td style=\"width: 202.221%; border-style: solid; border-color: #000000; background-color: #dedcdc; height: 32px; text-align: left;\">Patricia L\u00f3pez Beiro<\/td>\n<\/tr>\n<\/tbody>\n<\/table>\n<p>&nbsp;<\/p>\n<table class=\" aligncenter\" style=\"height: 245px; width: 40.618%; border-collapse: collapse;\">\n<tbody>\n<tr style=\"height: 32px;\">\n<td style=\"width: 285.597%; border-style: solid; border-color: #000000; background-color: #fc031c; text-align: center; height: 32px;\" colspan=\"2\"><strong>1r CICLE d&#8217;Educaci\u00f3 Prim\u00e0ria<\/strong><\/td>\n<\/tr>\n<tr style=\"height: 32px;\">\n<td style=\"width: 22.5512%; text-align: left; border-style: solid; border-color: #000000; background-color: #b0acac; height: 32px;\"><strong>1r A<\/strong><\/td>\n<td style=\"width: 263.045%; text-align: left; border-style: solid; border-color: #000000; height: 32px;\">M. Cinta Barcel\u00f3 Prats<br \/>\nEnriqueta Su\u00f1\u00e9 Dom\u00e8nech<\/td>\n<\/tr>\n<tr style=\"height: 32px;\">\n<td style=\"width: 22.5512%; text-align: left; border-style: solid; border-color: #000000; background-color: #b0acac; height: 32px;\"><strong>1r B<\/strong><\/td>\n<td style=\"width: 263.045%; text-align: left; border-style: solid; border-color: #000000; height: 32px;\">M. Dolores Moliner Galarza<\/td>\n<\/tr>\n<tr style=\"height: 32px;\">\n<td style=\"width: 22.5512%; text-align: left; border-style: solid; border-color: #000000; background-color: #b0acac; height: 32px;\"><strong>1r C<\/strong><\/td>\n<td style=\"width: 263.045%; text-align: left; border-style: solid; border-color: #000000; height: 32px;\">Clara Taltavull Ru\u00e9<\/td>\n<\/tr>\n<tr style=\"height: 32px;\">\n<td style=\"width: 22.5512%; text-align: left; border-style: solid; border-color: #000000; background-color: #b0acac; height: 32px;\"><strong>2n A<\/strong><\/td>\n<td style=\"width: 263.045%; text-align: left; border-style: solid; border-color: #000000; height: 32px;\">Carina Roca Plana<\/td>\n<\/tr>\n<tr style=\"height: 32px;\">\n<td style=\"width: 22.5512%; text-align: left; border-style: solid; border-color: #000000; background-color: #b0acac; height: 32px;\"><strong>2n B<\/strong><\/td>\n<td style=\"width: 263.045%; text-align: left; border-style: solid; border-color: #000000; height: 32px;\">M. Pilar Domingo Cabrerizo<\/td>\n<\/tr>\n<tr style=\"height: 32px;\">\n<td style=\"width: 22.5512%; text-align: left; border-style: solid; border-color: #000000; background-color: #b0acac; height: 32px;\"><strong>Coordinadora<\/strong><\/td>\n<td style=\"width: 263.045%; border-style: solid; border-color: #000000; height: 32px; background-color: #dedcdc; text-align: left;\">Sandra Dur\u00e1n Carranza<\/td>\n<\/tr>\n<\/tbody>\n<\/table>\n<p>&nbsp;<\/p>\n<table class=\" aligncenter\" style=\"height: 240px; width: 40.7256%; border-collapse: collapse;\">\n<tbody>\n<tr style=\"height: 32px;\">\n<td style=\"width: 128.439%; border-style: solid; border-color: #000000; background-color: #fc031c; text-align: center; height: 32px;\" colspan=\"2\"><strong>2n CICLE d&#8217;Educaci\u00f3 Prim\u00e0ria<\/strong><\/td>\n<\/tr>\n<tr style=\"height: 32px;\">\n<td style=\"width: 15.6442%; text-align: left; border-style: solid; border-color: #000000; background-color: #b0acac; height: 32px;\"><strong>3r A<\/strong><\/td>\n<td style=\"width: 112.795%; text-align: left; border-style: solid; border-color: #000000; height: 32px;\">F. Xavier March Cuadrada<\/td>\n<\/tr>\n<tr style=\"height: 32px;\">\n<td style=\"width: 15.6442%; text-align: left; border-style: solid; border-color: #000000; background-color: #b0acac; height: 32px;\"><strong>3r B<\/strong><\/td>\n<td style=\"width: 112.795%; text-align: left; border-style: solid; border-color: #000000; height: 32px;\">Montserrat Fabregat Mercad\u00e9<\/td>\n<\/tr>\n<tr style=\"height: 48px;\">\n<td style=\"width: 15.6442%; text-align: left; border-style: solid; border-color: #000000; background-color: #b0acac; height: 48px;\"><strong>4t A<\/strong><\/td>\n<td style=\"width: 112.795%; text-align: left; border-style: solid; border-color: #000000; height: 48px;\">Esther Mart\u00ednez Guti\u00e9rrez<br \/>\nMarc Garcia Rodon<\/td>\n<\/tr>\n<tr style=\"height: 32px;\">\n<td style=\"width: 15.6442%; text-align: left; border-style: solid; border-color: #000000; background-color: #b0acac; height: 32px;\"><strong>4t B<\/strong><\/td>\n<td style=\"width: 112.795%; text-align: left; border-style: solid; border-color: #000000; height: 32px;\">Montserrat Magri\u00f1\u00e0 Matas<br \/>\n(<em>Substituta:<\/em> Clara Martos Calvet)<\/td>\n<\/tr>\n<tr style=\"height: 32px;\">\n<td style=\"width: 15.6442%; text-align: left; border-style: solid; border-color: #000000; background-color: #b0acac; height: 32px;\"><strong>4t C<\/strong><\/td>\n<td style=\"width: 112.795%; text-align: left; border-style: solid; border-color: #000000; height: 32px;\">Maria Oll\u00e9 Roig<\/td>\n<\/tr>\n<tr style=\"height: 32px;\">\n<td style=\"width: 15.6442%; text-align: left; border-style: solid; border-color: #000000; background-color: #b0acac; height: 32px;\"><strong>Coordinadora<\/strong><\/td>\n<td style=\"width: 112.795%; border-style: solid; border-color: #000000; background-color: #dedcdc; text-align: left; height: 32px;\">Roser Cogul Vidal<\/td>\n<\/tr>\n<\/tbody>\n<\/table>\n<p>&nbsp;<\/p>\n<p>&nbsp;<\/p>\n<table class=\" aligncenter\" style=\"height: 228px; width: 41.3217%; border-collapse: collapse;\">\n<tbody>\n<tr style=\"height: 32px;\">\n<td style=\"width: 153.099%; border-style: solid; border-color: #000000; background-color: #fc031c; text-align: center; height: 32px;\" colspan=\"2\"><strong>3r CICLE d&#8217;Educaci\u00f3 Prim\u00e0ria<\/strong><\/td>\n<\/tr>\n<tr style=\"height: 32px;\">\n<td style=\"width: 15.6442%; text-align: left; border-style: solid; border-color: #000000; background-color: #b0acac; height: 32px;\"><strong>5\u00e8 A<\/strong><\/td>\n<td style=\"width: 137.455%; text-align: left; border-style: solid; border-color: #000000; height: 32px;\">M. del Mar Quiroga Campos<\/td>\n<\/tr>\n<tr style=\"height: 32px;\">\n<td style=\"width: 15.6442%; text-align: left; border-style: solid; border-color: #000000; background-color: #b0acac; height: 32px;\"><strong>5\u00e8 B<\/strong><\/td>\n<td style=\"width: 137.455%; text-align: left; border-style: solid; border-color: #000000; height: 32px;\">Marta Domingo Bult\u00f3<\/td>\n<\/tr>\n<tr>\n<td style=\"width: 15.6442%; text-align: left; border-style: solid; border-color: #000000; background-color: #b0acac;\"><strong>5\u00e8 C<\/strong><\/td>\n<td style=\"width: 137.455%; text-align: left; border-style: solid; border-color: #000000;\">Antonio J. Garc\u00eda-Ramos Labata<\/td>\n<\/tr>\n<tr style=\"height: 32px;\">\n<td style=\"width: 15.6442%; text-align: left; border-style: solid; border-color: #000000; background-color: #b0acac; height: 32px;\"><strong>6\u00e8 A<\/strong><\/td>\n<td style=\"width: 137.455%; text-align: left; border-style: solid; border-color: #000000; height: 32px;\">Laia Huguet Calder\u00f3<\/td>\n<\/tr>\n<tr style=\"height: 32px;\">\n<td style=\"width: 15.6442%; text-align: left; border-style: solid; border-color: #000000; background-color: #b0acac; height: 32px;\"><strong>6\u00e8 B<\/strong><\/td>\n<td style=\"width: 137.455%; text-align: left; border-style: solid; border-color: #000000; height: 32px;\">M. Vict\u00f2ria Font Fortuny<\/td>\n<\/tr>\n<tr style=\"height: 32px;\">\n<td style=\"width: 15.6442%; text-align: left; border-style: solid; border-color: #000000; background-color: #b0acac; height: 32px;\"><strong>Coordinadora<\/strong><\/td>\n<td style=\"width: 137.455%; border-style: solid; border-color: #000000; background-color: #dedcdc; text-align: left; height: 32px;\">Laia Salt\u00f3 Bauza<\/td>\n<\/tr>\n<\/tbody>\n<\/table>\n<p>&nbsp;<\/p>\n<table class=\" aligncenter\" style=\"height: 404px; width: 41.4925%; border-collapse: collapse;\">\n<tbody>\n<tr style=\"height: 32px;\">\n<td style=\"width: 229.268%; border-style: solid; border-color: #000000; background-color: #fc031c; text-align: center; height: 19px;\" colspan=\"2\"><strong>ESPECIALISTES<\/strong><\/td>\n<\/tr>\n<tr style=\"height: 10px;\">\n<td style=\"width: 47.959%; text-align: left; border-style: solid; border-color: #000000; background-color: #b0acac; height: 10px;\"><strong>ANGL\u00c8S<\/strong><\/td>\n<td style=\"width: 181.309%; text-align: left; border-style: solid; border-color: #000000; height: 10px;\">Violant Alsina Mata<br \/>\n(<em>Substituta<\/em>: Eila Morales Mateo<br \/>\ni Alba Fern\u00e1ndez Foradada)<br \/>\nBlanca Arnavat Nomen<br \/>\nLaia Salt\u00f3 Bauz\u00e0<\/td>\n<\/tr>\n<tr style=\"height: 32px;\">\n<td style=\"width: 47.959%; text-align: left; border-style: solid; border-color: #000000; background-color: #b0acac; height: 32px;\"><strong>M\u00daSICA<\/strong><\/td>\n<td style=\"width: 181.309%; text-align: left; border-style: solid; border-color: #000000; height: 32px;\">Roser Cogul Vidal<\/td>\n<\/tr>\n<tr style=\"height: 32px;\">\n<td style=\"width: 47.959%; text-align: left; border-style: solid; border-color: #000000; background-color: #b0acac; height: 10px;\"><strong>EDUCACI\u00d3 F\u00cdSICA<\/strong><\/td>\n<td style=\"width: 181.309%; text-align: left; border-style: solid; border-color: #000000; height: 10px;\">Patricia L\u00f3pez Beiro<br \/>\nSandra Duran Carranza<\/td>\n<\/tr>\n<tr style=\"height: 32px;\">\n<td style=\"width: 47.959%; text-align: left; border-style: solid; border-color: #000000; background-color: #b0acac; height: 32px;\"><strong>RELIGI\u00d3<\/strong><\/td>\n<td style=\"width: 181.309%; text-align: left; border-style: solid; border-color: #000000; height: 32px;\">Antonio J. Garc\u00eda-Ramos Labata<\/td>\n<\/tr>\n<tr style=\"height: 32px;\">\n<td style=\"width: 47.959%; text-align: left; border-style: solid; border-color: #000000; background-color: #b0acac; height: 32px;\"><strong>EDUCACI\u00d3 ESPECIAL<\/strong><\/td>\n<td style=\"width: 181.309%; text-align: left; border-style: solid; border-color: #000000; height: 32px;\">Cristina Granell Montserrat<br \/>\nMaria Bel Gin\u00e9<\/td>\n<\/tr>\n<tr style=\"height: 32px;\">\n<td style=\"width: 47.959%; text-align: left; border-style: solid; border-color: #000000; background-color: #b0acac; height: 32px;\"><strong>INFORM\u00c0TICA<\/strong><\/td>\n<td style=\"width: 181.309%; text-align: left; border-style: solid; border-color: #000000; height: 32px;\">Laia Huguet Calder\u00f3<\/td>\n<\/tr>\n<tr style=\"height: 32px;\">\n<td style=\"width: 47.959%; text-align: left; border-style: solid; border-color: #000000; background-color: #b0acac; height: 32px;\"><strong>Assessora de PL\u00c0STICA<\/strong><\/td>\n<td style=\"width: 181.309%; text-align: left; border-style: solid; border-color: #000000; height: 32px;\">Montserrat de Miguel Gasol<\/td>\n<\/tr>\n<tr style=\"height: 10px;\">\n<td style=\"width: 47.959%; text-align: left; border-style: solid; border-color: #000000; background-color: #b0acac; height: 10px;\"><strong>Vetlladores<\/strong><\/td>\n<td style=\"width: 181.309%; text-align: left; border-style: solid; border-color: #000000; height: 10px;\">Gemma Mu\u00f1oz Freixes<br \/>\nElena Mart\u00ednez Torres<\/td>\n<\/tr>\n<\/tbody>\n<\/table>\n<p style=\"text-align: center;\">\n","protected":false},"excerpt":{"rendered":"<p>EQUIP DIRECTIU<\/p>\n<p>DIRECTORA<br \/>\nCarolina Sabat\u00e9 Segura<\/p>\n<p>CAP D&#8217;ESTUDIS\u00a0 \u00a0 \u00a0 \u00a0 \u00a0 \u00a0 \u00a0\u00a0<br \/>\nS\u00edlvia Andr\u00e9s Bofarull<\/p>\n<p>SECRET\u00c0RIA<br \/>\nMontserrat Hortoneda Marqu\u00e9s<\/p>\n<p>&nbsp;<br \/>\n&nbsp;<\/p>\n<p>\u00a0 \u00a0 \u00a0 \u00a0 \u00a0 \u00a0 \u00a0 \u00a0 \u00a0 \u00a0 \u00a0 \u00a0 \u00a0 \u00a0 \u00a0 \u00a0EDUCACI\u00d3 INFANTIL (2n Cicle)\u00a0\u00a0<\/p>\n<p>I3 A<br \/>\nRosanna Mart\u00ed Ca\u00f1ellas<br \/>\nElisabet Ballest\u00e9 Esteve<\/p>\n<p>I3 B<br \/>\nSheila Espinosa G\u00f3mez<br \/>\nEul\u00e0lia Romeo Gri\u00f1\u00f3<\/p>\n<p>I4 A<br \/>\nMeritxell Aluja&hellip;  <a href=\"https:\/\/agora.xtec.cat\/escolaventuragassol\/lescola\/recursos\/equip-docent\/\" title=\"Read Equip docent\">Llegeix m\u00e9s\u00bb<\/a><\/p>\n","protected":false},"author":1,"featured_media":0,"parent":520,"menu_order":1,"comment_status":"closed","ping_status":"closed","template":"page-templates\/side-menu.php","meta":{"_bbp_topic_count":0,"_bbp_reply_count":0,"_bbp_total_topic_count":0,"_bbp_total_reply_count":0,"_bbp_voice_count":0,"_bbp_anonymous_reply_count":0,"_bbp_topic_count_hidden":0,"_bbp_reply_count_hidden":0,"_bbp_forum_subforum_count":0,"footnotes":""},"class_list":["post-522","page","type-page","status-publish","hentry"],"post_mailing_queue_ids":[],"_links":{"self":[{"href":"https:\/\/agora.xtec.cat\/escolaventuragassol\/wp-json\/wp\/v2\/pages\/522","targetHints":{"allow":["GET"]}}],"collection":[{"href":"https:\/\/agora.xtec.cat\/escolaventuragassol\/wp-json\/wp\/v2\/pages"}],"about":[{"href":"https:\/\/agora.xtec.cat\/escolaventuragassol\/wp-json\/wp\/v2\/types\/page"}],"author":[{"embeddable":true,"href":"https:\/\/agora.xtec.cat\/escolaventuragassol\/wp-json\/wp\/v2\/users\/1"}],"replies":[{"embeddable":true,"href":"https:\/\/agora.xtec.cat\/escolaventuragassol\/wp-json\/wp\/v2\/comments?post=522"}],"version-history":[{"count":7,"href":"https:\/\/agora.xtec.cat\/escolaventuragassol\/wp-json\/wp\/v2\/pages\/522\/revisions"}],"predecessor-version":[{"id":5586,"href":"https:\/\/agora.xtec.cat\/escolaventuragassol\/wp-json\/wp\/v2\/pages\/522\/revisions\/5586"}],"up":[{"embeddable":true,"href":"https:\/\/agora.xtec.cat\/escolaventuragassol\/wp-json\/wp\/v2\/pages\/520"}],"wp:attachment":[{"href":"https:\/\/agora.xtec.cat\/escolaventuragassol\/wp-json\/wp\/v2\/media?parent=522"}],"curies":[{"name":"wp","href":"https:\/\/api.w.org\/{rel}","templated":true}]}}