{"id":493,"date":"2019-05-22T13:20:16","date_gmt":"2019-05-22T11:20:16","guid":{"rendered":"https:\/\/agora.xtec.cat\/escolaventuragassol\/?page_id=493"},"modified":"2025-10-22T19:24:53","modified_gmt":"2025-10-22T17:24:53","slug":"sortides","status":"publish","type":"page","link":"https:\/\/agora.xtec.cat\/escolaventuragassol\/informacio-practica\/sortides\/","title":{"rendered":"Sortides"},"content":{"rendered":"<p style=\"text-align: center;\">S&#8217;informar\u00e0 oportunament per l&#8217;aplicaci\u00f3 <strong><em>Tellfy<\/em><\/strong> de cada sortida (dades informatives, autoritzaci\u00f3 i pagament)<\/p>\n<table class=\" aligncenter\" style=\"height: 633px; width: 68.1082%; border-collapse: collapse;\">\n<tbody>\n<tr style=\"height: 123px;\">\n<td style=\"width: 469.872%; text-align: center; border-color: #000000; height: 123px;\" colspan=\"3\"><img loading=\"lazy\" decoding=\"async\" class=\"aligncenter wp-image-4999\" src=\"https:\/\/agora.xtec.cat\/escolaventuragassol\/wp-content\/uploads\/usu2008\/2023\/07\/Ed.-Infantil-logo.png\" alt=\"\" width=\"98\" height=\"101\" srcset=\"https:\/\/agora.xtec.cat\/escolaventuragassol\/wp-content\/uploads\/usu2008\/2023\/07\/Ed.-Infantil-logo.png 346w, https:\/\/agora.xtec.cat\/escolaventuragassol\/wp-content\/uploads\/usu2008\/2023\/07\/Ed.-Infantil-logo-292x300.png 292w\" sizes=\"auto, (max-width: 98px) 100vw, 98px\" \/><\/td>\n<\/tr>\n<tr style=\"height: 32px;\">\n<td style=\"width: 19.2918%; border-color: #000000; height: 32px; background-color: #bdbbbb;\"><strong>Grup<\/strong><\/td>\n<td style=\"width: 21.1467%; background-color: #c2bebe; border-color: #000000; height: 32px;\"><strong>Data<\/strong><\/td>\n<td style=\"width: 429.433%; background-color: #c2bebe; border-color: #000000; height: 32px;\"><strong>Lloc<\/strong><\/td>\n<\/tr>\n<tr style=\"height: 32px;\">\n<td style=\"width: 19.2918%; border-color: #000000; height: 20px;\" rowspan=\"2\"><img loading=\"lazy\" decoding=\"async\" class=\"wp-image-4416 aligncenter\" src=\"https:\/\/agora.xtec.cat\/escolaventuragassol\/wp-content\/uploads\/usu2008\/2022\/10\/Infantil-3.png\" alt=\"\" width=\"69\" height=\"71\" \/><\/td>\n<td style=\"width: 21.1467%; border-color: #000000; height: 10px;\">13\/03\/2026<\/td>\n<td style=\"width: 429.433%; border-color: #000000; height: 10px;\">Mas Mir\u00f3<\/td>\n<\/tr>\n<tr style=\"height: 32px;\">\n<td style=\"width: 21.1467%; border-color: #000000; height: 10px;\">29\/04\/2026<\/td>\n<td style=\"width: 429.433%; border-color: #000000; height: 10px;\">El Catllar &#8211; Granja Neri<\/td>\n<\/tr>\n<tr style=\"height: 10px;\">\n<td style=\"width: 19.2918%; border-color: #000000; height: 20px;\" rowspan=\"2\"><img loading=\"lazy\" decoding=\"async\" class=\"wp-image-4417 aligncenter\" src=\"https:\/\/agora.xtec.cat\/escolaventuragassol\/wp-content\/uploads\/usu2008\/2022\/10\/Infantil-4.png\" alt=\"\" width=\"74\" height=\"75\" srcset=\"https:\/\/agora.xtec.cat\/escolaventuragassol\/wp-content\/uploads\/usu2008\/2022\/10\/Infantil-4.png 155w, https:\/\/agora.xtec.cat\/escolaventuragassol\/wp-content\/uploads\/usu2008\/2022\/10\/Infantil-4-150x150.png 150w\" sizes=\"auto, (max-width: 74px) 100vw, 74px\" \/><\/td>\n<td style=\"width: 21.1467%; border-color: #000000; height: 10px;\">20\/03\/2026<\/td>\n<td style=\"width: 429.433%; border-color: #000000; height: 10px;\">Mas Mir\u00f3<\/td>\n<\/tr>\n<tr style=\"height: 32px;\">\n<td style=\"width: 21.1467%; border-color: #000000; height: 10px;\">05 i 06\/05\/2026<\/td>\n<td style=\"width: 429.433%; border-color: #000000; height: 10px;\">Poblet &#8211; Col\u00f2nies<\/td>\n<\/tr>\n<tr style=\"height: 32px;\">\n<td style=\"width: 19.2918%; border-color: #000000; height: 67px;\" rowspan=\"4\"><img loading=\"lazy\" decoding=\"async\" class=\" wp-image-4418 aligncenter\" src=\"https:\/\/agora.xtec.cat\/escolaventuragassol\/wp-content\/uploads\/usu2008\/2022\/10\/Infantil-5.png\" alt=\"\" width=\"74\" height=\"76\" \/><\/td>\n<td style=\"width: 21.1467%; border-color: #000000; height: 14px;\">28\/11\/2025<\/td>\n<td style=\"width: 429.433%; border-color: #000000; height: 14px;\">El Rourell<\/td>\n<\/tr>\n<tr style=\"height: 32px;\">\n<td style=\"width: 21.1467%; border-color: #000000; height: 21px;\">16\/01\/2026<\/td>\n<td style=\"width: 429.433%; border-color: #000000; height: 21px;\">Tarragona &#8211; Catedral<\/td>\n<\/tr>\n<tr style=\"height: 32px;\">\n<td style=\"width: 21.1467%; border-color: #000000; height: 22px;\">20\/03\/2026<\/td>\n<td style=\"width: 429.433%; border-color: #000000; height: 22px;\">Mas Mir\u00f3<\/td>\n<\/tr>\n<tr style=\"height: 40px;\">\n<td style=\"width: 21.1467%; border-color: #000000; height: 10px;\">05 i 06\/05\/2026<\/td>\n<td style=\"width: 429.433%; border-color: #000000; height: 10px;\">Poblet &#8211; Col\u00f2nies<\/td>\n<\/tr>\n<tr style=\"height: 32px;\">\n<td style=\"width: 469.872%; border-color: #000000; text-align: center; height: 32px;\" colspan=\"3\">\n<h5><span style=\"color: #ff0000;\"><strong>SORTIDES A L&#8217;ENTORN<\/strong><\/span><\/h5>\n<\/td>\n<\/tr>\n<tr style=\"height: 21px;\">\n<td style=\"width: 19.2918%; border-color: #000000; height: 10px; text-align: center; vertical-align: middle;\">\n<h4><span style=\"color: #ff0000;\">I3 &#8211; I4 &#8211; I5<\/span><\/h4>\n<\/td>\n<td style=\"width: 21.1467%; border-color: #000000; height: 10px;\">del 3 al 7 \/11\/2025<\/td>\n<td style=\"width: 429.433%; border-color: #000000; height: 10px;\">El Morell &#8211; Embruix: &#8220;Elements de la cultura popular del poble&#8221;<\/td>\n<\/tr>\n<tr style=\"height: 47px;\">\n<td style=\"width: 19.2918%; border-color: #000000; text-align: center; vertical-align: middle; height: 47px;\">\n<h4><span style=\"color: #ff0000;\">I5<\/span><\/h4>\n<\/td>\n<td style=\"width: 21.1467%; border-color: #000000; height: 47px;\">25\/09\/2025<\/td>\n<td style=\"width: 429.433%; border-color: #000000; height: 47px;\">Sortida per con\u00e8ixer els avellaners<\/td>\n<\/tr>\n<\/tbody>\n<\/table>\n<p>&nbsp;<\/p>\n<table class=\" aligncenter\" style=\"height: 461px; width: 68.7791%; border-collapse: collapse;\">\n<tbody>\n<tr style=\"height: 123px;\">\n<td style=\"width: 465.06%; text-align: center; border-color: #000000; height: 123px;\" colspan=\"3\"><img loading=\"lazy\" decoding=\"async\" class=\"aligncenter wp-image-4994\" src=\"https:\/\/agora.xtec.cat\/escolaventuragassol\/wp-content\/uploads\/usu2008\/2023\/07\/logo-1r-Cicle.png\" alt=\"\" width=\"98\" height=\"101\" srcset=\"https:\/\/agora.xtec.cat\/escolaventuragassol\/wp-content\/uploads\/usu2008\/2023\/07\/logo-1r-Cicle.png 347w, https:\/\/agora.xtec.cat\/escolaventuragassol\/wp-content\/uploads\/usu2008\/2023\/07\/logo-1r-Cicle-292x300.png 292w\" sizes=\"auto, (max-width: 98px) 100vw, 98px\" \/><\/td>\n<\/tr>\n<tr style=\"height: 32px;\">\n<td style=\"width: 19.2409%; border-color: #000000; height: 32px; background-color: #bdbbbb;\"><strong>Grup<\/strong><\/td>\n<td style=\"width: 22.7937%; background-color: #c2bebe; border-color: #000000; height: 32px;\"><strong>Data<\/strong><\/td>\n<td style=\"width: 423.025%; background-color: #c2bebe; border-color: #000000; height: 32px;\"><strong>Lloc<\/strong><\/td>\n<\/tr>\n<tr style=\"height: 32px;\">\n<td style=\"width: 19.2409%; border-color: #000000; height: 61px;\" rowspan=\"3\"><img loading=\"lazy\" decoding=\"async\" class=\"aligncenter wp-image-5032\" src=\"https:\/\/agora.xtec.cat\/escolaventuragassol\/wp-content\/uploads\/usu2008\/2023\/07\/1r.jpg\" alt=\"\" width=\"75\" height=\"77\" \/><\/td>\n<td style=\"width: 22.7937%; border-color: #000000; height: 20px;\">10\/10\/2025<\/td>\n<td style=\"width: 423.025%; border-color: #000000; height: 20px;\">Albereda de Santes Creus &#8211; La granota &#8220;Xip-xap&#8221;<\/td>\n<\/tr>\n<tr style=\"height: 39px;\">\n<td style=\"width: 22.7937%; border-color: #000000; height: 28px;\">15\/04\/2026 (mat\u00ed)<\/td>\n<td style=\"width: 423.025%; border-color: #000000; height: 28px;\">Reus &#8211; Teatre Orfe\u00f3 Reusenc<\/td>\n<\/tr>\n<tr style=\"height: 32px;\">\n<td style=\"width: 22.7937%; border-color: #000000; height: 13px;\">26 i 27\/05\/2026<\/td>\n<td style=\"width: 423.025%; border-color: #000000; height: 13px;\">Cambrils &#8211; Col\u00f2nies<\/td>\n<\/tr>\n<tr style=\"height: 32px;\">\n<td style=\"width: 19.2409%; border-color: #000000; height: 68px;\" rowspan=\"3\"><img loading=\"lazy\" decoding=\"async\" class=\"aligncenter wp-image-5033\" src=\"https:\/\/agora.xtec.cat\/escolaventuragassol\/wp-content\/uploads\/usu2008\/2023\/07\/2n.jpg\" alt=\"\" width=\"75\" height=\"77\" \/><\/td>\n<td style=\"width: 22.7937%; border-color: #000000; height: 30px;\">23\/10\/2025<\/td>\n<td style=\"width: 423.025%; border-color: #000000; height: 30px;\">L&#8217;Espluga de Francol\u00ed &#8211; Les Coves<\/td>\n<\/tr>\n<tr style=\"height: 38px;\">\n<td style=\"width: 22.7937%; border-color: #000000; height: 23px;\">15\/04\/2026 (mat\u00ed)<\/td>\n<td style=\"width: 423.025%; border-color: #000000; height: 23px;\">Reus &#8211; Teatre Orfe\u00f3 Reusenc<\/td>\n<\/tr>\n<tr style=\"height: 32px;\">\n<td style=\"width: 22.7937%; border-color: #000000; height: 15px;\">26 i 27\/05\/2026<\/td>\n<td style=\"width: 423.025%; border-color: #000000; height: 15px;\">Cambrils &#8211; Col\u00f2nies<\/td>\n<\/tr>\n<tr style=\"height: 46px;\">\n<td style=\"width: 465.06%; border-color: #000000; text-align: center; vertical-align: middle; height: 46px;\" colspan=\"3\">\n<h5><span style=\"color: #ff0000;\"><strong>SORTIDES A L&#8217;ENTORN<\/strong><\/span><\/h5>\n<\/td>\n<\/tr>\n<tr style=\"height: 32px;\">\n<td style=\"width: 19.2409%; border-color: #000000; text-align: center; vertical-align: middle; height: 10px;\">\n<h4><span style=\"color: #ff0000;\">1r &#8211; 2n<\/span><\/h4>\n<\/td>\n<td style=\"width: 22.7937%; border-color: #000000; height: 10px;\">del 3 al 7 \/11\/2025<\/td>\n<td style=\"width: 423.025%; border-color: #000000; height: 10px;\">El Morell &#8211; Embruix: &#8220;Elements de la cultura popular del poble&#8221;<\/td>\n<\/tr>\n<\/tbody>\n<\/table>\n<p>&nbsp;<\/p>\n<table class=\" aligncenter\" style=\"height: 682px; width: 68.0837%; border-collapse: collapse;\">\n<tbody>\n<tr style=\"height: 123px;\">\n<td style=\"width: 443.195%; text-align: center; border-color: #000000; height: 123px;\" colspan=\"3\"><img loading=\"lazy\" decoding=\"async\" class=\"aligncenter wp-image-4995\" src=\"https:\/\/agora.xtec.cat\/escolaventuragassol\/wp-content\/uploads\/usu2008\/2023\/07\/logo-2n-Cicle.png\" alt=\"\" width=\"97\" height=\"100\" srcset=\"https:\/\/agora.xtec.cat\/escolaventuragassol\/wp-content\/uploads\/usu2008\/2023\/07\/logo-2n-Cicle.png 348w, https:\/\/agora.xtec.cat\/escolaventuragassol\/wp-content\/uploads\/usu2008\/2023\/07\/logo-2n-Cicle-292x300.png 292w\" sizes=\"auto, (max-width: 97px) 100vw, 97px\" \/><\/td>\n<\/tr>\n<tr style=\"height: 32px;\">\n<td style=\"width: 20.1267%; border-color: #000000; height: 32px; background-color: #bdbbbb;\"><strong>Grup<\/strong><\/td>\n<td style=\"width: 20.4297%; background-color: #c2bebe; border-color: #000000; height: 32px;\"><strong>Data<\/strong><\/td>\n<td style=\"width: 402.639%; background-color: #c2bebe; border-color: #000000; height: 32px;\"><strong>Lloc<\/strong><\/td>\n<\/tr>\n<tr style=\"height: 32px;\">\n<td style=\"width: 20.1267%; border-color: #000000; height: 160px;\" rowspan=\"5\"><img loading=\"lazy\" decoding=\"async\" class=\"aligncenter wp-image-5034\" src=\"https:\/\/agora.xtec.cat\/escolaventuragassol\/wp-content\/uploads\/usu2008\/2023\/07\/3r.jpg\" alt=\"\" width=\"75\" height=\"78\" \/><\/td>\n<td style=\"width: 20.4297%; border-color: #000000; height: 32px;\">28\/11\/2025<\/td>\n<td style=\"width: 402.639%; border-color: #000000; height: 32px;\">Sant Sadurn\u00ed d&#8217;Anoia &#8211; Museu de la xocolata i Caves<\/td>\n<\/tr>\n<tr style=\"height: 32px;\">\n<td style=\"width: 20.4297%; border-color: #000000; height: 32px;\">13\/01\/2026<\/td>\n<td style=\"width: 402.639%; border-color: #000000; height: 32px;\">Reus &#8211; Teatre Bartrina<\/td>\n<\/tr>\n<tr style=\"height: 32px;\">\n<td style=\"width: 20.4297%; border-color: #000000; height: 32px;\">28\/01\/2026<\/td>\n<td style=\"width: 402.639%; border-color: #000000; height: 32px;\">Santes Creus &#8211; Monestir (ruta del Cister)<\/td>\n<\/tr>\n<tr style=\"height: 32px;\">\n<td style=\"width: 20.4297%; border-color: #000000; height: 32px;\">16\/04\/2026 (mat\u00ed)<\/td>\n<td style=\"width: 402.639%; border-color: #000000; height: 32px;\">St. Pere i St. Pau (Tarragona) &#8211; Teatre: &#8220;<em>Robin Hood<\/em>&#8221; (en angl\u00e8s)<\/td>\n<\/tr>\n<tr style=\"height: 32px;\">\n<td style=\"width: 20.4297%; border-color: #000000; height: 32px;\">18 i 19\/05\/2026<\/td>\n<td style=\"width: 402.639%; border-color: #000000; height: 32px;\">Vallclara &#8211; Col\u00f2nies<\/td>\n<\/tr>\n<tr style=\"height: 32px;\">\n<td style=\"width: 20.1267%; border-color: #000000; height: 175px;\" rowspan=\"6\"><img loading=\"lazy\" decoding=\"async\" class=\"aligncenter wp-image-5035\" src=\"https:\/\/agora.xtec.cat\/escolaventuragassol\/wp-content\/uploads\/usu2008\/2023\/07\/4t.jpg\" alt=\"\" width=\"75\" height=\"77\" \/><\/td>\n<td style=\"width: 20.4297%; border-color: #000000; height: 32px;\">28\/11\/2025<\/td>\n<td style=\"width: 402.639%; border-color: #000000; height: 32px;\">Sant Sadurn\u00ed d&#8217;Anoia &#8211; Museu de la xocolata i Caves<\/td>\n<\/tr>\n<tr style=\"height: 32px;\">\n<td style=\"width: 20.4297%; border-color: #000000; height: 32px;\">13\/01\/2026<\/td>\n<td style=\"width: 402.639%; border-color: #000000; height: 32px;\">Reus &#8211; Teatre Bartrina<\/td>\n<\/tr>\n<tr style=\"height: 32px;\">\n<td style=\"width: 20.4297%; border-color: #000000; height: 32px;\">02\/02\/2026<\/td>\n<td style=\"width: 402.639%; border-color: #000000; height: 32px;\">Montblanc<\/td>\n<\/tr>\n<tr style=\"height: 32px;\">\n<td style=\"width: 20.4297%; border-color: #000000; height: 32px;\">19\/03\/2026 (mat\u00ed)<\/td>\n<td style=\"width: 402.639%; border-color: #000000; height: 32px;\">Tarragona &#8211; Taller de ci\u00e8ncia (URV)<\/td>\n<\/tr>\n<tr style=\"height: 32px;\">\n<td style=\"width: 20.4297%; border-color: #000000; height: 15px;\">16\/04\/2026 (mat\u00ed)<\/td>\n<td style=\"width: 402.639%; border-color: #000000; height: 15px;\">St. Pere i St. Pau (Tarragona) &#8211; Teatre: &#8220;<em>Robin Hood<\/em>&#8221; (en angl\u00e8s)<\/td>\n<\/tr>\n<tr style=\"height: 32px;\">\n<td style=\"width: 20.4297%; border-color: #000000; height: 32px;\">18 i 19\/05\/2026<\/td>\n<td style=\"width: 402.639%; border-color: #000000; height: 32px;\">Vallclara &#8211; Col\u00f2nies<\/td>\n<\/tr>\n<tr style=\"height: 49px;\">\n<td style=\"width: 443.195%; border-color: #000000; text-align: center; vertical-align: middle; height: 49px;\" colspan=\"3\">\n<h5><span style=\"color: #ff0000;\"><strong>SORTIDES A L&#8217;ENTORN<\/strong><\/span><\/h5>\n<\/td>\n<\/tr>\n<tr style=\"height: 59px;\">\n<td style=\"width: 20.1267%; border-color: #000000; text-align: center; vertical-align: middle; height: 59px;\">\n<h4><span style=\"color: #ff0000;\">3r<\/span><\/h4>\n<\/td>\n<td style=\"width: 20.4297%; border-color: #000000; height: 59px;\">A determinar<\/td>\n<td style=\"width: 402.639%; border-color: #000000; height: 59px;\">\u00a0El Morell &#8211;\u00a0 Ajuntament: &#8220;El govern municipal&#8221;<\/td>\n<\/tr>\n<tr style=\"height: 59px;\">\n<td style=\"width: 20.1267%; border-color: #000000; text-align: center; vertical-align: middle; height: 59px;\">\n<h4><span style=\"color: #ff0000;\">4t<\/span><\/h4>\n<\/td>\n<td style=\"width: 20.4297%; border-color: #000000; height: 59px;\">A determinar<\/td>\n<td style=\"width: 402.639%; border-color: #000000; height: 59px;\">Vilallonga &#8211; &#8220;Casa Museu Pere Virgili&#8221;<\/td>\n<\/tr>\n<\/tbody>\n<\/table>\n<p>&nbsp;<\/p>\n<table class=\" aligncenter\" style=\"height: 788px; width: 69.2484%; border-collapse: collapse;\">\n<tbody>\n<tr style=\"height: 123px;\">\n<td style=\"width: 406.208%; text-align: center; border-color: #000000; height: 123px;\" colspan=\"3\"><img loading=\"lazy\" decoding=\"async\" class=\"aligncenter wp-image-4996\" src=\"https:\/\/agora.xtec.cat\/escolaventuragassol\/wp-content\/uploads\/usu2008\/2023\/07\/logo-3r-Cicle.png\" alt=\"\" width=\"97\" height=\"100\" srcset=\"https:\/\/agora.xtec.cat\/escolaventuragassol\/wp-content\/uploads\/usu2008\/2023\/07\/logo-3r-Cicle.png 347w, https:\/\/agora.xtec.cat\/escolaventuragassol\/wp-content\/uploads\/usu2008\/2023\/07\/logo-3r-Cicle-290x300.png 290w\" sizes=\"auto, (max-width: 97px) 100vw, 97px\" \/><\/td>\n<\/tr>\n<tr style=\"height: 32px;\">\n<td style=\"width: 19.3961%; border-color: #000000; height: 32px; background-color: #bdbbbb;\"><strong>Grup<\/strong><\/td>\n<td style=\"width: 20.766%; background-color: #c2bebe; border-color: #000000; height: 32px;\"><strong>Data<\/strong><\/td>\n<td style=\"width: 366.046%; background-color: #c2bebe; border-color: #000000; height: 32px;\"><strong>Lloc<\/strong><\/td>\n<\/tr>\n<tr style=\"height: 32px;\">\n<td style=\"width: 19.3961%; border-color: #000000; height: 170px;\" rowspan=\"6\"><img loading=\"lazy\" decoding=\"async\" class=\"aligncenter wp-image-5036\" src=\"https:\/\/agora.xtec.cat\/escolaventuragassol\/wp-content\/uploads\/usu2008\/2023\/07\/5e.jpg\" alt=\"\" width=\"75\" height=\"77\" \/><\/td>\n<td style=\"width: 20.766%; border-color: #000000; height: 32px;\">17\/10\/2025<\/td>\n<td style=\"width: 366.046%; border-color: #000000; height: 32px;\">L&#8217;Ampolla &#8211; Estaci\u00f3 de Tractament d&#8217;Aigua Potable<\/td>\n<\/tr>\n<tr style=\"height: 32px;\">\n<td style=\"width: 20.766%; border-color: #000000; height: 10px;\">28\/11\/2025<\/td>\n<td style=\"width: 366.046%; border-color: #000000; height: 10px;\">Sitges &#8211; Palau i museu de Maricel<\/td>\n<\/tr>\n<tr style=\"height: 32px;\">\n<td style=\"width: 20.766%; border-color: #000000; height: 32px;\">26\/03\/2026 (mat\u00ed)<\/td>\n<td style=\"width: 366.046%; border-color: #000000; height: 32px;\">Reus &#8211; Pere Mata<\/td>\n<\/tr>\n<tr style=\"height: 32px;\">\n<td style=\"width: 20.766%; border-color: #000000; height: 32px;\">10\/04\/2026 (mat\u00ed)<\/td>\n<td style=\"width: 366.046%; border-color: #000000; height: 32px;\">Valls &#8211; Teatre Principal: \u201c<em>Lara&#8217;s labyrinth<\/em>\u201d (en angl\u00e8s)<\/td>\n<\/tr>\n<tr style=\"height: 32px;\">\n<td style=\"width: 20.766%; border-color: #000000; height: 32px;\">14 i 15\/04\/2026<\/td>\n<td style=\"width: 366.046%; border-color: #000000; height: 32px;\">Rasquera &#8211;\u00a0 Col\u00f2nies<\/td>\n<\/tr>\n<tr style=\"height: 32px;\">\n<td style=\"width: 20.766%; border-color: #000000; height: 32px;\">06\/05\/2026<\/td>\n<td style=\"width: 366.046%; border-color: #000000; height: 32px;\">Barcelona &#8211; L&#8217;Auditori: &#8220;Cant\u00e0nia&#8221;<\/td>\n<\/tr>\n<tr style=\"height: 32px;\">\n<td style=\"width: 19.3961%; border-color: #000000; height: 192px;\" rowspan=\"6\"><img loading=\"lazy\" decoding=\"async\" class=\"aligncenter wp-image-5037\" src=\"https:\/\/agora.xtec.cat\/escolaventuragassol\/wp-content\/uploads\/usu2008\/2023\/07\/6e.jpg\" alt=\"\" width=\"75\" height=\"77\" \/><\/td>\n<td style=\"width: 20.766%; border-color: #000000; height: 32px;\">05\/12\/2025<\/td>\n<td style=\"width: 366.046%; border-color: #000000; height: 32px;\">Sitges &#8211; Palau i museu de Maricel<\/td>\n<\/tr>\n<tr style=\"height: 32px;\">\n<td style=\"width: 20.766%; border-color: #000000; height: 32px;\">26\/01\/2026<\/td>\n<td style=\"width: 366.046%; border-color: #000000; height: 32px;\">Barcelona &#8211; Palau de la Generalitat<\/td>\n<\/tr>\n<tr style=\"height: 32px;\">\n<td style=\"width: 20.766%; border-color: #000000; height: 32px;\">26\/03\/2026 (mat\u00ed)<\/td>\n<td style=\"width: 366.046%; border-color: #000000; height: 32px;\">Universitat Laboral de Tarragona &#8211; CdA &#8220;Un tresor sota les xemeneies&#8221;<\/td>\n<\/tr>\n<tr style=\"height: 32px;\">\n<td style=\"width: 20.766%; border-color: #000000; height: 32px;\">27\/03\/2026 (mat\u00ed)<\/td>\n<td style=\"width: 366.046%; border-color: #000000; height: 32px;\">Reus &#8211; Pere Mata<\/td>\n<\/tr>\n<tr style=\"height: 32px;\">\n<td style=\"width: 20.766%; border-color: #000000; height: 32px;\">10\/04\/2026 (mat\u00ed)<\/td>\n<td style=\"width: 366.046%; border-color: #000000; height: 32px;\">Valls &#8211; Teatre Principal: \u201c<em>Lara&#8217;s labyrinth<\/em>\u201d (en angl\u00e8s)<\/td>\n<\/tr>\n<tr style=\"height: 32px;\">\n<td style=\"width: 20.766%; border-color: #000000; height: 32px;\">25, 26 i 27\/05\/2026<\/td>\n<td style=\"width: 366.046%; border-color: #000000; height: 32px;\">El Colell &#8211; Col\u00f2nies<\/td>\n<\/tr>\n<tr style=\"height: 49px;\">\n<td style=\"width: 406.208%; border-color: #000000; text-align: center; vertical-align: middle; height: 49px;\" colspan=\"3\">\n<h5><span style=\"color: #ff0000;\"><strong>SORTIDES A L&#8217;ENTORN<\/strong><\/span><\/h5>\n<\/td>\n<\/tr>\n<tr style=\"height: 59px;\">\n<td style=\"width: 19.3961%; border-color: #000000; text-align: center; vertical-align: middle; height: 15px;\">\n<h4><span style=\"color: #ff0000;\">5\u00e8<\/span><\/h4>\n<\/td>\n<td style=\"width: 20.766%; border-color: #000000; height: 15px;\">A determinar<\/td>\n<td style=\"width: 366.046%; border-color: #000000; height: 15px;\">Paret Delgada (La Selva del Camp) &#8211; Bicicletada<\/td>\n<\/tr>\n<tr style=\"height: 65px;\">\n<td style=\"width: 19.3961%; border-color: #000000; text-align: center; vertical-align: middle; height: 20px;\" rowspan=\"2\">\n<h4><span style=\"color: #ff0000;\">6\u00e8<\/span><\/h4>\n<\/td>\n<td style=\"width: 20.766%; border-color: #000000; height: 10px;\">A determinar<\/td>\n<td style=\"width: 366.046%; border-color: #000000; height: 10px;\">Granja dels Frares (El Morell) &#8211; Coneixement de la flora i la fauna<\/td>\n<\/tr>\n<tr style=\"height: 59px;\">\n<td style=\"width: 20.766%; border-color: #000000; height: 10px;\">A determinar<\/td>\n<td style=\"width: 366.046%; border-color: #000000; height: 10px;\">Paret Delgada (La Selva del Camp) &#8211; Bicicletada<\/td>\n<\/tr>\n<\/tbody>\n<\/table>\n<p style=\"text-align: center;\">\n","protected":false},"excerpt":{"rendered":"<p>S&#8217;informar\u00e0 oportunament per l&#8217;aplicaci\u00f3 Tellfy de cada sortida (dades informatives, autoritzaci\u00f3 i pagament)<\/p>\n<p>Grup<br \/>\nData<br \/>\nLloc<\/p>\n<p>13\/03\/2026<br \/>\nMas Mir\u00f3<\/p>\n<p>29\/04\/2026<br \/>\nEl Catllar &#8211; Granja Neri<\/p>\n<p>20\/03\/2026<br \/>\nMas Mir\u00f3<\/p>\n<p>05 i 06\/05\/2026<br \/>\nPoblet &#8211; Col\u00f2nies<\/p>\n<p>28\/11\/2025<br \/>\nEl Rourell<\/p>\n<p>16\/01\/2026<br \/>\nTarragona &#8211; Catedral<\/p>\n<p>20\/03\/2026<br \/>\nMas Mir\u00f3<\/p>\n<p>05 i 06\/05\/2026<br \/>\nPoblet &#8211; Col\u00f2nies<\/p>\n<p>SORTIDES A L&#8217;ENTORN<\/p>\n<p>I3 &#8211; I4 &#8211; I5<\/p>\n<p>del 3 al 7 \/11\/2025<br \/>\nEl Morell &#8211; Embruix: &#8220;Elements&hellip;  <a href=\"https:\/\/agora.xtec.cat\/escolaventuragassol\/informacio-practica\/sortides\/\" title=\"Read Sortides\">Llegeix m\u00e9s\u00bb<\/a><\/p>\n","protected":false},"author":1,"featured_media":0,"parent":4242,"menu_order":3,"comment_status":"closed","ping_status":"closed","template":"page-templates\/side-menu.php","meta":{"_bbp_topic_count":0,"_bbp_reply_count":0,"_bbp_total_topic_count":0,"_bbp_total_reply_count":0,"_bbp_voice_count":0,"_bbp_anonymous_reply_count":0,"_bbp_topic_count_hidden":0,"_bbp_reply_count_hidden":0,"_bbp_forum_subforum_count":0,"footnotes":""},"class_list":["post-493","page","type-page","status-publish","hentry"],"post_mailing_queue_ids":[],"_links":{"self":[{"href":"https:\/\/agora.xtec.cat\/escolaventuragassol\/wp-json\/wp\/v2\/pages\/493","targetHints":{"allow":["GET"]}}],"collection":[{"href":"https:\/\/agora.xtec.cat\/escolaventuragassol\/wp-json\/wp\/v2\/pages"}],"about":[{"href":"https:\/\/agora.xtec.cat\/escolaventuragassol\/wp-json\/wp\/v2\/types\/page"}],"author":[{"embeddable":true,"href":"https:\/\/agora.xtec.cat\/escolaventuragassol\/wp-json\/wp\/v2\/users\/1"}],"replies":[{"embeddable":true,"href":"https:\/\/agora.xtec.cat\/escolaventuragassol\/wp-json\/wp\/v2\/comments?post=493"}],"version-history":[{"count":7,"href":"https:\/\/agora.xtec.cat\/escolaventuragassol\/wp-json\/wp\/v2\/pages\/493\/revisions"}],"predecessor-version":[{"id":5556,"href":"https:\/\/agora.xtec.cat\/escolaventuragassol\/wp-json\/wp\/v2\/pages\/493\/revisions\/5556"}],"up":[{"embeddable":true,"href":"https:\/\/agora.xtec.cat\/escolaventuragassol\/wp-json\/wp\/v2\/pages\/4242"}],"wp:attachment":[{"href":"https:\/\/agora.xtec.cat\/escolaventuragassol\/wp-json\/wp\/v2\/media?parent=493"}],"curies":[{"name":"wp","href":"https:\/\/api.w.org\/{rel}","templated":true}]}}