{"id":4864,"date":"2023-03-13T19:07:47","date_gmt":"2023-03-13T18:07:47","guid":{"rendered":"https:\/\/agora.xtec.cat\/escolaventuragassol\/?page_id=4864"},"modified":"2026-02-18T19:44:32","modified_gmt":"2026-02-18T18:44:32","slug":"documentacio-autoritzacions-questionaris-justificants","status":"publish","type":"page","link":"https:\/\/agora.xtec.cat\/escolaventuragassol\/informacio-practica\/documentacio-autoritzacions-questionaris-justificants\/","title":{"rendered":"Documentaci\u00f3: autoritzacions, q\u00fcestionaris, justificants, &#8230;"},"content":{"rendered":"<p>&nbsp;<\/p>\n<p><span style=\"text-decoration: underline;\"><strong>DOCUMENTS:<\/strong><\/span><\/p>\n<table class=\" aligncenter\" style=\"height: 453px; width: 75.0561%;\" width=\"750\">\n<tbody>\n<tr style=\"height: 31px;\">\n<td style=\"height: 31px; width: 39.5189%;\"><strong>DOCUMENT<\/strong><\/td>\n<td style=\"height: 31px; width: 8.19352%;\"><strong>ARXIU<\/strong><\/td>\n<td style=\"width: 1.54822%;\" rowspan=\"7\"><strong>\u00a0<\/strong><\/td>\n<td style=\"height: 31px; width: 39.5189%;\"><strong>DOCUMENT<\/strong><\/td>\n<td style=\"height: 31px; width: 8.19352%;\"><strong>ARXIU<\/strong><\/td>\n<\/tr>\n<tr style=\"height: 31px;\">\n<td style=\"height: 31px; width: 39.5189%;\">Carta de comprom\u00eds educatiu<\/td>\n<td style=\"height: 31px; width: 8.19352%;\"><a href=\"https:\/\/drive.google.com\/file\/d\/1ra6FhEPHUq7OKhRU8BjdICPR87USNQFz\/view?usp=sharing\" target=\"_blank\" rel=\"noopener\"><img loading=\"lazy\" decoding=\"async\" class=\"aligncenter wp-image-2164\" src=\"https:\/\/agora.xtec.cat\/escolaventuragassol\/wp-content\/uploads\/usu2008\/2020\/04\/1200px-PDF_file_icon.svg_-834x1024.png\" alt=\"\" width=\"43\" height=\"53\" srcset=\"https:\/\/agora.xtec.cat\/escolaventuragassol\/wp-content\/uploads\/usu2008\/2020\/04\/1200px-PDF_file_icon.svg_-834x1024.png 834w, https:\/\/agora.xtec.cat\/escolaventuragassol\/wp-content\/uploads\/usu2008\/2020\/04\/1200px-PDF_file_icon.svg_-244x300.png 244w, https:\/\/agora.xtec.cat\/escolaventuragassol\/wp-content\/uploads\/usu2008\/2020\/04\/1200px-PDF_file_icon.svg_-768x943.png 768w, https:\/\/agora.xtec.cat\/escolaventuragassol\/wp-content\/uploads\/usu2008\/2020\/04\/1200px-PDF_file_icon.svg_.png 1200w\" sizes=\"auto, (max-width: 43px) 100vw, 43px\" \/><\/a><\/td>\n<td style=\"width: 39.5189%; height: 70px;\">Autoritzaci\u00f3 sortides escolars locals<\/td>\n<td style=\"width: 8.19352%; text-align: center; height: 70px;\"><a href=\"https:\/\/drive.google.com\/file\/d\/1Nj5Xb0iJMGYcyFAW9lhveCEW-jGunYJs\/view?usp=drive_link\" target=\"_blank\" rel=\"noopener\"><img loading=\"lazy\" decoding=\"async\" class=\"aligncenter wp-image-2164\" src=\"https:\/\/agora.xtec.cat\/escolaventuragassol\/wp-content\/uploads\/usu2008\/2020\/04\/1200px-PDF_file_icon.svg_-834x1024.png\" alt=\"\" width=\"43\" height=\"53\" srcset=\"https:\/\/agora.xtec.cat\/escolaventuragassol\/wp-content\/uploads\/usu2008\/2020\/04\/1200px-PDF_file_icon.svg_-834x1024.png 834w, https:\/\/agora.xtec.cat\/escolaventuragassol\/wp-content\/uploads\/usu2008\/2020\/04\/1200px-PDF_file_icon.svg_-244x300.png 244w, https:\/\/agora.xtec.cat\/escolaventuragassol\/wp-content\/uploads\/usu2008\/2020\/04\/1200px-PDF_file_icon.svg_-768x943.png 768w, https:\/\/agora.xtec.cat\/escolaventuragassol\/wp-content\/uploads\/usu2008\/2020\/04\/1200px-PDF_file_icon.svg_.png 1200w\" sizes=\"auto, (max-width: 43px) 100vw, 43px\" \/><\/a><\/td>\n<\/tr>\n<tr>\n<td style=\"width: 39.5189%;\">Declaraci\u00f3 de Conviv\u00e8ncia + Tel\u00e8fons de contacte<\/td>\n<td style=\"width: 8.19352%;\"><a href=\"https:\/\/drive.google.com\/file\/d\/1cxD0pL85whuiU7F2Bm-kcsf5Rzp48Pkx\/view?usp=sharing\" target=\"_blank\" rel=\"noopener\"><img loading=\"lazy\" decoding=\"async\" class=\"aligncenter wp-image-2164\" src=\"https:\/\/agora.xtec.cat\/escolaventuragassol\/wp-content\/uploads\/usu2008\/2020\/04\/1200px-PDF_file_icon.svg_-834x1024.png\" alt=\"\" width=\"43\" height=\"53\" srcset=\"https:\/\/agora.xtec.cat\/escolaventuragassol\/wp-content\/uploads\/usu2008\/2020\/04\/1200px-PDF_file_icon.svg_-834x1024.png 834w, https:\/\/agora.xtec.cat\/escolaventuragassol\/wp-content\/uploads\/usu2008\/2020\/04\/1200px-PDF_file_icon.svg_-244x300.png 244w, https:\/\/agora.xtec.cat\/escolaventuragassol\/wp-content\/uploads\/usu2008\/2020\/04\/1200px-PDF_file_icon.svg_-768x943.png 768w, https:\/\/agora.xtec.cat\/escolaventuragassol\/wp-content\/uploads\/usu2008\/2020\/04\/1200px-PDF_file_icon.svg_.png 1200w\" sizes=\"auto, (max-width: 43px) 100vw, 43px\" \/><\/a><\/td>\n<td style=\"width: 39.5189%;\">Autoritzaci\u00f3 de creaci\u00f3 del correu-e amb el domini de l&#8217;escola (@venturagassol.cat)<\/td>\n<td style=\"width: 8.19352%; text-align: center;\"><a href=\"https:\/\/drive.google.com\/file\/d\/1A7t2h0ApL7k1yeaYjuvuvZKUKM7TQ-IK\/view?usp=sharing\" target=\"_blank\" rel=\"noopener\"><img loading=\"lazy\" decoding=\"async\" class=\"aligncenter\" src=\"https:\/\/agora.xtec.cat\/escolaventuragassol\/wp-content\/uploads\/usu2008\/2020\/04\/1200px-PDF_file_icon.svg_-834x1024.png\" alt=\"\" width=\"43\" height=\"53\" \/><\/a><\/td>\n<\/tr>\n<tr style=\"height: 31px;\">\n<td style=\"height: 31px; width: 39.5189%;\">Q\u00fcestionari d&#8217;Educaci\u00f3 Infantil<\/td>\n<td style=\"height: 31px; width: 8.19352%; text-align: center;\"><a href=\"https:\/\/drive.google.com\/file\/d\/1_rrX8_ghX8vcBrFtpmgpUyARW-k5W1dE\/view?usp=share_link\" target=\"_blank\" rel=\"noopener\"><img loading=\"lazy\" decoding=\"async\" class=\"aligncenter wp-image-2164\" src=\"https:\/\/agora.xtec.cat\/escolaventuragassol\/wp-content\/uploads\/usu2008\/2020\/04\/1200px-PDF_file_icon.svg_-834x1024.png\" alt=\"\" width=\"43\" height=\"53\" srcset=\"https:\/\/agora.xtec.cat\/escolaventuragassol\/wp-content\/uploads\/usu2008\/2020\/04\/1200px-PDF_file_icon.svg_-834x1024.png 834w, https:\/\/agora.xtec.cat\/escolaventuragassol\/wp-content\/uploads\/usu2008\/2020\/04\/1200px-PDF_file_icon.svg_-244x300.png 244w, https:\/\/agora.xtec.cat\/escolaventuragassol\/wp-content\/uploads\/usu2008\/2020\/04\/1200px-PDF_file_icon.svg_-768x943.png 768w, https:\/\/agora.xtec.cat\/escolaventuragassol\/wp-content\/uploads\/usu2008\/2020\/04\/1200px-PDF_file_icon.svg_.png 1200w\" sizes=\"auto, (max-width: 43px) 100vw, 43px\" \/><\/a><\/td>\n<td style=\"height: 31px; width: 39.5189%;\">Declaraci\u00f3 de l&#8217;opci\u00f3 per rebre l&#8217;ensenyament de la religi\u00f3 o l&#8217;atenci\u00f3 educativa alternativa<\/td>\n<td style=\"height: 31px; width: 8.19352%; text-align: center;\"><a href=\"https:\/\/drive.google.com\/file\/d\/1ONQaJtqkD8GI8AgIXo0l4dmyDFGmrNVv\/view?usp=sharing\" target=\"_blank\" rel=\"noopener\"><img loading=\"lazy\" decoding=\"async\" class=\"aligncenter wp-image-2164\" src=\"https:\/\/agora.xtec.cat\/escolaventuragassol\/wp-content\/uploads\/usu2008\/2020\/04\/1200px-PDF_file_icon.svg_-834x1024.png\" alt=\"\" width=\"43\" height=\"53\" srcset=\"https:\/\/agora.xtec.cat\/escolaventuragassol\/wp-content\/uploads\/usu2008\/2020\/04\/1200px-PDF_file_icon.svg_-834x1024.png 834w, https:\/\/agora.xtec.cat\/escolaventuragassol\/wp-content\/uploads\/usu2008\/2020\/04\/1200px-PDF_file_icon.svg_-244x300.png 244w, https:\/\/agora.xtec.cat\/escolaventuragassol\/wp-content\/uploads\/usu2008\/2020\/04\/1200px-PDF_file_icon.svg_-768x943.png 768w, https:\/\/agora.xtec.cat\/escolaventuragassol\/wp-content\/uploads\/usu2008\/2020\/04\/1200px-PDF_file_icon.svg_.png 1200w\" sizes=\"auto, (max-width: 43px) 100vw, 43px\" \/><\/a><\/td>\n<\/tr>\n<tr style=\"height: 31px;\">\n<td style=\"height: 31px; width: 39.5189%;\">Autoritzaci\u00f3 \u00fas d&#8217;imatge<\/td>\n<td style=\"height: 31px; width: 8.19352%;\"><a href=\"https:\/\/drive.google.com\/file\/d\/1AWsfr8fUxMrkQStGmFr0M8ota4rnUnhh\/view?usp=sharing\" target=\"_blank\" rel=\"noopener\"><img loading=\"lazy\" decoding=\"async\" class=\"aligncenter wp-image-2164\" src=\"https:\/\/agora.xtec.cat\/escolaventuragassol\/wp-content\/uploads\/usu2008\/2020\/04\/1200px-PDF_file_icon.svg_-244x300.png\" alt=\"\" width=\"43\" height=\"53\" srcset=\"https:\/\/agora.xtec.cat\/escolaventuragassol\/wp-content\/uploads\/usu2008\/2020\/04\/1200px-PDF_file_icon.svg_-244x300.png 244w, https:\/\/agora.xtec.cat\/escolaventuragassol\/wp-content\/uploads\/usu2008\/2020\/04\/1200px-PDF_file_icon.svg_-768x943.png 768w, https:\/\/agora.xtec.cat\/escolaventuragassol\/wp-content\/uploads\/usu2008\/2020\/04\/1200px-PDF_file_icon.svg_-834x1024.png 834w, https:\/\/agora.xtec.cat\/escolaventuragassol\/wp-content\/uploads\/usu2008\/2020\/04\/1200px-PDF_file_icon.svg_.png 1200w\" sizes=\"auto, (max-width: 43px) 100vw, 43px\" \/><\/a><\/td>\n<td style=\"width: 39.5189%;\">Autoritzaci\u00f3 d&#8217;administraci\u00f3 de medicaments (Si \u00e9s el cas. Cal adjuntar recepta i informe m\u00e8dic)<\/td>\n<td style=\"width: 8.19352%; text-align: center;\"><a href=\"https:\/\/drive.google.com\/file\/d\/1VT0ubOhyZPQce0QyfwxyRKRy2g2V_z52\/view?usp=drive_link\" target=\"_blank\" rel=\"noopener\"><img loading=\"lazy\" decoding=\"async\" class=\"aligncenter wp-image-2164\" src=\"https:\/\/agora.xtec.cat\/escolaventuragassol\/wp-content\/uploads\/usu2008\/2020\/04\/1200px-PDF_file_icon.svg_-834x1024.png\" alt=\"\" width=\"43\" height=\"53\" srcset=\"https:\/\/agora.xtec.cat\/escolaventuragassol\/wp-content\/uploads\/usu2008\/2020\/04\/1200px-PDF_file_icon.svg_-834x1024.png 834w, https:\/\/agora.xtec.cat\/escolaventuragassol\/wp-content\/uploads\/usu2008\/2020\/04\/1200px-PDF_file_icon.svg_-244x300.png 244w, https:\/\/agora.xtec.cat\/escolaventuragassol\/wp-content\/uploads\/usu2008\/2020\/04\/1200px-PDF_file_icon.svg_-768x943.png 768w, https:\/\/agora.xtec.cat\/escolaventuragassol\/wp-content\/uploads\/usu2008\/2020\/04\/1200px-PDF_file_icon.svg_.png 1200w\" sizes=\"auto, (max-width: 43px) 100vw, 43px\" \/><\/a><\/td>\n<\/tr>\n<tr style=\"height: 31px;\">\n<td style=\"height: 31px; width: 39.5189%;\">Autoritzaci\u00f3 recollida alumnes de I3 a 2n<\/td>\n<td style=\"height: 31px; width: 8.19352%; text-align: center;\"><a href=\"https:\/\/drive.google.com\/file\/d\/1VsPSCFRddioEzxKi0Ed2o4-_U3T1hwif\/view?usp=drive_link\" target=\"_blank\" rel=\"noopener\"><img loading=\"lazy\" decoding=\"async\" class=\"aligncenter wp-image-2164\" src=\"https:\/\/agora.xtec.cat\/escolaventuragassol\/wp-content\/uploads\/usu2008\/2020\/04\/1200px-PDF_file_icon.svg_-834x1024.png\" alt=\"\" width=\"43\" height=\"53\" srcset=\"https:\/\/agora.xtec.cat\/escolaventuragassol\/wp-content\/uploads\/usu2008\/2020\/04\/1200px-PDF_file_icon.svg_-834x1024.png 834w, https:\/\/agora.xtec.cat\/escolaventuragassol\/wp-content\/uploads\/usu2008\/2020\/04\/1200px-PDF_file_icon.svg_-244x300.png 244w, https:\/\/agora.xtec.cat\/escolaventuragassol\/wp-content\/uploads\/usu2008\/2020\/04\/1200px-PDF_file_icon.svg_-768x943.png 768w, https:\/\/agora.xtec.cat\/escolaventuragassol\/wp-content\/uploads\/usu2008\/2020\/04\/1200px-PDF_file_icon.svg_.png 1200w\" sizes=\"auto, (max-width: 43px) 100vw, 43px\" \/><\/a><\/td>\n<td style=\"width: 39.5189%; height: 70px;\">Comunicaci\u00f3 d&#8217;Al\u00b7l\u00e8rgies i Intoler\u00e0ncies (Si \u00e9s el cas. Cal adjuntar informe m\u00e8dic)<\/td>\n<td style=\"width: 8.19352%; text-align: center; height: 70px;\"><a href=\"https:\/\/drive.google.com\/file\/d\/1gtLz82nPdXrkrP3EIxfWiRkhO2vLEiu6\/view?usp=sharing\" target=\"_blank\" rel=\"noopener\"><img loading=\"lazy\" decoding=\"async\" class=\"aligncenter wp-image-2164\" src=\"https:\/\/agora.xtec.cat\/escolaventuragassol\/wp-content\/uploads\/usu2008\/2020\/04\/1200px-PDF_file_icon.svg_-834x1024.png\" alt=\"\" width=\"43\" height=\"53\" srcset=\"https:\/\/agora.xtec.cat\/escolaventuragassol\/wp-content\/uploads\/usu2008\/2020\/04\/1200px-PDF_file_icon.svg_-834x1024.png 834w, https:\/\/agora.xtec.cat\/escolaventuragassol\/wp-content\/uploads\/usu2008\/2020\/04\/1200px-PDF_file_icon.svg_-244x300.png 244w, https:\/\/agora.xtec.cat\/escolaventuragassol\/wp-content\/uploads\/usu2008\/2020\/04\/1200px-PDF_file_icon.svg_-768x943.png 768w, https:\/\/agora.xtec.cat\/escolaventuragassol\/wp-content\/uploads\/usu2008\/2020\/04\/1200px-PDF_file_icon.svg_.png 1200w\" sizes=\"auto, (max-width: 43px) 100vw, 43px\" \/><\/a><\/td>\n<\/tr>\n<tr style=\"height: 31px;\">\n<td style=\"width: 39.5189%; height: 70px;\">Autoritzaci\u00f3 sortida escola alumnes de 3r a 6\u00e8<\/td>\n<td style=\"width: 8.19352%; text-align: center; height: 70px;\"><a href=\"https:\/\/drive.google.com\/file\/d\/1jDn5XB9SD-QxSVJCZ6YYgrmHygK_gGSj\/view?usp=drive_link\" target=\"_blank\" rel=\"noopener\"><img loading=\"lazy\" decoding=\"async\" class=\"aligncenter\" src=\"https:\/\/agora.xtec.cat\/escolaventuragassol\/wp-content\/uploads\/usu2008\/2020\/04\/1200px-PDF_file_icon.svg_-834x1024.png\" alt=\"\" width=\"43\" height=\"53\" \/><\/a><\/td>\n<td style=\"width: 39.5189%; height: 70px;\"><\/td>\n<td style=\"width: 8.19352%; text-align: center; height: 70px;\"><\/td>\n<\/tr>\n<\/tbody>\n<\/table>\n<p>&nbsp;<\/p>\n<p><span style=\"text-decoration: underline;\"><strong>JUSTIFICANTS:<\/strong><\/span><\/p>\n<table class=\" aligncenter\" style=\"height: 102px; width: 41.9606%;\" width=\"41.7424%\">\n<tbody>\n<tr style=\"height: 31px;\">\n<td style=\"height: 31px; width: 27.9145%;\"><strong>JUSTIFICANTS<\/strong><\/td>\n<td style=\"height: 31px; width: 4.20226%;\"><strong>ARXIU<\/strong><\/td>\n<\/tr>\n<tr style=\"height: 31px;\">\n<td style=\"height: 31px; width: 27.9145%; text-align: left;\">Justificaci\u00f3 de faltes d&#8217;Assist\u00e8ncia<\/td>\n<td style=\"height: 31px; width: 4.20226%;\"><a href=\"https:\/\/drive.google.com\/file\/d\/1cpgupjOyuJVxu5L699EPyP0MfpQy6aV0\/view?usp=sharing\" target=\"_blank\" rel=\"noopener\"><img loading=\"lazy\" decoding=\"async\" class=\"aligncenter wp-image-2164\" src=\"https:\/\/agora.xtec.cat\/escolaventuragassol\/wp-content\/uploads\/usu2008\/2020\/04\/1200px-PDF_file_icon.svg_-244x300.png\" alt=\"\" width=\"43\" height=\"53\" srcset=\"https:\/\/agora.xtec.cat\/escolaventuragassol\/wp-content\/uploads\/usu2008\/2020\/04\/1200px-PDF_file_icon.svg_-244x300.png 244w, https:\/\/agora.xtec.cat\/escolaventuragassol\/wp-content\/uploads\/usu2008\/2020\/04\/1200px-PDF_file_icon.svg_-768x943.png 768w, https:\/\/agora.xtec.cat\/escolaventuragassol\/wp-content\/uploads\/usu2008\/2020\/04\/1200px-PDF_file_icon.svg_-834x1024.png 834w, https:\/\/agora.xtec.cat\/escolaventuragassol\/wp-content\/uploads\/usu2008\/2020\/04\/1200px-PDF_file_icon.svg_.png 1200w\" sizes=\"auto, (max-width: 43px) 100vw, 43px\" \/><\/a><\/td>\n<\/tr>\n<\/tbody>\n<\/table>\n<p>&nbsp;<\/p>\n<p>&nbsp;<\/p>\n","protected":false},"excerpt":{"rendered":"<p>&nbsp;<br \/>\nDOCUMENTS:<\/p>\n<p>DOCUMENT<br \/>\nARXIU<br \/>\n\u00a0<br \/>\nDOCUMENT<br \/>\nARXIU<\/p>\n<p>Carta de comprom\u00eds educatiu<br \/>\n<a href=\"https:\/\/drive.google.com\/file\/d\/1ra6FhEPHUq7OKhRU8BjdICPR87USNQFz\/view?usp=sharing\" target=\"_blank\" rel=\"noopener\"><\/a><br \/>\nAutoritzaci\u00f3 sortides escolars locals<br \/>\n<a href=\"https:\/\/drive.google.com\/file\/d\/1Nj5Xb0iJMGYcyFAW9lhveCEW-jGunYJs\/view?usp=drive_link\" target=\"_blank\" rel=\"noopener\"><\/a><\/p>\n<p>Declaraci\u00f3 de Conviv\u00e8ncia + Tel\u00e8fons de contacte<br \/>\n<a href=\"https:\/\/drive.google.com\/file\/d\/1cxD0pL85whuiU7F2Bm-kcsf5Rzp48Pkx\/view?usp=sharing\" target=\"_blank\" rel=\"noopener\"><\/a><br \/>\nAutoritzaci\u00f3 de creaci\u00f3 del correu-e amb el domini de l&#8217;escola (@venturagassol.cat)<br \/>\n<a href=\"https:\/\/drive.google.com\/file\/d\/1A7t2h0ApL7k1yeaYjuvuvZKUKM7TQ-IK\/view?usp=sharing\" target=\"_blank\" rel=\"noopener\"><\/a><\/p>\n<p>Q\u00fcestionari d&#8217;Educaci\u00f3 Infantil<br \/>\n<a href=\"https:\/\/drive.google.com\/file\/d\/1_rrX8_ghX8vcBrFtpmgpUyARW-k5W1dE\/view?usp=share_link\" target=\"_blank\" rel=\"noopener\"><\/a><br \/>\nDeclaraci\u00f3 de l&#8217;opci\u00f3 per rebre l&#8217;ensenyament&hellip;  <a href=\"https:\/\/agora.xtec.cat\/escolaventuragassol\/informacio-practica\/documentacio-autoritzacions-questionaris-justificants\/\" title=\"Read Documentaci\u00f3: autoritzacions, q\u00fcestionaris, justificants, &#8230;\">Llegeix m\u00e9s\u00bb<\/a><\/p>\n","protected":false},"author":1,"featured_media":0,"parent":4242,"menu_order":4,"comment_status":"closed","ping_status":"closed","template":"page-templates\/side-menu.php","meta":{"_bbp_topic_count":0,"_bbp_reply_count":0,"_bbp_total_topic_count":0,"_bbp_total_reply_count":0,"_bbp_voice_count":0,"_bbp_anonymous_reply_count":0,"_bbp_topic_count_hidden":0,"_bbp_reply_count_hidden":0,"_bbp_forum_subforum_count":0,"footnotes":""},"class_list":["post-4864","page","type-page","status-publish","hentry"],"post_mailing_queue_ids":[],"_links":{"self":[{"href":"https:\/\/agora.xtec.cat\/escolaventuragassol\/wp-json\/wp\/v2\/pages\/4864","targetHints":{"allow":["GET"]}}],"collection":[{"href":"https:\/\/agora.xtec.cat\/escolaventuragassol\/wp-json\/wp\/v2\/pages"}],"about":[{"href":"https:\/\/agora.xtec.cat\/escolaventuragassol\/wp-json\/wp\/v2\/types\/page"}],"author":[{"embeddable":true,"href":"https:\/\/agora.xtec.cat\/escolaventuragassol\/wp-json\/wp\/v2\/users\/1"}],"replies":[{"embeddable":true,"href":"https:\/\/agora.xtec.cat\/escolaventuragassol\/wp-json\/wp\/v2\/comments?post=4864"}],"version-history":[{"count":7,"href":"https:\/\/agora.xtec.cat\/escolaventuragassol\/wp-json\/wp\/v2\/pages\/4864\/revisions"}],"predecessor-version":[{"id":5620,"href":"https:\/\/agora.xtec.cat\/escolaventuragassol\/wp-json\/wp\/v2\/pages\/4864\/revisions\/5620"}],"up":[{"embeddable":true,"href":"https:\/\/agora.xtec.cat\/escolaventuragassol\/wp-json\/wp\/v2\/pages\/4242"}],"wp:attachment":[{"href":"https:\/\/agora.xtec.cat\/escolaventuragassol\/wp-json\/wp\/v2\/media?parent=4864"}],"curies":[{"name":"wp","href":"https:\/\/api.w.org\/{rel}","templated":true}]}}