{"id":4566,"date":"2023-01-25T13:18:00","date_gmt":"2023-01-25T12:18:00","guid":{"rendered":"https:\/\/agora.xtec.cat\/escolaventuragassol\/?page_id=4566"},"modified":"2023-03-02T19:17:18","modified_gmt":"2023-03-02T18:17:18","slug":"plastica-en-angles","status":"publish","type":"page","link":"https:\/\/agora.xtec.cat\/escolaventuragassol\/projectes\/plastica-en-angles\/","title":{"rendered":"Pl\u00e0stica en angl\u00e8s"},"content":{"rendered":"<p><img loading=\"lazy\" decoding=\"async\" class=\" wp-image-4786 aligncenter\" src=\"https:\/\/agora.xtec.cat\/escolaventuragassol\/wp-content\/uploads\/usu2008\/2023\/02\/74f5ee84a8564e7fb3df7a6abd1e8efd.jpg\" alt=\"\" width=\"450\" height=\"270\" srcset=\"https:\/\/agora.xtec.cat\/escolaventuragassol\/wp-content\/uploads\/usu2008\/2023\/02\/74f5ee84a8564e7fb3df7a6abd1e8efd.jpg 563w, https:\/\/agora.xtec.cat\/escolaventuragassol\/wp-content\/uploads\/usu2008\/2023\/02\/74f5ee84a8564e7fb3df7a6abd1e8efd-300x180.jpg 300w\" sizes=\"auto, (max-width: 450px) 100vw, 450px\" \/><\/p>\n<p>La idea darrere d\u2019aquest projecte \u00e9s fomentar l\u2019angl\u00e8s a l\u2019aula de pl\u00e0stica. Hi ha un mestre especialista en llengua anglesa que acompanya a l&#8217;assessora en educaci\u00f3 visual i pl\u00e0stica.<\/p>\n<p>El primer que es fa a la classe \u00e9s presentar el vocabulari d\u2019aula i les estructures senzilles b\u00e0siques en angl\u00e8s que m\u00e9s poden utilitzar en aquest context per tal de poder expressar-se. Aix\u00f2 es far\u00e0 a cada sessi\u00f3 fins que el\/la mestre cregui que han consolidat els conceptes. Un cop interioritzat, s\u2019anir\u00e0 repassant per\u00f2 es podran anar introduint noves estructures per tal d\u2019ampliar els seus coneixements.<\/p>\n<p>Posteriorment, s\u2019explicar\u00e0 en angl\u00e8s l\u2019activitat a realitzar, procurant no utilitzar el catal\u00e0. Si hi ha alguns aspectes m\u00e9s t\u00e8cnics, intervindr\u00e0 l\u2019especialista d\u2019arts pl\u00e0stiques per ensenyar com realitzar la tasca.<\/p>\n<p>Un dels objectius m\u00e9s importants \u00e9s aconseguir que l\u2019alumnat utilitzi l\u2019angl\u00e8s a l\u2019aula, no nom\u00e9s amb el\/la professor\/a sin\u00f3 entre ells i elles.\u00a0 Mentre realitzen la tasca, l\u2019especialista en llengua anglesa anir\u00e0 passant per les taules per escoltar-los, animar-los a conversar i ajudar-los en tot el que sigui possible.<\/p>\n<p>Els resultats estan sent positius, ja que s\u2019esforcen per dir el que els hi hem ensenyat.<\/p>\n","protected":false},"excerpt":{"rendered":"<p>La idea darrere d\u2019aquest projecte \u00e9s fomentar l\u2019angl\u00e8s a l\u2019aula de pl\u00e0stica. Hi ha un mestre especialista en llengua anglesa que acompanya a l&#8217;assessora en educaci\u00f3 visual i pl\u00e0stica.<br \/>\nEl primer que es fa a la classe \u00e9s presentar el vocabulari d\u2019aula i les estructures senzilles&hellip;  <a href=\"https:\/\/agora.xtec.cat\/escolaventuragassol\/projectes\/plastica-en-angles\/\" title=\"Read Pl\u00e0stica en angl\u00e8s\">Llegeix m\u00e9s\u00bb<\/a><\/p>\n","protected":false},"author":1,"featured_media":0,"parent":4559,"menu_order":4,"comment_status":"closed","ping_status":"closed","template":"page-templates\/side-menu.php","meta":{"_bbp_topic_count":0,"_bbp_reply_count":0,"_bbp_total_topic_count":0,"_bbp_total_reply_count":0,"_bbp_voice_count":0,"_bbp_anonymous_reply_count":0,"_bbp_topic_count_hidden":0,"_bbp_reply_count_hidden":0,"_bbp_forum_subforum_count":0,"footnotes":""},"class_list":["post-4566","page","type-page","status-publish","hentry"],"post_mailing_queue_ids":[],"_links":{"self":[{"href":"https:\/\/agora.xtec.cat\/escolaventuragassol\/wp-json\/wp\/v2\/pages\/4566","targetHints":{"allow":["GET"]}}],"collection":[{"href":"https:\/\/agora.xtec.cat\/escolaventuragassol\/wp-json\/wp\/v2\/pages"}],"about":[{"href":"https:\/\/agora.xtec.cat\/escolaventuragassol\/wp-json\/wp\/v2\/types\/page"}],"author":[{"embeddable":true,"href":"https:\/\/agora.xtec.cat\/escolaventuragassol\/wp-json\/wp\/v2\/users\/1"}],"replies":[{"embeddable":true,"href":"https:\/\/agora.xtec.cat\/escolaventuragassol\/wp-json\/wp\/v2\/comments?post=4566"}],"version-history":[{"count":3,"href":"https:\/\/agora.xtec.cat\/escolaventuragassol\/wp-json\/wp\/v2\/pages\/4566\/revisions"}],"predecessor-version":[{"id":4788,"href":"https:\/\/agora.xtec.cat\/escolaventuragassol\/wp-json\/wp\/v2\/pages\/4566\/revisions\/4788"}],"up":[{"embeddable":true,"href":"https:\/\/agora.xtec.cat\/escolaventuragassol\/wp-json\/wp\/v2\/pages\/4559"}],"wp:attachment":[{"href":"https:\/\/agora.xtec.cat\/escolaventuragassol\/wp-json\/wp\/v2\/media?parent=4566"}],"curies":[{"name":"wp","href":"https:\/\/api.w.org\/{rel}","templated":true}]}}