{"id":4562,"date":"2023-01-25T13:17:20","date_gmt":"2023-01-25T12:17:20","guid":{"rendered":"https:\/\/agora.xtec.cat\/escolaventuragassol\/?page_id=4562"},"modified":"2025-10-02T19:45:36","modified_gmt":"2025-10-02T17:45:36","slug":"escola-verda","status":"publish","type":"page","link":"https:\/\/agora.xtec.cat\/escolaventuragassol\/projectes\/escola-verda\/","title":{"rendered":"Escola Verda"},"content":{"rendered":"<p><img loading=\"lazy\" decoding=\"async\" class=\"wp-image-4647 alignleft\" src=\"https:\/\/agora.xtec.cat\/escolaventuragassol\/wp-content\/uploads\/usu2008\/2023\/02\/escola-verda.jpg\" alt=\"\" width=\"113\" height=\"113\" srcset=\"https:\/\/agora.xtec.cat\/escolaventuragassol\/wp-content\/uploads\/usu2008\/2023\/02\/escola-verda.jpg 500w, https:\/\/agora.xtec.cat\/escolaventuragassol\/wp-content\/uploads\/usu2008\/2023\/02\/escola-verda-300x300.jpg 300w, https:\/\/agora.xtec.cat\/escolaventuragassol\/wp-content\/uploads\/usu2008\/2023\/02\/escola-verda-150x150.jpg 150w\" sizes=\"auto, (max-width: 113px) 100vw, 113px\" \/><\/p>\n<p>La Xarxa d\u2019Escoles Verdes (XEV) \u00e9s una xarxa diversa integrada per centres d\u2019educaci\u00f3 infantil (0-6), prim\u00e0ria, secund\u00e0ria, cicles formatius i centres d\u2019educaci\u00f3 especial i d\u2019adults, entre d\u2019altres. Aquests centres educatius estan compromesos amb la sostenibilitat que treballen per fomentar una educaci\u00f3 ecosocial que transformi el centre educatiu i el seu entorn, tot treballant en xarxa amb altres entitats del territori.<\/p>\n<p>Actualment, hi ha m\u00e9s de 800 centres que formen part de la Xarxa d\u2019Escoles Verdes. Per donar resposta i suport a aquests centres, va n\u00e9ixer l\u2019any 1998 el Programa Escoles Verdes, un instrument del Departament d\u2019Educaci\u00f3 i del Departament d\u2019Acci\u00f3 Clim\u00e0tica, Alimentaci\u00f3 i Agenda Rural amb 3 grans objectius:<\/p>\n<ul>\n<li>Ajudar els centres a incorporar els valors de l\u2019educaci\u00f3 per a la sostenibilitat en tots els \u00e0mbits de la vida del centre (curr\u00edculum, gesti\u00f3, relacions amb l\u2019entorn, etc.).<\/li>\n<li>Promoure la participaci\u00f3 i la implicaci\u00f3 activa de la comunitat educativa en la millora del seu entorn.<\/li>\n<li>Afavorir l\u2019intercanvi entre els centres que comparteixen uns mateixos objectius.<\/li>\n<\/ul>\n<p><img loading=\"lazy\" decoding=\"async\" class=\"wp-image-4653 alignleft\" src=\"https:\/\/agora.xtec.cat\/escolaventuragassol\/wp-content\/uploads\/usu2008\/2023\/02\/placa-Escola-Verda-1024x444.png\" alt=\"\" width=\"249\" height=\"108\" srcset=\"https:\/\/agora.xtec.cat\/escolaventuragassol\/wp-content\/uploads\/usu2008\/2023\/02\/placa-Escola-Verda-1024x444.png 1024w, https:\/\/agora.xtec.cat\/escolaventuragassol\/wp-content\/uploads\/usu2008\/2023\/02\/placa-Escola-Verda-300x130.png 300w, https:\/\/agora.xtec.cat\/escolaventuragassol\/wp-content\/uploads\/usu2008\/2023\/02\/placa-Escola-Verda-768x333.png 768w, https:\/\/agora.xtec.cat\/escolaventuragassol\/wp-content\/uploads\/usu2008\/2023\/02\/placa-Escola-Verda.png 1113w\" sizes=\"auto, (max-width: 249px) 100vw, 249px\" \/><\/p>\n<p>&nbsp;<\/p>\n<p>La nostra escola est\u00e0 integrada en aquesta xarxa des del curs 2020\/2021 i, per tant, realitza diverses accions per treballar en la sostenibilitat del nostre centre i del nostre entorn:<\/p>\n<p>&nbsp;<\/p>\n<h4><strong><span style=\"color: #145a32;\">1.- Accions quotidianes que ens recorda la nostra mascota verda el \u201cTerr\u00e0tic\u201d<\/span>:<\/strong><\/h4>\n<p>Al vest\u00edbul de l&#8217;escola hi ha una cartellera (<em>La Cartellera Verda<\/em>) on hi trobem les recomanacions generals que ens fa la nostra mascota verda, <em>Terr\u00e0tic<\/em>, i on tamb\u00e9 s&#8217;informa a la comunitat educativa sobre les diverses activitats que es realitzen a l&#8217;escola relacionades amb l&#8217;escola verda. A cada aula hi ha el Rac\u00f3 Verd, un espai on el <em>Terr\u00e0tic<\/em> ens recorda tot el que hem de realitzar per a millorar amb el medi ambient (apagar els llums, esmorzar fruita, utilitzar carmanyola, &#8230; )<\/p>\n<p><img loading=\"lazy\" decoding=\"async\" class=\"alignnone wp-image-4721\" src=\"https:\/\/agora.xtec.cat\/escolaventuragassol\/wp-content\/uploads\/usu2008\/2023\/02\/recomanacions-Terratic-1024x642.png\" alt=\"\" width=\"576\" height=\"361\" srcset=\"https:\/\/agora.xtec.cat\/escolaventuragassol\/wp-content\/uploads\/usu2008\/2023\/02\/recomanacions-Terratic-1024x642.png 1024w, https:\/\/agora.xtec.cat\/escolaventuragassol\/wp-content\/uploads\/usu2008\/2023\/02\/recomanacions-Terratic-300x188.png 300w, https:\/\/agora.xtec.cat\/escolaventuragassol\/wp-content\/uploads\/usu2008\/2023\/02\/recomanacions-Terratic-768x481.png 768w, https:\/\/agora.xtec.cat\/escolaventuragassol\/wp-content\/uploads\/usu2008\/2023\/02\/recomanacions-Terratic-1536x962.png 1536w, https:\/\/agora.xtec.cat\/escolaventuragassol\/wp-content\/uploads\/usu2008\/2023\/02\/recomanacions-Terratic.png 1762w\" sizes=\"auto, (max-width: 576px) 100vw, 576px\" \/><\/p>\n<h4><\/h4>\n<h4><\/h4>\n<p>&nbsp;<\/p>\n<h4><strong><span style=\"color: #145a32;\">2.- Recollida selectiva de deixalles (paper, envasos, org\u00e0nic i rebuig)<\/span><\/strong>:<\/h4>\n<p>Totes les aules de l&#8217;escola tenen contenidors per a la recollida selectiva de deixalles. Tamb\u00e9 trobem al vest\u00edbul de l&#8217;escola els contenidors grans de recollida de paper, envasos, org\u00e0nic (on els alumnes hi buiden cada dia les papereres de les seves aules)<\/p>\n<p>A les portes de cada aula hi ha un cartell que indica si, durant aquell mes, l&#8217;alumnat de la classe ha fet correctament la recollida selectiva o b\u00e9 pot millorar en el seguiment d&#8217;aquesta norma.<\/p>\n<p><img loading=\"lazy\" decoding=\"async\" class=\"alignnone wp-image-4706\" src=\"https:\/\/agora.xtec.cat\/escolaventuragassol\/wp-content\/uploads\/usu2008\/2023\/02\/recollida-selectiva-copia.jpg\" alt=\"\" width=\"425\" height=\"153\" srcset=\"https:\/\/agora.xtec.cat\/escolaventuragassol\/wp-content\/uploads\/usu2008\/2023\/02\/recollida-selectiva-copia.jpg 567w, https:\/\/agora.xtec.cat\/escolaventuragassol\/wp-content\/uploads\/usu2008\/2023\/02\/recollida-selectiva-copia-300x108.jpg 300w\" sizes=\"auto, (max-width: 425px) 100vw, 425px\" \/><\/p>\n<h4><\/h4>\n<p>&nbsp;<\/p>\n<h4><strong><span style=\"color: #145a32;\">3.- Recollida de &#8230;<\/span><\/strong><\/h4>\n<p>Al vest\u00edbul de l&#8217;escola hi ha els contenidors d&#8217;estris d&#8217;escriptura, cartutxos buits de t\u00f2ner i tinta, piles i taps de pl\u00e0stic.<\/p>\n<p><strong>&#8230; material d\u2019escriptura<\/strong>: recollim bol\u00edgrafs, llapis, portamines, retoladors de tot tipus, fluorescents, marcadors, correctors (de cinta, l\u00edquids i tipus bol\u00edgraf): No es recullen regles, pegaments de barra ni gomes d&#8217;esborrar.<\/p>\n<p><img loading=\"lazy\" decoding=\"async\" class=\"alignnone wp-image-4693\" src=\"https:\/\/agora.xtec.cat\/escolaventuragassol\/wp-content\/uploads\/usu2008\/2023\/02\/Que-puedes-reciclar.jpg\" alt=\"\" width=\"250\" height=\"285\" srcset=\"https:\/\/agora.xtec.cat\/escolaventuragassol\/wp-content\/uploads\/usu2008\/2023\/02\/Que-puedes-reciclar.jpg 680w, https:\/\/agora.xtec.cat\/escolaventuragassol\/wp-content\/uploads\/usu2008\/2023\/02\/Que-puedes-reciclar-264x300.jpg 264w\" sizes=\"auto, (max-width: 250px) 100vw, 250px\" \/> <img loading=\"lazy\" decoding=\"async\" class=\"alignnone wp-image-4694\" src=\"https:\/\/agora.xtec.cat\/escolaventuragassol\/wp-content\/uploads\/usu2008\/2023\/02\/cartell-bolis-827x1024.png\" alt=\"\" width=\"231\" height=\"286\" srcset=\"https:\/\/agora.xtec.cat\/escolaventuragassol\/wp-content\/uploads\/usu2008\/2023\/02\/cartell-bolis-827x1024.png 827w, https:\/\/agora.xtec.cat\/escolaventuragassol\/wp-content\/uploads\/usu2008\/2023\/02\/cartell-bolis-242x300.png 242w, https:\/\/agora.xtec.cat\/escolaventuragassol\/wp-content\/uploads\/usu2008\/2023\/02\/cartell-bolis-768x951.png 768w, https:\/\/agora.xtec.cat\/escolaventuragassol\/wp-content\/uploads\/usu2008\/2023\/02\/cartell-bolis-1240x1536.png 1240w, https:\/\/agora.xtec.cat\/escolaventuragassol\/wp-content\/uploads\/usu2008\/2023\/02\/cartell-bolis.png 1340w\" sizes=\"auto, (max-width: 231px) 100vw, 231px\" \/><\/p>\n<p>&nbsp;<\/p>\n<p><strong>&#8230; cartutxos de t\u00f2ner i de tinta<\/strong>: \u00a0les noves Tecnologies de la Informaci\u00f3 i la Comunicaci\u00f3 (TIC), produeixen residus i s\u00f3n milions de tones de pl\u00e0stic no degradable de cartutxos de t\u00f2ner i de tinta que es tiren a l\u2019abocador cada any, quan es podrien reutilitzar. <a href=\"https:\/\/fbo-org.com\/ca\/\" target=\"_blank\" rel=\"noopener\"><strong>FBO <\/strong><\/a>es dedica a la recollida de cartutxos buits\u00a0d\u2019impressora i des dels seus inicis ha recuperat milions de cartutxos de t\u00f2ner i d\u2019injecci\u00f3 de tinta per al seu reciclatge.<\/p>\n<p><img loading=\"lazy\" decoding=\"async\" class=\"alignnone wp-image-4696\" src=\"https:\/\/agora.xtec.cat\/escolaventuragassol\/wp-content\/uploads\/usu2008\/2023\/02\/Cartuchos-usados-para-reciclar.png\" alt=\"\" width=\"252\" height=\"155\" srcset=\"https:\/\/agora.xtec.cat\/escolaventuragassol\/wp-content\/uploads\/usu2008\/2023\/02\/Cartuchos-usados-para-reciclar.png 320w, https:\/\/agora.xtec.cat\/escolaventuragassol\/wp-content\/uploads\/usu2008\/2023\/02\/Cartuchos-usados-para-reciclar-300x185.png 300w\" sizes=\"auto, (max-width: 252px) 100vw, 252px\" \/> <img loading=\"lazy\" decoding=\"async\" class=\"alignnone wp-image-4697\" src=\"https:\/\/agora.xtec.cat\/escolaventuragassol\/wp-content\/uploads\/usu2008\/2023\/02\/ecobox-fbo2-232x300-1.png\" alt=\"\" width=\"230\" height=\"266\" \/><\/p>\n<p>&nbsp;<\/p>\n<p><strong>&#8230; piles de bast\u00f3, piles de bot\u00f3 i bateries de m\u00f2bil i c\u00e0mera<\/strong>: la nostra escola participa al programa, impulsat per la Generalitat de Catalunya, &#8220;<a href=\"https:\/\/www.apilo.cat\/\" target=\"_blank\" rel=\"noopener\"><em><strong>Apilo XII <\/strong><\/em><\/a>&#8221; de recollida de piles de basto i de boto i bateries de m\u00f2bil i c\u00e0mera.<\/p>\n<p><img loading=\"lazy\" decoding=\"async\" class=\"alignnone wp-image-4691\" src=\"https:\/\/agora.xtec.cat\/escolaventuragassol\/wp-content\/uploads\/usu2008\/2023\/02\/Recollida-piles-1024x520.png\" alt=\"\" width=\"451\" height=\"229\" srcset=\"https:\/\/agora.xtec.cat\/escolaventuragassol\/wp-content\/uploads\/usu2008\/2023\/02\/Recollida-piles-1024x520.png 1024w, https:\/\/agora.xtec.cat\/escolaventuragassol\/wp-content\/uploads\/usu2008\/2023\/02\/Recollida-piles-300x152.png 300w, https:\/\/agora.xtec.cat\/escolaventuragassol\/wp-content\/uploads\/usu2008\/2023\/02\/Recollida-piles-768x390.png 768w, https:\/\/agora.xtec.cat\/escolaventuragassol\/wp-content\/uploads\/usu2008\/2023\/02\/Recollida-piles.png 1043w\" sizes=\"auto, (max-width: 451px) 100vw, 451px\" \/>\u00a0 \u00a0 \u00a0 \u00a0 \u00a0 <img loading=\"lazy\" decoding=\"async\" class=\"alignnone wp-image-4692\" src=\"https:\/\/agora.xtec.cat\/escolaventuragassol\/wp-content\/uploads\/usu2008\/2023\/02\/Cartell-Apilo-XII.png\" alt=\"\" width=\"162\" height=\"229\" srcset=\"https:\/\/agora.xtec.cat\/escolaventuragassol\/wp-content\/uploads\/usu2008\/2023\/02\/Cartell-Apilo-XII.png 310w, https:\/\/agora.xtec.cat\/escolaventuragassol\/wp-content\/uploads\/usu2008\/2023\/02\/Cartell-Apilo-XII-212x300.png 212w\" sizes=\"auto, (max-width: 162px) 100vw, 162px\" \/><\/p>\n<p>&nbsp;<\/p>\n<p><strong>&#8230; taps de pl\u00e0stic<\/strong>: recollim gaireb\u00e9 qualsevol tipus de tap de pl\u00e0stic.<\/p>\n<p><img loading=\"lazy\" decoding=\"async\" class=\"alignnone wp-image-4699\" src=\"https:\/\/agora.xtec.cat\/escolaventuragassol\/wp-content\/uploads\/usu2008\/2023\/02\/Poster-taps-AME-724x1024-1.jpg\" alt=\"\" width=\"300\" height=\"174\" srcset=\"https:\/\/agora.xtec.cat\/escolaventuragassol\/wp-content\/uploads\/usu2008\/2023\/02\/Poster-taps-AME-724x1024-1.jpg 724w, https:\/\/agora.xtec.cat\/escolaventuragassol\/wp-content\/uploads\/usu2008\/2023\/02\/Poster-taps-AME-724x1024-1-300x174.jpg 300w\" sizes=\"auto, (max-width: 300px) 100vw, 300px\" \/>\u00a0 \u00a0 \u00a0 \u00a0\u00a0 <img loading=\"lazy\" decoding=\"async\" class=\"alignnone wp-image-4700\" src=\"https:\/\/agora.xtec.cat\/escolaventuragassol\/wp-content\/uploads\/usu2008\/2023\/02\/tapones.jpg\" alt=\"\" width=\"275\" height=\"335\" srcset=\"https:\/\/agora.xtec.cat\/escolaventuragassol\/wp-content\/uploads\/usu2008\/2023\/02\/tapones.jpg 551w, https:\/\/agora.xtec.cat\/escolaventuragassol\/wp-content\/uploads\/usu2008\/2023\/02\/tapones-247x300.jpg 247w\" sizes=\"auto, (max-width: 275px) 100vw, 275px\" \/><\/p>\n<p>&nbsp;<\/p>\n<h4><strong><span style=\"color: #145a32;\">4.- Neteja de patis<\/span><\/strong>:<\/h4>\n<p>A Educaci\u00f3 Prim\u00e0ria es fa la recollida setmanal de les deixalles dels patis. Cada setmana, i per torns, una classe de 1r Cicle, i una de 2n i 3r Cicles, passen a recollir tots els papers i brossa que hi pugui haver als corresponents patis.<\/p>\n<p><img loading=\"lazy\" decoding=\"async\" class=\"alignnone wp-image-4752\" src=\"https:\/\/agora.xtec.cat\/escolaventuragassol\/wp-content\/uploads\/usu2008\/2023\/02\/pati.png\" alt=\"\" width=\"370\" height=\"218\" srcset=\"https:\/\/agora.xtec.cat\/escolaventuragassol\/wp-content\/uploads\/usu2008\/2023\/02\/pati.png 421w, https:\/\/agora.xtec.cat\/escolaventuragassol\/wp-content\/uploads\/usu2008\/2023\/02\/pati-300x177.png 300w\" sizes=\"auto, (max-width: 370px) 100vw, 370px\" \/><\/p>\n<h4><\/h4>\n<p>&nbsp;<\/p>\n<h4><strong><span style=\"color: #145a32;\">5.- Promoci\u00f3 de l&#8217;estalvi de materials i de l&#8217;\u00fas de materials sostenibles<\/span><\/strong>:<\/h4>\n<p>Utilitzar fulls de paper reciclat i\u00a0 minimitzar-ne la despesa amb l&#8217;enviament de tota la informaci\u00f3 i la documentaci\u00f3 que sigui possible a trav\u00e9s de la web, del correu electr\u00f2nic, de l&#8217;aplicaci\u00f3 Tellfy i d&#8217;Instagram.<\/p>\n<p><img loading=\"lazy\" decoding=\"async\" class=\"alignnone wp-image-4749\" src=\"https:\/\/agora.xtec.cat\/escolaventuragassol\/wp-content\/uploads\/usu2008\/2023\/02\/papers.jpg\" alt=\"\" width=\"144\" height=\"127\" srcset=\"https:\/\/agora.xtec.cat\/escolaventuragassol\/wp-content\/uploads\/usu2008\/2023\/02\/papers.jpg 425w, https:\/\/agora.xtec.cat\/escolaventuragassol\/wp-content\/uploads\/usu2008\/2023\/02\/papers-300x264.jpg 300w\" sizes=\"auto, (max-width: 144px) 100vw, 144px\" \/>\u00a0 \u00a0 \u00a0<img loading=\"lazy\" decoding=\"async\" class=\"alignnone wp-image-4748\" src=\"https:\/\/agora.xtec.cat\/escolaventuragassol\/wp-content\/uploads\/usu2008\/2023\/02\/web-escola.png\" alt=\"\" width=\"212\" height=\"99\" srcset=\"https:\/\/agora.xtec.cat\/escolaventuragassol\/wp-content\/uploads\/usu2008\/2023\/02\/web-escola.png 573w, https:\/\/agora.xtec.cat\/escolaventuragassol\/wp-content\/uploads\/usu2008\/2023\/02\/web-escola-300x140.png 300w\" sizes=\"auto, (max-width: 212px) 100vw, 212px\" \/>\u00a0 \u00a0 \u00a0 \u00a0<img loading=\"lazy\" decoding=\"async\" class=\"alignnone wp-image-4754\" src=\"https:\/\/agora.xtec.cat\/escolaventuragassol\/wp-content\/uploads\/usu2008\/2023\/02\/que-es-email-correo-electronico-e1643025171861.jpg\" alt=\"\" width=\"96\" height=\"97\" srcset=\"https:\/\/agora.xtec.cat\/escolaventuragassol\/wp-content\/uploads\/usu2008\/2023\/02\/que-es-email-correo-electronico-e1643025171861.jpg 342w, https:\/\/agora.xtec.cat\/escolaventuragassol\/wp-content\/uploads\/usu2008\/2023\/02\/que-es-email-correo-electronico-e1643025171861-298x300.jpg 298w, https:\/\/agora.xtec.cat\/escolaventuragassol\/wp-content\/uploads\/usu2008\/2023\/02\/que-es-email-correo-electronico-e1643025171861-150x150.jpg 150w\" sizes=\"auto, (max-width: 96px) 100vw, 96px\" \/>\u00a0 \u00a0 \u00a0<img loading=\"lazy\" decoding=\"async\" class=\"alignnone wp-image-4455\" src=\"https:\/\/agora.xtec.cat\/escolaventuragassol\/wp-content\/uploads\/usu2008\/2022\/10\/Tellfy.png\" alt=\"\" width=\"208\" height=\"86\" \/>\u00a0 \u00a0 \u00a0<img loading=\"lazy\" decoding=\"async\" class=\"alignnone wp-image-4603\" src=\"https:\/\/agora.xtec.cat\/escolaventuragassol\/wp-content\/uploads\/usu2008\/2023\/02\/Sense-titol.png\" alt=\"\" width=\"206\" height=\"79\" srcset=\"https:\/\/agora.xtec.cat\/escolaventuragassol\/wp-content\/uploads\/usu2008\/2023\/02\/Sense-titol.png 429w, https:\/\/agora.xtec.cat\/escolaventuragassol\/wp-content\/uploads\/usu2008\/2023\/02\/Sense-titol-300x115.png 300w\" sizes=\"auto, (max-width: 206px) 100vw, 206px\" \/><\/p>\n<p>La majoria dels alumnes de l&#8217;escola s&#8217;inscriuen al pla de reutilitzaci\u00f3 de llibres de text, que permet usar els mateixos llibres durant alguns anys. Aix\u00f2 significa un estalvi econ\u00f2mic a les fam\u00edlies i tamb\u00e9 ajuda a la sostenibilitat.<\/p>\n<p><img loading=\"lazy\" decoding=\"async\" class=\"alignnone wp-image-4751\" src=\"https:\/\/agora.xtec.cat\/escolaventuragassol\/wp-content\/uploads\/usu2008\/2023\/02\/libros_2_0.png\" alt=\"\" width=\"163\" height=\"174\" srcset=\"https:\/\/agora.xtec.cat\/escolaventuragassol\/wp-content\/uploads\/usu2008\/2023\/02\/libros_2_0.png 553w, https:\/\/agora.xtec.cat\/escolaventuragassol\/wp-content\/uploads\/usu2008\/2023\/02\/libros_2_0-281x300.png 281w\" sizes=\"auto, (max-width: 163px) 100vw, 163px\" \/><\/p>\n<p>Promocionar l&#8217;\u00fas de carmanyoles per portar l&#8217;esmorzar, ampolles d&#8217;aigua reutilitzables, &#8230;<\/p>\n<p><img loading=\"lazy\" decoding=\"async\" class=\"alignnone wp-image-4704\" src=\"https:\/\/agora.xtec.cat\/escolaventuragassol\/wp-content\/uploads\/usu2008\/2023\/02\/610RRDoH8kL._AC_SS450_.jpg\" alt=\"\" width=\"149\" height=\"149\" srcset=\"https:\/\/agora.xtec.cat\/escolaventuragassol\/wp-content\/uploads\/usu2008\/2023\/02\/610RRDoH8kL._AC_SS450_.jpg 450w, https:\/\/agora.xtec.cat\/escolaventuragassol\/wp-content\/uploads\/usu2008\/2023\/02\/610RRDoH8kL._AC_SS450_-300x300.jpg 300w, https:\/\/agora.xtec.cat\/escolaventuragassol\/wp-content\/uploads\/usu2008\/2023\/02\/610RRDoH8kL._AC_SS450_-150x150.jpg 150w\" sizes=\"auto, (max-width: 149px) 100vw, 149px\" \/><\/p>\n<h4><\/h4>\n<p>&nbsp;<\/p>\n<h4><strong><span style=\"color: #145a32;\">6.- Promoci\u00f3 de l&#8217;alimentaci\u00f3 saludable<\/span><\/strong>:<\/h4>\n<p>Esmorzar fruita com a m\u00ednim un cop per setmana (els dimecres).<\/p>\n<p>A la Cartellera Verda del vest\u00edbul s&#8217;hi comunica quines han estat les classes en qu\u00e8, en finalitzar cada mes, hi ha hagut m\u00e9s alumnes que han seguit aquest consell.<\/p>\n<p><img loading=\"lazy\" decoding=\"async\" class=\"alignnone wp-image-4701\" src=\"https:\/\/agora.xtec.cat\/escolaventuragassol\/wp-content\/uploads\/usu2008\/2023\/02\/mitos-sobre-la-fruta.jpg\" alt=\"\" width=\"203\" height=\"108\" srcset=\"https:\/\/agora.xtec.cat\/escolaventuragassol\/wp-content\/uploads\/usu2008\/2023\/02\/mitos-sobre-la-fruta.jpg 620w, https:\/\/agora.xtec.cat\/escolaventuragassol\/wp-content\/uploads\/usu2008\/2023\/02\/mitos-sobre-la-fruta-300x160.jpg 300w\" sizes=\"auto, (max-width: 203px) 100vw, 203px\" \/>\u00a0 <img loading=\"lazy\" decoding=\"async\" class=\"alignnone wp-image-4702\" src=\"https:\/\/agora.xtec.cat\/escolaventuragassol\/wp-content\/uploads\/usu2008\/2023\/02\/frutos-secos-super-amara.png\" alt=\"\" width=\"154\" height=\"78\" srcset=\"https:\/\/agora.xtec.cat\/escolaventuragassol\/wp-content\/uploads\/usu2008\/2023\/02\/frutos-secos-super-amara.png 640w, https:\/\/agora.xtec.cat\/escolaventuragassol\/wp-content\/uploads\/usu2008\/2023\/02\/frutos-secos-super-amara-300x152.png 300w\" sizes=\"auto, (max-width: 154px) 100vw, 154px\" \/><\/p>\n<p>&nbsp;<\/p>\n<h4><strong><span style=\"color: #145a32;\">7.- Realitzaci\u00f3 de sortides a l&#8217;entorn<\/span><\/strong><\/h4>\n<p>Con\u00e8ixer els espais naturals, socials i culturals dels voltants del poble. S&#8217;acostuma a aprofitar el Dijous Gras per a que cada cicle de l&#8217;escola vagi a un espai del nostre entorn.<\/p>\n<p>Tamb\u00e9, un cop cada curs, els alumnes de 6\u00e8 van a la Granja dels Frares i participen a l&#8217;activitat organitzada per la fundaci\u00f3 Aurora i promoguda per l&#8217;Ajuntament, plantant diferents esp\u00e8cies d&#8217;arbres i plantes t\u00edpics de la zona.<\/p>\n<p><img loading=\"lazy\" decoding=\"async\" class=\"alignnone wp-image-4756\" src=\"https:\/\/agora.xtec.cat\/escolaventuragassol\/wp-content\/uploads\/usu2008\/2023\/02\/parc.png\" alt=\"\" width=\"422\" height=\"281\" srcset=\"https:\/\/agora.xtec.cat\/escolaventuragassol\/wp-content\/uploads\/usu2008\/2023\/02\/parc.png 689w, https:\/\/agora.xtec.cat\/escolaventuragassol\/wp-content\/uploads\/usu2008\/2023\/02\/parc-300x200.png 300w\" sizes=\"auto, (max-width: 422px) 100vw, 422px\" \/><\/p>\n","protected":false},"excerpt":{"rendered":"<p>La Xarxa d\u2019Escoles Verdes (XEV) \u00e9s una xarxa diversa integrada per centres d\u2019educaci\u00f3 infantil (0-6), prim\u00e0ria, secund\u00e0ria, cicles formatius i centres d\u2019educaci\u00f3 especial i d\u2019adults, entre d\u2019altres. Aquests centres educatius estan compromesos amb la sostenibilitat que treballen per fomentar una educaci\u00f3 ecosocial que transformi el&hellip;  <a href=\"https:\/\/agora.xtec.cat\/escolaventuragassol\/projectes\/escola-verda\/\" title=\"Read Escola Verda\">Llegeix m\u00e9s\u00bb<\/a><\/p>\n","protected":false},"author":1,"featured_media":0,"parent":4559,"menu_order":2,"comment_status":"closed","ping_status":"closed","template":"page-templates\/side-menu.php","meta":{"_bbp_topic_count":0,"_bbp_reply_count":0,"_bbp_total_topic_count":0,"_bbp_total_reply_count":0,"_bbp_voice_count":0,"_bbp_anonymous_reply_count":0,"_bbp_topic_count_hidden":0,"_bbp_reply_count_hidden":0,"_bbp_forum_subforum_count":0,"footnotes":""},"class_list":["post-4562","page","type-page","status-publish","hentry"],"post_mailing_queue_ids":[],"_links":{"self":[{"href":"https:\/\/agora.xtec.cat\/escolaventuragassol\/wp-json\/wp\/v2\/pages\/4562","targetHints":{"allow":["GET"]}}],"collection":[{"href":"https:\/\/agora.xtec.cat\/escolaventuragassol\/wp-json\/wp\/v2\/pages"}],"about":[{"href":"https:\/\/agora.xtec.cat\/escolaventuragassol\/wp-json\/wp\/v2\/types\/page"}],"author":[{"embeddable":true,"href":"https:\/\/agora.xtec.cat\/escolaventuragassol\/wp-json\/wp\/v2\/users\/1"}],"replies":[{"embeddable":true,"href":"https:\/\/agora.xtec.cat\/escolaventuragassol\/wp-json\/wp\/v2\/comments?post=4562"}],"version-history":[{"count":6,"href":"https:\/\/agora.xtec.cat\/escolaventuragassol\/wp-json\/wp\/v2\/pages\/4562\/revisions"}],"predecessor-version":[{"id":5535,"href":"https:\/\/agora.xtec.cat\/escolaventuragassol\/wp-json\/wp\/v2\/pages\/4562\/revisions\/5535"}],"up":[{"embeddable":true,"href":"https:\/\/agora.xtec.cat\/escolaventuragassol\/wp-json\/wp\/v2\/pages\/4559"}],"wp:attachment":[{"href":"https:\/\/agora.xtec.cat\/escolaventuragassol\/wp-json\/wp\/v2\/media?parent=4562"}],"curies":[{"name":"wp","href":"https:\/\/api.w.org\/{rel}","templated":true}]}}