{"id":4308,"date":"2022-06-29T13:42:49","date_gmt":"2022-06-29T11:42:49","guid":{"rendered":"https:\/\/agora.xtec.cat\/escolaventuragassol\/?page_id=4308"},"modified":"2026-04-19T12:00:30","modified_gmt":"2026-04-19T10:00:30","slug":"estrategia-digital-de-centre","status":"publish","type":"page","link":"https:\/\/agora.xtec.cat\/escolaventuragassol\/projectes\/estrategia-digital-de-centre\/","title":{"rendered":"Estrat\u00e8gia Digital de Centre"},"content":{"rendered":"<p><img loading=\"lazy\" decoding=\"async\" class=\" wp-image-4735 alignleft\" src=\"https:\/\/agora.xtec.cat\/escolaventuragassol\/wp-content\/uploads\/usu2008\/2023\/02\/EDC_sma.jpg\" alt=\"\" width=\"116\" height=\"114\" srcset=\"https:\/\/agora.xtec.cat\/escolaventuragassol\/wp-content\/uploads\/usu2008\/2023\/02\/EDC_sma.jpg 430w, https:\/\/agora.xtec.cat\/escolaventuragassol\/wp-content\/uploads\/usu2008\/2023\/02\/EDC_sma-300x294.jpg 300w\" sizes=\"auto, (max-width: 116px) 100vw, 116px\" \/>L&#8217;estrat\u00e8gia digital de centre (EDC) defineix i concreta les l\u00ednies d&#8217;actuaci\u00f3 d&#8217;un centre que fan possible que docents, alumnat i centre assoleixin la compet\u00e8ncia digital. Per aconseguir aquesta compet\u00e8ncia digital, l&#8217;EDC compr\u00e8n tots els \u00e0mbits del centre: organitzatius, metodol\u00f2gics, curriculars i comunicatius, els quals s&#8217;han de veure necess\u00e0riament implicats i, si escau, transformats, des d\u2019una perspectiva d&#8217;innovaci\u00f3 i de millora cont\u00ednua.<\/p>\n<p>Els objectius de l&#8217;EDC es poden agrupar en cinc \u00e0mbits, que tenen com a fita el m\u00e0xim assoliment de la compet\u00e8ncia digital de l\u2019alumnat, del professorat i del centre:<\/p>\n<ul>\n<li>Assoliment de la compet\u00e8ncia digital<\/li>\n<li>Planificaci\u00f3 estrat\u00e8gica i organitzaci\u00f3<\/li>\n<li>Metodologies did\u00e0ctiques i innovaci\u00f3<\/li>\n<li>Inclusi\u00f3 digital i de g\u00e8nere<\/li>\n<li>Seguretat i protecci\u00f3 de dades<\/li>\n<\/ul>\n<p>&nbsp;<\/p>\n<p>Cliqueu el seg\u00fcent enlla\u00e7 per accedir al <em>Site<\/em> de l&#8217;EDC de l&#8217;escola:<\/p>\n<h1><a href=\"https:\/\/sites.google.com\/venturagassol.cat\/edc\/p%C3%A0gina-dinici\" target=\"_blank\" rel=\"noopener\">\ud83d\udcbb<span style=\"color: #3366ff;\">Estrat\u00e8gia Digital de Centre<\/span><\/a><\/h1>\n<p>&nbsp;<\/p>\n","protected":false},"excerpt":{"rendered":"<p>L&#8217;estrat\u00e8gia digital de centre (EDC) defineix i concreta les l\u00ednies d&#8217;actuaci\u00f3 d&#8217;un centre que fan possible que docents, alumnat i centre assoleixin la compet\u00e8ncia digital. Per aconseguir aquesta compet\u00e8ncia digital, l&#8217;EDC compr\u00e8n tots els \u00e0mbits del centre: organitzatius, metodol\u00f2gics, curriculars i comunicatius, els quals s&#8217;han&hellip;  <a href=\"https:\/\/agora.xtec.cat\/escolaventuragassol\/projectes\/estrategia-digital-de-centre\/\" title=\"Read Estrat\u00e8gia Digital de Centre\">Llegeix m\u00e9s\u00bb<\/a><\/p>\n","protected":false},"author":1,"featured_media":0,"parent":4559,"menu_order":1,"comment_status":"closed","ping_status":"closed","template":"page-templates\/side-menu.php","meta":{"_bbp_topic_count":0,"_bbp_reply_count":0,"_bbp_total_topic_count":0,"_bbp_total_reply_count":0,"_bbp_voice_count":0,"_bbp_anonymous_reply_count":0,"_bbp_topic_count_hidden":0,"_bbp_reply_count_hidden":0,"_bbp_forum_subforum_count":0,"footnotes":""},"class_list":["post-4308","page","type-page","status-publish","hentry"],"post_mailing_queue_ids":[],"_links":{"self":[{"href":"https:\/\/agora.xtec.cat\/escolaventuragassol\/wp-json\/wp\/v2\/pages\/4308","targetHints":{"allow":["GET"]}}],"collection":[{"href":"https:\/\/agora.xtec.cat\/escolaventuragassol\/wp-json\/wp\/v2\/pages"}],"about":[{"href":"https:\/\/agora.xtec.cat\/escolaventuragassol\/wp-json\/wp\/v2\/types\/page"}],"author":[{"embeddable":true,"href":"https:\/\/agora.xtec.cat\/escolaventuragassol\/wp-json\/wp\/v2\/users\/1"}],"replies":[{"embeddable":true,"href":"https:\/\/agora.xtec.cat\/escolaventuragassol\/wp-json\/wp\/v2\/comments?post=4308"}],"version-history":[{"count":5,"href":"https:\/\/agora.xtec.cat\/escolaventuragassol\/wp-json\/wp\/v2\/pages\/4308\/revisions"}],"predecessor-version":[{"id":5640,"href":"https:\/\/agora.xtec.cat\/escolaventuragassol\/wp-json\/wp\/v2\/pages\/4308\/revisions\/5640"}],"up":[{"embeddable":true,"href":"https:\/\/agora.xtec.cat\/escolaventuragassol\/wp-json\/wp\/v2\/pages\/4559"}],"wp:attachment":[{"href":"https:\/\/agora.xtec.cat\/escolaventuragassol\/wp-json\/wp\/v2\/media?parent=4308"}],"curies":[{"name":"wp","href":"https:\/\/api.w.org\/{rel}","templated":true}]}}