{"id":38,"date":"2014-09-18T12:34:08","date_gmt":"2014-09-18T10:34:08","guid":{"rendered":"http:\/\/agora.xtec.cat\/escolaventuragassol\/?page_id=38"},"modified":"2025-07-18T19:33:04","modified_gmt":"2025-07-18T17:33:04","slug":"salut","status":"publish","type":"page","link":"https:\/\/agora.xtec.cat\/escolaventuragassol\/informacio-practica\/salut\/","title":{"rendered":"Salut"},"content":{"rendered":"<p><strong>SALUT ESCOLAR<\/strong><\/p>\n<p>Si un alumne es troba indisposat durant la jornada escolar, s\u2019haur\u00e0 d\u2019avisar a la fam\u00edlia per tal que el vinguin a recollir. Si no es localitza la seva fam\u00edlia haur\u00e0 de romandre al centre, a no ser que es tracti d\u2019un cas d\u2019urg\u00e8ncia m\u00e8dica.<\/p>\n<p>Si al llarg de la jornada escolar algun alumne pateix un accident o urg\u00e8ncia lleu, que no requereixi ser traslladat a l\u2019hospital, per\u00f2 s\u00ed al CAP (Centre d\u2019Atenci\u00f3 Prim\u00e0ria), es procedir\u00e0 avisant als pares.<\/p>\n<p>Els alumnes que durant el curs passin o hagin passat alguna malaltia infecto-contagiosa (hepatitis, tuberculosi, \u2026) hauran de presentar immediatament un informe m\u00e8dic garantint que no existeix cap perill de contagi.<\/p>\n<p>No pot venir a l\u2019escola cap nen o nena que presenti febre, par\u00e0sits (polls, puces, \u2026), conjuntivitis, diarrea o estomatitis (llagues a la boca) fins que es garanteixi la totalitat de la seva recuperaci\u00f3.<\/p>\n<p>Igualment, en cas de malaltia parasit\u00e0ria, el centre trucar\u00e0 als tutors legals de l\u2019alumne perqu\u00e8 el vinguin a buscar i l\u2019alumne\/a no tornar\u00e0 a l\u2019escola fins l\u2019eliminaci\u00f3 total dels par\u00e0sits i\/o ll\u00e9menes.<\/p>\n<p>Mantenir la situaci\u00f3 de baixa per malaltia de l\u2019alumne fins que no hagi const\u00e0ncia de l\u2019abs\u00e8ncia d\u2019estat febril durant 24h.<\/p>\n<p>El centre col\u00b7laborar\u00e0 amb els serveis sanitaris del servei de Sanitat Municipal en l\u2019organitzaci\u00f3 de control de carnets de vacunes, activitats de promoci\u00f3 de salut i d\u2019altres que el Departament assigni com a propostes.<\/p>\n<p>Qualsevol campanya de vacunaci\u00f3 o de revisi\u00f3 m\u00e8dica que s\u2019hagi d\u2019efectuar al centre es comunicar\u00e0 pr\u00e8viament a la Direcci\u00f3 del Centre i s\u2019acordar\u00e0 l\u2019horari i la manera de dur-ho a terme.<\/p>\n<p>Dins de tot el recinte escolar est\u00e0 prohibit fumar. No es podr\u00e0 fumar a l\u2019entrada del centre segons normativa vigent.<\/p>\n<p>&nbsp;<\/p>\n<p><strong>ADMINISTRACI\u00d3 DE MEDICAMENTS<\/strong><\/p>\n<p>El personal docent del centre no podr\u00e0 administrar cap tipus de medicament dins de l\u2019horari escolar. En cas excepcional i cr\u00f2nic per poder administrar medicaci\u00f3 als alumnes cal que el pare, mare o tutor\/a legal aporti una recepta o informe del metge o metgessa on consti el nom de l\u2019alumne\/a, la pauta i el nom del medicament que ha de prendre. Aix\u00ed mateix, el pare, mare o tutor legal ha d\u2019aportar un escrit on es demani i s\u2019autoritzi al personal del Centre Educatiu que administri al fill o filla la medicaci\u00f3 prescrita, sempre que sigui imprescindible la seva administraci\u00f3 en horari lectiu.<\/p>\n<p>Els alumnes que hagin de prendre medicaments durant les hores de perman\u00e8ncia en el centre ho faran sota l\u2019autoritzaci\u00f3 dels seus pares o tutors legals, ja que el centre no se\u2019n fa responsable.<\/p>\n<p>Document d&#8217;autoritzaci\u00f3 per a l&#8217;administraci\u00f3 de medicaments (cal adjuntar la recepta i l&#8217;informe m\u00e8dic): <a href=\"https:\/\/drive.google.com\/file\/d\/1VT0ubOhyZPQce0QyfwxyRKRy2g2V_z52\/view?usp=sharing\" target=\"_blank\" rel=\"noopener\"><img loading=\"lazy\" decoding=\"async\" class=\"alignnone wp-image-4069\" src=\"https:\/\/agora.xtec.cat\/escolaventuragassol\/wp-content\/uploads\/usu2008\/2022\/03\/PDF-e1646300818785.png\" alt=\"\" width=\"35\" height=\"43\" \/><\/a><\/p>\n","protected":false},"excerpt":{"rendered":"<p>SALUT ESCOLAR<br \/>\nSi un alumne es troba indisposat durant la jornada escolar, s\u2019haur\u00e0 d\u2019avisar a la fam\u00edlia per tal que el vinguin a recollir. Si no es localitza la seva fam\u00edlia haur\u00e0 de romandre al centre, a no ser que es tracti d\u2019un cas d\u2019urg\u00e8ncia m\u00e8dica.<br \/>\nSi&hellip;  <a href=\"https:\/\/agora.xtec.cat\/escolaventuragassol\/informacio-practica\/salut\/\" title=\"Read Salut\">Llegeix m\u00e9s\u00bb<\/a><\/p>\n","protected":false},"author":1,"featured_media":0,"parent":4242,"menu_order":6,"comment_status":"closed","ping_status":"closed","template":"page-templates\/side-menu.php","meta":{"_bbp_topic_count":0,"_bbp_reply_count":0,"_bbp_total_topic_count":0,"_bbp_total_reply_count":0,"_bbp_voice_count":0,"_bbp_anonymous_reply_count":0,"_bbp_topic_count_hidden":0,"_bbp_reply_count_hidden":0,"_bbp_forum_subforum_count":0,"footnotes":""},"class_list":["post-38","page","type-page","status-publish","hentry"],"post_mailing_queue_ids":[],"_links":{"self":[{"href":"https:\/\/agora.xtec.cat\/escolaventuragassol\/wp-json\/wp\/v2\/pages\/38","targetHints":{"allow":["GET"]}}],"collection":[{"href":"https:\/\/agora.xtec.cat\/escolaventuragassol\/wp-json\/wp\/v2\/pages"}],"about":[{"href":"https:\/\/agora.xtec.cat\/escolaventuragassol\/wp-json\/wp\/v2\/types\/page"}],"author":[{"embeddable":true,"href":"https:\/\/agora.xtec.cat\/escolaventuragassol\/wp-json\/wp\/v2\/users\/1"}],"replies":[{"embeddable":true,"href":"https:\/\/agora.xtec.cat\/escolaventuragassol\/wp-json\/wp\/v2\/comments?post=38"}],"version-history":[{"count":7,"href":"https:\/\/agora.xtec.cat\/escolaventuragassol\/wp-json\/wp\/v2\/pages\/38\/revisions"}],"predecessor-version":[{"id":5513,"href":"https:\/\/agora.xtec.cat\/escolaventuragassol\/wp-json\/wp\/v2\/pages\/38\/revisions\/5513"}],"up":[{"embeddable":true,"href":"https:\/\/agora.xtec.cat\/escolaventuragassol\/wp-json\/wp\/v2\/pages\/4242"}],"wp:attachment":[{"href":"https:\/\/agora.xtec.cat\/escolaventuragassol\/wp-json\/wp\/v2\/media?parent=38"}],"curies":[{"name":"wp","href":"https:\/\/api.w.org\/{rel}","templated":true}]}}