{"id":606,"date":"2025-07-11T10:10:24","date_gmt":"2025-07-11T08:10:24","guid":{"rendered":"https:\/\/agora.xtec.cat\/escolavallgorguina\/?page_id=606"},"modified":"2025-09-05T09:35:42","modified_gmt":"2025-09-05T07:35:42","slug":"cicle-inicial","status":"publish","type":"page","link":"https:\/\/agora.xtec.cat\/escolavallgorguina\/cicle-inicial\/","title":{"rendered":"Cicle Inicial"},"content":{"rendered":"<p>El Cicle Inicial compr\u00e8n els cursos de 1r i 2n de Prim\u00e0ria, sent la primera presa de contacte formal amb l&#8217;educaci\u00f3 prim\u00e0ria despr\u00e9s de l&#8217;etapa d&#8217;Educaci\u00f3 Infantil.<\/p>\n<p>\u00c9s un moment clau per consolidar les bases dels aprenentatges futurs, amb l&#8217;objectiu principal que els infants adquireixin i consolidin les <b>compet\u00e8ncies instrumentals b\u00e0siques<\/b>.<\/p>\n<p>Durant aquests dos anys, es treballa intensament en el desenvolupament de la <b>lectura i escriptura<\/b>, des del reconeixement de lletres i sons fins a la comprensi\u00f3 de textos senzills i la producci\u00f3 de les primeres frases i petits relats. Paral\u00b7lelament, s&#8217;introdueixen els conceptes num\u00e8rics b\u00e0sics, les operacions fonamentals (suma i resta), la resoluci\u00f3 de problemes senzills i el desenvolupament del <b>c\u00e0lcul i raonament matem\u00e0tic<\/b>.<\/p>\n<p>La metodologia acostuma a ser molt <b>activa i participativa<\/b>, amb un enfocament l\u00fadic que facilita la transici\u00f3 des de l&#8217;educaci\u00f3 infantil. Es combina el treball individual amb activitats en grup, fomentant la <b>cooperaci\u00f3 i l&#8217;autonomia<\/b>, i es posa \u00e8mfasi en el desenvolupament de les habilitats socials i emocionals, aix\u00ed com en l&#8217;adquisici\u00f3 d&#8217;h\u00e0bits de treball i organitzaci\u00f3. Tamb\u00e9 s&#8217;inicia l&#8217;exploraci\u00f3 de l&#8217;entorn natural i social, i es fomenta la curiositat per les diferents \u00e0rees del coneixement.<\/p>\n<p>Els mestres d&#8217;aquesta etapa s\u00f3n fonamentals per acompanyar els infants, adaptant les activitats a les seves necessitats individuals, i la <b>col\u00b7laboraci\u00f3 amb les fam\u00edlies<\/b> continua sent essencial. \u00c9s una etapa on l&#8217;infant es converteix en un aprenent m\u00e9s aut\u00f2nom, adquirint les eines necess\u00e0ries per continuar progressant en la seva traject\u00f2ria educativa.<\/p>\n<p style=\"text-align: center;\">BLOC DEL GRUP DE <a href=\"https:\/\/sites.google.com\/xtec.cat\/inicial-escolavallgorguina\/la-classe\">CICLE INICIAL<\/a><\/p>\n<p><a href=\"https:\/\/agora.xtec.cat\/escolavallgorguina\/wp-content\/uploads\/usu2385\/2014\/09\/albertbachiller.png\"><img loading=\"lazy\" decoding=\"async\" class=\"wp-image-133 aligncenter\" src=\"https:\/\/agora.xtec.cat\/escolavallgorguina\/wp-content\/uploads\/usu2385\/2014\/09\/albertbachiller-1024x221.png\" alt=\"Il\u00b7lustraci\u00f3 per Albert Bachiller\" width=\"500\" height=\"108\" srcset=\"https:\/\/agora.xtec.cat\/escolavallgorguina\/wp-content\/uploads\/usu2385\/2014\/09\/albertbachiller-1024x221.png 1024w, https:\/\/agora.xtec.cat\/escolavallgorguina\/wp-content\/uploads\/usu2385\/2014\/09\/albertbachiller-300x64.png 300w, https:\/\/agora.xtec.cat\/escolavallgorguina\/wp-content\/uploads\/usu2385\/2014\/09\/albertbachiller.png 1244w\" sizes=\"auto, (max-width: 500px) 100vw, 500px\" \/><\/a><\/p>\n","protected":false},"excerpt":{"rendered":"<p>El Cicle Inicial compr\u00e8n els cursos de 1r i 2n de Prim\u00e0ria, sent la primera presa de contacte formal amb [&hellip;]<\/p>\n","protected":false},"author":1,"featured_media":0,"parent":0,"menu_order":0,"comment_status":"closed","ping_status":"closed","template":"","meta":{"_bbp_topic_count":0,"_bbp_reply_count":0,"_bbp_total_topic_count":0,"_bbp_total_reply_count":0,"_bbp_voice_count":0,"_bbp_anonymous_reply_count":0,"_bbp_topic_count_hidden":0,"_bbp_reply_count_hidden":0,"_bbp_forum_subforum_count":0,"site-sidebar-layout":"default","site-content-layout":"","ast-site-content-layout":"default","site-content-style":"default","site-sidebar-style":"default","ast-global-header-display":"","ast-banner-title-visibility":"","ast-main-header-display":"","ast-hfb-above-header-display":"","ast-hfb-below-header-display":"","ast-hfb-mobile-header-display":"","site-post-title":"","ast-breadcrumbs-content":"","ast-featured-img":"","footer-sml-layout":"","theme-transparent-header-meta":"default","adv-header-id-meta":"","stick-header-meta":"","header-above-stick-meta":"","header-main-stick-meta":"","header-below-stick-meta":"","astra-migrate-meta-layouts":"set","ast-page-background-enabled":"default","ast-page-background-meta":{"desktop":{"background-color":"var(--ast-global-color-4)","background-image":"","background-repeat":"repeat","background-position":"center center","background-size":"auto","background-attachment":"scroll","background-type":"","background-media":"","overlay-type":"","overlay-color":"","overlay-opacity":"","overlay-gradient":""},"tablet":{"background-color":"","background-image":"","background-repeat":"repeat","background-position":"center center","background-size":"auto","background-attachment":"scroll","background-type":"","background-media":"","overlay-type":"","overlay-color":"","overlay-opacity":"","overlay-gradient":""},"mobile":{"background-color":"","background-image":"","background-repeat":"repeat","background-position":"center center","background-size":"auto","background-attachment":"scroll","background-type":"","background-media":"","overlay-type":"","overlay-color":"","overlay-opacity":"","overlay-gradient":""}},"ast-content-background-meta":{"desktop":{"background-color":"var(--ast-global-color-5)","background-image":"","background-repeat":"repeat","background-position":"center center","background-size":"auto","background-attachment":"scroll","background-type":"","background-media":"","overlay-type":"","overlay-color":"","overlay-opacity":"","overlay-gradient":""},"tablet":{"background-color":"var(--ast-global-color-5)","background-image":"","background-repeat":"repeat","background-position":"center center","background-size":"auto","background-attachment":"scroll","background-type":"","background-media":"","overlay-type":"","overlay-color":"","overlay-opacity":"","overlay-gradient":""},"mobile":{"background-color":"var(--ast-global-color-5)","background-image":"","background-repeat":"repeat","background-position":"center center","background-size":"auto","background-attachment":"scroll","background-type":"","background-media":"","overlay-type":"","overlay-color":"","overlay-opacity":"","overlay-gradient":""}},"footnotes":""},"class_list":["post-606","page","type-page","status-publish","hentry"],"post_mailing_queue_ids":[],"_links":{"self":[{"href":"https:\/\/agora.xtec.cat\/escolavallgorguina\/wp-json\/wp\/v2\/pages\/606","targetHints":{"allow":["GET"]}}],"collection":[{"href":"https:\/\/agora.xtec.cat\/escolavallgorguina\/wp-json\/wp\/v2\/pages"}],"about":[{"href":"https:\/\/agora.xtec.cat\/escolavallgorguina\/wp-json\/wp\/v2\/types\/page"}],"author":[{"embeddable":true,"href":"https:\/\/agora.xtec.cat\/escolavallgorguina\/wp-json\/wp\/v2\/users\/1"}],"replies":[{"embeddable":true,"href":"https:\/\/agora.xtec.cat\/escolavallgorguina\/wp-json\/wp\/v2\/comments?post=606"}],"version-history":[{"count":2,"href":"https:\/\/agora.xtec.cat\/escolavallgorguina\/wp-json\/wp\/v2\/pages\/606\/revisions"}],"predecessor-version":[{"id":659,"href":"https:\/\/agora.xtec.cat\/escolavallgorguina\/wp-json\/wp\/v2\/pages\/606\/revisions\/659"}],"wp:attachment":[{"href":"https:\/\/agora.xtec.cat\/escolavallgorguina\/wp-json\/wp\/v2\/media?parent=606"}],"curies":[{"name":"wp","href":"https:\/\/api.w.org\/{rel}","templated":true}]}}