{"id":9931,"date":"2025-05-15T16:42:47","date_gmt":"2025-05-15T14:42:47","guid":{"rendered":"https:\/\/agora.xtec.cat\/escolavalldelges\/?page_id=9931"},"modified":"2026-02-17T22:06:57","modified_gmt":"2026-02-17T21:06:57","slug":"instagram","status":"publish","type":"page","link":"https:\/\/agora.xtec.cat\/escolavalldelges\/instagram\/","title":{"rendered":"Instagram"},"content":{"rendered":"\n<h2 class=\"wp-block-heading\">PREINSCRIPCI\u00d3 2026 -2027<\/h2>\n\n\n\n<h4 class=\"wp-block-heading\">Educaci\u00f3 infantil de segon cicle i educaci\u00f3 prim\u00e0ria<\/h4>\n\n\n\n<p>del 4 al 18 de mar\u00e7 de 2026<\/p>\n\n\n\n<h4 class=\"wp-block-heading\">Educaci\u00f3 secund\u00e0ria obligat\u00f2ria<\/h4>\n\n\n\n<p>del 6 al 18 de mar\u00e7 de 2026<\/p>\n\n\n\n<p><a href=\"https:\/\/preinscripcio.gencat.cat\/ca\/inici\/index.html\">M\u00e9s informaci\u00f3 +<\/a><\/p>\n\n\n<div class=\"wp-block-getwid-instagram\">\n            <div class=\"wp-block-getwid-instagram__wrapper has-2-columns\">\n                <div class=\"wp-block-getwid-instagram__item\">\n\t<div class=\"wp-block-getwid-instagram__media-wrapper\">\n\t\t<a class=\"wp-block-getwid-instagram__media-link\" target=\"_blank\" href=\"https:\/\/www.instagram.com\/p\/DXt7jjbDOzF\/\">\n\t\t\t\t\t\t\t<img decoding=\"async\" class=\"wp-block-getwid-instagram__media\" src=\"https:\/\/scontent-lhr6-2.cdninstagram.com\/v\/t51.82787-15\/681458757_18085937129456891_1656949697473904425_n.heic?stp=dst-jpg_e35_tt6&#038;_nc_cat=104&#038;ccb=7-5&#038;_nc_sid=18de74&#038;efg=eyJlZmdfdGFnIjoiQ0FST1VTRUxfSVRFTS5iZXN0X2ltYWdlX3VybGdlbi5DMyJ9&#038;_nc_ohc=T7ViDyMmzTgQ7kNvwGDHvc0&#038;_nc_oc=AdqGmkmdNpvIwdxyEeEM2Y1gmBvgLVqp_271gcVQN4Z8GfERJDXSTb8JGiHvNHBslZM&#038;_nc_zt=23&#038;_nc_ht=scontent-lhr6-2.cdninstagram.com&#038;edm=ANo9K5cEAAAA&#038;_nc_gid=biu13mIgnzonT9ZFCRT1gQ&#038;_nc_tpa=Q5bMBQHQ5iVtsr7skxUpI5_Pwy9SPh85S95zxK9aYtqfdDnwlYYxArj-Fj0TabXZ1ltjqDr3_YyUcAlkjA&#038;oh=00_Af7nqlvpAfnvyOd72XiCdjluvjHkFTDh-nRHGkq1CC724g&#038;oe=69FC6DCE\" alt=\"Ruta dels grans de l&#039;escola amb caiac pel Pant\u00e0 de Sau. Una m\u00e0gia passejar entre les aig\u00fces del riu Ter amb @kayaksau ! #escolavalldelges2526 #escolavalldelges #somvdg #juntesfemescola @afavalldelges\"\/>\n\t\t\t\t\t<\/a>\n\t<\/div>\n<\/div><div class=\"wp-block-getwid-instagram__item\">\n\t<div class=\"wp-block-getwid-instagram__media-wrapper\">\n\t\t<a class=\"wp-block-getwid-instagram__media-link\" target=\"_blank\" href=\"https:\/\/www.instagram.com\/p\/DXtJu5WDKai\/\">\n\t\t\t\t\t\t\t<img decoding=\"async\" class=\"wp-block-getwid-instagram__media\" src=\"https:\/\/scontent-lhr8-2.cdninstagram.com\/v\/t51.82787-15\/683047552_18085908407456891_1437482066357395409_n.webp?stp=dst-jpg_e35_tt6&#038;_nc_cat=103&#038;ccb=7-5&#038;_nc_sid=18de74&#038;efg=eyJlZmdfdGFnIjoiQ0FST1VTRUxfSVRFTS5iZXN0X2ltYWdlX3VybGdlbi5DMyJ9&#038;_nc_ohc=rwXtBzjvpf8Q7kNvwExRWVJ&#038;_nc_oc=Adopfx78uJ-8zuzC0zo3sotezVLayW-XpQJPRhwYgyQVALK7WvP6X3w2wlZ5WBqnMSo&#038;_nc_zt=23&#038;_nc_ht=scontent-lhr8-2.cdninstagram.com&#038;edm=ANo9K5cEAAAA&#038;_nc_gid=biu13mIgnzonT9ZFCRT1gQ&#038;_nc_tpa=Q5bMBQEWKUY4GTlk_E8jc7BIKNfiQfZNgHo7F2Yy1YB_G0qaNn5YKN9mByQfmvH1MShPr5zmDMtXM6NOtA&#038;oh=00_Af46nNdQR2Oywi5bGZ_q10VBHUiiEUxxwrSKn88SsZ61jg&#038;oe=69FC5BB3\" alt=\"Com ens agrada que la S\u00f2nia de la biblioteca ens expliqui contes per viure aventures i imaginar llocs fant\u00e0stics. #escolavalldelges2526 #escolavalldelges #somvdg #juntesfemescola @afavalldelges\"\/>\n\t\t\t\t\t<\/a>\n\t<\/div>\n<\/div><div class=\"wp-block-getwid-instagram__item\">\n\t<div class=\"wp-block-getwid-instagram__media-wrapper\">\n\t\t<a class=\"wp-block-getwid-instagram__media-link\" target=\"_blank\" href=\"https:\/\/www.instagram.com\/p\/DXfO9G-DMDC\/\">\n\t\t\t\t\t\t\t<img decoding=\"async\" class=\"wp-block-getwid-instagram__media\" src=\"https:\/\/scontent-lhr8-2.cdninstagram.com\/v\/t51.82787-15\/672358637_18085270613456891_7372979494814536644_n.heic?stp=dst-jpg_e35_tt6&#038;_nc_cat=106&#038;ccb=7-5&#038;_nc_sid=18de74&#038;efg=eyJlZmdfdGFnIjoiQ0FST1VTRUxfSVRFTS5iZXN0X2ltYWdlX3VybGdlbi5DMyJ9&#038;_nc_ohc=8b1TRJZQKI0Q7kNvwFwtMAr&#038;_nc_oc=Adqpw_VS1J9rbwVgdaoB8pEG6-tuj6Laqq3PT7doOotcv67SM0GScCLldDyde00w7-w&#038;_nc_zt=23&#038;_nc_ht=scontent-lhr8-2.cdninstagram.com&#038;edm=ANo9K5cEAAAA&#038;_nc_gid=biu13mIgnzonT9ZFCRT1gQ&#038;_nc_tpa=Q5bMBQFIC19ArqcnEnniA30huKmjWSr9cExNc92Cj3LIrsVaAO1egBKoATQ4TzIiA7mq0s8UyzOcXuTiaw&#038;oh=00_Af5Mf0kJvMfrcGGw-LiSzyi7xDNxNJHnynCnDMY4Sx1ysA&#038;oe=69FC5532\" alt=\"Un any m\u00e9s la setmana cultural s&#039;escau en Sant Jordi, i aix\u00f2 vol dir... Fira de primavera! Nom\u00e9s podem agrair la participaci\u00f3 de les fam\u00edlies i del barri! Ho vivim i ho preparem amb molta il\u00b7lusi\u00f3. Bona diada de Sant Jordi! \ud83c\udf39#escolavalldelges2526 #escolavalldelges #somvdg #juntesfemescola @afavalldelges\"\/>\n\t\t\t\t\t<\/a>\n\t<\/div>\n<\/div><div class=\"wp-block-getwid-instagram__item\">\n\t<div class=\"wp-block-getwid-instagram__media-wrapper\">\n\t\t<a class=\"wp-block-getwid-instagram__media-link\" target=\"_blank\" href=\"https:\/\/www.instagram.com\/p\/DXfN8ePDLEB\/\">\n\t\t\t\t\t\t\t<img decoding=\"async\" class=\"wp-block-getwid-instagram__media\" src=\"https:\/\/scontent-lhr8-2.cdninstagram.com\/v\/t51.82787-15\/681332933_18085269959456891_3202722852692262525_n.heic?stp=dst-jpg_e35_tt6&#038;_nc_cat=101&#038;ccb=7-5&#038;_nc_sid=18de74&#038;efg=eyJlZmdfdGFnIjoiQ0FST1VTRUxfSVRFTS5iZXN0X2ltYWdlX3VybGdlbi5DMyJ9&#038;_nc_ohc=zNbXeGZrB8gQ7kNvwHgD8pR&#038;_nc_oc=AdpzJMkcHAPF_ikLqThzf4ELjmHflmIhnENfFFRjD7sVhJgZJnPVaNvHyg1VXagwovg&#038;_nc_zt=23&#038;_nc_ht=scontent-lhr8-2.cdninstagram.com&#038;edm=ANo9K5cEAAAA&#038;_nc_gid=biu13mIgnzonT9ZFCRT1gQ&#038;_nc_tpa=Q5bMBQGcFdOp0Hz3t0f0qCDgqwvF2hjT9ymNSR9NB7tCl6UQ-A9p8GtKlD7FBPkftyd32fFI7i-7m3hDGQ&#038;oh=00_Af7wxuIpAdfdWPXmx385Cqs_qdHYt3LQPBRgsANMSlHFqQ&#038;oe=69FC69ED\" alt=\"Aquesta setmana cultural va carregada d&#039;activitats, entre les quals hem pogut gaudir d&#039;uns tallers de contes. Tant dilluns com dimecres, despr\u00e9s de l&#039;horari escolar, la nostra bibliotec\u00e0ria Zoe ha dinamitzat unes activitats ben liter\u00e0ries. #escolavalldelges2526 #escolavalldelges #somvdg #juntesfemescola @afavalldelges\"\/>\n\t\t\t\t\t<\/a>\n\t<\/div>\n<\/div><div class=\"wp-block-getwid-instagram__item\">\n\t<div class=\"wp-block-getwid-instagram__media-wrapper\">\n\t\t<a class=\"wp-block-getwid-instagram__media-link\" target=\"_blank\" href=\"https:\/\/www.instagram.com\/p\/DXeWVI3jI7A\/\">\n\t\t\t\t\t\t\t<img decoding=\"async\" class=\"wp-block-getwid-instagram__media\" src=\"https:\/\/scontent-lhr8-1.cdninstagram.com\/v\/t51.82787-15\/671655934_18085222193456891_5421357619287756096_n.webp?stp=dst-jpg_e35_tt6&#038;_nc_cat=108&#038;ccb=7-5&#038;_nc_sid=18de74&#038;efg=eyJlZmdfdGFnIjoiQ0FST1VTRUxfSVRFTS5iZXN0X2ltYWdlX3VybGdlbi5DMyJ9&#038;_nc_ohc=CCnKCoThg4MQ7kNvwFx_vAL&#038;_nc_oc=AdoafJ75rRNi3qf3fxhR7ILes275xk4m4n1LcPIhaqd1H47V7OKikMp5o0LmzHA4svQ&#038;_nc_zt=23&#038;_nc_ht=scontent-lhr8-1.cdninstagram.com&#038;edm=ANo9K5cEAAAA&#038;_nc_gid=biu13mIgnzonT9ZFCRT1gQ&#038;_nc_tpa=Q5bMBQEQHpRoDdA3JOqIQ1otSArwwhyqXLiYMmlkdbi842C7HfzV1d2gASedolyQNm6KakeT0ngl4H_cxA&#038;oh=00_Af6GqIjbo5Vq5Xb-ubxYuBlmsoIXhLpIHFwbsQhh4pOAIw&#038;oe=69FC68F7\" alt=\"Bona diada de Sant Jordi\ud83c\udf39\ud83d\udcda Educaci\u00f3 infantil pintem murals amb papallones, formigues i marietes. \ud83e\udd8b\ud83d\udc1c\ud83d\udc1e #escolavalldelges2526 #escolavalldelges #somvdg #juntesfemescola @afavalldelges\"\/>\n\t\t\t\t\t<\/a>\n\t<\/div>\n<\/div><div class=\"wp-block-getwid-instagram__item\">\n\t<div class=\"wp-block-getwid-instagram__media-wrapper\">\n\t\t<a class=\"wp-block-getwid-instagram__media-link\" target=\"_blank\" href=\"https:\/\/www.instagram.com\/p\/DXcZkB7DGyl\/\">\n\t\t\t\t\t\t\t<img decoding=\"async\" class=\"wp-block-getwid-instagram__media\" src=\"https:\/\/scontent-lhr8-2.cdninstagram.com\/v\/t51.82787-15\/673054112_18085134656456891_7363769639813890527_n.heic?stp=dst-jpg_e35_tt6&#038;_nc_cat=103&#038;ccb=7-5&#038;_nc_sid=18de74&#038;efg=eyJlZmdfdGFnIjoiRkVFRC5iZXN0X2ltYWdlX3VybGdlbi5DMyJ9&#038;_nc_ohc=5bdgRU2m8p8Q7kNvwEvJ5uT&#038;_nc_oc=Adogvr0HtEoKeGvdW60mItJRWIg70Bsmnbydk8ZmHmnkRmzQcaBy8QZ1l_fbBtGLQnQ&#038;_nc_zt=23&#038;_nc_ht=scontent-lhr8-2.cdninstagram.com&#038;edm=ANo9K5cEAAAA&#038;_nc_gid=biu13mIgnzonT9ZFCRT1gQ&#038;_nc_tpa=Q5bMBQF9tibPexLFZOHEM6NFTyi3G1JQZXPyc1bkvvBpWeYC1jlrVjT5y0izzmV6dxqqqvGDdcqiMAdJjg&#038;oh=00_Af7jne12_69MYsle_ewQKI8chpvkc4Bb7SGdIFw7bKshOg&#038;oe=69FC6A2E\" alt=\"Un any m\u00e9s els @pelscaminsdelsmatxos_ arriben a l&#039;escola despr\u00e9s d&#039;un dissabte emocionant. Aquest any s&#039;hi han inscrit 123 participants d&#039;I3 a 6\u00e8, tots a punt per donar-ho tot! #escolavdg2526 #h\u00e0bitssaludables #somvdg #somungranequip\"\/>\n\t\t\t\t\t<\/a>\n\t<\/div>\n<\/div><\/div>\n        <\/div>\n\n\n<p><\/p>\n","protected":false},"excerpt":{"rendered":"<p>PREINSCRIPCI\u00d3 2026 -2027 Educaci\u00f3 infantil de segon cicle i educaci\u00f3 prim\u00e0ria del 4 al 18 de mar\u00e7 de 2026 Educaci\u00f3 secund\u00e0ria obligat\u00f2ria del 6 al 18 de mar\u00e7 de 2026 M\u00e9s informaci\u00f3 +<\/p>\n","protected":false},"author":41,"featured_media":0,"parent":0,"menu_order":0,"comment_status":"closed","ping_status":"close","template":"","meta":{"_bbp_topic_count":0,"_bbp_reply_count":0,"_bbp_total_topic_count":0,"_bbp_total_reply_count":0,"_bbp_voice_count":0,"_bbp_anonymous_reply_count":0,"_bbp_topic_count_hidden":0,"_bbp_reply_count_hidden":0,"_bbp_forum_subforum_count":0,"site-sidebar-layout":"default","site-content-layout":"","ast-site-content-layout":"default","site-content-style":"default","site-sidebar-style":"default","ast-global-header-display":"","ast-banner-title-visibility":"","ast-main-header-display":"","ast-hfb-above-header-display":"","ast-hfb-below-header-display":"","ast-hfb-mobile-header-display":"","site-post-title":"disabled","ast-breadcrumbs-content":"","ast-featured-img":"","footer-sml-layout":"","theme-transparent-header-meta":"","adv-header-id-meta":"","stick-header-meta":"","header-above-stick-meta":"","header-main-stick-meta":"","header-below-stick-meta":"","astra-migrate-meta-layouts":"set","ast-page-background-enabled":"default","ast-page-background-meta":{"desktop":{"background-color":"var(--ast-global-color-4)","background-image":"","background-repeat":"repeat","background-position":"center center","background-size":"auto","background-attachment":"scroll","background-type":"","background-media":"","overlay-type":"","overlay-color":"","overlay-opacity":"","overlay-gradient":""},"tablet":{"background-color":"","background-image":"","background-repeat":"repeat","background-position":"center center","background-size":"auto","background-attachment":"scroll","background-type":"","background-media":"","overlay-type":"","overlay-color":"","overlay-opacity":"","overlay-gradient":""},"mobile":{"background-color":"","background-image":"","background-repeat":"repeat","background-position":"center center","background-size":"auto","background-attachment":"scroll","background-type":"","background-media":"","overlay-type":"","overlay-color":"","overlay-opacity":"","overlay-gradient":""}},"ast-content-background-meta":{"desktop":{"background-color":"var(--ast-global-color-5)","background-image":"","background-repeat":"repeat","background-position":"center center","background-size":"auto","background-attachment":"scroll","background-type":"","background-media":"","overlay-type":"","overlay-color":"","overlay-opacity":"","overlay-gradient":""},"tablet":{"background-color":"var(--ast-global-color-5)","background-image":"","background-repeat":"repeat","background-position":"center center","background-size":"auto","background-attachment":"scroll","background-type":"","background-media":"","overlay-type":"","overlay-color":"","overlay-opacity":"","overlay-gradient":""},"mobile":{"background-color":"var(--ast-global-color-5)","background-image":"","background-repeat":"repeat","background-position":"center center","background-size":"auto","background-attachment":"scroll","background-type":"","background-media":"","overlay-type":"","overlay-color":"","overlay-opacity":"","overlay-gradient":""}},"footnotes":""},"class_list":["post-9931","page","type-page","status-publish","hentry"],"post_mailing_queue_ids":[],"_links":{"self":[{"href":"https:\/\/agora.xtec.cat\/escolavalldelges\/wp-json\/wp\/v2\/pages\/9931","targetHints":{"allow":["GET"]}}],"collection":[{"href":"https:\/\/agora.xtec.cat\/escolavalldelges\/wp-json\/wp\/v2\/pages"}],"about":[{"href":"https:\/\/agora.xtec.cat\/escolavalldelges\/wp-json\/wp\/v2\/types\/page"}],"author":[{"embeddable":true,"href":"https:\/\/agora.xtec.cat\/escolavalldelges\/wp-json\/wp\/v2\/users\/41"}],"replies":[{"embeddable":true,"href":"https:\/\/agora.xtec.cat\/escolavalldelges\/wp-json\/wp\/v2\/comments?post=9931"}],"version-history":[{"count":2,"href":"https:\/\/agora.xtec.cat\/escolavalldelges\/wp-json\/wp\/v2\/pages\/9931\/revisions"}],"predecessor-version":[{"id":10088,"href":"https:\/\/agora.xtec.cat\/escolavalldelges\/wp-json\/wp\/v2\/pages\/9931\/revisions\/10088"}],"wp:attachment":[{"href":"https:\/\/agora.xtec.cat\/escolavalldelges\/wp-json\/wp\/v2\/media?parent=9931"}],"curies":[{"name":"wp","href":"https:\/\/api.w.org\/{rel}","templated":true}]}}