{"id":9869,"date":"2025-04-10T15:22:39","date_gmt":"2025-04-10T13:22:39","guid":{"rendered":"https:\/\/agora.xtec.cat\/escolavalldelges\/?page_id=9869"},"modified":"2026-02-18T22:24:42","modified_gmt":"2026-02-18T21:24:42","slug":"cicle-mitja","status":"publish","type":"page","link":"https:\/\/agora.xtec.cat\/escolavalldelges\/cicle-mitja\/","title":{"rendered":"Cicle Mitj\u00e0"},"content":{"rendered":"\n<div class=\"wp-block-columns is-layout-flex wp-container-core-columns-is-layout-1 wp-block-columns-is-layout-flex\">\n<div class=\"wp-block-column is-layout-flow wp-block-column-is-layout-flow\">\n<div class=\"wp-block-buttons is-layout-flex wp-block-buttons-is-layout-flex\">\n<div class=\"wp-block-button has-custom-width wp-block-button__width-100 has-custom-font-size has-x-large-font-size\"><a class=\"wp-block-button__link wp-element-button\" href=\"https:\/\/agora.xtec.cat\/escolavalldelges\/3r\/\" style=\"padding-top:var(--wp--preset--spacing--40);padding-bottom:var(--wp--preset--spacing--40)\"><strong>Tercer<\/strong><\/a><\/div>\n<\/div>\n<\/div>\n\n\n\n<div class=\"wp-block-column is-layout-flow wp-block-column-is-layout-flow\">\n<div class=\"wp-block-buttons is-layout-flex wp-block-buttons-is-layout-flex\">\n<div class=\"wp-block-button has-custom-width wp-block-button__width-100 has-custom-font-size has-x-large-font-size\"><a class=\"wp-block-button__link wp-element-button\" href=\"https:\/\/agora.xtec.cat\/escolavalldelges\/4t\/\" style=\"padding-top:var(--wp--preset--spacing--40);padding-bottom:var(--wp--preset--spacing--40)\"><strong>Quart<\/strong><\/a><\/div>\n<\/div>\n<\/div>\n<\/div>\n\n\n\n        <div class=\"wp-block-getwid-post-slider custom-post-type-post has-arrows-inside has-dots-inside\">\n            <div data-slider-option=\"{&quot;getwid_fade_effect&quot;:&quot;slide&quot;,&quot;getwid_autoplay&quot;:false,&quot;getwid_pause_on_hover&quot;:false,&quot;getwid_autoplay_speed&quot;:6000,&quot;getwid_infinite&quot;:true,&quot;getwid_animation_speed&quot;:800,&quot;getwid_arrows&quot;:&quot;inside&quot;,&quot;getwid_dots&quot;:&quot;inside&quot;}\" class=\"wp-block-getwid-post-slider__content\">\n                \t\t\t\t\t\t\t<div class=\"wp-block-getwid-post-slider__slide\" style=\"\">\n\t\t\t\t\t\t\t\t\n<div class=\"wp-block-getwid-post-slider__post \">\n            <div class=\"wp-block-getwid-post-slider__post-thumbnail\">\n            <img loading=\"lazy\" decoding=\"async\" width=\"1536\" height=\"2048\" src=\"https:\/\/agora.xtec.cat\/escolavalldelges\/wp-content\/uploads\/usu812\/2025\/05\/IMG-20250509-WA0006.jpg\" class=\"attachment-post-thumbnail size-post-thumbnail wp-post-image\" alt=\"\" srcset=\"https:\/\/agora.xtec.cat\/escolavalldelges\/wp-content\/uploads\/usu812\/2025\/05\/IMG-20250509-WA0006.jpg 1536w, https:\/\/agora.xtec.cat\/escolavalldelges\/wp-content\/uploads\/usu812\/2025\/05\/IMG-20250509-WA0006-225x300.jpg 225w, https:\/\/agora.xtec.cat\/escolavalldelges\/wp-content\/uploads\/usu812\/2025\/05\/IMG-20250509-WA0006-768x1024.jpg 768w, https:\/\/agora.xtec.cat\/escolavalldelges\/wp-content\/uploads\/usu812\/2025\/05\/IMG-20250509-WA0006-1152x1536.jpg 1152w\" sizes=\"auto, (max-width: 1536px) 100vw, 1536px\" \/>        <\/div>\n        <div class=\"wp-block-getwid-post-slider__post-overlay \"><\/div>\n    <div class=\"wp-block-getwid-post-slider__post-content-wrapper\">\n        <h3 class=\"wp-block-getwid-post-slider__post-title\"><a href=\"https:\/\/agora.xtec.cat\/escolavalldelges\/portada\/la-fira-de-primavera\/\">La fira de primavera<\/a><\/h3>        <div class=\"wp-block-getwid-post-slider__post-excerpt\"><p>Dimecres 23 d\u2019abril, diada de St Jordi, a l\u2019escola Vall del Ges vam celebrar la Fira de Primavera. Cada grup tenia una parada. Els m\u00e9s menuts venien beguda, els de cicle inicial venien pa amb fuet o xocolata, els de 3r tenien una parada amb manualitats fetes a m\u00e0, . A 4t venien productes de [&hellip;]<\/p>\n<\/div>\n    <\/div>\n<\/div>\n\t\t\t\t\t\t\t<\/div>\n\t\t\t\t\t\t\t\t\t\t\t\t\t<div class=\"wp-block-getwid-post-slider__slide\" style=\"\">\n\t\t\t\t\t\t\t\t\n<div class=\"wp-block-getwid-post-slider__post \">\n        <div class=\"wp-block-getwid-post-slider__post-overlay \"><\/div>\n    <div class=\"wp-block-getwid-post-slider__post-content-wrapper\">\n        <h3 class=\"wp-block-getwid-post-slider__post-title\"><a href=\"https:\/\/agora.xtec.cat\/escolavalldelges\/general\/treball-comunitari-entorn-2\/\">LA COLLA GEGANTERA &#8211; Projecte comunitari d&#8217;entorn<\/a><\/h3>        <div class=\"wp-block-getwid-post-slider__post-excerpt\"><p>Els nens i nenes de projecte comunitari d\u2019entorn ens han explicat l\u2019experi\u00e8ncia que van tenir amb la colla gegantera de Torell\u00f3. Van anar a visitar-los i van aprendre moltes coses sobre els gegants i els capgrossos. Despr\u00e9s de visitar-los ens han fet cinc c\u00e8ntims de tot all\u00f2 que havien apr\u00e8s.\u00a0 Ens han explicat que a [&hellip;]<\/p>\n<\/div>\n    <\/div>\n<\/div>\n\t\t\t\t\t\t\t<\/div>\n\t\t\t\t\t\t\t\t\t\t\t\t\t<div class=\"wp-block-getwid-post-slider__slide\" style=\"\">\n\t\t\t\t\t\t\t\t\n<div class=\"wp-block-getwid-post-slider__post \">\n        <div class=\"wp-block-getwid-post-slider__post-overlay \"><\/div>\n    <div class=\"wp-block-getwid-post-slider__post-content-wrapper\">\n        <h3 class=\"wp-block-getwid-post-slider__post-title\"><a href=\"https:\/\/agora.xtec.cat\/escolavalldelges\/portada\/lhort-de-lescola\/\">L&#8217;HORT DE L&#8217;ESCOLA<\/a><\/h3>        <div class=\"wp-block-getwid-post-slider__post-excerpt\"><p>Els nens i nenes del treball comunitari de l&#8217;hort, el divendres 28 d&#8217;abril, junt amb la classe d&#8217; I3, despr\u00e9s de treure les males herbes, vam anar a plantar carbasses, pastanagues i una tomaquera a l&#8217;hort de l&#8217;escola i a l&#8217;hort petit que tenen els d&#8217; Educaci\u00f3 Infantil. Ens va agradar molt que vinguessin els [&hellip;]<\/p>\n<\/div>\n    <\/div>\n<\/div>\n\t\t\t\t\t\t\t<\/div>\n\t\t\t\t\t\t\t\t\t\t\t\t\t<div class=\"wp-block-getwid-post-slider__slide\" style=\"\">\n\t\t\t\t\t\t\t\t\n<div class=\"wp-block-getwid-post-slider__post \">\n        <div class=\"wp-block-getwid-post-slider__post-overlay \"><\/div>\n    <div class=\"wp-block-getwid-post-slider__post-content-wrapper\">\n        <h3 class=\"wp-block-getwid-post-slider__post-title\"><a href=\"https:\/\/agora.xtec.cat\/escolavalldelges\/portada\/8m\/\">8M<\/a><\/h3>        <div class=\"wp-block-getwid-post-slider__post-excerpt\"><p>El dia 8 de mar\u00e7 es celebra el dia de la dona.\u00a0 A l&#8217;escola, durant el mat\u00ed d\u2019aquest dia vam realitzar diferents activitats. Propostes on vam parlar de fets hist\u00f2rics, del present, del que s\u2019ha aconseguit i dels nostres desitjos per un futur on totes tinguem les mateixes oportunitats.\u00a0 Vam acabar les propostes creant unes [&hellip;]<\/p>\n<\/div>\n    <\/div>\n<\/div>\n\t\t\t\t\t\t\t<\/div>\n\t\t\t\t\t\t\t\t\t\t\t\t\t<div class=\"wp-block-getwid-post-slider__slide\" style=\"\">\n\t\t\t\t\t\t\t\t\n<div class=\"wp-block-getwid-post-slider__post \">\n        <div class=\"wp-block-getwid-post-slider__post-overlay \"><\/div>\n    <div class=\"wp-block-getwid-post-slider__post-content-wrapper\">\n        <h3 class=\"wp-block-getwid-post-slider__post-title\"><a href=\"https:\/\/agora.xtec.cat\/escolavalldelges\/portada\/treball-comunitari-entorn\/\">PROJECTE COMUNITARI ENTORN<\/a><\/h3>        <div class=\"wp-block-getwid-post-slider__post-excerpt\"><p>El grup comunitari del Projecte Entorn van preparar unes entrevistes per con\u00e8ixer m\u00e9s el barri de la nostra escola. Van entrevistar les mestres de l&#8217;escola i a persones del barri, a 34 persones en total. Aquestes van ser les seves opinions: Troben el barri brut ( caques de gos ) Falten m\u00e9s serveis. Troben el [&hellip;]<\/p>\n<\/div>\n    <\/div>\n<\/div>\n\t\t\t\t\t\t\t<\/div>\n\t\t\t\t\t\t            <\/div>\n        <\/div>\n        ","protected":false},"excerpt":{"rendered":"","protected":false},"author":1,"featured_media":0,"parent":0,"menu_order":0,"comment_status":"closed","ping_status":"close","template":"","meta":{"_bbp_topic_count":0,"_bbp_reply_count":0,"_bbp_total_topic_count":0,"_bbp_total_reply_count":0,"_bbp_voice_count":0,"_bbp_anonymous_reply_count":0,"_bbp_topic_count_hidden":0,"_bbp_reply_count_hidden":0,"_bbp_forum_subforum_count":0,"site-sidebar-layout":"default","site-content-layout":"","ast-site-content-layout":"default","site-content-style":"default","site-sidebar-style":"default","ast-global-header-display":"","ast-banner-title-visibility":"","ast-main-header-display":"","ast-hfb-above-header-display":"","ast-hfb-below-header-display":"","ast-hfb-mobile-header-display":"","site-post-title":"","ast-breadcrumbs-content":"","ast-featured-img":"","footer-sml-layout":"","theme-transparent-header-meta":"","adv-header-id-meta":"","stick-header-meta":"","header-above-stick-meta":"","header-main-stick-meta":"","header-below-stick-meta":"","astra-migrate-meta-layouts":"set","ast-page-background-enabled":"default","ast-page-background-meta":{"desktop":{"background-color":"var(--ast-global-color-4)","background-image":"","background-repeat":"repeat","background-position":"center center","background-size":"auto","background-attachment":"scroll","background-type":"","background-media":"","overlay-type":"","overlay-color":"","overlay-opacity":"","overlay-gradient":""},"tablet":{"background-color":"","background-image":"","background-repeat":"repeat","background-position":"center center","background-size":"auto","background-attachment":"scroll","background-type":"","background-media":"","overlay-type":"","overlay-color":"","overlay-opacity":"","overlay-gradient":""},"mobile":{"background-color":"","background-image":"","background-repeat":"repeat","background-position":"center center","background-size":"auto","background-attachment":"scroll","background-type":"","background-media":"","overlay-type":"","overlay-color":"","overlay-opacity":"","overlay-gradient":""}},"ast-content-background-meta":{"desktop":{"background-color":"var(--ast-global-color-5)","background-image":"","background-repeat":"repeat","background-position":"center center","background-size":"auto","background-attachment":"scroll","background-type":"","background-media":"","overlay-type":"","overlay-color":"","overlay-opacity":"","overlay-gradient":""},"tablet":{"background-color":"var(--ast-global-color-5)","background-image":"","background-repeat":"repeat","background-position":"center center","background-size":"auto","background-attachment":"scroll","background-type":"","background-media":"","overlay-type":"","overlay-color":"","overlay-opacity":"","overlay-gradient":""},"mobile":{"background-color":"var(--ast-global-color-5)","background-image":"","background-repeat":"repeat","background-position":"center center","background-size":"auto","background-attachment":"scroll","background-type":"","background-media":"","overlay-type":"","overlay-color":"","overlay-opacity":"","overlay-gradient":""}},"footnotes":""},"class_list":["post-9869","page","type-page","status-publish","hentry"],"post_mailing_queue_ids":[],"_links":{"self":[{"href":"https:\/\/agora.xtec.cat\/escolavalldelges\/wp-json\/wp\/v2\/pages\/9869","targetHints":{"allow":["GET"]}}],"collection":[{"href":"https:\/\/agora.xtec.cat\/escolavalldelges\/wp-json\/wp\/v2\/pages"}],"about":[{"href":"https:\/\/agora.xtec.cat\/escolavalldelges\/wp-json\/wp\/v2\/types\/page"}],"author":[{"embeddable":true,"href":"https:\/\/agora.xtec.cat\/escolavalldelges\/wp-json\/wp\/v2\/users\/1"}],"replies":[{"embeddable":true,"href":"https:\/\/agora.xtec.cat\/escolavalldelges\/wp-json\/wp\/v2\/comments?post=9869"}],"version-history":[{"count":3,"href":"https:\/\/agora.xtec.cat\/escolavalldelges\/wp-json\/wp\/v2\/pages\/9869\/revisions"}],"predecessor-version":[{"id":10254,"href":"https:\/\/agora.xtec.cat\/escolavalldelges\/wp-json\/wp\/v2\/pages\/9869\/revisions\/10254"}],"wp:attachment":[{"href":"https:\/\/agora.xtec.cat\/escolavalldelges\/wp-json\/wp\/v2\/media?parent=9869"}],"curies":[{"name":"wp","href":"https:\/\/api.w.org\/{rel}","templated":true}]}}