{"id":9858,"date":"2025-04-10T15:10:53","date_gmt":"2025-04-10T13:10:53","guid":{"rendered":"https:\/\/agora.xtec.cat\/escolavalldelges\/?page_id=9858"},"modified":"2026-02-18T22:25:44","modified_gmt":"2026-02-18T21:25:44","slug":"educacio-infantil","status":"publish","type":"page","link":"https:\/\/agora.xtec.cat\/escolavalldelges\/educacio-infantil\/","title":{"rendered":"Educaci\u00f3 Infantil"},"content":{"rendered":"\n<div class=\"wp-block-columns is-layout-flex wp-container-core-columns-is-layout-2 wp-block-columns-is-layout-flex\">\n<div class=\"wp-block-column is-layout-flow wp-block-column-is-layout-flow\">\n<div class=\"wp-block-columns is-layout-flex wp-container-core-columns-is-layout-1 wp-block-columns-is-layout-flex\">\n<div class=\"wp-block-column is-layout-flow wp-block-column-is-layout-flow\">\n<div class=\"wp-block-buttons is-layout-flex wp-block-buttons-is-layout-flex\">\n<div class=\"wp-block-button has-custom-width wp-block-button__width-100 has-custom-font-size has-x-large-font-size\"><a class=\"wp-block-button__link wp-element-button\" href=\"https:\/\/agora.xtec.cat\/escolavalldelges\/i3\/\" style=\"padding-top:var(--wp--preset--spacing--40);padding-bottom:var(--wp--preset--spacing--40)\"><strong>I3<\/strong><\/a><\/div>\n<\/div>\n<\/div>\n\n\n\n<div class=\"wp-block-column is-layout-flow wp-block-column-is-layout-flow\">\n<div class=\"wp-block-buttons is-layout-flex wp-block-buttons-is-layout-flex\">\n<div class=\"wp-block-button has-custom-width wp-block-button__width-100 has-custom-font-size has-x-large-font-size\"><a class=\"wp-block-button__link wp-element-button\" href=\"https:\/\/agora.xtec.cat\/escolavalldelges\/i4\/\" style=\"padding-top:var(--wp--preset--spacing--40);padding-bottom:var(--wp--preset--spacing--40)\"><strong>I4<\/strong><\/a><\/div>\n<\/div>\n<\/div>\n\n\n\n<div class=\"wp-block-column is-layout-flow wp-block-column-is-layout-flow\">\n<div class=\"wp-block-buttons is-layout-flex wp-block-buttons-is-layout-flex\">\n<div class=\"wp-block-button has-custom-width wp-block-button__width-100 has-custom-font-size has-x-large-font-size\"><a class=\"wp-block-button__link wp-element-button\" href=\"https:\/\/agora.xtec.cat\/escolavalldelges\/i5\/\" style=\"padding-top:var(--wp--preset--spacing--40);padding-bottom:var(--wp--preset--spacing--40)\"><strong>I5<\/strong><\/a><\/div>\n<\/div>\n<\/div>\n<\/div>\n<\/div>\n<\/div>\n\n\n\n        <div class=\"wp-block-getwid-post-slider custom-post-type-post has-arrows-inside has-dots-inside\">\n            <div data-slider-option=\"{&quot;getwid_fade_effect&quot;:&quot;slide&quot;,&quot;getwid_autoplay&quot;:false,&quot;getwid_pause_on_hover&quot;:false,&quot;getwid_autoplay_speed&quot;:6000,&quot;getwid_infinite&quot;:true,&quot;getwid_animation_speed&quot;:800,&quot;getwid_arrows&quot;:&quot;inside&quot;,&quot;getwid_dots&quot;:&quot;inside&quot;}\" class=\"wp-block-getwid-post-slider__content\">\n                \t\t\t\t\t\t\t<div class=\"wp-block-getwid-post-slider__slide\" style=\"\">\n\t\t\t\t\t\t\t\t\n<div class=\"wp-block-getwid-post-slider__post \">\n            <div class=\"wp-block-getwid-post-slider__post-thumbnail\">\n            <img loading=\"lazy\" decoding=\"async\" width=\"1536\" height=\"2048\" src=\"https:\/\/agora.xtec.cat\/escolavalldelges\/wp-content\/uploads\/usu812\/2025\/05\/IMG-20250509-WA0006.jpg\" class=\"attachment-post-thumbnail size-post-thumbnail wp-post-image\" alt=\"\" srcset=\"https:\/\/agora.xtec.cat\/escolavalldelges\/wp-content\/uploads\/usu812\/2025\/05\/IMG-20250509-WA0006.jpg 1536w, https:\/\/agora.xtec.cat\/escolavalldelges\/wp-content\/uploads\/usu812\/2025\/05\/IMG-20250509-WA0006-225x300.jpg 225w, https:\/\/agora.xtec.cat\/escolavalldelges\/wp-content\/uploads\/usu812\/2025\/05\/IMG-20250509-WA0006-768x1024.jpg 768w, https:\/\/agora.xtec.cat\/escolavalldelges\/wp-content\/uploads\/usu812\/2025\/05\/IMG-20250509-WA0006-1152x1536.jpg 1152w\" sizes=\"auto, (max-width: 1536px) 100vw, 1536px\" \/>        <\/div>\n        <div class=\"wp-block-getwid-post-slider__post-overlay \"><\/div>\n    <div class=\"wp-block-getwid-post-slider__post-content-wrapper\">\n        <h3 class=\"wp-block-getwid-post-slider__post-title\"><a href=\"https:\/\/agora.xtec.cat\/escolavalldelges\/portada\/la-fira-de-primavera\/\">La fira de primavera<\/a><\/h3>        <div class=\"wp-block-getwid-post-slider__post-excerpt\"><p>Dimecres 23 d\u2019abril, diada de St Jordi, a l\u2019escola Vall del Ges vam celebrar la Fira de Primavera. Cada grup tenia una parada. Els m\u00e9s menuts venien beguda, els de cicle inicial venien pa amb fuet o xocolata, els de 3r tenien una parada amb manualitats fetes a m\u00e0, . A 4t venien productes de [&hellip;]<\/p>\n<\/div>\n    <\/div>\n<\/div>\n\t\t\t\t\t\t\t<\/div>\n\t\t\t\t\t\t\t\t\t\t\t\t\t<div class=\"wp-block-getwid-post-slider__slide\" style=\"\">\n\t\t\t\t\t\t\t\t\n<div class=\"wp-block-getwid-post-slider__post \">\n        <div class=\"wp-block-getwid-post-slider__post-overlay \"><\/div>\n    <div class=\"wp-block-getwid-post-slider__post-content-wrapper\">\n        <h3 class=\"wp-block-getwid-post-slider__post-title\"><a href=\"https:\/\/agora.xtec.cat\/escolavalldelges\/portada\/lhort-de-lescola\/\">L&#8217;HORT DE L&#8217;ESCOLA<\/a><\/h3>        <div class=\"wp-block-getwid-post-slider__post-excerpt\"><p>Els nens i nenes del treball comunitari de l&#8217;hort, el divendres 28 d&#8217;abril, junt amb la classe d&#8217; I3, despr\u00e9s de treure les males herbes, vam anar a plantar carbasses, pastanagues i una tomaquera a l&#8217;hort de l&#8217;escola i a l&#8217;hort petit que tenen els d&#8217; Educaci\u00f3 Infantil. Ens va agradar molt que vinguessin els [&hellip;]<\/p>\n<\/div>\n    <\/div>\n<\/div>\n\t\t\t\t\t\t\t<\/div>\n\t\t\t\t\t\t\t\t\t\t\t\t\t<div class=\"wp-block-getwid-post-slider__slide\" style=\"\">\n\t\t\t\t\t\t\t\t\n<div class=\"wp-block-getwid-post-slider__post \">\n        <div class=\"wp-block-getwid-post-slider__post-overlay \"><\/div>\n    <div class=\"wp-block-getwid-post-slider__post-content-wrapper\">\n        <h3 class=\"wp-block-getwid-post-slider__post-title\"><a href=\"https:\/\/agora.xtec.cat\/escolavalldelges\/portada\/8m\/\">8M<\/a><\/h3>        <div class=\"wp-block-getwid-post-slider__post-excerpt\"><p>El dia 8 de mar\u00e7 es celebra el dia de la dona.\u00a0 A l&#8217;escola, durant el mat\u00ed d\u2019aquest dia vam realitzar diferents activitats. Propostes on vam parlar de fets hist\u00f2rics, del present, del que s\u2019ha aconseguit i dels nostres desitjos per un futur on totes tinguem les mateixes oportunitats.\u00a0 Vam acabar les propostes creant unes [&hellip;]<\/p>\n<\/div>\n    <\/div>\n<\/div>\n\t\t\t\t\t\t\t<\/div>\n\t\t\t\t\t\t\t\t\t\t\t\t\t<div class=\"wp-block-getwid-post-slider__slide\" style=\"\">\n\t\t\t\t\t\t\t\t\n<div class=\"wp-block-getwid-post-slider__post \">\n        <div class=\"wp-block-getwid-post-slider__post-overlay \"><\/div>\n    <div class=\"wp-block-getwid-post-slider__post-content-wrapper\">\n        <h3 class=\"wp-block-getwid-post-slider__post-title\"><a href=\"https:\/\/agora.xtec.cat\/escolavalldelges\/general\/plantem-alls-a-lhort\/\">PLANTEM ALLS A L&#8217;HORT<\/a><\/h3>        <div class=\"wp-block-getwid-post-slider__post-excerpt\"><p>El divendres 20 de gener els m\u00e9s petits de l&#8217;escola junt amb el grup del projecte comunitari de l&#8217;hort van plantar alls. Els va ajudar en Toni Jucl\u00e0, que treballa de pag\u00e8s i els va assessorar amb l&#8217;hort escolar, des del projecte dels horts escolars de l&#8217;ajuntament de Torell\u00f3. &nbsp;<\/p>\n<\/div>\n    <\/div>\n<\/div>\n\t\t\t\t\t\t\t<\/div>\n\t\t\t\t\t\t\t\t\t\t\t\t\t<div class=\"wp-block-getwid-post-slider__slide\" style=\"\">\n\t\t\t\t\t\t\t\t\n<div class=\"wp-block-getwid-post-slider__post \">\n        <div class=\"wp-block-getwid-post-slider__post-overlay \"><\/div>\n    <div class=\"wp-block-getwid-post-slider__post-content-wrapper\">\n        <h3 class=\"wp-block-getwid-post-slider__post-title\"><a href=\"https:\/\/agora.xtec.cat\/escolavalldelges\/portada\/pastorets-torello\/\">PASTORETS TORELL\u00d3<\/a><\/h3>        <div class=\"wp-block-getwid-post-slider__post-excerpt\"><p>Avui divendres 16 de desembre a l&#8217;escola ens han sorpr\u00e8s en Lluquet i en Rovell\u00f3, i sabeu que els hi passava? Doncs que un dimoni els perseguia. Ens han ben espantat, per\u00f2 els hem deixat amagar-se del dimoni. Quan tot s&#8217;ha calmat ens han explicat que s\u00f3n personatges dels pastorets de Torell\u00f3 i ens han [&hellip;]<\/p>\n<\/div>\n    <\/div>\n<\/div>\n\t\t\t\t\t\t\t<\/div>\n\t\t\t\t\t\t            <\/div>\n        <\/div>\n        ","protected":false},"excerpt":{"rendered":"","protected":false},"author":1,"featured_media":0,"parent":0,"menu_order":0,"comment_status":"closed","ping_status":"close","template":"","meta":{"_bbp_topic_count":0,"_bbp_reply_count":0,"_bbp_total_topic_count":0,"_bbp_total_reply_count":0,"_bbp_voice_count":0,"_bbp_anonymous_reply_count":0,"_bbp_topic_count_hidden":0,"_bbp_reply_count_hidden":0,"_bbp_forum_subforum_count":0,"site-sidebar-layout":"default","site-content-layout":"","ast-site-content-layout":"default","site-content-style":"default","site-sidebar-style":"default","ast-global-header-display":"","ast-banner-title-visibility":"","ast-main-header-display":"","ast-hfb-above-header-display":"","ast-hfb-below-header-display":"","ast-hfb-mobile-header-display":"","site-post-title":"","ast-breadcrumbs-content":"","ast-featured-img":"","footer-sml-layout":"","theme-transparent-header-meta":"","adv-header-id-meta":"","stick-header-meta":"","header-above-stick-meta":"","header-main-stick-meta":"","header-below-stick-meta":"","astra-migrate-meta-layouts":"set","ast-page-background-enabled":"default","ast-page-background-meta":{"desktop":{"background-color":"var(--ast-global-color-4)","background-image":"","background-repeat":"repeat","background-position":"center center","background-size":"auto","background-attachment":"scroll","background-type":"","background-media":"","overlay-type":"","overlay-color":"","overlay-opacity":"","overlay-gradient":""},"tablet":{"background-color":"","background-image":"","background-repeat":"repeat","background-position":"center center","background-size":"auto","background-attachment":"scroll","background-type":"","background-media":"","overlay-type":"","overlay-color":"","overlay-opacity":"","overlay-gradient":""},"mobile":{"background-color":"","background-image":"","background-repeat":"repeat","background-position":"center center","background-size":"auto","background-attachment":"scroll","background-type":"","background-media":"","overlay-type":"","overlay-color":"","overlay-opacity":"","overlay-gradient":""}},"ast-content-background-meta":{"desktop":{"background-color":"var(--ast-global-color-5)","background-image":"","background-repeat":"repeat","background-position":"center center","background-size":"auto","background-attachment":"scroll","background-type":"","background-media":"","overlay-type":"","overlay-color":"","overlay-opacity":"","overlay-gradient":""},"tablet":{"background-color":"var(--ast-global-color-5)","background-image":"","background-repeat":"repeat","background-position":"center center","background-size":"auto","background-attachment":"scroll","background-type":"","background-media":"","overlay-type":"","overlay-color":"","overlay-opacity":"","overlay-gradient":""},"mobile":{"background-color":"var(--ast-global-color-5)","background-image":"","background-repeat":"repeat","background-position":"center center","background-size":"auto","background-attachment":"scroll","background-type":"","background-media":"","overlay-type":"","overlay-color":"","overlay-opacity":"","overlay-gradient":""}},"footnotes":""},"class_list":["post-9858","page","type-page","status-publish","hentry"],"post_mailing_queue_ids":[],"_links":{"self":[{"href":"https:\/\/agora.xtec.cat\/escolavalldelges\/wp-json\/wp\/v2\/pages\/9858","targetHints":{"allow":["GET"]}}],"collection":[{"href":"https:\/\/agora.xtec.cat\/escolavalldelges\/wp-json\/wp\/v2\/pages"}],"about":[{"href":"https:\/\/agora.xtec.cat\/escolavalldelges\/wp-json\/wp\/v2\/types\/page"}],"author":[{"embeddable":true,"href":"https:\/\/agora.xtec.cat\/escolavalldelges\/wp-json\/wp\/v2\/users\/1"}],"replies":[{"embeddable":true,"href":"https:\/\/agora.xtec.cat\/escolavalldelges\/wp-json\/wp\/v2\/comments?post=9858"}],"version-history":[{"count":4,"href":"https:\/\/agora.xtec.cat\/escolavalldelges\/wp-json\/wp\/v2\/pages\/9858\/revisions"}],"predecessor-version":[{"id":10255,"href":"https:\/\/agora.xtec.cat\/escolavalldelges\/wp-json\/wp\/v2\/pages\/9858\/revisions\/10255"}],"wp:attachment":[{"href":"https:\/\/agora.xtec.cat\/escolavalldelges\/wp-json\/wp\/v2\/media?parent=9858"}],"curies":[{"name":"wp","href":"https:\/\/api.w.org\/{rel}","templated":true}]}}