{"id":734,"date":"2016-02-08T09:55:51","date_gmt":"2016-02-08T08:55:51","guid":{"rendered":"http:\/\/agora.xtec.cat\/escolavalldelges\/?page_id=734"},"modified":"2026-02-19T09:50:33","modified_gmt":"2026-02-19T08:50:33","slug":"educacio-especial","status":"publish","type":"page","link":"https:\/\/agora.xtec.cat\/escolavalldelges\/projecte-del-centre\/educacio-especial\/","title":{"rendered":"Suport a la inclusi\u00f3"},"content":{"rendered":"<p>L\u2019educaci\u00f3 inclusiva \u00e9s un dels fonaments del sistema educatiu catal\u00e0 que t\u00e9 com a objectiu vetllar per les oportunitats d\u2019aprenentatge de totes les persones, independentment de les seves capacitats.\u00a0<\/p>\n<p>OBJECTIUS B\u00c0SICS<\/p>\n<ul>\n<li>\u00a0Garantir l&#8217;educaci\u00f3 inclusiva: facilitar que tot l&#8217;alumnat independentment de les seves caracter\u00edstiques individuals pugui aprendre i participar de la vida escolar al costat dels seus companys\/es.\u00a0<\/li>\n<li>Adaptar el proc\u00e9s d&#8217;ensenyament i aprenentatge: desenvolupar plans de suport individualitzat quan un infant ho requereix, ajustant la metodologia i els instruments d&#8217;avaluaci\u00f3 en funci\u00f3 de les necessitats.\u00a0<\/li>\n<li>Participar en la comiss\u00edo d&#8217;atenci\u00f3 a l&#8217;escola inslusiva juntament amb EAP: garantir la coordinaci\u00f3 entre els diferents serveis, mantenir informades a les fam\u00edlies sobre el proc\u00e9s d&#8217;aprenentatge i realitzar les valoracions de possibles casos de trastorns d&#8217;aprenentatge.\u00a0<\/li>\n<li>Realitzar avaluaci\u00f3 cont\u00ednua i individualitzada: desenvolupar cribratges grupals per a detectar de forma preco\u00e7 possibles dificultats d&#8217;aprenentatge i fer les derivacions que corresponen.\u00a0<\/li>\n<\/ul>\n<p style=\"text-align: right;\"><a href=\"https:\/\/agora.xtec.cat\/escolavalldelges\/wp-content\/uploads\/usu812\/2026\/02\/image-2.png\"><img loading=\"lazy\" decoding=\"async\" class=\" wp-image-10257 aligncenter\" src=\"https:\/\/agora.xtec.cat\/escolavalldelges\/wp-content\/uploads\/usu812\/2026\/02\/image-2.png\" alt=\"\" width=\"455\" height=\"321\" srcset=\"https:\/\/agora.xtec.cat\/escolavalldelges\/wp-content\/uploads\/usu812\/2026\/02\/image-2.png 708w, https:\/\/agora.xtec.cat\/escolavalldelges\/wp-content\/uploads\/usu812\/2026\/02\/image-2-300x211.png 300w\" sizes=\"auto, (max-width: 455px) 100vw, 455px\" \/><\/a><\/p>\n\n\n<p><\/p>\n","protected":false},"excerpt":{"rendered":"<p>L\u2019educaci\u00f3 inclusiva \u00e9s un dels fonaments del sistema educatiu catal\u00e0 que t\u00e9 com a objectiu vetllar per les oportunitats d\u2019aprenentatge de totes les persones, independentment de les seves capacitats.\u00a0 OBJECTIUS B\u00c0SICS \u00a0Garantir l&#8217;educaci\u00f3 inclusiva: facilitar que tot l&#8217;alumnat independentment de les seves caracter\u00edstiques individuals pugui aprendre i participar de la vida escolar al costat dels [&hellip;]<\/p>\n","protected":false},"author":1,"featured_media":0,"parent":250,"menu_order":7,"comment_status":"closed","ping_status":"closed","template":"","meta":{"_bbp_topic_count":0,"_bbp_reply_count":0,"_bbp_total_topic_count":0,"_bbp_total_reply_count":0,"_bbp_voice_count":0,"_bbp_anonymous_reply_count":0,"_bbp_topic_count_hidden":0,"_bbp_reply_count_hidden":0,"_bbp_forum_subforum_count":0,"site-sidebar-layout":"default","site-content-layout":"","ast-site-content-layout":"default","site-content-style":"default","site-sidebar-style":"default","ast-global-header-display":"","ast-banner-title-visibility":"","ast-main-header-display":"","ast-hfb-above-header-display":"","ast-hfb-below-header-display":"","ast-hfb-mobile-header-display":"","site-post-title":"","ast-breadcrumbs-content":"","ast-featured-img":"","footer-sml-layout":"","theme-transparent-header-meta":"","adv-header-id-meta":"","stick-header-meta":"","header-above-stick-meta":"","header-main-stick-meta":"","header-below-stick-meta":"","astra-migrate-meta-layouts":"set","ast-page-background-enabled":"default","ast-page-background-meta":{"desktop":{"background-color":"var(--ast-global-color-4)","background-image":"","background-repeat":"repeat","background-position":"center center","background-size":"auto","background-attachment":"scroll","background-type":"","background-media":"","overlay-type":"","overlay-color":"","overlay-opacity":"","overlay-gradient":""},"tablet":{"background-color":"","background-image":"","background-repeat":"repeat","background-position":"center center","background-size":"auto","background-attachment":"scroll","background-type":"","background-media":"","overlay-type":"","overlay-color":"","overlay-opacity":"","overlay-gradient":""},"mobile":{"background-color":"","background-image":"","background-repeat":"repeat","background-position":"center center","background-size":"auto","background-attachment":"scroll","background-type":"","background-media":"","overlay-type":"","overlay-color":"","overlay-opacity":"","overlay-gradient":""}},"ast-content-background-meta":{"desktop":{"background-color":"var(--ast-global-color-5)","background-image":"","background-repeat":"repeat","background-position":"center center","background-size":"auto","background-attachment":"scroll","background-type":"","background-media":"","overlay-type":"","overlay-color":"","overlay-opacity":"","overlay-gradient":""},"tablet":{"background-color":"var(--ast-global-color-5)","background-image":"","background-repeat":"repeat","background-position":"center center","background-size":"auto","background-attachment":"scroll","background-type":"","background-media":"","overlay-type":"","overlay-color":"","overlay-opacity":"","overlay-gradient":""},"mobile":{"background-color":"var(--ast-global-color-5)","background-image":"","background-repeat":"repeat","background-position":"center center","background-size":"auto","background-attachment":"scroll","background-type":"","background-media":"","overlay-type":"","overlay-color":"","overlay-opacity":"","overlay-gradient":""}},"footnotes":""},"class_list":["post-734","page","type-page","status-publish","hentry"],"post_mailing_queue_ids":[],"_links":{"self":[{"href":"https:\/\/agora.xtec.cat\/escolavalldelges\/wp-json\/wp\/v2\/pages\/734","targetHints":{"allow":["GET"]}}],"collection":[{"href":"https:\/\/agora.xtec.cat\/escolavalldelges\/wp-json\/wp\/v2\/pages"}],"about":[{"href":"https:\/\/agora.xtec.cat\/escolavalldelges\/wp-json\/wp\/v2\/types\/page"}],"author":[{"embeddable":true,"href":"https:\/\/agora.xtec.cat\/escolavalldelges\/wp-json\/wp\/v2\/users\/1"}],"replies":[{"embeddable":true,"href":"https:\/\/agora.xtec.cat\/escolavalldelges\/wp-json\/wp\/v2\/comments?post=734"}],"version-history":[{"count":6,"href":"https:\/\/agora.xtec.cat\/escolavalldelges\/wp-json\/wp\/v2\/pages\/734\/revisions"}],"predecessor-version":[{"id":10262,"href":"https:\/\/agora.xtec.cat\/escolavalldelges\/wp-json\/wp\/v2\/pages\/734\/revisions\/10262"}],"up":[{"embeddable":true,"href":"https:\/\/agora.xtec.cat\/escolavalldelges\/wp-json\/wp\/v2\/pages\/250"}],"wp:attachment":[{"href":"https:\/\/agora.xtec.cat\/escolavalldelges\/wp-json\/wp\/v2\/media?parent=734"}],"curies":[{"name":"wp","href":"https:\/\/api.w.org\/{rel}","templated":true}]}}