{"id":73,"date":"2014-09-18T14:01:51","date_gmt":"2014-09-18T13:01:51","guid":{"rendered":"http:\/\/agora.xtec.cat\/escolavalldelges\/?page_id=73"},"modified":"2026-04-07T22:13:23","modified_gmt":"2026-04-07T20:13:23","slug":"menjador-escolar","status":"publish","type":"page","link":"https:\/\/agora.xtec.cat\/escolavalldelges\/menjador-escolar\/","title":{"rendered":"Menjador escolar"},"content":{"rendered":"<header class=\"entry-header\">\n<p class=\"entry-title\"><span style=\"font-family: inherit; font-size: 1em;\">L\u2019AFA de l\u2019escola gestiona el menjador escolar. L\u2019empresa adjudicada per oferir el servei \u00e9s <\/span><a style=\"font-family: inherit; font-size: 1em;\" href=\"https:\/\/www.7itria.cat\/\">7iTria (Consell comarcal d&#8217;Osona)<\/a><em style=\"font-family: inherit; font-size: 1em;\">\u00a0<\/em><span style=\"font-family: inherit; font-size: 1em;\">Els alumnes, a part de treballar els bons h\u00e0bits a l&#8217;hora de dinar, tamb\u00e9 poden gaudir de temps d&#8217;esbarjo o fer activitats m\u00e9s dirigides, depenent del dia. <\/span><span style=\"font-family: inherit; font-size: 1em;\">L&#8217;escola ofereix servei de menjador amb cuinera pr\u00f2pia.\u00a0<\/span><\/p>\n<\/header>\n<p><span style=\"font-weight: 400;\">Estem dins el projecte &#8220;<a href=\"http:\/\/www.mengemdaquiosonallucanes.cat\/\">MENGEM D&#8217;AQU\u00cd<\/a>&#8221; amb la col\u00b7laboraci\u00f3 de la Fundaci\u00f3 Al\u00edcia. Aquest curs el projecte es portar\u00e0 a terme a totes les escoles de la comarca d&#8217;Osona que s\u00f3n dins el Consell Comarcal.<\/span><\/p>\n<p><span style=\"color: #808080;\"><strong>MEN\u00da CURS 2025-2026:<\/strong><\/span><\/p>\n<p><a href=\"https:\/\/agora.xtec.cat\/escolavalldelges\/wp-content\/uploads\/usu812\/2025\/09\/Menu-Mengem-d_Aqui-Osona-Setembre-2025.pdf\">Men\u00fa\u00a0 setembre 2025<\/a><\/p>\n<p><a href=\"https:\/\/agora.xtec.cat\/escolavalldelges\/wp-content\/uploads\/usu812\/2025\/10\/Menu-Mengem-d_Aqui-Osona-Octubre-2025.pdf\">Men\u00fa octubre 2025<\/a><\/p>\n<p><a href=\"https:\/\/agora.xtec.cat\/escolavalldelges\/wp-content\/uploads\/usu812\/2025\/11\/Menu-Mengem-d_Aqui-Osona-Novembre-2025.pdf\">Menu\u0301 novembre 2025<\/a><\/p>\n<p><a href=\"https:\/\/agora.xtec.cat\/escolavalldelges\/wp-content\/uploads\/usu812\/2025\/12\/Menu-Mengem-d_Aqui-Osona-Desembre-2025.pdf\">Men\u00fa desembre 2025<\/a><\/p>\n<p><a href=\"https:\/\/agora.xtec.cat\/escolavalldelges\/wp-content\/uploads\/usu812\/2025\/12\/Menu-Gener-26-Mengem-dAqui-Osona.pdf\">Men\u00fa gener 2026<\/a><\/p>\n<p><a href=\"https:\/\/agora.xtec.cat\/escolavalldelges\/wp-content\/uploads\/usu812\/2026\/02\/Menu-Mengem-d_Aqui-Osona-Febrer-2026.pdf\">Men\u00fa febrer 2026<\/a><\/p>\n<p><a href=\"https:\/\/agora.xtec.cat\/escolavalldelges\/wp-content\/uploads\/usu812\/2026\/02\/Menu-Mengem-d_Aqui-Osona-Marc-2026.pdf\">Men\u00fa mar\u00e7 2026<\/a><\/p>\n<p><a href=\"https:\/\/agora.xtec.cat\/escolavalldelges\/wp-content\/uploads\/usu812\/2026\/04\/Menu-Mengem-dAqui-Osona-Abril-2026.pdf\">Men\u00fa abril 2026<\/a><\/p>\n<p><span style=\"color: #808080;\"><strong>PREUS DEL CURS 25-26:<\/strong><\/span><\/p>\n<ul>\n<li style=\"font-weight: 400;\" aria-level=\"1\"><b>PREU ALUMNAT FIX\u00a0 (3 o m\u00e9s dies a la setmana):<\/b><span style=\"font-weight: 400;\"> El preu \u00e9s de 7,04 euros\/alumne\/dia, IVA incl\u00f2s.\u00a0<\/span><\/li>\n<\/ul>\n<ul>\n<li style=\"font-weight: 400;\" aria-level=\"1\"><b>PREU ALUMNAT ESPOR\u00c0DIC (1 o 2 dies a la setmana):<\/b><span style=\"font-weight: 400;\"> El preu \u00e9s de 7,74 euros\/alumne\/dia, IVA incl\u00f2s<\/span><\/li>\n<\/ul>\n<p><span style=\"font-weight: 400;\">INSCRIPCIONS: <\/span><span style=\"font-weight: 400;\">\u00a0<\/span><a href=\"https:\/\/menjadorsescolars.ccosona.cat\/\"><span style=\"font-weight: 400;\">https:\/\/menjadorsescolars.ccosona.cat\/<\/span><\/a><span style=\"font-weight: 400;\">\u00a0<\/span><\/p>\n<p>La inscripci\u00f3 \u00e9s necess\u00e0ria per a poder-se quedar al menjador encara que sigui de manera espor\u00e0dica.<\/p>\n<p><span style=\"font-weight: 400;\">\u00a0<\/span><span style=\"font-weight: 400;\">A l\u2019escola hi ha dormitori per als infants que hagin de fer la migdiada d\u2019EI. L\u2019escola d\u00f3na un llen\u00e7ol protector que es porta a casa per rentar cada divendres. A final de curs s\u2019ha de tornar el llen\u00e7ol o pagar-ne el cost (7\u20ac).<\/span><\/p>\n<p><strong>INFORMES DE VALORACI\u00d3 DE LA PROGRAMACI\u00d3 DE MEN\u00daS DE L&#8217;ESCOLA VALL DEL GES<\/strong>\u00a0 realitzat pel PROGRAMA DE REVISI\u00d3 DE MEN\u00daS ESCOLAR DE CATALUNYA (PREME):<\/p>\n<p>Curs 2022-2023:\u00a0<a href=\"https:\/\/agora.xtec.cat\/escolavalldelges\/serveis\/menjador-escolar\/attachment\/20221230-torello-escola-vall-del-ges-seg\/\" rel=\"attachment wp-att-8891\">20221230-Torell\u00f3 Escola Vall del Ges-SEG<\/a><\/p>\n<p>Curs 2024-2025: <a href=\"https:\/\/agora.xtec.cat\/escolavalldelges\/wp-content\/uploads\/usu812\/2025\/03\/20250207-Torello-Escola-Vall-del-Ges-REV-2.pdf\" rel=\"attachment wp-att-8891\">20250207-Torell\u00f3 Escola Vall del Ges-SEG<\/a><\/p>\n<p><a href=\"https:\/\/salutpublica.gencat.cat\/ca\/detalls\/Article\/Lalimentacio-saludable-en-letapa-escolar.-Edicio-2020\">ALIMENTACI\u00d3 SALUDABLE EN L&#8217; ETAPA ESCOLAR<\/a><\/p>\n\n\n<p><\/p>\n","protected":false},"excerpt":{"rendered":"<p>L\u2019AFA de l\u2019escola gestiona el menjador escolar. L\u2019empresa adjudicada per oferir el servei \u00e9s 7iTria (Consell comarcal d&#8217;Osona)\u00a0Els alumnes, a part de treballar els bons h\u00e0bits a l&#8217;hora de dinar, tamb\u00e9 poden gaudir de temps d&#8217;esbarjo o fer activitats m\u00e9s dirigides, depenent del dia. L&#8217;escola ofereix servei de menjador amb cuinera pr\u00f2pia.\u00a0 Estem dins el [&hellip;]<\/p>\n","protected":false},"author":1,"featured_media":0,"parent":0,"menu_order":3,"comment_status":"closed","ping_status":"closed","template":"","meta":{"_bbp_topic_count":0,"_bbp_reply_count":0,"_bbp_total_topic_count":0,"_bbp_total_reply_count":0,"_bbp_voice_count":0,"_bbp_anonymous_reply_count":0,"_bbp_topic_count_hidden":0,"_bbp_reply_count_hidden":0,"_bbp_forum_subforum_count":0,"site-sidebar-layout":"default","site-content-layout":"","ast-site-content-layout":"default","site-content-style":"default","site-sidebar-style":"default","ast-global-header-display":"","ast-banner-title-visibility":"","ast-main-header-display":"","ast-hfb-above-header-display":"","ast-hfb-below-header-display":"","ast-hfb-mobile-header-display":"","site-post-title":"","ast-breadcrumbs-content":"","ast-featured-img":"","footer-sml-layout":"","theme-transparent-header-meta":"","adv-header-id-meta":"","stick-header-meta":"","header-above-stick-meta":"","header-main-stick-meta":"","header-below-stick-meta":"","astra-migrate-meta-layouts":"set","ast-page-background-enabled":"default","ast-page-background-meta":{"desktop":{"background-color":"var(--ast-global-color-4)","background-image":"","background-repeat":"repeat","background-position":"center center","background-size":"auto","background-attachment":"scroll","background-type":"","background-media":"","overlay-type":"","overlay-color":"","overlay-opacity":"","overlay-gradient":""},"tablet":{"background-color":"","background-image":"","background-repeat":"repeat","background-position":"center center","background-size":"auto","background-attachment":"scroll","background-type":"","background-media":"","overlay-type":"","overlay-color":"","overlay-opacity":"","overlay-gradient":""},"mobile":{"background-color":"","background-image":"","background-repeat":"repeat","background-position":"center center","background-size":"auto","background-attachment":"scroll","background-type":"","background-media":"","overlay-type":"","overlay-color":"","overlay-opacity":"","overlay-gradient":""}},"ast-content-background-meta":{"desktop":{"background-color":"var(--ast-global-color-5)","background-image":"","background-repeat":"repeat","background-position":"center center","background-size":"auto","background-attachment":"scroll","background-type":"","background-media":"","overlay-type":"","overlay-color":"","overlay-opacity":"","overlay-gradient":""},"tablet":{"background-color":"var(--ast-global-color-5)","background-image":"","background-repeat":"repeat","background-position":"center center","background-size":"auto","background-attachment":"scroll","background-type":"","background-media":"","overlay-type":"","overlay-color":"","overlay-opacity":"","overlay-gradient":""},"mobile":{"background-color":"var(--ast-global-color-5)","background-image":"","background-repeat":"repeat","background-position":"center center","background-size":"auto","background-attachment":"scroll","background-type":"","background-media":"","overlay-type":"","overlay-color":"","overlay-opacity":"","overlay-gradient":""}},"footnotes":""},"class_list":["post-73","page","type-page","status-publish","hentry"],"post_mailing_queue_ids":[],"_links":{"self":[{"href":"https:\/\/agora.xtec.cat\/escolavalldelges\/wp-json\/wp\/v2\/pages\/73","targetHints":{"allow":["GET"]}}],"collection":[{"href":"https:\/\/agora.xtec.cat\/escolavalldelges\/wp-json\/wp\/v2\/pages"}],"about":[{"href":"https:\/\/agora.xtec.cat\/escolavalldelges\/wp-json\/wp\/v2\/types\/page"}],"author":[{"embeddable":true,"href":"https:\/\/agora.xtec.cat\/escolavalldelges\/wp-json\/wp\/v2\/users\/1"}],"replies":[{"embeddable":true,"href":"https:\/\/agora.xtec.cat\/escolavalldelges\/wp-json\/wp\/v2\/comments?post=73"}],"version-history":[{"count":6,"href":"https:\/\/agora.xtec.cat\/escolavalldelges\/wp-json\/wp\/v2\/pages\/73\/revisions"}],"predecessor-version":[{"id":10296,"href":"https:\/\/agora.xtec.cat\/escolavalldelges\/wp-json\/wp\/v2\/pages\/73\/revisions\/10296"}],"wp:attachment":[{"href":"https:\/\/agora.xtec.cat\/escolavalldelges\/wp-json\/wp\/v2\/media?parent=73"}],"curies":[{"name":"wp","href":"https:\/\/api.w.org\/{rel}","templated":true}]}}