{"id":728,"date":"2016-02-08T09:55:09","date_gmt":"2016-02-08T08:55:09","guid":{"rendered":"http:\/\/agora.xtec.cat\/escolavalldelges\/?page_id=728"},"modified":"2026-02-18T16:25:01","modified_gmt":"2026-02-18T15:25:01","slug":"angles-2","status":"publish","type":"page","link":"https:\/\/agora.xtec.cat\/escolavalldelges\/projecte-del-centre\/angles-2\/","title":{"rendered":"Angl\u00e8s"},"content":{"rendered":"<ul>\n<li>Angl\u00e8s des d&#8217;i3. Aprenen angl\u00e8s a base de jocs i can\u00e7ons, amb el titella Cheeky Monkey i la seva caixa m\u00e0gica.<\/li>\n<li>Angl\u00e8s oral en grups redu\u00efts.<\/li>\n<li>Grups de conversa a Cicle Mitj\u00e0 i Superior.<\/li>\n<li>Teatre en angl\u00e8s de 3r a 6\u00e8.<\/li>\n<li>\u00das de la pissarra digital i d&#8217;ordinadors en angl\u00e8s.<\/li>\n<li>Pr\u00e9stec de llibres en angl\u00e8s setmanalment.<\/li>\n<li>Aula d&#8217;angl\u00e8s per treballar en grups redu\u00efts.<\/li>\n<\/ul>\n","protected":false},"excerpt":{"rendered":"<p>Angl\u00e8s des d&#8217;i3. Aprenen angl\u00e8s a base de jocs i can\u00e7ons, amb el titella Cheeky Monkey i la seva caixa m\u00e0gica. Angl\u00e8s oral en grups redu\u00efts. Grups de conversa a Cicle Mitj\u00e0 i Superior. Teatre en angl\u00e8s de 3r a 6\u00e8. \u00das de la pissarra digital i d&#8217;ordinadors en angl\u00e8s. Pr\u00e9stec de llibres en angl\u00e8s [&hellip;]<\/p>\n","protected":false},"author":1,"featured_media":0,"parent":250,"menu_order":4,"comment_status":"closed","ping_status":"closed","template":"","meta":{"_bbp_topic_count":0,"_bbp_reply_count":0,"_bbp_total_topic_count":0,"_bbp_total_reply_count":0,"_bbp_voice_count":0,"_bbp_anonymous_reply_count":0,"_bbp_topic_count_hidden":0,"_bbp_reply_count_hidden":0,"_bbp_forum_subforum_count":0,"site-sidebar-layout":"default","site-content-layout":"","ast-site-content-layout":"default","site-content-style":"default","site-sidebar-style":"default","ast-global-header-display":"","ast-banner-title-visibility":"","ast-main-header-display":"","ast-hfb-above-header-display":"","ast-hfb-below-header-display":"","ast-hfb-mobile-header-display":"","site-post-title":"","ast-breadcrumbs-content":"","ast-featured-img":"","footer-sml-layout":"","theme-transparent-header-meta":"","adv-header-id-meta":"","stick-header-meta":"","header-above-stick-meta":"","header-main-stick-meta":"","header-below-stick-meta":"","astra-migrate-meta-layouts":"set","ast-page-background-enabled":"default","ast-page-background-meta":{"desktop":{"background-color":"var(--ast-global-color-4)","background-image":"","background-repeat":"repeat","background-position":"center center","background-size":"auto","background-attachment":"scroll","background-type":"","background-media":"","overlay-type":"","overlay-color":"","overlay-opacity":"","overlay-gradient":""},"tablet":{"background-color":"","background-image":"","background-repeat":"repeat","background-position":"center center","background-size":"auto","background-attachment":"scroll","background-type":"","background-media":"","overlay-type":"","overlay-color":"","overlay-opacity":"","overlay-gradient":""},"mobile":{"background-color":"","background-image":"","background-repeat":"repeat","background-position":"center center","background-size":"auto","background-attachment":"scroll","background-type":"","background-media":"","overlay-type":"","overlay-color":"","overlay-opacity":"","overlay-gradient":""}},"ast-content-background-meta":{"desktop":{"background-color":"var(--ast-global-color-5)","background-image":"","background-repeat":"repeat","background-position":"center center","background-size":"auto","background-attachment":"scroll","background-type":"","background-media":"","overlay-type":"","overlay-color":"","overlay-opacity":"","overlay-gradient":""},"tablet":{"background-color":"var(--ast-global-color-5)","background-image":"","background-repeat":"repeat","background-position":"center center","background-size":"auto","background-attachment":"scroll","background-type":"","background-media":"","overlay-type":"","overlay-color":"","overlay-opacity":"","overlay-gradient":""},"mobile":{"background-color":"var(--ast-global-color-5)","background-image":"","background-repeat":"repeat","background-position":"center center","background-size":"auto","background-attachment":"scroll","background-type":"","background-media":"","overlay-type":"","overlay-color":"","overlay-opacity":"","overlay-gradient":""}},"footnotes":""},"class_list":["post-728","page","type-page","status-publish","hentry"],"post_mailing_queue_ids":[],"_links":{"self":[{"href":"https:\/\/agora.xtec.cat\/escolavalldelges\/wp-json\/wp\/v2\/pages\/728","targetHints":{"allow":["GET"]}}],"collection":[{"href":"https:\/\/agora.xtec.cat\/escolavalldelges\/wp-json\/wp\/v2\/pages"}],"about":[{"href":"https:\/\/agora.xtec.cat\/escolavalldelges\/wp-json\/wp\/v2\/types\/page"}],"author":[{"embeddable":true,"href":"https:\/\/agora.xtec.cat\/escolavalldelges\/wp-json\/wp\/v2\/users\/1"}],"replies":[{"embeddable":true,"href":"https:\/\/agora.xtec.cat\/escolavalldelges\/wp-json\/wp\/v2\/comments?post=728"}],"version-history":[{"count":4,"href":"https:\/\/agora.xtec.cat\/escolavalldelges\/wp-json\/wp\/v2\/pages\/728\/revisions"}],"predecessor-version":[{"id":10139,"href":"https:\/\/agora.xtec.cat\/escolavalldelges\/wp-json\/wp\/v2\/pages\/728\/revisions\/10139"}],"up":[{"embeddable":true,"href":"https:\/\/agora.xtec.cat\/escolavalldelges\/wp-json\/wp\/v2\/pages\/250"}],"wp:attachment":[{"href":"https:\/\/agora.xtec.cat\/escolavalldelges\/wp-json\/wp\/v2\/media?parent=728"}],"curies":[{"name":"wp","href":"https:\/\/api.w.org\/{rel}","templated":true}]}}